{"id":7090,"date":"2025-09-26T13:57:18","date_gmt":"2025-09-26T11:57:18","guid":{"rendered":"https:\/\/ubucha.pl\/best-buds-mission-ak47-mala-metalowa-tacka-do-skrecania-i-rollowania-z-karta-grinder\/"},"modified":"2026-04-22T08:37:15","modified_gmt":"2026-04-22T06:37:15","slug":"beste-knospen-mission-ak47-kleine-metallschale-fur-verdrehen-und-rollen-mit-grinder-karte","status":"publish","type":"product","link":"https:\/\/ubucha.pl\/de\/best-buds-mission-ak47-mala-metalowa-tacka-do-skrecania-i-rollowania-z-karta-grinder\/","title":{"rendered":"Best Buds Mission AK47 Small Metal Twist and Roll Tray mit Grinder Card"},"content":{"rendered":"<p><strong>Schalen f\u00fcr Verdrehverbindungen<\/strong> sind Zubeh\u00f6rteile, die das Verdrehen von Gelenken erleichtern und effizienter machen. Sie werden aus verschiedenen Materialien wie Kunststoff, Metall oder Holz hergestellt und sind in unterschiedlichen Formen und Gr\u00f6\u00dfen erh\u00e4ltlich<\/p>\n\n\n\n<h2 class=\"wp-block-heading\">Fugenblech - Konstruktion und Design <\/h2>\n\n\n\n<p>H\u00e4ufigste <strong>Schalen f\u00fcr Verdrehverbindungen <\/strong>haben eine rechteckige oder quadratische Form. Sie haben in der Mitte ein hohles Loch, in das das L\u00f6schpapier eingelegt wird. Die Schalen haben au\u00dferdem verschiedene Laschen und Kerben, die die Positionierung des getrockneten und gefilterten Papiers erleichtern.<\/p>\n\n\n\n<p>Einige Gelenktabletts haben auch andere zus\u00e4tzliche Funktionen wie z. B.:<\/p>\n\n\n\n<ul class=\"wp-block-list\">\n<li>einen Griff zum Festhalten des Tabletts,<\/li>\n\n\n\n<li>Gummipuffer, die ein Verrutschen des Tabletts verhindern,<\/li>\n\n\n\n<li>eine Waage, die eine genaue Messung der Menge des getrockneten Produkts erm\u00f6glicht,<\/li>\n\n\n\n<li>ein Geh\u00e4use, das das Tablett vor Besch\u00e4digungen sch\u00fctzt.<\/li>\n<\/ul>\n\n\n\n<h2 class=\"wp-block-heading\">Das Kreidetablett - f\u00fcr wen ist es gedacht?<\/h2>\n\n\n\n<p><strong>Schalen f\u00fcr Verdrehverbindungen<\/strong> sind f\u00fcr Menschen gedacht, die gerne selbst Gelenke verdrehen. Sie sind auch f\u00fcr Anf\u00e4nger geeignet, die gerade lernen, Gelenke zu verdrehen.<\/p>\n\n\n\n<h2 class=\"wp-block-heading\">Fugendrehwanne - Vorteile<\/h2>\n\n\n\n<p>Hier sind einige der Vorteile der Verwendung eines Tabletts zum Verdrehen von Gelenken:<\/p>\n\n\n\n<ul class=\"wp-block-list\">\n<li>machen das Verdrehen von Gelenken einfacher und effizienter,<\/li>\n\n\n\n<li>eine gr\u00f6\u00dfere Pr\u00e4zision bieten,<\/li>\n\n\n\n<li>ein Versch\u00fctten zu verhindern,<\/li>\n\n\n\n<li>Sie sind leichter sauber zu halten.<\/li>\n<\/ul>\n\n\n\n<p>Tabletts zum Drehen von Joints sind in vielen Raucherl\u00e4den erh\u00e4ltlich.<\/p>","protected":false},"excerpt":{"rendered":"<p><strong>M\u00f6ge die POWER mit dir sein! TOTALER WUNDER!<\/strong><\/p>\n<p>Ein Tablett f\u00fcr jede Nuss - zum Drehen und Rollen von Gelenken!<\/p>","protected":false},"featured_media":51764,"comment_status":"open","ping_status":"open","template":"","meta":{"_acf_changed":false,"_gspb_post_css":"","rank_math_title":"","rank_math_description":"","rank_math_focus_keyword":"","rank_math_facebook_title":"","rank_math_facebook_description":"","rank_math_twitter_title":"","rank_math_twitter_description":""},"product_brand":[],"product_cat":[140],"product_tag":[],"woo-feed-brand":[],"class_list":{"0":"post-7090","1":"product","2":"type-product","3":"status-publish","4":"has-post-thumbnail","6":"product_cat-tacki","8":"first","9":"outofstock","10":"sale","11":"purchasable","12":"product-type-simple"},"ct_brands":[],"acf":[],"_links":{"self":[{"href":"https:\/\/ubucha.pl\/de\/wp-json\/wp\/v2\/product\/7090","targetHints":{"allow":["GET"]}}],"collection":[{"href":"https:\/\/ubucha.pl\/de\/wp-json\/wp\/v2\/product"}],"about":[{"href":"https:\/\/ubucha.pl\/de\/wp-json\/wp\/v2\/types\/product"}],"replies":[{"embeddable":true,"href":"https:\/\/ubucha.pl\/de\/wp-json\/wp\/v2\/comments?post=7090"}],"wp:featuredmedia":[{"embeddable":true,"href":"https:\/\/ubucha.pl\/de\/wp-json\/wp\/v2\/media\/51764"}],"wp:attachment":[{"href":"https:\/\/ubucha.pl\/de\/wp-json\/wp\/v2\/media?parent=7090"}],"wp:term":[{"taxonomy":"product_brand","embeddable":true,"href":"https:\/\/ubucha.pl\/de\/wp-json\/wp\/v2\/product_brand?post=7090"},{"taxonomy":"product_cat","embeddable":true,"href":"https:\/\/ubucha.pl\/de\/wp-json\/wp\/v2\/product_cat?post=7090"},{"taxonomy":"product_tag","embeddable":true,"href":"https:\/\/ubucha.pl\/de\/wp-json\/wp\/v2\/product_tag?post=7090"},{"taxonomy":"woo-feed-brand","embeddable":true,"href":"https:\/\/ubucha.pl\/de\/wp-json\/wp\/v2\/woo-feed-brand?post=7090"}],"curies":[{"name":"wp","href":"https:\/\/api.w.org\/{rel}","templated":true}]}}