{"id":7078,"date":"2025-09-26T13:57:18","date_gmt":"2025-09-26T11:57:18","guid":{"rendered":"https:\/\/ubucha.pl\/natural-shot-cosma-cannabis-deep-sleep-shot-na-lepszy-sen-80ml\/"},"modified":"2025-10-21T13:27:17","modified_gmt":"2025-10-21T11:27:17","slug":"natural-shot-cosma-cannabis-deep-sleep-shot-fur-besseren-schlaf-80-ml","status":"publish","type":"product","link":"https:\/\/ubucha.pl\/de\/natural-shot-cosma-cannabis-deep-sleep-shot-na-lepszy-sen-80ml\/","title":{"rendered":"Cosma Cannabis natural shot - DEEP SLEEP | Shot f\u00fcr besseren Schlaf 80ml"},"content":{"rendered":"<p>Schuss\u00a0<strong>Tiefschlaf<\/strong>\u00a0ist ein Produkt aus der Cosma Cannabis-Serie, die auf Folgendem basiert\u00a0<strong>nat\u00fcrliche Inhaltsstoffe.<\/strong>\u00a0Es wurde geschaffen\u00a0<strong>f\u00fcr Menschen, die mit verschiedenen Schlafproblemen zu k\u00e4mpfen haben \u2013 Einschlafst\u00f6rungen, n\u00e4chtliches Aufwachen, Schwierigkeiten beim Aufstehen am Morgen\u00a0<\/strong>und andere. <\/p>\n\n\n\n<p>Es enth\u00e4lt ausschlie\u00dflich bew\u00e4hrte, hochwertige Inhaltsstoffe, die Ihnen einen erholsamen, tiefen Schlaf erm\u00f6glichen. Ein guter Schlaf ist die Basis f\u00fcr einen guten Tag \u2013 probieren Sie es selbst aus!\u00a0<strong>Erlangen Sie Ihre fr\u00fchere Lebensqualit\u00e4t zur\u00fcck<\/strong>.<\/p>\n\n\n\n<p>Shot Deep Sleep beinhaltet unter anderem:&nbsp;<strong>Melatonin, Passionsblume, Zitronenmelisse, Zitronenmyrte und Magnesium<\/strong>, Um die Ursache des Problems umfassend anzugehen, wird es empfohlen f\u00fcr Menschen mit Schlafst\u00f6rungen, zur Unterst\u00fctzung bei Jetlag und auch als schneller Energieschub nach einer schlaflosen Nacht (z. B. nach einer Party oder einer Nachtschicht).<\/p>\n\n\n\n<h3 class=\"wp-block-heading\">Inhaltsstoffe<\/h3>\n\n\n\n<ul class=\"wp-block-list\">\n<li>Magnesiumcitrat 15% 889 mg<\/li>\n\n\n\n<li>Passionsblumenextrakt 300 mg<\/li>\n\n\n\n<li>Zitronenmyrtenblattextrakt 250 mg<\/li>\n\n\n\n<li>Zitronenmelissenblattextrakt 200 mg<\/li>\n\n\n\n<li>Vitamin B3 14,2 mg<\/li>\n\n\n\n<li>Hanf-CBN-Phyton\u00e4hrstoff 10 mg<\/li>\n\n\n\n<li>Vitamin B5 5,3 mg<\/li>\n\n\n\n<li>Sucralose 4 mg<\/li>\n\n\n\n<li>Melatonin 2,7 mg<\/li>\n\n\n\n<li>Vitamin B6 2,5 mg<\/li>\n\n\n\n<li>Vitamin B12 0,4 mg<\/li>\n<\/ul>\n\n\n\n<h3 class=\"wp-block-heading\">Art der Anwendung und Dosierung<\/h3>\n\n\n\n<p>Empfohlene Tagesdosis zur Erzielung der gew\u00fcnschten Wirkung: 80 ml t\u00e4glich oral einnehmen. Die empfohlene Tagesdosis darf nicht \u00fcberschritten werden. Vor Gebrauch gut sch\u00fctteln.<\/p>\n\n\n\n<h3 class=\"wp-block-heading\">Sicherheit der Nutzung<\/h3>\n\n\n\n<p>Enth\u00e4lt S\u00fc\u00dfungsmittel.<\/p>\n\n\n\n<p>Nahrungserg\u00e4nzungsmittel k\u00f6nnen nicht als Ersatz f\u00fcr eine abwechslungsreiche Ern\u00e4hrung verwendet werden.<\/p>\n\n\n\n<h3 class=\"wp-block-heading\">Zus\u00e4tzliche Informationen<\/h3>\n\n\n\n<p>Eine ausgewogene Ern\u00e4hrung und ein gesunder Lebensstil sind die Grundlage f\u00fcr eine optimale K\u00f6rperfunktion. Dieses Produkt ist nicht f\u00fcr Personen unter 18 Jahren, Schwangere oder Stillende geeignet. Personen, die Medikamente einnehmen oder an einer Krankheit leiden, sollten vor der Anwendung einen Arzt konsultieren.<\/p>\n\n\n\n<p>Au\u00dferhalb der Reichweite von Kindern, an einem dunklen und k\u00fchlen Ort aufbewahren.&nbsp;<\/p>\n\n\n\n<h2 class=\"wp-block-heading\">F\u00fcr wen ist das Nahrungserg\u00e4nzungsmittel Deep Sleep geeignet?<\/h2>\n\n\n\n<p>F\u00fcr Menschen, die vor oder w\u00e4hrend k\u00f6rperlicher oder geistiger Anstrengung nach nat\u00fcrlicher Stimulation suchen.<\/p>\n\n\n\n<p>Das Produkt ist f\u00fcr Erwachsene bestimmt.<\/p>\n\n\n\n<p>\u2713 Menschen, die unter Schlaflosigkeit, Ein- und Durchschlafst\u00f6rungen leiden.<br>\u2713 Schichtarbeiter.<br>\u2713 Reisende, insbesondere solche, die Zeitzonen wechseln (Jetleg)<br>\u2713 Menschen, die Stress ausgesetzt sind, was die h\u00e4ufigste prim\u00e4re Ursache ist<br>Schlaflosigkeit.<br>\u2713 Studenten, Menschen, die mit dem Druck des Studiums und der Pr\u00fcfungsphasen zurechtkommen m\u00fcssen<br>Pr\u00fcfung<br>\u2713 \u00c4ltere, \u00e4ngstliche Menschen, die nach einer M\u00f6glichkeit suchen, ihr Wohlbefinden zu verbessern<br>\u2713 Ab 18 Jahren<\/p>","protected":false},"excerpt":{"rendered":"<ul>\n<li>F\u00f6rdert tiefe Entspannung und Ruhe<\/li>\n<li>Die Wirkungen von Zitronenmelisse, Melatonin und CBN<\/li>\n<li>Angereichert mit Passionsblume, Myrte und Magnesium<\/li>\n<li>F\u00fcr Menschen mit Schlafproblemen<\/li>\n<li>Zitronentee-Geschmack<\/li>\n<\/ul>","protected":false},"featured_media":4398,"comment_status":"open","ping_status":"open","template":"","meta":{"_acf_changed":false,"_gspb_post_css":""},"product_brand":[416],"product_cat":[98],"product_tag":[],"woo-feed-brand":[],"class_list":{"0":"post-7078","1":"product","2":"type-product","3":"status-publish","4":"has-post-thumbnail","6":"product_brand-cosma-cannabis","7":"product_cat-shoty","9":"first","10":"outofstock","11":"sale","12":"purchasable","13":"product-type-simple"},"ct_brands":[{"id":416,"name":"Cosma Cannabis","slug":"cosma-cannabis"}],"acf":[],"_links":{"self":[{"href":"https:\/\/ubucha.pl\/de\/wp-json\/wp\/v2\/product\/7078","targetHints":{"allow":["GET"]}}],"collection":[{"href":"https:\/\/ubucha.pl\/de\/wp-json\/wp\/v2\/product"}],"about":[{"href":"https:\/\/ubucha.pl\/de\/wp-json\/wp\/v2\/types\/product"}],"replies":[{"embeddable":true,"href":"https:\/\/ubucha.pl\/de\/wp-json\/wp\/v2\/comments?post=7078"}],"wp:featuredmedia":[{"embeddable":true,"href":"https:\/\/ubucha.pl\/de\/wp-json\/wp\/v2\/media\/4398"}],"wp:attachment":[{"href":"https:\/\/ubucha.pl\/de\/wp-json\/wp\/v2\/media?parent=7078"}],"wp:term":[{"taxonomy":"product_brand","embeddable":true,"href":"https:\/\/ubucha.pl\/de\/wp-json\/wp\/v2\/product_brand?post=7078"},{"taxonomy":"product_cat","embeddable":true,"href":"https:\/\/ubucha.pl\/de\/wp-json\/wp\/v2\/product_cat?post=7078"},{"taxonomy":"product_tag","embeddable":true,"href":"https:\/\/ubucha.pl\/de\/wp-json\/wp\/v2\/product_tag?post=7078"},{"taxonomy":"woo-feed-brand","embeddable":true,"href":"https:\/\/ubucha.pl\/de\/wp-json\/wp\/v2\/woo-feed-brand?post=7078"}],"curies":[{"name":"wp","href":"https:\/\/api.w.org\/{rel}","templated":true}]}}