{"id":7072,"date":"2025-09-26T13:57:18","date_gmt":"2025-09-26T11:57:18","guid":{"rendered":"https:\/\/ubucha.pl\/light-olejek-konopny-green-out-fresh-bomb-bubble-gum-dutch-therapy\/"},"modified":"2026-04-15T21:01:19","modified_gmt":"2026-04-15T19:01:19","slug":"licht-hanfol-grun-aus-frischen-bombe-kaugummi-niederlandische-therapie","status":"publish","type":"product","link":"https:\/\/ubucha.pl\/de\/light-olejek-konopny-green-out-fresh-bomb-bubble-gum-dutch-therapy\/","title":{"rendered":"LIGHT Hanf\u00f6l Green Out\u00ae Fresh Bomb Bubble Gum Dutch Therapy"},"content":{"rendered":"<h2>Hemp Shot Green Out\u00ae Fresh Bomb Bubble Gum - nat\u00fcrliche Kraft und Entspannung in jeder Portion<\/h2>\n<p>Entdecken Sie eine neue Qualit\u00e4t von Cannabis-Nahrungserg\u00e4nzungsmitteln mit Green Out\u00ae Fresh Bomb Bubble Gum - ein innovatives und \u00e4u\u00dferst wirksames Produkt auf dem europ\u00e4ischen Markt. Dieser fruchtige Shot ist eine Kombination aus nat\u00fcrlichen Phytocannabinoiden, Flavonoiden und dem reichhaltigen Terpenprofil der Sorte Zkittlez von Jungle Boys, die zusammen einen synergistischen Effekt erzeugen, der Ihnen tiefe Entspannung und Linderung von Beschwerden bringt.<\/p>\n<p>Was macht Green Out\u00ae Fresh Bomb Bubble Gum anders? Es handelt sich nicht nur um ein nat\u00fcrliches und legales 100%-Erg\u00e4nzungsmittel, sondern auch um ein mit 20% angereichertes Produkt mit reduzierten Aromen, Konservierungs- und Farbstoffen, das einen sauberen und angenehmen Geschmack ohne Bitterkeit garantiert. Erh\u00e4ltlich in zwei Varianten - Light und Strong - erm\u00f6glicht es Ihnen, die Dosis an Ihre individuellen Bed\u00fcrfnisse anzupassen.<\/p>\n<h3>Wichtigste Produktmerkmale<\/h3>\n<table style=\"border-collapse: collapse;width: 100%;max-width: 600px\" border=\"1\" cellspacing=\"0\" cellpadding=\"8\">\n<thead>\n<tr>\n<th>Merkmal<\/th>\n<th>Beschreibung<\/th>\n<\/tr>\n<\/thead>\n<tbody>\n<tr>\n<td>Typ<\/td>\n<td>Indica \/ Schlaf<\/td>\n<\/tr>\n<tr>\n<td>Sorte (St\u00e4mme)<\/td>\n<td>Zkittlez<\/td>\n<\/tr>\n<tr>\n<td>Gehalt an Phytostoffen pro Portion<\/td>\n<td>Leicht: 1,25 mg; Stark: 5 mg<\/td>\n<\/tr>\n<tr>\n<td>Anzahl der Portionen pro Packung<\/td>\n<td>40<\/td>\n<\/tr>\n<tr>\n<td>Gesamtgehalt an Phytosubstanzen<\/td>\n<td>Leicht: 50 mg; Stark: 200 mg<\/td>\n<\/tr>\n<tr>\n<td>Kapazit\u00e4t<\/td>\n<td>100 ml<\/td>\n<\/tr>\n<tr>\n<td>Zus\u00e4tzliche Inhaltsstoffe<\/td>\n<td>80 mg Vitamin C (100% RWS), 10 mg L-Theanin pro 2,5 ml Portion<\/td>\n<\/tr>\n<\/tbody>\n<\/table>\n<h3>Inhaltsstoffe von Green Out\u00ae Fresh Bomb Bubble Gum<\/h3>\n<p>Die Shot-Formel wurde sorgf\u00e4ltig entwickelt, um die bestm\u00f6glichen Ergebnisse zu erzielen und gleichzeitig nat\u00fcrlich zu bleiben:<\/p>\n<ul>\n<li>Wasser<\/li>\n<li>Hanfsamen\u00f6l (Cannabis sativa L.)<\/li>\n<li>Apfelsaft (15%)<\/li>\n<li>Orangensaft (5%)<\/li>\n<li>Zitronensaft (3%)<\/li>\n<li>Nat\u00fcrliche Aromastoffe<\/li>\n<li>Stabilisatoren: Guarkernmehl<\/li>\n<li>Emulgator: Lecithine (aus Soja)<\/li>\n<li>L-Theanin<\/li>\n<li>Konservierungsstoffe: Natriumbenzoat<\/li>\n<\/ul>\n<p>Das Produkt enth\u00e4lt das gesamte Spektrum der nat\u00fcrlich in Hanf\u00f6l vorkommenden Spuren-Cannabinoide: CBDA, CBDV, CBN, CBC, CBG, CBGA, sowie Terpene und Flavonoide.<\/p>\n<h3>Wie verwendet man Green Out\u00ae Fresh Bomb Bubble Gum?<\/h3>\n<p>M\u00f6chten Sie den gr\u00f6\u00dften Nutzen aus dieser Erg\u00e4nzung ziehen? Die empfohlene Tagesdosis betr\u00e4gt 2,5 ml (ein mitgelieferter Messbecher). Diese Dosis liefert zwischen 125 mg (Light-Version) und 500 mg (Strong-Version) Vollspektrum-Hanf\u00f6l, angereichert mit Vitamin C und L-Theanin, um die Entspannung und das Wohlbefinden zu f\u00f6rdern.<\/p>\n<p>Wie dosiert man richtig?<\/p>\n<ul>\n<li>Messen Sie die empfohlene Portion mit Hilfe des mitgelieferten Glases genau ab.<\/li>\n<li>\u00dcberschreiten Sie nicht die empfohlene Tagesdosis.<\/li>\n<li>Sch\u00fctteln Sie die Flasche vor Gebrauch, damit sich die Zutaten gut vermischen.<\/li>\n<li>Nach dem \u00d6ffnen das Produkt im K\u00fchlschrank aufbewahren und innerhalb von maximal 30 Tagen verbrauchen.<\/li>\n<li>An einem trockenen und dunklen Ort, au\u00dferhalb der Reichweite von Kindern aufbewahren.<\/li>\n<\/ul>\n<p>Das Produkt ist nur f\u00fcr Erwachsene bestimmt und sollte nicht von schwangeren oder stillenden Frauen oder Personen, die Medikamente einnehmen, ohne R\u00fccksprache mit einem Arzt verwendet werden.<\/p>\n<h3>Warum sollten Sie sich f\u00fcr Green Out\u00ae Fresh Bomb Bubble Gum entscheiden?<\/h3>\n<p>Sind Sie auf der Suche nach einer nat\u00fcrlichen und wirksamen Unterst\u00fctzung f\u00fcr K\u00f6rper und Geist? Dieses Produkt ist die ideale Antwort f\u00fcr alle, die auf der Suche sind:<\/p>\n<ul>\n<li><strong>Nat\u00fcrliche Entspannung<\/strong> - Die synergetische Wirkung von Cannabinoiden und Terpenen tr\u00e4gt zur Beruhigung bei, ohne schl\u00e4frig zu machen.<\/li>\n<li><strong>Unterst\u00fctzung f\u00fcr die t\u00e4gliche Pr\u00e4vention<\/strong> - Die regelm\u00e4\u00dfige Anwendung hilft, Beschwerden zu lindern und die Lebensqualit\u00e4t zu verbessern.<\/li>\n<li><strong>Angenehmer Geschmack<\/strong> - Der fruchtige Geschmack von Bubble Gum beseitigt die Bitterkeit, die f\u00fcr viele Cannabispr\u00e4parate typisch ist.<\/li>\n<li><strong>Hochwertige Zutaten<\/strong> - ohne unn\u00f6tige Farb- und Konservierungsstoffe, was sich in Produktsicherheit und -reinheit niederschl\u00e4gt.<\/li>\n<\/ul>\n<h3>Nutzerbewertungen - was sagen die Verbraucher?<\/h3>\n<p>Green Out\u00ae Fresh Bomb Bubble Gum wurde von Kunden gelobt, die seine Wirksamkeit und seinen Geschmack sch\u00e4tzen. Hier sind einige Zusammenfassungen von R\u00fcckmeldungen zufriedener Kunden:<\/p>\n<ul>\n<li><em>\u201eDas Beste aus der Fresh Bomb Reihe - es hilft zu entspannen und h\u00e4lt l\u00e4nger als andere Produkte\u201d.\u201d<\/em><\/li>\n<li><em>\u201eDie Strong-Version ist eine echte Bombe, ideal f\u00fcr alle, die auf der Suche nach intensiver Action sind.\u201d<\/em><\/li>\n<li><em>\u201eDer Geschmack ist angenehm und nat\u00fcrlich, und die entspannende Wirkung tritt schnell ein und h\u00e4lt lange an.\u201d<\/em><\/li>\n<li><em>\u201eEine hervorragende Alternative zu herk\u00f6mmlichen Methoden - einfache Dosierung und keine unangenehme Bitterkeit.\u201d<\/em><\/li>\n<\/ul>\n<h3>Zus\u00e4tzliche Informationen und Anleitungen<\/h3>\n<p><strong>Beispiele f\u00fcr die Verwendung:<\/strong> Ideal f\u00fcr alle, die Unterst\u00fctzung in stressigen Zeiten oder bei Schlafproblemen brauchen oder die ihr geistiges und k\u00f6rperliches Gleichgewicht aufrechterhalten wollen.<\/p>\n<p><strong>Sicherheit der Anwendung:<\/strong> Das Produkt ist v\u00f6llig legal und sicher, aber es wird nicht empfohlen f\u00fcr Minderj\u00e4hrige, schwangere und stillende Frauen oder Personen, die ohne R\u00fccksprache mit einem Arzt Medikamente einnehmen.<\/p>\n<p><strong>Lagerung:<\/strong> Nach dem \u00d6ffnen die Flasche im K\u00fchlschrank aufbewahren und innerhalb von 30 Tagen aufbrauchen. An einem trockenen, k\u00fchlen und dunklen Ort, au\u00dferhalb der Reichweite von Kindern aufbewahren.<\/p>\n<p>Mit Green Out\u00ae Fresh Bomb Bubble Gum wird die t\u00e4gliche Entspannung und Unterst\u00fctzung der Gesundheit einfacher und angenehmer. Entscheiden Sie sich f\u00fcr die nat\u00fcrliche Kraft des Hanfs und sp\u00fcren Sie den Unterschied noch heute!<\/p>","protected":false},"excerpt":{"rendered":"<p>Entdecken Sie eine neue Qualit\u00e4t der Entspannung mit Green Out\u00ae Fresh Bomb Bubble Gum Hanfshot! Mit 20% erh\u00f6hter Bioverf\u00fcgbarkeit und einem nat\u00fcrlichen Kaugummigeschmack ist dieses Supplement eine wahre Entspannungsbombe. Es enth\u00e4lt das gesamte Spektrum an Phytocannabinoiden, Flavonoiden und Terpenen aus der Zkittlez-Sorte, um die t\u00e4gliche Pr\u00e4vention und Linderung von Beschwerden zu unterst\u00fctzen.<\/p>\n<p>W\u00e4hlen Sie zwischen den Varianten Light und Strong und greifen Sie zu 100 ml reiner Natur in jeder Flasche. Das Produkt ist 100% legal, ohne Bitterstoffe und mit minimalen Konservierungsstoffen. Perfekt f\u00fcr Momente der Entspannung und Unterst\u00fctzung der Gesundheit - bestellen Sie noch heute und sp\u00fcren Sie den Unterschied!<\/p>","protected":false},"featured_media":4389,"comment_status":"open","ping_status":"closed","template":"","meta":{"_acf_changed":false,"_gspb_post_css":""},"product_brand":[93],"product_cat":[95],"product_tag":[],"woo-feed-brand":[],"class_list":{"0":"post-7072","1":"product","2":"type-product","3":"status-publish","4":"has-post-thumbnail","6":"product_brand-dutch-therapy","7":"product_cat-green-out","9":"first","10":"instock","11":"sale","12":"purchasable","13":"product-type-simple"},"ct_brands":[{"id":93,"name":"Holl\u00e4ndische Therapie","slug":"hollandische-therapie"}],"acf":[],"_links":{"self":[{"href":"https:\/\/ubucha.pl\/de\/wp-json\/wp\/v2\/product\/7072","targetHints":{"allow":["GET"]}}],"collection":[{"href":"https:\/\/ubucha.pl\/de\/wp-json\/wp\/v2\/product"}],"about":[{"href":"https:\/\/ubucha.pl\/de\/wp-json\/wp\/v2\/types\/product"}],"replies":[{"embeddable":true,"href":"https:\/\/ubucha.pl\/de\/wp-json\/wp\/v2\/comments?post=7072"}],"wp:featuredmedia":[{"embeddable":true,"href":"https:\/\/ubucha.pl\/de\/wp-json\/wp\/v2\/media\/4389"}],"wp:attachment":[{"href":"https:\/\/ubucha.pl\/de\/wp-json\/wp\/v2\/media?parent=7072"}],"wp:term":[{"taxonomy":"product_brand","embeddable":true,"href":"https:\/\/ubucha.pl\/de\/wp-json\/wp\/v2\/product_brand?post=7072"},{"taxonomy":"product_cat","embeddable":true,"href":"https:\/\/ubucha.pl\/de\/wp-json\/wp\/v2\/product_cat?post=7072"},{"taxonomy":"product_tag","embeddable":true,"href":"https:\/\/ubucha.pl\/de\/wp-json\/wp\/v2\/product_tag?post=7072"},{"taxonomy":"woo-feed-brand","embeddable":true,"href":"https:\/\/ubucha.pl\/de\/wp-json\/wp\/v2\/woo-feed-brand?post=7072"}],"curies":[{"name":"wp","href":"https:\/\/api.w.org\/{rel}","templated":true}]}}