{"id":6824,"date":"2025-09-26T13:55:48","date_gmt":"2025-09-26T11:55:48","guid":{"rendered":"https:\/\/ubucha.pl\/pau-darco-do-aromaterapii-susz-ziola-kaszel-przeziebienie-grypa\/"},"modified":"2026-05-14T07:46:48","modified_gmt":"2026-05-14T05:46:48","slug":"pau-darco-fur-aromatherapie-getrocknete-krauter-husten-erkaltung-grippe","status":"publish","type":"product","link":"https:\/\/ubucha.pl\/de\/pau-darco-do-aromaterapii-susz-ziola-kaszel-przeziebienie-grypa\/","title":{"rendered":"PAU D'ARCO f\u00fcr Aromatherapie getrocknete Kr\u00e4uter Husten Erk\u00e4ltung Grippe"},"content":{"rendered":"<h2>PAU D'ARCO - nat\u00fcrliche getrocknete Kr\u00e4uter f\u00fcr Aromatherapie und Verdampfung<\/h2>\n<p>Pau d'Arco, auch bekannt als Lapacho, ist ein einzigartiges Kraut, das aus der inneren Rinde des Baumes gewonnen wird. <em>Tabebuia avellanedae<\/em> und andere verwandte Arten, die im Amazonasgebiet und in S\u00fcdamerika wachsen. Dieser nat\u00fcrliche Reichtum, der seit Jahrhunderten in der traditionellen indigenen Medizin verwendet wird, steht Ihnen nun in getrockneter Form f\u00fcr die Aromatherapie und Verdampfung zur Verf\u00fcgung.<\/p>\n<h3>Warum Pau d'Arco w\u00e4hlen?<\/h3>\n<p>Wussten Sie, dass Pau d'Arco f\u00fcr sein breites Spektrum an gesundheitsf\u00f6rdernden Eigenschaften gesch\u00e4tzt wird? Seine starken entz\u00fcndungshemmenden, antibakteriellen, antiviralen und antimykotischen Eigenschaften machen ihn zu einer nat\u00fcrlichen Unterst\u00fctzung der Gesundheit, insbesondere bei Erk\u00e4ltungen, Grippe und Atemwegserkrankungen.<\/p>\n<p>Durch die Verdampfung von Pau d'Arco k\u00f6nnen Wirkstoffe wie Lapachol direkt an den K\u00f6rper abgegeben werden, was zu einer effektiven Wirkung f\u00fchren kann:<\/p>\n<ul>\n<li>Linderung von Entz\u00fcndungen und Schmerzen in Muskeln und Gelenken,<\/li>\n<li>Unterst\u00fctzung des Immunsystems bei der Bek\u00e4mpfung von Infektionen,<\/li>\n<li>Entgiftung des K\u00f6rpers durch Beseitigung sch\u00e4dlicher Giftstoffe,<\/li>\n<li>Verbesserung der Stimmung und Abbau von Stress dank seiner entspannenden Eigenschaften,<\/li>\n<li>Bek\u00e4mpfung von Pilzinfektionen, einschlie\u00dflich Candidose, dank seiner nat\u00fcrlichen Anti-Pilz-Wirkung,<\/li>\n<li>Schutz der Zellen vor Sch\u00e4den durch freie Radikale dank der Anwesenheit von Antioxidantien.<\/li>\n<\/ul>\n<h3>Zusammensetzung des Produkts<\/h3>\n<p>Das Produkt enth\u00e4lt 100% nat\u00fcrliche getrocknete Kr\u00e4uter aus Baumrinde <strong>Tabebuia avellanedae<\/strong> (Pau d'Arco). Es enth\u00e4lt keine k\u00fcnstlichen Zusatzstoffe, Konservierungsmittel oder Chemikalien, die die h\u00f6chste Qualit\u00e4t und Sicherheit der Nutzung zu gew\u00e4hrleisten.<\/p>\n<h3>Wie verwendet man Pau d'Arco?<\/h3>\n<p>Um die Vorteile des Pau d'Arco voll auszusch\u00f6pfen, empfehlen wir, ihn in einem Verdampfer zu verwenden. Hier sind einige Tipps:<\/p>\n<ul>\n<li><strong>Vorbereitung:<\/strong> Verwenden Sie eine gute M\u00fchle, um die trockenen Zutaten fein zu mahlen - dies erh\u00f6ht die Effizienz der Extraktion der Wirkstoffe w\u00e4hrend der Verdampfung.<\/li>\n<li><strong>Verdampfungstemperatur:<\/strong> Die optimale Temperatur liegt bei 175-200\u00b0C, was eine maximale Extraktion der wertvollen Substanzen erm\u00f6glicht, ohne das Material zu verbrennen.<\/li>\n<li><strong>Regelm\u00e4\u00dfigkeit:<\/strong> Verwenden Sie D\u00fcrren regelm\u00e4\u00dfig zur Unterst\u00fctzung des Immunsystems und zur Linderung von Erk\u00e4ltungen, Husten oder Entz\u00fcndungen.<\/li>\n<\/ul>\n<h3>Wichtigste Produktmerkmale<\/h3>\n<table style=\"border-collapse: collapse; width: 100%; max-width: 600px;\" border=\"1\" cellspacing=\"0\" cellpadding=\"8\">\n<thead>\n<tr style=\"background-color: #f2f2f2;\">\n<th>Merkmal<\/th>\n<th>Beschreibung<\/th>\n<\/tr>\n<\/thead>\n<tbody>\n<tr>\n<td>Name<\/td>\n<td>Pau d'Arco (Tabebuia avellanedae)<\/td>\n<\/tr>\n<tr>\n<td>Formular<\/td>\n<td>Getrocknete Kr\u00e4uter f\u00fcr Aromatherapie und Verdampfung<\/td>\n<\/tr>\n<tr>\n<td>Kapazit\u00e4t<\/td>\n<td>20 Gramm<\/td>\n<\/tr>\n<tr>\n<td>Hauptmerkmale<\/td>\n<td>Entz\u00fcndungshemmend, antibakteriell, antiviral, antimykotisch, antioxidativ<\/td>\n<\/tr>\n<tr>\n<td>Anmeldung<\/td>\n<td>Unterst\u00fctzung des Immunsystems, Linderung von Entz\u00fcndungen und Schmerzen, Entgiftung des K\u00f6rpers, Entspannung<\/td>\n<\/tr>\n<tr>\n<td>Verdampfungstemperatur<\/td>\n<td>175-200\u00b0C<\/td>\n<\/tr>\n<tr>\n<td>Zusammensetzung<\/td>\n<td>100% nat\u00fcrliche Rinde des Baumes Tabebuia avellanedae<\/td>\n<\/tr>\n<\/tbody>\n<\/table>\n<h3>Zus\u00e4tzliche Informationen und Beratung<\/h3>\n<p>Pau d'Arco ist eine ausgezeichnete Wahl f\u00fcr alle, die eine nat\u00fcrliche Unterst\u00fctzung ihrer Gesundheit bei Infektionen, Erk\u00e4ltungen, Husten oder Grippe suchen. Aufgrund seiner multidirektionalen Wirkung wird er sowohl in der Aromatherapie als auch in der Verdampfungstherapie gesch\u00e4tzt.<\/p>\n<p>Dieses Produkt ist v\u00f6llig sicher in der Anwendung, sofern es vorschriftsm\u00e4\u00dfig verwendet wird. Es verursacht keine Nebenwirkungen, wie sie f\u00fcr synthetische Arzneimittel typisch sind, und seine nat\u00fcrliche Zusammensetzung minimiert das Risiko von Allergien.<\/p>\n<h4>Nutzerbewertungen<\/h4>\n<p>Anwender loben Pau d'Arco f\u00fcr seine schnelle entz\u00fcndungshemmende Wirkung und die Unterst\u00fctzung des Immunsystems w\u00e4hrend der Herbst- und Wintersaison. Viele heben auch seine entspannenden Eigenschaften hervor, die helfen, Stress abzubauen und die Stimmung zu verbessern.<\/p>\n<h4>Tipps zur Lagerung<\/h4>\n<p>Lagern Sie getrockneten Pau d'Arco an einem trockenen, k\u00fchlen Ort, gesch\u00fctzt vor Sonnenlicht und Feuchtigkeit. In einem luftdichten Beh\u00e4lter verpackt, beh\u00e4lt er lange Zeit seine Frische und sein Aroma.<\/p>\n<h4>Zusammenfassung<\/h4>\n<p>Pau d'Arco ist ein nat\u00fcrliches, vielseitiges Kraut mit nachgewiesenen gesundheitsf\u00f6rdernden Eigenschaften, das sich ideal f\u00fcr die Aromatherapie und die Verdampfung eignet. Seine regelm\u00e4\u00dfige Anwendung unterst\u00fctzt das Immunsystem, lindert Entz\u00fcndungen, hilft bei der Entgiftung des K\u00f6rpers und entspannt. Wenn Sie auf der Suche nach einer wirksamen und sicheren M\u00f6glichkeit sind, Ihre Gesundheit auf nat\u00fcrliche Weise zu unterst\u00fctzen, ist Pau d'Arco eine ausgezeichnete Wahl.<\/p>","protected":false},"excerpt":{"rendered":"<ul>\n<li>Kolekcjonerski susz Pau d&#8217;Arco (lapacho) \u2013 kora Tabebuia avellanedae<\/li>\n<li>Klasyczne zio\u0142o tradycji Amazonii i Ameryki Po\u0142udniowej<\/li>\n<li>Aromaterapia zio\u0142owa \u2013 naturalna esencja ro\u015blinna<\/li>\n<li>Bez dodatk\u00f3w, czysta wewn\u0119trzna kora drzewa<\/li>\n<li>Kostenloser Versand ab 49 PLN<\/li>\n<\/ul>","protected":false},"featured_media":4079,"comment_status":"open","ping_status":"closed","template":"","meta":{"_acf_changed":false,"_gspb_post_css":"","rank_math_title":"Pau d'Arco susz aromaterapia \u2013 kora lapacho | u Bucha","rank_math_description":"Pau d'Arco susz aromaterapia \u2013 kolekcjonerski susz z kory drzewa Tabebuia avellanedae (lapacho), klasyczne zio\u0142o tradycji Ameryki Po\u0142udniowej.","rank_math_focus_keyword":"pau d'arco susz aromaterapia","rank_math_facebook_title":"Pau d'Arco susz \u2013 kora lapacho do aromaterapii","rank_math_facebook_description":"Kolekcjonerski susz Pau d'Arco \u2013 kora Tabebuia avellanedae (lapacho). Klasyczne zio\u0142o tradycji Amazonii i Ameryki Po\u0142udniowej.","rank_math_twitter_title":"Pau d'Arco lapacho \u2013 susz zio\u0142owy","rank_math_twitter_description":"Kora Tabebuia avellanedae (Pau d'Arco \/ lapacho). Kolekcjonerski susz do aromaterapii."},"product_brand":[],"product_cat":[120],"product_tag":[],"woo-feed-brand":[],"class_list":{"0":"post-6824","1":"product","2":"type-product","3":"status-publish","4":"has-post-thumbnail","6":"product_cat-ziola","8":"first","9":"instock","10":"purchasable","11":"product-type-simple"},"ct_brands":[],"acf":[],"_links":{"self":[{"href":"https:\/\/ubucha.pl\/de\/wp-json\/wp\/v2\/product\/6824","targetHints":{"allow":["GET"]}}],"collection":[{"href":"https:\/\/ubucha.pl\/de\/wp-json\/wp\/v2\/product"}],"about":[{"href":"https:\/\/ubucha.pl\/de\/wp-json\/wp\/v2\/types\/product"}],"replies":[{"embeddable":true,"href":"https:\/\/ubucha.pl\/de\/wp-json\/wp\/v2\/comments?post=6824"}],"wp:featuredmedia":[{"embeddable":true,"href":"https:\/\/ubucha.pl\/de\/wp-json\/wp\/v2\/media\/4079"}],"wp:attachment":[{"href":"https:\/\/ubucha.pl\/de\/wp-json\/wp\/v2\/media?parent=6824"}],"wp:term":[{"taxonomy":"product_brand","embeddable":true,"href":"https:\/\/ubucha.pl\/de\/wp-json\/wp\/v2\/product_brand?post=6824"},{"taxonomy":"product_cat","embeddable":true,"href":"https:\/\/ubucha.pl\/de\/wp-json\/wp\/v2\/product_cat?post=6824"},{"taxonomy":"product_tag","embeddable":true,"href":"https:\/\/ubucha.pl\/de\/wp-json\/wp\/v2\/product_tag?post=6824"},{"taxonomy":"woo-feed-brand","embeddable":true,"href":"https:\/\/ubucha.pl\/de\/wp-json\/wp\/v2\/woo-feed-brand?post=6824"}],"curies":[{"name":"wp","href":"https:\/\/api.w.org\/{rel}","templated":true}]}}