{"id":6816,"date":"2025-09-26T13:55:26","date_gmt":"2025-09-26T11:55:26","guid":{"rendered":"https:\/\/ubucha.pl\/lipa-srebrzytsa-do-aromaterapii-susz-ziola-sen-spokoj-kaszel\/"},"modified":"2025-10-20T12:43:35","modified_gmt":"2025-10-20T10:43:35","slug":"silberlinde-fur-aromatherapie-getrocknete-krauter-schlaf-ruhe-husten","status":"publish","type":"product","link":"https:\/\/ubucha.pl\/de\/lipa-srebrzytsa-do-aromaterapii-susz-ziola-sen-spokoj-kaszel\/","title":{"rendered":"LIME SILVER f\u00fcr Aromatherapie, getrocknete Kr\u00e4uter, Schlaf, Ruhe, Husten"},"content":{"rendered":"<p><b>Silberlinde\u00a0<\/b>hat viele gesundheitliche Vorteile. Es hilft bei\u00a0<b>nerv\u00f6se \u00dcbererregbarkeit,<\/b>\u00a0Lindenbl\u00fcten helfen auch bei Nervosit\u00e4t oder Schlafst\u00f6rungen.\u00a0<b>Blutdruck\u00a0<\/b>Blut, hat auch eine harntreibende Wirkung und ist leicht\u00a0<b>diastolisch<\/b>.<\/p>\n<p>Silberlinde hat Eigenschaften\u00a0<b>Entz\u00fcndungshemmend<\/b>, was dabei helfen kann\u00a0<b>Linderung von Entz\u00fcndungen\u00a0<\/b>im K\u00f6rper. Es enth\u00e4lt\u00a0<b>Flavonoide\u00a0<\/b>und andere Verbindungen\u00a0<b>Antioxidans<\/b>, die Zellen vor Sch\u00e4den sch\u00fctzen, die durch\u00a0<b>freie Radikale<\/b>. Kann zur Linderung beitragen\u00a0<b>Muskelkr\u00e4mpfe\u00a0<\/b>i\u00a0<b>Stromspannung<\/b>. Traditionell in der Behandlung verwendet\u00a0<b>Husten<\/b>, Erk\u00e4ltungen und andere Probleme mit dem System\u00a0<b>Atemwege<\/b>.<\/p>\n<p>Lindenholz besitzt beruhigende Eigenschaften, die dabei helfen k\u00f6nnen\u00a0<b>Stressreduzierung\u00a0<\/b>und die Schlafqualit\u00e4t zu verbessern. Es kann die Entfernung unterst\u00fctzen.\u00a0<b>\u00dcberschuss\u00a0<\/b>fl\u00fcssig<b>\u00f3<\/b>Im K\u00f6rper wirkt sich die Linde positiv auf die Harnwege aus. Die darin enthaltenen Flavonoide k\u00f6nnen die Gesundheit unterst\u00fctzen.\u00a0<b>Kreislaufsystem<\/b>.<\/p>","protected":false},"excerpt":{"rendered":"<h1>Silberlinde \u2013 8 g<\/h1>\n<h2><\/h2>\n<p><b>Die Fotos geben das tats\u00e4chliche Aussehen des Produkts wieder.<\/b><\/p>\n<p><b>Silberlinde\u00a0<\/b>Die Wei\u00dfe Linde (Tilia tomentosa) ist ein Baum, der wegen seiner\u00a0<b>medizinische Eigenschaften<\/b>. Lindenbl\u00fcten sind in der Medizin besonders beliebt.\u00a0<b>traditionell\u00a0<\/b>und werden in Form von Aufg\u00fcssen, Tees und Inhalationen verwendet.<\/p>\n<ul>\n<li>Lindert Stress und verbessert\u00a0<b>Wohlbefinden<\/b>,<\/li>\n<li>Unterst\u00fctzt das System\u00a0<b>Verkehr<\/b>,<\/li>\n<li>Unterst\u00fctzt das System\u00a0<b>Atemwege<\/b>,<\/li>\n<li>Verbessert die Schlafqualit\u00e4t,<\/li>\n<li>Unterst\u00fctzt die Behandlung\u00a0<b>Erk\u00e4ltungen<\/b>,<\/li>\n<li>Wird zur Behandlung verwendet\u00a0<b>Husten<\/b>,<\/li>\n<li>Lindert Kr\u00e4mpfe\u00a0<b>muskul\u00f6s<\/b>,<\/li>\n<\/ul>\n<p><b>Denken Sie an einen guten Schleifer<\/b>, die das Material vor der Verwendung gut mahlt. Nat\u00fcrlich sind solche M\u00fchlen\u00a0<b>in unserem Angebot verf\u00fcgbar<\/b>.<\/p>\n<p><b>Empfohlene Verdampfungstemperatur: 125\u2013175 Grad Celsius<\/b><\/p>","protected":false},"featured_media":4062,"comment_status":"open","ping_status":"open","template":"","meta":{"_acf_changed":false,"_gspb_post_css":""},"product_brand":[],"product_cat":[120],"product_tag":[],"woo-feed-brand":[],"class_list":{"0":"post-6816","1":"product","2":"type-product","3":"status-publish","4":"has-post-thumbnail","6":"product_cat-ziola","8":"first","9":"outofstock","10":"purchasable","11":"product-type-simple"},"ct_brands":[],"acf":[],"_links":{"self":[{"href":"https:\/\/ubucha.pl\/de\/wp-json\/wp\/v2\/product\/6816","targetHints":{"allow":["GET"]}}],"collection":[{"href":"https:\/\/ubucha.pl\/de\/wp-json\/wp\/v2\/product"}],"about":[{"href":"https:\/\/ubucha.pl\/de\/wp-json\/wp\/v2\/types\/product"}],"replies":[{"embeddable":true,"href":"https:\/\/ubucha.pl\/de\/wp-json\/wp\/v2\/comments?post=6816"}],"wp:featuredmedia":[{"embeddable":true,"href":"https:\/\/ubucha.pl\/de\/wp-json\/wp\/v2\/media\/4062"}],"wp:attachment":[{"href":"https:\/\/ubucha.pl\/de\/wp-json\/wp\/v2\/media?parent=6816"}],"wp:term":[{"taxonomy":"product_brand","embeddable":true,"href":"https:\/\/ubucha.pl\/de\/wp-json\/wp\/v2\/product_brand?post=6816"},{"taxonomy":"product_cat","embeddable":true,"href":"https:\/\/ubucha.pl\/de\/wp-json\/wp\/v2\/product_cat?post=6816"},{"taxonomy":"product_tag","embeddable":true,"href":"https:\/\/ubucha.pl\/de\/wp-json\/wp\/v2\/product_tag?post=6816"},{"taxonomy":"woo-feed-brand","embeddable":true,"href":"https:\/\/ubucha.pl\/de\/wp-json\/wp\/v2\/woo-feed-brand?post=6816"}],"curies":[{"name":"wp","href":"https:\/\/api.w.org\/{rel}","templated":true}]}}