{"id":6814,"date":"2025-09-26T13:55:26","date_gmt":"2025-09-26T11:55:26","guid":{"rendered":"https:\/\/ubucha.pl\/jiaogulan-do-aromaterapii-susz-ziola-odchudzanie-serce-odpornosc-cisnienie\/"},"modified":"2026-05-14T07:46:43","modified_gmt":"2026-05-14T05:46:43","slug":"jiaogulan-fur-aromatherapie-getrocknete-krauter-gewichtsverlust-herz-immunitat-blutdruck","status":"publish","type":"product","link":"https:\/\/ubucha.pl\/de\/jiaogulan-do-aromaterapii-susz-ziola-odchudzanie-serce-odpornosc-cisnienie\/","title":{"rendered":"JIAOGULAN f\u00fcr Aromatherapie getrocknete Kr\u00e4uter Gewichtsverlust Herz Immunit\u00e4t Blutdruck"},"content":{"rendered":"<div>\n<h2>Jiaogulan - Unsterblichkeitskraut f\u00fcr Aromatherapie und Verdampfung<\/h2>\n<p>Lernen Sie die einzigartigen getrockneten Kr\u00e4uter kennen <strong>Jiaogulan (Gynostemma pentaphyllum)<\/strong>, Jiaogulan ist auch bekannt als das \u201eKraut der Unsterblichkeit\u201d. Das aus Asien stammende und in der traditionellen chinesischen und japanischen Medizin besonders gesch\u00e4tzte Jiaogulan ist eine Pflanze mit \u00e4u\u00dferst reichhaltigen gesundheitlichen Eigenschaften, die weltweit Anerkennung gefunden hat.<\/p>\n<p>Wussten Sie, dass Jiaogulan Ihr Verb\u00fcndeter im t\u00e4glichen Kampf gegen Stress sein kann, die Gewichtsabnahme unterst\u00fctzt und die Herzgesundheit verbessert? Dieses adaptogene Kraut hilft dem K\u00f6rper, sich an eine Vielzahl von Stressfaktoren anzupassen und das innere Gleichgewicht wiederherzustellen. Dank seiner zahlreichen Antioxidantien sch\u00fctzt es die Zellen vor Sch\u00e4den durch freie Radikale und verz\u00f6gert so den Alterungsprozess des K\u00f6rpers.<\/p>\n<h3>Die wichtigsten Vorteile der Verwendung von Jiaogulan:<\/h3>\n<ul>\n<li>Unterst\u00fctzt nat\u00fcrliche Prozesse <strong>Abnehmen<\/strong>, und tr\u00e4gt zur Erhaltung einer gesunden Figur bei.<\/li>\n<li>Erh\u00f6ht <strong>Stressresistenz<\/strong>, und verbessert die Stimmung und das Wohlbefinden.<\/li>\n<li>Reguliert die H\u00f6he der <strong>Cholesterin<\/strong> und <strong>Zucker<\/strong> im Blut, was die Gesundheit des Stoffwechsels unterst\u00fctzt.<\/li>\n<li>Sie hat einen starken <strong>antioxidativ und entz\u00fcndungshemmend<\/strong>, Unterst\u00fctzung der nat\u00fcrlichen Regeneration des K\u00f6rpers.<\/li>\n<li>St\u00e4rkt das System <strong>kardiovaskul\u00e4r<\/strong>, und tr\u00e4gt zur Aufrechterhaltung eines normalen Blutdrucks bei.<\/li>\n<li>Verbessert <strong>k\u00f6rperliche und geistige Ausdauer<\/strong>, und erh\u00f6ht die Energie und Widerstandsf\u00e4higkeit.<\/li>\n<li>Unterst\u00fctzt das System <strong>Immunsystem<\/strong>, und hilft bei der Bek\u00e4mpfung von Infektionen und Krankheiten.<\/li>\n<\/ul>\n<h3>Produktspezifikationen<\/h3>\n<table style=\"border-collapse: collapse; width: 100%; max-width: 600px;\" border=\"1\" cellspacing=\"0\" cellpadding=\"8\">\n<thead>\n<tr style=\"background-color: #f2f2f2;\">\n<th>Eigenschaften<\/th>\n<th>Beschreibung<\/th>\n<\/tr>\n<\/thead>\n<tbody>\n<tr>\n<td>Name des Produkts<\/td>\n<td>Jiaogulan (Gynostemma pentaphyllum)<\/td>\n<\/tr>\n<tr>\n<td>Formular<\/td>\n<td>Getrocknete Kr\u00e4uter f\u00fcr Aromatherapie und Verdampfung<\/td>\n<\/tr>\n<tr>\n<td>Gewicht<\/td>\n<td>12 g<\/td>\n<\/tr>\n<tr>\n<td>Empfohlene Verdampfungstemperatur<\/td>\n<td>135-175\u00b0C<\/td>\n<\/tr>\n<tr>\n<td>Anmeldung<\/td>\n<td>Gewichtsabnahme, St\u00e4rkung des Herzens, Immunit\u00e4t, Druckregulierung<\/td>\n<\/tr>\n<tr>\n<td>Vorteile<\/td>\n<td>Adaptogen, Antioxidans, entz\u00fcndungshemmend, unterst\u00fctzt das Immunsystem und das Herz-Kreislauf-System<\/td>\n<\/tr>\n<\/tbody>\n<\/table>\n<h3>Zusammensetzung des Produkts<\/h3>\n<p>Getrocknetes Jiaogulan ist eine 100% nat\u00fcrliche Pflanze <em>Gynostemma pentaphyllum<\/em>, ohne Zusatzstoffe oder k\u00fcnstliche Substanzen. Der Reichtum an nat\u00fcrlichen Antioxidantien und Adaptogenen macht es zu einer idealen Wahl f\u00fcr alle, die einen nat\u00fcrlichen Weg zur Unterst\u00fctzung ihrer Gesundheit suchen.<\/p>\n<h3>Wie verwendet man Jiaogulan?<\/h3>\n<p>Um die gesundheitsf\u00f6rdernden Eigenschaften von Jiaogulan optimal zu nutzen, empfehlen wir das Verdampfen mit einem guten Mahlwerk, das die Trockenmasse fein mahlt. Stellen Sie die Temperatur des Verdampfers auf einen Bereich von 135-175\u00b0C ein, der die wertvollen Wirkstoffe effektiv freisetzt, ohne dass die Gefahr besteht, sie zu verbrennen. Die Verdampfung ist eine sichere und bequeme Methode, die es erm\u00f6glicht, das volle Potenzial dieses Krauts zu nutzen.<\/p>\n<h3>Zus\u00e4tzliche Informationen und Anleitungen<\/h3>\n<p>Jiaogulan ist eine unbedenkliche Pflanze, es wird jedoch empfohlen, das Produkt wie vorgeschrieben zu verwenden und die Reaktion des K\u00f6rpers zu beobachten. Das Produkt sollte an einem trockenen, k\u00fchlen Ort, weg von Licht und Feuchtigkeit gelagert werden, um seine Frische und Eigenschaften l\u00e4nger zu erhalten.<\/p>\n<p>Es lohnt sich, in ein hochwertiges Mahlwerk zu investieren, das Ihnen nicht nur die Zubereitung Ihrer getrockneten Lebensmittel erleichtert, sondern auch den Komfort und die Effizienz Ihrer Verdampfung verbessert. Wir bieten Ihnen die richtigen M\u00fchlen und das passende Zubeh\u00f6r, damit Sie das volle Potenzial von Jiaogulan aussch\u00f6pfen k\u00f6nnen.<\/p>\n<h3>Nutzerbewertungen<\/h3>\n<p>Obwohl es derzeit an Kundenrezensionen mangelt, loben viele Anwender Jiaogulan f\u00fcr die Verbesserung der Immunit\u00e4t, die Steigerung der Energie und die Unterst\u00fctzung des Herz-Kreislauf-Systems. Das Kraut wird besonders von k\u00f6rperlich aktiven Menschen und solchen, die sich auf nat\u00fcrliche Weise um ihre Gesundheit k\u00fcmmern und ihren K\u00f6rper st\u00e4rken wollen, gesch\u00e4tzt.<\/p>\n<h3>Beispiele f\u00fcr die Verwendung von Jiaogulan:<\/h3>\n<ul>\n<li>Verbessert die Konzentration und reduziert den Stress bei der Arbeit oder im Studium.<\/li>\n<li>Unterst\u00fctzung des K\u00f6rpers bei intensivem Training durch Erh\u00f6hung der k\u00f6rperlichen Ausdauer.<\/li>\n<li>Nat\u00fcrliche Unterst\u00fctzung f\u00fcr alle, die abnehmen und einen gesunden Stoffwechsel haben wollen.<\/li>\n<li>Vorbeugung und Unterst\u00fctzung des Herz-Kreislauf-Systems, insbesondere bei Menschen mit Druckproblemen.<\/li>\n<li>Linderung von Entz\u00fcndungen und Schutz der Zellen vor oxidativem Stress.<\/li>\n<\/ul>\n<p><strong>K\u00fcmmern Sie sich um Ihre Gesundheit mit Jiaogulan - einem nat\u00fcrlichen Adaptogen, das Ihren K\u00f6rper auf vielen Ebenen unterst\u00fctzt!<\/strong><\/p>\n<\/div>","protected":false},"excerpt":{"rendered":"<ul>\n<li>Jiaogulan (Gynostemma pentaphyllum) \u2013 tradycyjne zio\u0142o chi\u0144skie<\/li>\n<li>Cz\u0119\u015b\u0107 ro\u015bliny: li\u015b\u0107, susz do aromaterapii zio\u0142owej<\/li>\n<li>Sensoryczna nuta zielono-zio\u0142owa, lekko s\u0142odkawa<\/li>\n<li>Hermetyczne, \u015bwiat\u0142oodporne opakowanie z regulatorem wilgotno\u015bci Boveda<\/li>\n<li>Kolekcjonerski susz ro\u015blinny \u2013 darmowa wysy\u0142ka od 49 z\u0142<\/li>\n<\/ul>","protected":false},"featured_media":4058,"comment_status":"open","ping_status":"closed","template":"","meta":{"_acf_changed":false,"_gspb_post_css":"","rank_math_title":"Jiaogulan susz aromaterapia \u2013 Gynostemma | u Bucha","rank_math_description":"Jiaogulan susz aromaterapia \u2013 Gynostemma pentaphyllum. Li\u015bcie jiaogulanu do aromaterapii zio\u0142owej, klasyczne zio\u0142o chi\u0144skie, kolekcjonerski susz ro\u015blinny.","rank_math_focus_keyword":"jiaogulan susz aromaterapia","rank_math_facebook_title":"Jiaogulan susz \u2013 Gynostemma pentaphyllum","rank_math_facebook_description":"Li\u015bcie jiaogulanu \u2013 tradycyjne zio\u0142o chi\u0144skie, kolekcjonerski susz ro\u015blinny do aromaterapii zio\u0142owej.","rank_math_twitter_title":"Jiaogulan susz \u2013 li\u015b\u0107","rank_math_twitter_description":"Li\u015b\u0107 Gynostemma pentaphyllum, susz aromaterapia."},"product_brand":[],"product_cat":[120],"product_tag":[],"woo-feed-brand":[],"class_list":{"0":"post-6814","1":"product","2":"type-product","3":"status-publish","4":"has-post-thumbnail","6":"product_cat-ziola","8":"first","9":"instock","10":"purchasable","11":"product-type-simple"},"ct_brands":[],"acf":[],"_links":{"self":[{"href":"https:\/\/ubucha.pl\/de\/wp-json\/wp\/v2\/product\/6814","targetHints":{"allow":["GET"]}}],"collection":[{"href":"https:\/\/ubucha.pl\/de\/wp-json\/wp\/v2\/product"}],"about":[{"href":"https:\/\/ubucha.pl\/de\/wp-json\/wp\/v2\/types\/product"}],"replies":[{"embeddable":true,"href":"https:\/\/ubucha.pl\/de\/wp-json\/wp\/v2\/comments?post=6814"}],"wp:featuredmedia":[{"embeddable":true,"href":"https:\/\/ubucha.pl\/de\/wp-json\/wp\/v2\/media\/4058"}],"wp:attachment":[{"href":"https:\/\/ubucha.pl\/de\/wp-json\/wp\/v2\/media?parent=6814"}],"wp:term":[{"taxonomy":"product_brand","embeddable":true,"href":"https:\/\/ubucha.pl\/de\/wp-json\/wp\/v2\/product_brand?post=6814"},{"taxonomy":"product_cat","embeddable":true,"href":"https:\/\/ubucha.pl\/de\/wp-json\/wp\/v2\/product_cat?post=6814"},{"taxonomy":"product_tag","embeddable":true,"href":"https:\/\/ubucha.pl\/de\/wp-json\/wp\/v2\/product_tag?post=6814"},{"taxonomy":"woo-feed-brand","embeddable":true,"href":"https:\/\/ubucha.pl\/de\/wp-json\/wp\/v2\/woo-feed-brand?post=6814"}],"curies":[{"name":"wp","href":"https:\/\/api.w.org\/{rel}","templated":true}]}}