{"id":6810,"date":"2025-09-26T13:55:26","date_gmt":"2025-09-26T11:55:26","guid":{"rendered":"https:\/\/ubucha.pl\/tribulus-terrestris-do-aromaterapii-susz-ziola-libido-seks\/"},"modified":"2025-10-20T12:43:20","modified_gmt":"2025-10-20T10:43:20","slug":"tribulus-terrestris-fur-aromatherapie-getrocknete-krauter-libido-sex","status":"publish","type":"product","link":"https:\/\/ubucha.pl\/de\/tribulus-terrestris-do-aromaterapii-susz-ziola-libido-seks\/","title":{"rendered":"TRIBULUS TERRESTRIS f\u00fcr Aromatherapie, getrocknete Kr\u00e4uter, Libido, Sex"},"content":{"rendered":"<p><b>Tribulus\u00a0<\/b>(Tribulus terrestris) ist eine kleine, bl\u00fchende\u00a0<b>Anlage<\/b>, die Fr\u00fcchte tr\u00e4gt\u00a0<b>mit Dornen bedeckt<\/b>. Die Fr\u00fcchte, Bl\u00e4tter und Wurzeln werden vor allem in der Medizin verwendet.\u00a0<b>nat\u00fcrlich\u00a0<\/b>w\u00a0<b>Behandlung\u00a0<\/b>viele\u00a0<b>Krankheiten<\/b>, insbesondere Funktionsst\u00f6rungen\u00a0<b>sexuell<\/b>.<\/p>\n<p>Tribulus Terrestris wird h\u00e4ufig als nat\u00fcrliches\u00a0<b>unterst\u00fctzender Agent\u00a0<\/b>Produktion\u00a0<b>Testosteron<\/b>, Was kann verbessert werden?\u00a0<b>Libido<\/b>, k\u00f6rperliche Ausdauer und Gesundheit\u00a0<b>reproduktiv<\/b>. Es kann Ausdauer und Kraft steigern, was f\u00fcr Sportler und Menschen von Vorteil ist.\u00a0<b>k\u00f6rperlich aktiv<\/b>.<\/p>\n<p>Traditionell wurde es zur Behandlung von Harnwegsproblemen wie Harnwegsinfektionen und\u00a0<b>Nierensteine<\/b>. Es besitzt Eigenschaften\u00a0<b>Entz\u00fcndungshemmend<\/b>, was dabei helfen kann\u00a0<b>Reduktion\u00a0<\/b>Entz\u00fcndung bei\u00a0<b>K\u00f6rper<\/b>. Enth\u00e4lt Antioxidantien, die die Zellen vor Sch\u00e4den sch\u00fctzen.\u00a0<b>verursacht\u00a0<\/b>Von\u00a0<b>frei<\/b>\u00a0<b>Radikale<\/b>. Es kann dazu beitragen, den Pegel zu senken.\u00a0<b>Cholesterin\u00a0<\/b>und die Gesundheit verbessern\u00a0<b>Kreislaufsystem<\/b>.<\/p>","protected":false},"excerpt":{"rendered":"<h1>Tribulus Terrestris - 15 g<\/h1>\n<h2><\/h2>\n<p><b>Die Fotos geben das tats\u00e4chliche Aussehen des Produkts wieder.<\/b><\/p>\n<p><b>Tribulus Terrestris<\/b>, Tribulus terrestris, auch bekannt als Erd-Tribulus, ist eine Pflanze, die in der traditionellen Medizin aufgrund ihrer zahlreichen Inhaltsstoffe gesch\u00e4tzt wird.\u00a0<b>gesundheitliche Eigenschaften<\/b>.<\/p>\n<ul>\n<li>Erh\u00f6ht das Niveau\u00a0<b>Testosteron<\/b>,<\/li>\n<li>Verbessert\u00a0<b>Libido<\/b>,<\/li>\n<li>Unterst\u00fctzt die Gesundheit\u00a0<b>reproduktiv<\/b>,<\/li>\n<li>verbessert die Leistung\u00a0<b>physisch<\/b>,<\/li>\n<li>Unterst\u00fctzung\u00a0<b>Herzgesundheit<\/b>,<\/li>\n<li>Entspannt und\u00a0<b>unterst\u00fctzt den Schlaf<\/b>,<\/li>\n<li>Reduziert\u00a0<b>\u00fcberm\u00e4\u00dfiger Stress<\/b>,<\/li>\n<li>Gesundheitsf\u00f6rderung\u00a0<b>Harnsystem<\/b>.<\/li>\n<\/ul>\n<p><b>Denken Sie an einen guten Schleifer<\/b>, die das Material vor der Verwendung gut mahlt. Nat\u00fcrlich sind solche M\u00fchlen\u00a0<b>in unserem Sortiment verf\u00fcgbar.<\/b><\/p>\n<p><b>Empfohlene Verdampfungstemperatur: 155\u2013185 Grad Celsius<\/b><\/p>","protected":false},"featured_media":4053,"comment_status":"open","ping_status":"open","template":"","meta":{"_acf_changed":false,"_gspb_post_css":"","rank_math_title":"","rank_math_description":"","rank_math_focus_keyword":"","rank_math_facebook_title":"","rank_math_facebook_description":"","rank_math_twitter_title":"","rank_math_twitter_description":""},"product_brand":[],"product_cat":[120],"product_tag":[],"woo-feed-brand":[],"class_list":{"0":"post-6810","1":"product","2":"type-product","3":"status-publish","4":"has-post-thumbnail","6":"product_cat-ziola","8":"first","9":"outofstock","10":"purchasable","11":"product-type-simple"},"ct_brands":[],"acf":[],"_links":{"self":[{"href":"https:\/\/ubucha.pl\/de\/wp-json\/wp\/v2\/product\/6810","targetHints":{"allow":["GET"]}}],"collection":[{"href":"https:\/\/ubucha.pl\/de\/wp-json\/wp\/v2\/product"}],"about":[{"href":"https:\/\/ubucha.pl\/de\/wp-json\/wp\/v2\/types\/product"}],"replies":[{"embeddable":true,"href":"https:\/\/ubucha.pl\/de\/wp-json\/wp\/v2\/comments?post=6810"}],"wp:featuredmedia":[{"embeddable":true,"href":"https:\/\/ubucha.pl\/de\/wp-json\/wp\/v2\/media\/4053"}],"wp:attachment":[{"href":"https:\/\/ubucha.pl\/de\/wp-json\/wp\/v2\/media?parent=6810"}],"wp:term":[{"taxonomy":"product_brand","embeddable":true,"href":"https:\/\/ubucha.pl\/de\/wp-json\/wp\/v2\/product_brand?post=6810"},{"taxonomy":"product_cat","embeddable":true,"href":"https:\/\/ubucha.pl\/de\/wp-json\/wp\/v2\/product_cat?post=6810"},{"taxonomy":"product_tag","embeddable":true,"href":"https:\/\/ubucha.pl\/de\/wp-json\/wp\/v2\/product_tag?post=6810"},{"taxonomy":"woo-feed-brand","embeddable":true,"href":"https:\/\/ubucha.pl\/de\/wp-json\/wp\/v2\/woo-feed-brand?post=6810"}],"curies":[{"name":"wp","href":"https:\/\/api.w.org\/{rel}","templated":true}]}}