{"id":6748,"date":"2025-09-26T13:55:08","date_gmt":"2025-09-26T11:55:08","guid":{"rendered":"https:\/\/ubucha.pl\/herbata-konopna-413-mokulab-naturalne-wyciszenie\/"},"modified":"2026-04-30T08:11:12","modified_gmt":"2026-04-30T06:11:12","slug":"hanftee-413-mokulab-naturlich-beruhigend","status":"publish","type":"product","link":"https:\/\/ubucha.pl\/de\/herbata-konopna-413-mokulab-naturalne-wyciszenie\/","title":{"rendered":"Hanf-Tee 4.13% mokuLAB - Nat\u00fcrliche Gelassenheit"},"content":{"rendered":"<h4 class=\"wp-block-heading\">Hanf-Tee<\/h4>\n\n\n\n<p>Unser Hanftee der Marke Moku Bio ist eine sorgf\u00e4ltig ausgew\u00e4hlte Mischung aus getrocknetem Hanf, die reich an nat\u00fcrlichen Cannabinoiden ist. Der Gehalt von 4.13% garantiert au\u00dfergew\u00f6hnliche Gesundheits- und Entspannungseigenschaften.<\/p>\n\n\n\n<h4 class=\"wp-block-heading\"><strong>Vorteile des Hanftees von Moku Lab:<\/strong><\/h4>\n\n\n\n<p>Entspannung und Stressabbau. Hanf ist bekannt f\u00fcr seine spannungsl\u00f6senden Eigenschaften und die Unterst\u00fctzung der nat\u00fcrlichen Entspannungsmechanismen des K\u00f6rpers.<\/p>\n\n\n\n<p>Unterst\u00fctzung f\u00fcr das Nervensystem. Regelm\u00e4\u00dfiger Konsum von Hanftee kann die Gesundheit des Nervensystems unterst\u00fctzen, die Konzentration und das allgemeine Wohlbefinden f\u00f6rdern.<\/p>\n\n\n\n<p>Nat\u00fcrliche entz\u00fcndungshemmende Wirkung. Hanf verf\u00fcgt \u00fcber entz\u00fcndungshemmende Eigenschaften, die bei allt\u00e4glichen Beschwerden Linderung verschaffen k\u00f6nnen.<\/p>\n\n\n\n<p>Verbesserung der Schlafqualit\u00e4t. Hanftee kann einen gesunden Schlaf unterst\u00fctzen, indem er das Einschlafen erleichtert und die Schlafqualit\u00e4t verbessert.<\/p>\n\n\n\n<p>Sichere Zusammensetzung. Unser Tee enth\u00e4lt keine k\u00fcnstlichen Zusatzstoffe oder Konservierungsmittel, wobei 100% ein nat\u00fcrliches und organisches Produkt.<\/p>","protected":false},"excerpt":{"rendered":"<ul>\n<li>Moku Lab Hanfkraut - 4,131 TP3T Inhalt<\/li>\n<li>Eine sorgf\u00e4ltig ausgew\u00e4hlte Mischung, die wie klassischer Tee zubereitet wird<\/li>\n<li>Vollst\u00e4ndiges Spektrum nat\u00fcrlicher Cannabinoide<\/li>\n<li>Ein sinnlicher Hauch von Gr\u00fcn \u2013 abendliche Entspannung nach einem langen Tag<\/li>\n<li>Keine k\u00fcnstlichen Zusatzstoffe oder Konservierungsmittel<\/li>\n<\/ul>","protected":false},"featured_media":3959,"comment_status":"open","ping_status":"open","template":"","meta":{"_acf_changed":false,"_gspb_post_css":"","rank_math_title":"Herbata konopna mokuLAB 4,13% \u2013 wyciszenie | u Bucha","rank_math_description":"Herbata konopna mokuLAB 4,13% \u2014 naturalny susz konopny do parzenia. Pe\u0142ne spektrum kannabinoid\u00f3w, sensoryczna nuta zielono\u015bci, codzienne wyciszenie wieczorem.","rank_math_focus_keyword":"herbata konopna mokuLAB","rank_math_facebook_title":"Herbata konopna mokuLAB 4,13%","rank_math_facebook_description":"Susz konopny do parzenia jak klasyczna herbata. Zawarto\u015b\u0107 4,13%, pe\u0142ne spektrum kannabinoid\u00f3w, naturalna formu\u0142a bez sztucznych dodatk\u00f3w.","rank_math_twitter_title":"Herbata konopna mokuLAB 4,13%","rank_math_twitter_description":"Susz z konopi w\u0142\u00f3knistych do parzenia. Zawarto\u015b\u0107 4,13%, naturalna mieszanka Moku Lab."},"product_brand":[],"product_cat":[308],"product_tag":[],"woo-feed-brand":[],"class_list":{"0":"post-6748","1":"product","2":"type-product","3":"status-publish","4":"has-post-thumbnail","6":"product_cat-herbaty","8":"first","9":"instock","10":"purchasable","11":"product-type-simple"},"ct_brands":[],"acf":[],"_links":{"self":[{"href":"https:\/\/ubucha.pl\/de\/wp-json\/wp\/v2\/product\/6748","targetHints":{"allow":["GET"]}}],"collection":[{"href":"https:\/\/ubucha.pl\/de\/wp-json\/wp\/v2\/product"}],"about":[{"href":"https:\/\/ubucha.pl\/de\/wp-json\/wp\/v2\/types\/product"}],"replies":[{"embeddable":true,"href":"https:\/\/ubucha.pl\/de\/wp-json\/wp\/v2\/comments?post=6748"}],"wp:featuredmedia":[{"embeddable":true,"href":"https:\/\/ubucha.pl\/de\/wp-json\/wp\/v2\/media\/3959"}],"wp:attachment":[{"href":"https:\/\/ubucha.pl\/de\/wp-json\/wp\/v2\/media?parent=6748"}],"wp:term":[{"taxonomy":"product_brand","embeddable":true,"href":"https:\/\/ubucha.pl\/de\/wp-json\/wp\/v2\/product_brand?post=6748"},{"taxonomy":"product_cat","embeddable":true,"href":"https:\/\/ubucha.pl\/de\/wp-json\/wp\/v2\/product_cat?post=6748"},{"taxonomy":"product_tag","embeddable":true,"href":"https:\/\/ubucha.pl\/de\/wp-json\/wp\/v2\/product_tag?post=6748"},{"taxonomy":"woo-feed-brand","embeddable":true,"href":"https:\/\/ubucha.pl\/de\/wp-json\/wp\/v2\/woo-feed-brand?post=6748"}],"curies":[{"name":"wp","href":"https:\/\/api.w.org\/{rel}","templated":true}]}}