{"id":6732,"date":"2025-09-26T13:54:42","date_gmt":"2025-09-26T11:54:42","guid":{"rendered":"https:\/\/ubucha.pl\/olejek-konopny-10-33ml-animals-dla-psa-i-kota-pets-dla-zwierzat-wzbogacony-o-olej-z-lososia\/"},"modified":"2025-10-15T11:00:06","modified_gmt":"2025-10-15T09:00:06","slug":"hanfol-10-33ml-fur-tiere-hunde-und-katzen-angereichert-mit-lachsol","status":"publish","type":"product","link":"https:\/\/ubucha.pl\/de\/olejek-konopny-10-33ml-animals-dla-psa-i-kota-pets-dla-zwierzat-wzbogacony-o-olej-z-lososia\/","title":{"rendered":"Hanf\u00f6l 10% 33ml Animals Pets f\u00fcr Hunde und Katzen - Angereichert mit Lachs\u00f6l"},"content":{"rendered":"<p><b>Animals CBD 10% (3000mg) 33ml Hanf\u00f6l f\u00fcr Haustiere<\/b><\/p>\n<ul>\n<li>Zutaten: Lachs\u00f6l, Hanfextrakt<\/li>\n<li>3 Tropfen ~ 10 mg CBD-Verbindungen<\/li>\n<li>Angereichert mit Lachs\u00f6l<\/li>\n<li>Linie: Tiere Linie<\/li>\n<li>Hersteller Green Pharm<\/li>\n<li>Inhalt: 3000 mg CBD<\/li>\n<li>Art der Extraktion: CO2<\/li>\n<\/ul>\n<p><b>Empfohlen f\u00fcr Tiere \u00fcber 30 kg<\/b><\/p>\n<p><b>M\u00f6chten Sie die t\u00e4gliche Ern\u00e4hrung Ihres Haustieres erg\u00e4nzen?<\/b>\u00a0und es bei Beschwerden auf nat\u00fcrliche Weise unterst\u00fctzen? Wir empfehlen Ihnen, das \u00d6l von Animals Green Pharm auszuprobieren. Unsere Formel basiert auf\u00a0<b>Hanf\u00f6l, standardisiert auf Phyton\u00e4hrstoffgehalt, und Lachs\u00f6l<\/b>. Diese Kombination von Zutaten ist eine wertvolle Quelle f\u00fcr Fetts\u00e4uren und tr\u00e4gt zum Geschmack des Produkts bei.\u00a0<b>hochwertiges Lachs\u00f6l<\/b>\u00a0macht\u00a0<b>Die Tiere lieben ihn.<\/b>\u00a0und genie\u00dfen Sie die wohltuenden Eigenschaften von Hanf.<\/p>\n<p><b>Green Pharm Hanf\u00f6l f\u00fcr Tiere<\/b>\u00a0Dieses Hanf\u00f6l wird aus der hochwertigen Sorte Cannabis Sativa L. gewonnen und ist mit Phyton\u00e4hrstoffen und Lachs\u00f6l angereichert. Unsere \u00d6le enthalten Cannabinoide wie CBD, CBG, CBC und CBN sowie zahlreiche Phenole, Flavonoide, Terpene und Omega-Fetts\u00e4uren.<\/p>\n<p>Unsere Produktlinie mit Tier\u00f6len wurde im Plebiszit anerkannt.\u00a0<b>TOP F\u00dcR HUND 2023<\/b>\u00a0in der Kategorie &quot;\u201e<b>Erg\u00e4nzende Pr\u00e4parate und Nahrungserg\u00e4nzungsmittel<\/b>\u201dWir freuen uns sehr, dass unser Beitrag zur Verbesserung der Lebensqualit\u00e4t von Tieren in einer so wichtigen Volksabstimmung Anerkennung gefunden hat.\u201c.<\/p>\n<p><b>Zusammensetzung:\u00a0<\/b><\/p>\n<ul>\n<li>Hanf\u00f6l (standardisiert auf den Gehalt an Phytosubstanzen),<\/li>\n<li>Lachs\u00f6l<\/li>\n<\/ul>\n<p><b>Analytische Komponenten:\u00a0<\/b><\/p>\n<ul>\n<li>Rohfett: &gt; 99,0 %<\/li>\n<li>Omega-3-Fetts\u00e4uren: 7,4 %<\/li>\n<li>DHA (Docosahexaens\u00e4ure): 1,2 %<\/li>\n<li>EPA (Eicosapentaens\u00e4ure): 1,5 %<\/li>\n<li>Omega-6-Fetts\u00e4uren: 37,0 %<\/li>\n<li>Rohprotein: 0,0 %<\/li>\n<li>Rohasche: 0,0 %<\/li>\n<li>Rohfaser: 0,0 %<\/li>\n<\/ul>\n<p><b>Unsere \u00d6le unterst\u00fctzen die Beg\u00fcnstigten des Vereins.<\/b>\u00a0\u201eI&#039;ll Give You Home\u201c und die Judyta-Stiftung \u2013 Zweigstelle Tricity. Dank dieser Partnerschaft k\u00f6nnen wir Tieren in Not helfen, ihre Lebensqualit\u00e4t zu verbessern und praktisches Wissen zu erwerben, das wir anschlie\u00dfend mit Ihnen teilen. Die Beobachtung einzelner F\u00e4lle und die Analyse verf\u00fcgbarer Publikationen erm\u00f6glichen es uns, Ihnen fundierte Beratung anzubieten.<\/p>\n<p><b>Tier\u00f6l \u2013 warum ohne THC?<\/b>?<\/p>\n<p>(Breitband\u00f6l):<\/p>\n<p>THC ist eines der wichtigsten Cannabinoide in Cannabis. Es besitzt zahlreiche positive Eigenschaften und ist der dominierende Wirkstoff in den meisten medizinischen Cannabis-Sorten. Obwohl es in \u00d6len f\u00fcr Menschen oft ein erw\u00fcnschter Bestandteil ist, verh\u00e4lt es sich bei \u00d6len f\u00fcr Tiere anders. In den Vereinigten Staaten hat der zunehmende Cannabiskonsum zu einem Anstieg der gemeldeten Vergiftungsf\u00e4lle bei Haustieren gef\u00fchrt. Verantwortlich daf\u00fcr ist THC, eine psychoaktive Substanz, die Rauschzust\u00e4nde hervorruft. Welche Symptome einer THC-Vergiftung k\u00f6nnen bei Tieren auftreten?<\/p>\n<ul>\n<li>Schw\u00e4chung der Reaktion<\/li>\n<li>Verwirrung<\/li>\n<li>Gleichgewichts- und Koordinationsst\u00f6rungen<\/li>\n<li>Angst und Desorientierung<\/li>\n<li>Hyperaktivit\u00e4t<\/li>\n<li>\u00fcberm\u00e4\u00dfiger Speichelfluss<\/li>\n<li>Erbrechen<\/li>\n<li>Abfall des Blutdrucks und der K\u00f6rpertemperatur<\/li>\n<\/ul>\n<p>CBD-\u00d6le mit einem THC-Gehalt von unter 0,31 % TP3T, die in Polen legal sind, haben zwar keine berauschende Wirkung, dennoch reagieren kleinere Tiere empfindlicher auf THC. Hunde besitzen zudem mehr Cannabinoid-Rezeptoren im Gehirn als Menschen und sind daher m\u00f6glicherweise anf\u00e4lliger f\u00fcr dessen toxische Wirkung. THC reichert sich au\u00dferdem in Fettzellen an und kann dort \u00fcber l\u00e4ngere Zeit verbleiben. Da potenziell alle Inhaltsstoffe f\u00fcr unsere Haustiere sch\u00e4dlich sein k\u00f6nnen, ist es wichtig, ihnen diese auch in kleinsten Mengen zu verabreichen. Unsere Hanf\u00f6le f\u00fcr Tiere sind daher vollst\u00e4ndig THC-frei.<\/p>\n<p><b>Speichermethode:<\/b>\u00a0Bei Zimmertemperatur an einem trockenen und dunklen Ort aufbewahren.<\/p>\n<p><b>Anwendung:<\/b>\u00a0Die Informationen auf der Verpackung legen nahe, das Produkt als Erg\u00e4nzung zur t\u00e4glichen Ern\u00e4hrung zu verwenden. Im Einzelfall ist es ratsam, sich direkt beraten zu lassen, wie das \u00d6l am besten angewendet wird, um optimale Ergebnisse zu erzielen.<\/p>\n<p><b>Weitere Informationen<\/b>F\u00fcr die Herstellung der Beikost wurden Rohstoffe in Lebensmittelqualit\u00e4t verwendet.<\/p>\n<p><b>Vorteile der Verwendung von Hanf\u00f6len von Animals Green Pharm?<\/b><\/p>\n<p>Unsere Haustiere leiden oft unter psychischen und physischen Gesundheitsproblemen. Der Einsatz von Medikamenten kann Nebenwirkungen verursachen und ihren K\u00f6rper zus\u00e4tzlich belasten. Aus Sicherheitsgr\u00fcnden greifen Tierhalter und Tier\u00e4rzte daher immer h\u00e4ufiger auf nat\u00fcrliche Methoden zur Gesundheitsf\u00f6rderung zur\u00fcck. Die Hanf\u00f6le von Animals Green Pharm sind ein Produkt, das die Gesundheit unserer Haustiere auf nat\u00fcrliche Weise erfolgreich unterst\u00fctzen kann.<\/p>","protected":false},"excerpt":{"rendered":"<h2 class=\"\" data-sourcepos=\"1:1-1:73\">CBD-\u00d6le f\u00fcr Hunde und Katzen: W\u00e4hlen Sie Produkte mit tier\u00e4rztlicher Zertifizierung!<\/h2>\n<p data-sourcepos=\"3:1-3:32\"><strong>Die Sicherheit Ihres Haustieres liegt uns am Herzen!<\/strong>\u00a0Deshalb bieten wir CBD-Tier\u00f6le an, die auf Folgendem basieren:\u00a0<strong>Veterin\u00e4rstandards<\/strong>. Dies garantiert h\u00f6chste Qualit\u00e4t und Sicherheit f\u00fcr die Anwendung bei Hunden und Katzen.<\/p>\n<p data-sourcepos=\"5:1-5:45\">Leider erf\u00fcllen viele CBD-\u00d6le auf dem Markt diese strengen Standards nicht. Bitte beachten Sie Folgendes:\u00a0<strong>Die Standards f\u00fcr Produkte f\u00fcr Tiere und Menschen unterscheiden sich<\/strong>\u00a0Ein wesentlicher Vorteil. Mit Tier\u00f6len k\u00f6nnen Sie sicher sein, dass Ihr Haustier ein hochwertiges Produkt erh\u00e4lt.\u00a0<strong>sicher und frei von Schadstoffen<\/strong>.<\/p>\n<p data-sourcepos=\"7:1-7:170\"><strong>Lachs\u00f6l und Hanf\u00f6l<\/strong>\u00a0in unseren \u00d6len enthalten sind\u00a0<strong>WNI-Nummer<\/strong>, vorgeschrieben bei Heimtierprodukten. Dies ist eine zus\u00e4tzliche Garantie f\u00fcr Qualit\u00e4t und Sicherheit.<\/p>\n<p data-sourcepos=\"9:1-9:59\"><strong>Warum lohnt sich die Verwendung von Animals Green Pharm CBD-\u00d6len?<\/strong><\/p>\n<ul data-sourcepos=\"11:1-11:151\">\n<li data-sourcepos=\"11:1-11:151\"><strong>Eine nat\u00fcrliche Methode zur Verbesserung der Gesundheit Ihres Haustieres:<\/strong>\u00a0CBD-\u00d6le k\u00f6nnen bei Hunden und Katzen viele psychische und physische Probleme lindern, darunter:\n<ul data-sourcepos=\"12:5-17:14\">\n<li data-sourcepos=\"12:5-12:17\">Angst und Stress<\/li>\n<li data-sourcepos=\"13:5-13:25\">Schmerzen und Entz\u00fcndungen<\/li>\n<li data-sourcepos=\"14:5-14:21\">Hautprobleme<\/li>\n<li data-sourcepos=\"15:5-15:18\">Appetitlosigkeit<\/li>\n<li data-sourcepos=\"16:5-16:27\">Verdauungsprobleme<\/li>\n<li data-sourcepos=\"17:5-17:14\">Epilepsie<\/li>\n<\/ul>\n<\/li>\n<li data-sourcepos=\"18:1-18:179\"><strong>Eine sichere Alternative zu pharmazeutischen Medikamenten:<\/strong>\u00a0CBD-\u00d6le sind nat\u00fcrlich und sicher in der Anwendung, und ihre Wirkung ist nicht mit dem Risiko von Nebenwirkungen verbunden.<\/li>\n<li data-sourcepos=\"19:1-20:0\"><strong>Einfach zu verabreichen:<\/strong>\u00a0CBD-\u00d6le f\u00fcr Tiere haben einen angenehmen Geschmack und lassen sich daher leicht verabreichen. Sie k\u00f6nnen direkt ins Maul gegeben oder dem Futter beigemischt werden.<\/li>\n<\/ul>\n<p data-sourcepos=\"21:1-21:133\"><strong>K\u00fcmmern Sie sich auf nat\u00fcrliche Weise um die Gesundheit Ihres Haustieres!<\/strong>\u00a0Entscheiden Sie sich f\u00fcr die CBD-\u00d6le von Animals Green Pharm und \u00fcberzeugen Sie sich selbst von ihrer Wirksamkeit.<\/p>\n<p data-sourcepos=\"23:1-23:25\"><strong>Zus\u00e4tzliche Informationen:<\/strong><\/p>\n<ul data-sourcepos=\"25:1-26:16\">\n<li data-sourcepos=\"25:1-25:116\">CBD-\u00d6le f\u00fcr Tiere sind in verschiedenen Konzentrationen erh\u00e4ltlich, um den individuellen Bed\u00fcrfnissen Ihres Haustieres gerecht zu werden.<\/li>\n<li data-sourcepos=\"26:1-26:16\">Konsultieren Sie Ihren Tierarzt, bevor Sie Ihrem Haustier CBD-\u00d6l verabreichen.<\/li>\n<li data-sourcepos=\"27:1-28:0\">CBD-\u00d6le f\u00fcr Tiere sind kein Arzneimittel und ersetzen nicht die Beratung durch einen Tierarzt.<\/li>\n<\/ul>","protected":false},"featured_media":0,"comment_status":"open","ping_status":"open","template":"","meta":{"_acf_changed":false,"_gspb_post_css":"","rank_math_title":"","rank_math_description":"","rank_math_focus_keyword":"","rank_math_facebook_title":"","rank_math_facebook_description":"","rank_math_twitter_title":"","rank_math_twitter_description":""},"product_brand":[],"product_cat":[336],"product_tag":[],"woo-feed-brand":[],"class_list":{"0":"post-6732","1":"product","2":"type-product","3":"status-publish","5":"product_cat-dla-zwierzat","7":"first","8":"outofstock","9":"purchasable","10":"product-type-simple"},"ct_brands":[],"acf":[],"_links":{"self":[{"href":"https:\/\/ubucha.pl\/de\/wp-json\/wp\/v2\/product\/6732","targetHints":{"allow":["GET"]}}],"collection":[{"href":"https:\/\/ubucha.pl\/de\/wp-json\/wp\/v2\/product"}],"about":[{"href":"https:\/\/ubucha.pl\/de\/wp-json\/wp\/v2\/types\/product"}],"replies":[{"embeddable":true,"href":"https:\/\/ubucha.pl\/de\/wp-json\/wp\/v2\/comments?post=6732"}],"wp:attachment":[{"href":"https:\/\/ubucha.pl\/de\/wp-json\/wp\/v2\/media?parent=6732"}],"wp:term":[{"taxonomy":"product_brand","embeddable":true,"href":"https:\/\/ubucha.pl\/de\/wp-json\/wp\/v2\/product_brand?post=6732"},{"taxonomy":"product_cat","embeddable":true,"href":"https:\/\/ubucha.pl\/de\/wp-json\/wp\/v2\/product_cat?post=6732"},{"taxonomy":"product_tag","embeddable":true,"href":"https:\/\/ubucha.pl\/de\/wp-json\/wp\/v2\/product_tag?post=6732"},{"taxonomy":"woo-feed-brand","embeddable":true,"href":"https:\/\/ubucha.pl\/de\/wp-json\/wp\/v2\/woo-feed-brand?post=6732"}],"curies":[{"name":"wp","href":"https:\/\/api.w.org\/{rel}","templated":true}]}}