{"id":6722,"date":"2025-09-26T13:54:42","date_gmt":"2025-09-26T11:54:42","guid":{"rendered":"https:\/\/ubucha.pl\/olejek-konopny-cbd-5-11ml-animals-dla-psa-i-kota-pets-dla-zwierzat-wzbogacony-o-olej-z-lososia\/"},"modified":"2026-05-10T05:30:36","modified_gmt":"2026-05-10T03:30:36","slug":"cbd-hanfol-5-11ml-fur-tiere-hunde-und-katzen-angereichert-mit-lachsol","status":"publish","type":"product","link":"https:\/\/ubucha.pl\/de\/olejek-konopny-cbd-5-11ml-animals-dla-psa-i-kota-pets-dla-zwierzat-wzbogacony-o-olej-z-lososia\/","title":{"rendered":"CBD Hanf\u00f6l 5% 11ml Animals Pets f\u00fcr Hunde und Katzen - Angereichert mit Lachs\u00f6l"},"content":{"rendered":"<p><b>Animals CBD 5% (500mg) 11ml Hanf\u00f6l f\u00fcr Haustiere<\/b><\/p>\n<ul>\n<li>Zutaten: Lachs\u00f6l, Hanfextrakt<\/li>\n<li>3 Tropfen ~ 5 mg CBD-Verbindungen<\/li>\n<li>Angereichert mit Lachs\u00f6l<\/li>\n<li>Linie: Tiere Linie<\/li>\n<li>Hersteller Green Pharm<\/li>\n<li>Inhalt: 500 mg CBD<\/li>\n<li>Art der Extraktion: CO2<\/li>\n<\/ul>\n<p><b>Hanf\u00f6l f\u00fcr Katzen und Hunde \u2013 empfohlen f\u00fcr Tiere bis 30 kg<\/b><\/p>\n<p><b>M\u00f6chten Sie die t\u00e4gliche Ern\u00e4hrung Ihres Haustieres erg\u00e4nzen?<\/b>\u00a0und es bei Beschwerden auf nat\u00fcrliche Weise unterst\u00fctzen? Wir empfehlen Ihnen, das \u00d6l von Animals Green Pharm auszuprobieren. Unsere Formel basiert auf\u00a0<b>Hanf\u00f6l, standardisiert auf Phyton\u00e4hrstoffgehalt, und Lachs\u00f6l<\/b>. Diese Kombination von Zutaten ist eine wertvolle Quelle f\u00fcr Fetts\u00e4uren und tr\u00e4gt zum Geschmack des Produkts bei.\u00a0<b>hochwertiges Lachs\u00f6l<\/b>\u00a0macht\u00a0<b>Die Tiere lieben ihn.<\/b>\u00a0und genie\u00dfen Sie die wohltuenden Eigenschaften von Hanf.<\/p>\n<p><b>Green Pharm Hanf\u00f6l f\u00fcr Tiere<\/b>\u00a0Dieses Hanf\u00f6l wird aus der hochwertigen Sorte Cannabis Sativa L. gewonnen und ist mit Phyton\u00e4hrstoffen und Lachs\u00f6l angereichert. Unsere \u00d6le enthalten Cannabinoide wie CBD, CBG, CBC und CBN sowie zahlreiche Phenole, Flavonoide, Terpene und Omega-Fetts\u00e4uren.<\/p>\n<p>Unsere Produktlinie mit Tier\u00f6len wurde im Plebiszit anerkannt.\u00a0<b>TOP F\u00dcR HUND 2023<\/b>\u00a0in der Kategorie &quot;\u201e<b>Erg\u00e4nzende Pr\u00e4parate und Nahrungserg\u00e4nzungsmittel<\/b>\u201dWir freuen uns sehr, dass unser Beitrag zur Verbesserung der Lebensqualit\u00e4t von Tieren in einer so wichtigen Volksabstimmung Anerkennung gefunden hat.\u201c.<\/p>\n<p><b>Zutaten:\u00a0<\/b><\/p>\n<ul>\n<li>Hanf\u00f6l (standardisiert auf den Gehalt an Phytosubstanzen),<\/li>\n<li>Lachs\u00f6l<\/li>\n<\/ul>\n<p><b>Analytische Komponenten:\u00a0<\/b><\/p>\n<ul>\n<li>Rohfett: &gt; 99,0 %<\/li>\n<li>Omega-3-Fetts\u00e4uren: 7,4 %<\/li>\n<li>DHA (Docosahexaens\u00e4ure): 1,2 %<\/li>\n<li>EPA (Eicosapentaens\u00e4ure): 1,5 %<\/li>\n<li>Omega-6-Fetts\u00e4uren: 37,0 %<\/li>\n<li>Rohprotein: 0,0 %<\/li>\n<li>Rohasche: 0,0 %<\/li>\n<li>Rohfaser: 0,0 %<\/li>\n<\/ul>\n<p><b>Unsere \u00d6le unterst\u00fctzen die Beg\u00fcnstigten des Vereins.<\/b>\u00a0\u201eI&#039;ll Give You Home\u201c und die Judyta-Stiftung \u2013 Zweigstelle Tricity. Dank dieser Partnerschaft k\u00f6nnen wir Tieren in Not helfen, ihre Lebensqualit\u00e4t zu verbessern und praktisches Wissen zu erwerben, das wir anschlie\u00dfend mit Ihnen teilen. Die Beobachtung einzelner F\u00e4lle und die Analyse verf\u00fcgbarer Publikationen erm\u00f6glichen es uns, Ihnen fundierte Beratung anzubieten.<\/p>\n<p><b>Hanf\u00f6l f\u00fcr Katzen und Hunde \u2013 \u00d6L F\u00dcR TIERE, WARUM OHNE THC<\/b>?<\/p>\n<p>(Breitband\u00f6l):<\/p>\n<p>THC ist eines der wichtigsten Cannabinoide in Cannabis. Es besitzt zahlreiche positive Eigenschaften und ist der dominierende Wirkstoff in den meisten medizinischen Cannabis-Sorten. Obwohl es in \u00d6len f\u00fcr Menschen oft ein erw\u00fcnschter Bestandteil ist, verh\u00e4lt es sich bei \u00d6len f\u00fcr Tiere anders. In den Vereinigten Staaten hat der zunehmende Cannabiskonsum zu einem Anstieg der gemeldeten Vergiftungsf\u00e4lle bei Haustieren gef\u00fchrt. Verantwortlich daf\u00fcr ist THC, eine psychoaktive Substanz, die Rauschzust\u00e4nde hervorruft. Welche Symptome einer THC-Vergiftung k\u00f6nnen bei Tieren auftreten?<\/p>\n<ul>\n<li>Schw\u00e4chung der Reaktion<\/li>\n<li>Verwirrung<\/li>\n<li>Gleichgewichts- und Koordinationsst\u00f6rungen<\/li>\n<li>Angst und Desorientierung<\/li>\n<li>Hyperaktivit\u00e4t<\/li>\n<li>\u00fcberm\u00e4\u00dfiger Speichelfluss<\/li>\n<li>Erbrechen<\/li>\n<li>Abfall des Blutdrucks und der K\u00f6rpertemperatur<\/li>\n<\/ul>\n<p>CBD-\u00d6le mit einem THC-Gehalt von unter 0,31 % TP3T, die in Polen legal sind, haben zwar keine berauschende Wirkung, dennoch reagieren kleinere Tiere empfindlicher auf THC. Hunde besitzen zudem mehr Cannabinoid-Rezeptoren im Gehirn als Menschen und sind daher m\u00f6glicherweise anf\u00e4lliger f\u00fcr dessen toxische Wirkung. THC reichert sich au\u00dferdem in Fettzellen an und kann dort \u00fcber l\u00e4ngere Zeit verbleiben. Da potenziell alle Inhaltsstoffe f\u00fcr unsere Haustiere sch\u00e4dlich sein k\u00f6nnen, ist es wichtig, ihnen diese auch in kleinsten Mengen zu verabreichen. Unsere Hanf\u00f6le f\u00fcr Tiere sind daher vollst\u00e4ndig THC-frei.<\/p>\n<p><b>Speichermethode:<\/b>\u00a0Bei Zimmertemperatur an einem trockenen und dunklen Ort aufbewahren.<\/p>\n<p><b>Anwendung:<\/b>\u00a0Die Informationen auf der Verpackung legen nahe, das Produkt als Erg\u00e4nzung zur t\u00e4glichen Ern\u00e4hrung zu verwenden. Im Einzelfall ist es ratsam, sich direkt beraten zu lassen, wie das \u00d6l am besten angewendet wird, um optimale Ergebnisse zu erzielen.<\/p>\n<p><b>Weitere Informationen<\/b>F\u00fcr die Herstellung der Beikost wurden Rohstoffe in Lebensmittelqualit\u00e4t verwendet.<\/p>\n<p><b>CBD-\u00d6l 5 f\u00fcr Hunde und Katzen \u2013 Vorteile der Verwendung von Hanf\u00f6len von Animals Green Pharm?<\/b><\/p>\n<p>Unsere Haustiere leiden oft unter psychischen und physischen Gesundheitsproblemen. Der Einsatz von Medikamenten kann Nebenwirkungen verursachen und ihren K\u00f6rper zus\u00e4tzlich belasten. Aus Sicherheitsgr\u00fcnden greifen Tierhalter und Tier\u00e4rzte daher immer h\u00e4ufiger auf nat\u00fcrliche Methoden zur Gesundheitsf\u00f6rderung zur\u00fcck. Die Hanf\u00f6le von Animals Green Pharm sind ein Produkt, das die Gesundheit unserer Haustiere auf nat\u00fcrliche Weise erfolgreich unterst\u00fctzen kann.<\/p>\n<p>Hanf\u00f6l f\u00fcr Katzen und Hunde \u2013 greifen Sie noch heute zum Angebot!<\/p>","protected":false},"excerpt":{"rendered":"<ul>\n<li>Olejek konopny Animals 5% \u2014 buteleczka 11 ml dla psa i kota<\/li>\n<li>500 mg fitosk\u0142adnik\u00f3w z konopi w\u0142\u00f3knistych (Cannabis Sativa L.)<\/li>\n<li>3 krople = ok. 5 mg sk\u0142adnik\u00f3w aktywnych<\/li>\n<li>Angereichert mit Lachs\u00f6l \u2013 nat\u00fcrlichen Omega-3- und Omega-6-Fetts\u00e4uren<\/li>\n<li>Zalecany dla zwierz\u0105t do 30 kg, ekstrakcja CO2, linia Green Pharm<\/li>\n<\/ul>","protected":false},"featured_media":3916,"comment_status":"open","ping_status":"open","template":"","meta":{"_acf_changed":false,"_gspb_post_css":"","rank_math_title":"Olejek konopny pies kot 5% Animals 11 ml | u Bucha","rank_math_description":"Olejek konopny pies kot 5% Animals \u2014 11 ml z 500 mg fitosk\u0142adnik\u00f3w i olejem z \u0142ososia. 3 krople ~ 5 mg, dla zwierz\u0105t do 30 kg, ekstrakcja CO2.","rank_math_focus_keyword":"olejek konopny pies kot 5%","rank_math_facebook_title":"Olejek konopny Animals 5% \u2014 11 ml dla pupila","rank_math_facebook_description":"Naturalny olejek dla psa i kota: 500 mg fitosk\u0142adnik\u00f3w z konopi w\u0142\u00f3knistych, olej z \u0142ososia. 3 krople ~ 5 mg, dla zwierz\u0105t do 30 kg.","rank_math_twitter_title":"Olejek konopny Animals 5% 11 ml","rank_math_twitter_description":"Olej dla psa i kota: 500 mg fitosk\u0142adnik\u00f3w, olej z \u0142ososia. 11 ml, 3 krople ~ 5 mg."},"product_brand":[],"product_cat":[336],"product_tag":[],"woo-feed-brand":[],"class_list":{"0":"post-6722","1":"product","2":"type-product","3":"status-publish","4":"has-post-thumbnail","6":"product_cat-dla-zwierzat","8":"first","9":"outofstock","10":"purchasable","11":"product-type-simple"},"ct_brands":[],"acf":[],"_links":{"self":[{"href":"https:\/\/ubucha.pl\/de\/wp-json\/wp\/v2\/product\/6722","targetHints":{"allow":["GET"]}}],"collection":[{"href":"https:\/\/ubucha.pl\/de\/wp-json\/wp\/v2\/product"}],"about":[{"href":"https:\/\/ubucha.pl\/de\/wp-json\/wp\/v2\/types\/product"}],"replies":[{"embeddable":true,"href":"https:\/\/ubucha.pl\/de\/wp-json\/wp\/v2\/comments?post=6722"}],"wp:featuredmedia":[{"embeddable":true,"href":"https:\/\/ubucha.pl\/de\/wp-json\/wp\/v2\/media\/3916"}],"wp:attachment":[{"href":"https:\/\/ubucha.pl\/de\/wp-json\/wp\/v2\/media?parent=6722"}],"wp:term":[{"taxonomy":"product_brand","embeddable":true,"href":"https:\/\/ubucha.pl\/de\/wp-json\/wp\/v2\/product_brand?post=6722"},{"taxonomy":"product_cat","embeddable":true,"href":"https:\/\/ubucha.pl\/de\/wp-json\/wp\/v2\/product_cat?post=6722"},{"taxonomy":"product_tag","embeddable":true,"href":"https:\/\/ubucha.pl\/de\/wp-json\/wp\/v2\/product_tag?post=6722"},{"taxonomy":"woo-feed-brand","embeddable":true,"href":"https:\/\/ubucha.pl\/de\/wp-json\/wp\/v2\/woo-feed-brand?post=6722"}],"curies":[{"name":"wp","href":"https:\/\/api.w.org\/{rel}","templated":true}]}}