{"id":6676,"date":"2025-09-26T13:54:22","date_gmt":"2025-09-26T11:54:22","guid":{"rendered":"https:\/\/ubucha.pl\/slidderz-magic-stick-og-kush\/"},"modified":"2026-03-17T08:35:31","modified_gmt":"2026-03-17T07:35:31","slug":"slidderz-magic-stick-og-kush","status":"publish","type":"product","link":"https:\/\/ubucha.pl\/de\/slidderz-magic-stick-og-kush\/","title":{"rendered":"Slidderz Magic Stick OG Kush"},"content":{"rendered":"<h2 class=\"wp-block-heading\">Slidderz - FAQ (H\u00e4ufig gestellte Fragen)<\/h2>\n\n\n\n<p><strong>KANN ICH ES ESSEN?<\/strong><\/p>\n\n\n\n<p>Die Sliders werden in 100% aus nat\u00fcrlichen pflanzlichen und veganen Zutaten hergestellt und sind daher sicher zu konsumieren. Dennoch sind sie nicht zum Verzehr gedacht, daher w\u00e4re es besser, sie mit einem Twist zu rauchen.<\/p>\n\n\n\n<p><strong>WIE BENUTZEN SIE ES?<\/strong><\/p>\n\n\n\n<p>Es ist ganz einfach! Schieb den Slidderz in den Joint, z\u00fcnde ihn an und genie\u00dfe ihn.<\/p>\n\n\n\n<p><strong>ENTHALTEN SCHIEBER TERPENE?<\/strong><\/p>\n\n\n\n<p>Unsere aromatisierten Magic Sticks enthalten nat\u00fcrliche Terpene pflanzlichen Ursprungs.<\/p>\n\n\n\n<p><strong>WAS SIND TERPENE?<\/strong><\/p>\n\n\n\n<p>Terpene sind nat\u00fcrliche Verbindungen, die in fast allen Pflanzen vorkommen, so auch in Cannabis und Marihuana. Terpene sind f\u00fcr den Geschmack und das Aroma verantwortlich, das wir beim Geruch von Obst, Blumen oder sogar beim Rauchen eines Joints wahrnehmen. Viele Studien zeigen, dass Terpene nicht nur den Geschmack, sondern auch das Gef\u00fchl beim Rauchen eines Joints beeinflussen k\u00f6nnen.<\/p>\n\n\n\n<p><strong>IST ES SICHER, SLIDDERZ ZU VERWENDEN?<\/strong><\/p>\n\n\n\n<p>Produktsicherheit und Qualit\u00e4t haben f\u00fcr uns oberste Priorit\u00e4t. Alle unsere Produkte werden von lizenzierten, unabh\u00e4ngigen Labors getestet, um sicherzustellen, dass sie frei von sch\u00e4dlichen Chemikalien sind.<\/p>\n\n\n\n<p><strong>WORAUS BESTEHEN DIE GLEITER?<\/strong><\/p>\n\n\n\n<p>Sliders werden aus Hanf- oder Cannabiskonzentrat hergestellt, das aus rein nat\u00fcrlichen pflanzlichen Zutaten besteht. Wir halten die h\u00f6chste Qualit\u00e4t aufrecht und verwenden nur die reinsten Hanfextrakte und Terpene.<\/p>\n\n\n\n<p><strong>KANN ICH CBD SLIDDERZ ZUSAMMEN MIT EINEM CANNABIS-TWIST VERWENDEN?<\/strong><\/p>\n\n\n\n<p>Ja, C B D Sliders sind eine gro\u00dfartige M\u00f6glichkeit, Ihrem T H C-Twist einen zus\u00e4tzlichen C B D hinzuzuf\u00fcgen. So k\u00f6nnen Sie einen ausgewogenen Twist genie\u00dfen, wann immer Sie wollen!<\/p>\n\n\n\n<p><strong>WIE VIEL C B D IST IN JEDEM SECHSTEL?<\/strong><\/p>\n\n\n\n<p>Jeder Magic Stick enth\u00e4lt 100 mg C B D.<\/p>","protected":false},"excerpt":{"rendered":"<p>Hergestellt in 100% aus einem Konzentrat, das aus Faserhanf gewonnen wird und aus rein nat\u00fcrlichen Zutaten besteht. 3 Stk. pro Packung 58% C B D, 0% T H C 100 mg C B D pro St\u00fcck<\/p>\n<p data-sourcepos=\"7:1-7:43\">Einfach, diskret, m\u00fchelos, effizient<\/p>\n<p data-sourcepos=\"9:1-9:77\">Verwandle jeden Twist in Sekundenschnelle mit 100 mg Konzentrat in jedem Stick. Du kannst auch einen Twist-Enhancer verwenden und jedes Mal eine neue Erfahrung machen.<\/p>\n<p data-sourcepos=\"11:1-11:62\">Verbessern Sie Ihre n\u00e4chste Rauchsession mit diesen Nachf\u00fcllpackungen!<\/p>\n<p data-sourcepos=\"13:1-14:40\"><strong>SCHRITT 1<\/strong> Nehmen Sie einen Twist oder trocken zu verdrehen und kleben<\/p>\n<p data-sourcepos=\"16:1-17:40\"><strong>ZWEITER SCHRITT<\/strong> Stecken oder schrauben Sie den Stick vorsichtig in den Twist<\/p>\n<p data-sourcepos=\"19:1-20:43\"><strong>SCHRITT DREI<\/strong> Z\u00fcnden Sie sich an, ziehen Sie einen Zug und genie\u00dfen Sie das Gef\u00fchl!<\/p>","protected":false},"featured_media":3846,"comment_status":"open","ping_status":"open","template":"","meta":{"_acf_changed":false,"_gspb_post_css":"","rank_math_title":"","rank_math_description":"","rank_math_focus_keyword":"","rank_math_facebook_title":"","rank_math_facebook_description":"","rank_math_twitter_title":"","rank_math_twitter_description":""},"product_brand":[],"product_cat":[136],"product_tag":[],"woo-feed-brand":[],"class_list":{"0":"post-6676","1":"product","2":"type-product","3":"status-publish","4":"has-post-thumbnail","6":"product_cat-akcesoria","8":"first","9":"outofstock","10":"purchasable","11":"product-type-simple"},"ct_brands":[],"acf":[],"_links":{"self":[{"href":"https:\/\/ubucha.pl\/de\/wp-json\/wp\/v2\/product\/6676","targetHints":{"allow":["GET"]}}],"collection":[{"href":"https:\/\/ubucha.pl\/de\/wp-json\/wp\/v2\/product"}],"about":[{"href":"https:\/\/ubucha.pl\/de\/wp-json\/wp\/v2\/types\/product"}],"replies":[{"embeddable":true,"href":"https:\/\/ubucha.pl\/de\/wp-json\/wp\/v2\/comments?post=6676"}],"wp:featuredmedia":[{"embeddable":true,"href":"https:\/\/ubucha.pl\/de\/wp-json\/wp\/v2\/media\/3846"}],"wp:attachment":[{"href":"https:\/\/ubucha.pl\/de\/wp-json\/wp\/v2\/media?parent=6676"}],"wp:term":[{"taxonomy":"product_brand","embeddable":true,"href":"https:\/\/ubucha.pl\/de\/wp-json\/wp\/v2\/product_brand?post=6676"},{"taxonomy":"product_cat","embeddable":true,"href":"https:\/\/ubucha.pl\/de\/wp-json\/wp\/v2\/product_cat?post=6676"},{"taxonomy":"product_tag","embeddable":true,"href":"https:\/\/ubucha.pl\/de\/wp-json\/wp\/v2\/product_tag?post=6676"},{"taxonomy":"woo-feed-brand","embeddable":true,"href":"https:\/\/ubucha.pl\/de\/wp-json\/wp\/v2\/woo-feed-brand?post=6676"}],"curies":[{"name":"wp","href":"https:\/\/api.w.org\/{rel}","templated":true}]}}