{"id":6660,"date":"2025-09-26T13:54:06","date_gmt":"2025-09-26T11:54:06","guid":{"rendered":"https:\/\/ubucha.pl\/elixir-panoramixa-blueberry-cookies\/"},"modified":"2026-04-29T21:50:49","modified_gmt":"2026-04-29T19:50:49","slug":"elixir-panoramixa-blaubeerkekse","status":"publish","type":"product","link":"https:\/\/ubucha.pl\/de\/elixir-panoramixa-blueberry-cookies\/","title":{"rendered":"PANORAMIX ELIXIR - Blaubeerkekse"},"content":{"rendered":"<h2>PANORAMIXA ELIXIR \u2013 Blaubeerkekse<\/h2>\n<p>Suchen Sie nach einer effektiven und nat\u00fcrlichen Methode, um nach einem anstrengenden Tag zu entspannen? <strong>Panoramix Elixir \u2013 Blaubeerkekse<\/strong> Dieses innovative Nahrungserg\u00e4nzungsmittel sorgt f\u00fcr tiefe k\u00f6rperliche und geistige Entspannung \u2013 ideal f\u00fcr einen erholsamen Abend. Warum dieses Produkt? Weil es ausschlie\u00dflich aus nat\u00fcrlichen Zutaten besteht, frei von k\u00fcnstlichen Zusatzstoffen und Schadstoffen ist und somit Sicherheit und hohe Wirksamkeit gew\u00e4hrleistet.<\/p>\n<h3>Was macht Panoramix&#039;s Elixir \u2013 Blueberry Cookies so einzigartig?<\/h3>\n<p>Dieses einzigartige Produkt richtet sich an Erwachsene, die ihr Wohlbefinden steigern und auf nat\u00fcrliche Weise entspannen m\u00f6chten. Es enth\u00e4lt sorgf\u00e4ltig ausgew\u00e4hlte Inhaltsstoffe wie Hanfextrakte, Flavonoide, sekund\u00e4re Pflanzenstoffe, Terpene und Cannabinoide, die gemeinsam die geistige und k\u00f6rperliche Gesundheit und das Wohlbefinden umfassend unterst\u00fctzen.<\/p>\n<h3>Vorteile der regelm\u00e4\u00dfigen Anwendung:<\/h3>\n<ul>\n<li><strong>Entspannungshilfe:<\/strong> Es tr\u00e4gt dazu bei, eine Atmosph\u00e4re zu schaffen, die nach einem stressigen Tag Ruhe und Entspannung f\u00f6rdert.<\/li>\n<li><strong>Schmerzlinderung:<\/strong> Es hat eine lindernde Wirkung auf verschiedene Arten von Schmerzen, wie zum Beispiel Muskelschmerzen, Gelenkschmerzen und Kopfschmerzen.<\/li>\n<li><strong>Gesteigerter Appetit:<\/strong> Es regt die Sekretion von Magens\u00e4ften an, was eine gesunde und nat\u00fcrliche Appetitstimulation f\u00f6rdert.<\/li>\n<li><strong>Kopfschmerzen minimieren:<\/strong> Dank seiner entz\u00fcndungshemmenden und gef\u00e4\u00dferweiternden Wirkung lindert es Kopfschmerzen.<\/li>\n<li><strong>Verbesserung der Schlafqualit\u00e4t:<\/strong> Es erleichtert das Einschlafen und f\u00f6rdert einen erholsamen, regenerativen Schlaf.<\/li>\n<li><strong>Verbesserung der Stimmung:<\/strong> Es hat eine beruhigende Wirkung auf das Nervensystem, verbessert das Wohlbefinden und reduziert emotionale Spannungen.<\/li>\n<\/ul>\n<h3>Zusammensetzung des Produkts<\/h3>\n<p>Elixir Panoramixa \u2013 Blueberry Cookies ist eine nat\u00fcrliche Komposition, die Folgendes enth\u00e4lt:<\/p>\n<table style=\"border-collapse: collapse; width: 100%; max-width: 600px;\" border=\"1\" cellspacing=\"0\" cellpadding=\"8\">\n<thead>\n<tr style=\"background-color: #f2f2f2;\">\n<th>Komponente<\/th>\n<th>Beschreibung und Funktion<\/th>\n<\/tr>\n<\/thead>\n<tbody>\n<tr>\n<td>Wasser<\/td>\n<td>Der grundlegende Tr\u00e4ger von Wirkstoffen<\/td>\n<\/tr>\n<tr>\n<td>\u00d6l aus den Samen der faserigen Hanfpflanze (Cannabis sativa L.)<\/td>\n<td>Eine nat\u00fcrliche Quelle f\u00fcr Cannabinoide und gesundheitsf\u00f6rdernde Phyton\u00e4hrstoffe<\/td>\n<\/tr>\n<tr>\n<td>S\u00fc\u00dfstoff - Erythritol<\/td>\n<td>F\u00fcgt nat\u00fcrliche S\u00fc\u00dfe hinzu, ohne Kalorien zu sich zu nehmen oder den Blutzuckerspiegel zu beeinflussen.<\/td>\n<\/tr>\n<tr>\n<td>Konzentrierter Orangensaft<\/td>\n<td>Nat\u00fcrliches Aroma und Vitamine zur Unterst\u00fctzung des Immunsystems<\/td>\n<\/tr>\n<tr>\n<td>Emulgator: Lecithine<\/td>\n<td>Gew\u00e4hrleistet gleichbleibende Konsistenz und Produktstabilit\u00e4t<\/td>\n<\/tr>\n<tr>\n<td>Konzentrierter Zitronensaft<\/td>\n<td>Mit zus\u00e4tzlicher nat\u00fcrlicher S\u00e4ure und Vitamin C<\/td>\n<\/tr>\n<tr>\n<td>Antioxidationsmittel - Zitronens\u00e4ure<\/td>\n<td>Sch\u00fctzt die Zutaten vor Oxidation und erh\u00e4lt so ihre Frische.<\/td>\n<\/tr>\n<tr>\n<td>Konservierungsstoffe - Natriumbenzoat, Kaliumsorbat<\/td>\n<td>Sie gew\u00e4hrleisten die Langlebigkeit und Sicherheit des Produkts.<\/td>\n<\/tr>\n<\/tbody>\n<\/table>\n<h3>Wie verwendet man Elixir Panoramixa \u2013 Blaubeerkekse?<\/h3>\n<p>Die empfohlene Tagesdosis betr\u00e4gt 2,5 ml. Das Produkt sollte oral, vorzugsweise abends, eingenommen werden, um Entspannung und Schlafqualit\u00e4t zu f\u00f6rdern. Dank des praktischen Shot-Formats l\u00e4sst es sich pr\u00e4zise dosieren und problemlos in den Alltag integrieren.<\/p>\n<h3>Sicherheit der Nutzung<\/h3>\n<p>Panoramixa Elixir ist bei bestimmungsgem\u00e4\u00dfem Gebrauch sicher. Die empfohlene Tagesdosis darf nicht \u00fcberschritten werden. Nahrungserg\u00e4nzungsmittel ersetzen keine abwechslungsreiche Ern\u00e4hrung und eine gesunde Lebensweise. Dieses Produkt ist nicht f\u00fcr Personen geeignet, die gegen einen der Inhaltsstoffe allergisch sind. Nach dem \u00d6ffnen innerhalb eines Monats verbrauchen.<\/p>\n<p>Um die vollen Eigenschaften des Produkts zu erhalten, sollte es au\u00dferhalb der Reichweite von Kindern bei einer Temperatur von 5\u201323 \u00b0C und vor Licht gesch\u00fctzt aufbewahrt werden.<\/p>\n<h3>Nutzerbewertungen<\/h3>\n<p>Kunden sch\u00e4tzen Panoramix Elixir f\u00fcr seine Wirksamkeit und seine nat\u00fcrlichen Inhaltsstoffe. Eine Rezension lautet: \u201eEs wirkt hervorragend und hilft, nach einem stressigen Tag zu entspannen.\u201d Ein anderer Nutzer best\u00e4tigt, dass das Produkt einen erholsamen Schlaf f\u00f6rdert und die Stimmung verbessert. Diese positiven Bewertungen zeugen von der hohen Qualit\u00e4t und der Zufriedenheit mit den Ergebnissen.<\/p>\n<h3>Beispiele f\u00fcr die Verwendung<\/h3>\n<ul>\n<li>Nach einem anstrengenden Arbeitstag, um Anspannung und Stress abzubauen.<\/li>\n<li>Bei Muskel- und Gelenkschmerzen, als nat\u00fcrliche Unterst\u00fctzung.<\/li>\n<li>Am Abend, um das Einschlafen zu erleichtern und die Schlafqualit\u00e4t zu verbessern.<\/li>\n<li>Bei vor\u00fcbergehendem Appetitverlust zur Anregung einer gesunden Verdauung.<\/li>\n<\/ul>\n<h3>Zus\u00e4tzliche Informationen<\/h3>\n<p>Elixir Panoramixa hebt sich im Markt f\u00fcr nat\u00fcrliche Nahrungserg\u00e4nzungsmittel durch seine einzigartige Formel und die hohe Konzentration an Wirkstoffen hervor. Das Produkt ist frei von k\u00fcnstlichen Zusatzstoffen und somit eine ausgezeichnete Wahl f\u00fcr alle, die Wert auf nat\u00fcrliche Methoden zur Verbesserung ihrer Gesundheit und ihres Wohlbefindens legen.<\/p>\n<p>Mit Ihrer Kaufentscheidung erhalten Sie nicht nur Unterst\u00fctzung f\u00fcr Ihre Lebensqualit\u00e4t, sondern auch ein Produkt, das einfach anzuwenden und gut vertr\u00e4glich ist.<\/p>","protected":false},"excerpt":{"rendered":"<ul>\n<li>Hanf-Shot mit vollem Spektrum, Geschmacksrichtung Blaubeerkekse<\/li>\n<li>Hanfextrakte, Phytocannabinoide, Flavonoide und Terpene<\/li>\n<li>Abendprofil \u2013 Unterst\u00fctzung f\u00fcr Ruhe und Entspannung<\/li>\n<li>Ein nat\u00fcrliches Nahrungserg\u00e4nzungsmittel ohne k\u00fcnstliche Zusatzstoffe<\/li>\n<li>F\u00fcr Erwachsene<\/li>\n<\/ul>","protected":false},"featured_media":60123,"comment_status":"open","ping_status":"closed","template":"","meta":{"_acf_changed":false,"_gspb_post_css":"","rank_math_title":"Elixir Panoramixa Blueberry Cookies \u2014 shot | u Bucha","rank_math_description":"Elixir Panoramixa Blueberry Cookies \u2014 naturalny shot konopny pe\u0142ne spektrum z fitokannabinoidami i terpenami. Wieczorny relaks i wyciszenie.","rank_math_focus_keyword":"elixir panoramixa blueberry","rank_math_facebook_title":"Elixir Panoramixa Blueberry Cookies \u2014 wieczorny shot","rank_math_facebook_description":"Pe\u0142ne spektrum fitokannabinoid\u00f3w i terpen\u00f3w w naturalnym shocie konopnym o smaku Blueberry Cookies. Wsparcie wyciszenia. Darmowa wysy\u0142ka od 49 z\u0142.","rank_math_twitter_title":"Elixir Panoramixa Blueberry Cookies","rank_math_twitter_description":"Konopny shot pe\u0142ne spektrum, smak Blueberry Cookies. Wieczorny relaks."},"product_brand":[],"product_cat":[98],"product_tag":[],"woo-feed-brand":[],"class_list":{"0":"post-6660","1":"product","2":"type-product","3":"status-publish","4":"has-post-thumbnail","6":"product_cat-shoty","8":"first","9":"instock","10":"sale","11":"purchasable","12":"product-type-simple"},"ct_brands":[],"acf":[],"_links":{"self":[{"href":"https:\/\/ubucha.pl\/de\/wp-json\/wp\/v2\/product\/6660","targetHints":{"allow":["GET"]}}],"collection":[{"href":"https:\/\/ubucha.pl\/de\/wp-json\/wp\/v2\/product"}],"about":[{"href":"https:\/\/ubucha.pl\/de\/wp-json\/wp\/v2\/types\/product"}],"replies":[{"embeddable":true,"href":"https:\/\/ubucha.pl\/de\/wp-json\/wp\/v2\/comments?post=6660"}],"wp:featuredmedia":[{"embeddable":true,"href":"https:\/\/ubucha.pl\/de\/wp-json\/wp\/v2\/media\/60123"}],"wp:attachment":[{"href":"https:\/\/ubucha.pl\/de\/wp-json\/wp\/v2\/media?parent=6660"}],"wp:term":[{"taxonomy":"product_brand","embeddable":true,"href":"https:\/\/ubucha.pl\/de\/wp-json\/wp\/v2\/product_brand?post=6660"},{"taxonomy":"product_cat","embeddable":true,"href":"https:\/\/ubucha.pl\/de\/wp-json\/wp\/v2\/product_cat?post=6660"},{"taxonomy":"product_tag","embeddable":true,"href":"https:\/\/ubucha.pl\/de\/wp-json\/wp\/v2\/product_tag?post=6660"},{"taxonomy":"woo-feed-brand","embeddable":true,"href":"https:\/\/ubucha.pl\/de\/wp-json\/wp\/v2\/woo-feed-brand?post=6660"}],"curies":[{"name":"wp","href":"https:\/\/api.w.org\/{rel}","templated":true}]}}