{"id":6653,"date":"2025-09-26T13:54:06","date_gmt":"2025-09-26T11:54:06","guid":{"rendered":"https:\/\/ubucha.pl\/babcia-marysia-cbd-midwest-2g\/"},"modified":"2026-04-22T12:15:31","modified_gmt":"2026-04-22T10:15:31","slug":"granny-marys-cbd-mittelwesten-2g","status":"publish","type":"product","link":"https:\/\/ubucha.pl\/de\/babcia-marysia-cbd-midwest-2g\/","title":{"rendered":"Oma Marysia CBD Mittelwesten 2G"},"content":{"rendered":"<div>\n<h2>Granny Mary's Spezialit\u00e4ten - Naturprodukte mit CBD und CBG<\/h2>\n<p>Sie suchen nach nat\u00fcrlichen und wirksamen Produkten auf Hanfbasis? Granny Mary's Specialties ist eine einzigartige Kollektion von Nahrungserg\u00e4nzungsmitteln, die die Kraft von CBD- und CBG-Extrakten kombinieren, um Ihre Gesundheit und Ihr Wohlbefinden zu unterst\u00fctzen. Warum sollten Sie zu unseren Produkten greifen? Wir bieten nur sorgf\u00e4ltig ausgew\u00e4hlte Drys, Jellies und Pre-Rolls in bester Qualit\u00e4t an, die aus kontrolliertem Anbau von Hanfsamen stammen.<\/p>\n<p>Haben Sie sich jemals gefragt, wie CBD und CBG Ihre Lebensqualit\u00e4t verbessern k\u00f6nnen? CBD (Cannabidiol) ist bekannt f\u00fcr seine entspannenden und entz\u00fcndungshemmenden Eigenschaften, w\u00e4hrend CBG (Cannabigerol) seine Wirkung perfekt erg\u00e4nzt, indem es das Immun- und Nervensystem unterst\u00fctzt. Die Produkte von Granny Mary's Specialties sind f\u00fcr all jene gedacht, die ihren K\u00f6rper auf nat\u00fcrliche Weise und ohne psychoaktive Wirkungen ins Gleichgewicht bringen wollen.<\/p>\n<h3>Wichtigste Produktmerkmale Oma Marysia's Spezialit\u00e4ten<\/h3>\n<table style=\"border-collapse: collapse; width: 100%; max-width: 600px;\" border=\"1\" cellspacing=\"0\" cellpadding=\"8\">\n<thead>\n<tr>\n<th>Eigenschaften<\/th>\n<th>Beschreibung<\/th>\n<\/tr>\n<\/thead>\n<tbody>\n<tr>\n<td>Nat\u00fcrliche Zusammensetzung<\/td>\n<td>Produkte auf der Basis von Hanfsamen-Extrakten, ohne Zusatz von k\u00fcnstlichen Stoffen<\/td>\n<\/tr>\n<tr>\n<td>CBD- und CBG-Gehalt<\/td>\n<td>Optimales Verh\u00e4ltnis von Cannabinoiden f\u00fcr umfassende Gesundheitseffekte<\/td>\n<\/tr>\n<tr>\n<td>Erzeugnisform<\/td>\n<td>Trocken, vorgerollt und in Geleeform - bequem und einfach zu verwenden<\/td>\n<\/tr>\n<tr>\n<td>Qualit\u00e4tszertifikate<\/td>\n<td>Die Produkte verf\u00fcgen \u00fcber die erforderlichen Sicherheits- und Wirksamkeitsnachweise<\/td>\n<\/tr>\n<tr>\n<td>Keine psychoaktive Wirkung<\/td>\n<td>THC-Gehalt unter 0,2%, ohne berauschende Wirkung<\/td>\n<\/tr>\n<\/tbody>\n<\/table>\n<h3>Zutaten f\u00fcr die Spezialit\u00e4ten von Oma Marysia<\/h3>\n<p>Jedes Produkt ist eine sorgf\u00e4ltig ausgew\u00e4hlte Komposition aus nat\u00fcrlichen Inhaltsstoffen:<\/p>\n<ul>\n<li><strong>CBD-Extrakt (Cannabidiol)<\/strong> - entz\u00fcndungshemmend, baut Stress und Spannungen ab<\/li>\n<li><strong>CBG-Extrakt (Cannabigerol)<\/strong> - unterst\u00fctzt das Immun- und Nervensystem<\/li>\n<li><strong>Nat\u00fcrliche Pflanzen\u00f6le<\/strong> - Tr\u00e4ger von Cannabinoiden, verbessert Absorption und Geschmack<\/li>\n<li><strong>Getrockneter Hanf<\/strong> - hochwertige Hanfbl\u00fcten, reich an Terpenen und Cannabinoiden<\/li>\n<li><strong>Nat\u00fcrliche Aromen und Farbstoffe (in Jelly Beans)<\/strong> - einen angenehmen Geschmack und ein attraktives Aussehen bieten<\/li>\n<\/ul>\n<h3>Wie verwendet man die Spezialit\u00e4ten von Granny Marysia?<\/h3>\n<p>W\u00e4hlen Sie die Form, die Ihren Bed\u00fcrfnissen am besten entspricht:<\/p>\n<ul>\n<li><strong>Getrockneter Hanf:<\/strong> Sie k\u00f6nnen es auf traditionelle Weise verwenden - in Form von Pre-Rolls zum Rauchen oder Verdampfen, was eine schnelle Aufnahme der Cannabinoide erm\u00f6glicht.<\/li>\n<li><strong>CBD- und CBG-Gele:<\/strong> Ideal f\u00fcr die t\u00e4gliche Nahrungserg\u00e4nzung - konsumieren Sie einfach die angegebene Anzahl von Gelees, die Sie diskret und k\u00f6stlich mit den notwendigen Dosen an Cannabinoiden versorgen.<\/li>\n<\/ul>\n<p>Die regelm\u00e4\u00dfige Anwendung unterst\u00fctzt das nat\u00fcrliche Gleichgewicht des K\u00f6rpers, verbessert die Stimmung und f\u00f6rdert die Entspannung nach einem anstrengenden Tag.<\/p>\n<h3>Warum Oma Marysia's Specialities vertrauen?<\/h3>\n<p>Unsere Produkte erhalten hervorragende R\u00fcckmeldungen von Nutzern, die ihre Wirksamkeit und Qualit\u00e4t sch\u00e4tzen. Die Kunden betonen, dass sie ihren Seelenfrieden zur\u00fcckgewonnen, die Qualit\u00e4t ihres Schlafes verbessert und ihre Beschwerden im Zusammenhang mit Stress und Muskelverspannungen verringert haben. Klingt das nicht nach der nat\u00fcrlichen Unterst\u00fctzung, die Sie suchen?<\/p>\n<h3>Zus\u00e4tzliche Informationen und Beratung<\/h3>\n<p><strong>Lagerung:<\/strong> Damit die Produkte ihre volle Wirkung behalten, sollten sie an einem trockenen, k\u00fchlen Ort gelagert werden, fern von Sonnenlicht und W\u00e4rmequellen. Ein luftdichter Verschluss der Verpackung sorgt f\u00fcr lang anhaltende Frische.<\/p>\n<p><strong>Sicherheit:<\/strong> Die Produkte von Granny Mary's Specialties sind frei von Schadstoffen und entsprechen den h\u00f6chsten Qualit\u00e4tsstandards. Aufgrund ihres Cannabinoidgehalts werden sie jedoch nicht f\u00fcr Schwangere und Personen unter 18 Jahren empfohlen.<\/p>\n<p><strong>Benutzerbewertungen:<\/strong> \u201eCBD-Gels von Granny Mary sind mein t\u00e4gliches Ritual - sie haben mir geholfen, mich zu entspannen und besser zu schlafen.\u201d - Anna K.<br \/>\n\u201eDas CBG-Trockenmittel ist von hervorragender Qualit\u00e4t, ich sp\u00fcre den Unterschied bei der Reduzierung von Muskelverspannungen nach der Arbeit.\u201d - Michael W.<br \/>\n\u201eDie Cannabis-Pre-Roll ist eine tolle Alternative zum traditionellen Rauchen, ich sch\u00e4tze den nat\u00fcrlichen Geschmack und die schnelle Wirkung.\u201d - Catherine M.<\/p>\n<\/div>","protected":false},"excerpt":{"rendered":"<p>Entdecken Sie die nat\u00fcrliche Kraft von Grandma Mary's Specialties - hochwertige CBD- und CBG-Produkte, die Ihr t\u00e4gliches Wohlbefinden unterst\u00fctzen. Unsere Gelees, Dries und Pre-Rolls werden aus zertifiziertem Hanf hergestellt, was die volle gesundheitliche Wirkung ohne psychoaktive Effekte garantiert.<\/p>\n<p>Dank des sorgf\u00e4ltigen Herstellungsprozesses beh\u00e4lt jedes Produkt eine F\u00fclle von Terpenen und Cannabinoiden, die zur Entspannung, zum Stressabbau und zur Erholung beitragen. Es ist die ideale Wahl f\u00fcr diejenigen, die nat\u00fcrliche L\u00f6sungen zu sch\u00e4tzen wissen und sich um das Gleichgewicht von K\u00f6rper und Geist k\u00fcmmern.<\/p>\n<p>Bestellen Sie noch heute und sp\u00fcren Sie den Unterschied - die Spezialit\u00e4ten von Oma Marysia sind eine Garantie f\u00fcr Qualit\u00e4t, Sicherheit und Wirksamkeit.<\/p>","protected":false},"featured_media":3818,"comment_status":"open","ping_status":"closed","template":"","meta":{"_acf_changed":false,"_gspb_post_css":"","rank_math_title":"","rank_math_description":"","rank_math_focus_keyword":"","rank_math_facebook_title":"","rank_math_facebook_description":"","rank_math_twitter_title":"","rank_math_twitter_description":""},"product_brand":[129],"product_cat":[110],"product_tag":[],"woo-feed-brand":[],"class_list":{"0":"post-6653","1":"product","2":"type-product","3":"status-publish","4":"has-post-thumbnail","6":"product_brand-babcia-marysia","7":"product_cat-susz","9":"first","10":"instock","11":"purchasable","12":"product-type-simple"},"ct_brands":[{"id":129,"name":"Gro\u00dfmutter Marysia","slug":"grosmutter-marysia"}],"acf":[],"_links":{"self":[{"href":"https:\/\/ubucha.pl\/de\/wp-json\/wp\/v2\/product\/6653","targetHints":{"allow":["GET"]}}],"collection":[{"href":"https:\/\/ubucha.pl\/de\/wp-json\/wp\/v2\/product"}],"about":[{"href":"https:\/\/ubucha.pl\/de\/wp-json\/wp\/v2\/types\/product"}],"replies":[{"embeddable":true,"href":"https:\/\/ubucha.pl\/de\/wp-json\/wp\/v2\/comments?post=6653"}],"wp:featuredmedia":[{"embeddable":true,"href":"https:\/\/ubucha.pl\/de\/wp-json\/wp\/v2\/media\/3818"}],"wp:attachment":[{"href":"https:\/\/ubucha.pl\/de\/wp-json\/wp\/v2\/media?parent=6653"}],"wp:term":[{"taxonomy":"product_brand","embeddable":true,"href":"https:\/\/ubucha.pl\/de\/wp-json\/wp\/v2\/product_brand?post=6653"},{"taxonomy":"product_cat","embeddable":true,"href":"https:\/\/ubucha.pl\/de\/wp-json\/wp\/v2\/product_cat?post=6653"},{"taxonomy":"product_tag","embeddable":true,"href":"https:\/\/ubucha.pl\/de\/wp-json\/wp\/v2\/product_tag?post=6653"},{"taxonomy":"woo-feed-brand","embeddable":true,"href":"https:\/\/ubucha.pl\/de\/wp-json\/wp\/v2\/woo-feed-brand?post=6653"}],"curies":[{"name":"wp","href":"https:\/\/api.w.org\/{rel}","templated":true}]}}