{"id":6651,"date":"2025-09-26T13:54:06","date_gmt":"2025-09-26T11:54:06","guid":{"rendered":"https:\/\/ubucha.pl\/babcia-marysia-cbd-autopower-2g\/"},"modified":"2026-04-22T12:15:28","modified_gmt":"2026-04-22T10:15:28","slug":"granny-marys-cbd-autopower-2g","status":"publish","type":"product","link":"https:\/\/ubucha.pl\/de\/babcia-marysia-cbd-autopower-2g\/","title":{"rendered":"Oma Marysia CBD Autopower 2G"},"content":{"rendered":"<h2>Granny Marysia AUTO-POWER CBD getrocknet - die nat\u00fcrliche Kraft des Hanfs aus polnischem Anbau<\/h2>\n<p>Sind Sie auf der Suche nach einem CBD-Trockenprodukt, das h\u00f6chste Qualit\u00e4t, Legalit\u00e4t und ein au\u00dfergew\u00f6hnliches aromatisches Erlebnis vereint? Granny Marysia AUTO-POWER CBD dry ist ein Produkt, das f\u00fcr die anspruchsvollsten Nutzer geschaffen wurde, die Nat\u00fcrlichkeit und Wirksamkeit sch\u00e4tzen. G\u00f6nnen Sie sich einen Moment der Entspannung mit einem Produkt, das Ihre Sinne und Ihren Geist anregt und einen einzigartigen holzig-zitronigen Geschmack mit einer w\u00fcrzigen Note bietet.<\/p>\n<h3>Einzigartige Produktmerkmale<\/h3>\n<p>Auto-Power ist getrockneter CBD-Hanf aus zertifiziertem polnischen Anbau, bei dem jeder Produktionsschritt - von der Handlese \u00fcber die sorgf\u00e4ltige Sortierung bis hin zur Trocknung - ohne k\u00fcnstliche Zusatzstoffe erfolgt. Dies ist eine Garantie f\u00fcr absolute Nat\u00fcrlichkeit und Sicherheit.<\/p>\n<p>Mit einem CBD-Gehalt von 10% und einem minimalen THC-Gehalt von weniger als 0,3% hat das Produkt keine psychoaktiven Wirkungen und ist somit v\u00f6llig legal und sicher in der Anwendung.<\/p>\n<h3>Aroma und Geschmack<\/h3>\n<p>Was unterscheidet Granny Marysia AUTO-POWER von anderen Trockenstoffen? Es ist vor allem das intensive Holz-Kiefern-Aroma mit erfrischenden Zitrusnoten und einer subtilen Sch\u00e4rfe. Die gro\u00dfen, harzigen Knospen sorgen f\u00fcr ein angenehmes Raucherlebnis, das anregt und Energie gibt.<\/p>\n<h3>Zusammensetzung des Produkts<\/h3>\n<table style=\"border-collapse: collapse; width: 100%; max-width: 600px;\" border=\"1\" cellspacing=\"0\" cellpadding=\"8\">\n<thead>\n<tr style=\"background-color: #f0f0f0;\">\n<th>Komponente<\/th>\n<th>Inhalt<\/th>\n<th>Beschreibung<\/th>\n<\/tr>\n<\/thead>\n<tbody>\n<tr>\n<td>CBD (Cannabidiol)<\/td>\n<td>10%<\/td>\n<td>Ein Wirkstoff mit entspannender, entz\u00fcndungshemmender und ausgleichender Wirkung auf den Organismus.<\/td>\n<\/tr>\n<tr>\n<td>THC (Tetrahydrocannabinol)<\/td>\n<td>&lt; 0,3%<\/td>\n<td>Minimaler Inhalt, der keine psychoaktiven Wirkungen und volle Legalit\u00e4t des Produkts garantiert.<\/td>\n<\/tr>\n<tr>\n<td>Hanfbl\u00fcten<\/td>\n<td>100% natur<\/td>\n<td>Handgepfl\u00fcckte und getrocknete weibliche Bl\u00fctenst\u00e4nde von Faserhanf, ohne chemische Zus\u00e4tze.<\/td>\n<\/tr>\n<\/tbody>\n<\/table>\n<h3>Wie verwendet man Granny Marysia's CBD dries AUTO-POWER?<\/h3>\n<p>Das Produkt ist zum Rauchen gedacht, so dass Sie sein Aroma und seine Eigenschaften voll aussch\u00f6pfen k\u00f6nnen. Sie k\u00f6nnen das getrocknete Produkt auf klassische Weise verwenden, indem Sie es selbst drehen, oder einen Verdampfer verwenden, der eine sanftere und effizientere Freisetzung von CBD ohne die bei der Verbrennung entstehenden Schadstoffe erm\u00f6glicht.<\/p>\n<p>Denken Sie daran, dass CBD Dry von Auto-Power 100% ein nat\u00fcrliches Produkt ist. Daher ist es ratsam, es in der versiegelten Originalverpackung und fern von W\u00e4rme- und Lichtquellen aufzubewahren, um seinen vollen Geschmack und seine Eigenschaften zu erhalten.<\/p>\n<h3>Sicherheit und Empfehlungen<\/h3>\n<ul>\n<li>Das Produkt ist v\u00f6llig legal und erf\u00fcllt die Anforderungen des EU-Rechts, einschlie\u00dflich der Verordnung (EG) Nr. 765\/2008.<\/li>\n<li>Dank ihres geringen THC-Gehalts enth\u00e4lt sie keine psychoaktiven Substanzen.<\/li>\n<li>Das Produkt ist f\u00fcr Erwachsene (18+) bestimmt.<\/li>\n<li>Das Produkt ist nur zum Aromatisieren, Sammeln oder f\u00fcr Laboruntersuchungen bestimmt - es ist nicht zum Verzehr empfohlen.<\/li>\n<li>Vermeiden Sie den Kontakt mit Augen und Schleimh\u00e4uten.<\/li>\n<li>Nicht w\u00e4hrend der Schwangerschaft oder Stillzeit verwenden.<\/li>\n<li>Trocken und k\u00fchl lagern, au\u00dferhalb der Reichweite von Kindern und Tieren.<\/li>\n<\/ul>\n<h3>Nutzerbewertungen<\/h3>\n<p>Die Nutzer sch\u00e4tzen den Granny Marysia AUTO-POWER dry wegen seines nat\u00fcrlichen Aromas, seiner ausgepr\u00e4gten entspannenden Wirkung und der hohen Qualit\u00e4t des polnischen Anbaus. Viele betonen auch die praktische Verpackung und den Verzicht auf chemische Zus\u00e4tze, was die Echtheit des Produkts best\u00e4tigt.<\/p>\n<h3>Zus\u00e4tzliche Informationen und Beispiele f\u00fcr die Verwendung<\/h3>\n<p>Granny Marysia's AUTO-POWER CBD dry ist ideal f\u00fcr diejenigen, die mit ihrem CBD-Cannabis-Abenteuer beginnen, sowie f\u00fcr erfahrene Konsumenten, die ein Produkt mit einem ausgepr\u00e4gten Aroma und einer stabilen Wirkung suchen.<\/p>\n<p>Sie k\u00f6nnen ihn in einem Verdampfer verwenden, der eine ges\u00fcndere und effizientere Extraktion der wohltuenden Inhaltsstoffe erm\u00f6glicht, oder traditionell in Form eines Twists, um die F\u00fclle seines nat\u00fcrlichen Geschmacks und Aromas zu genie\u00dfen.<\/p>\n<p>Die Zertifizierungen Global GAP, HACCP und GACP geben Ihnen die Gewissheit, dass der Trockner nach den h\u00f6chsten Qualit\u00e4ts- und Sicherheitsstandards hergestellt wurde, was f\u00fcr Ihren Komfort und Ihre Gesundheit \u00e4u\u00dferst wichtig ist.<\/p>\n<h3>Hinweise zur Lagerung und Verwendung<\/h3>\n<ul>\n<li>Bewahren Sie das getrocknete Produkt in dem original verschlossenen Ziplock-Beutel auf, um Frische und Aroma zu erhalten.<\/li>\n<li>Vermeiden Sie Sonneneinstrahlung und hohe Temperaturen.<\/li>\n<li>Nur bei Erwachsenen anwenden und bei Nebenwirkungen die Einnahme unterbrechen und den Arzt konsultieren.<\/li>\n<li>Nicht w\u00e4hrend der Schwangerschaft und Stillzeit verwenden.<\/li>\n<\/ul>\n<p>Bestellen Sie Granny Marysia AUTO-POWER CBD getrocknet noch heute und entdecken Sie die nat\u00fcrliche Kraft des polnischen Hanfs in au\u00dfergew\u00f6hnlicher Qualit\u00e4t!<\/p>","protected":false},"excerpt":{"rendered":"<p>Entdecken Sie die Kraft der Natur mit Granny Marysia AUTO-POWER CBD dry mit einer au\u00dfergew\u00f6hnlichen Potenz von 10% CBD. Dieses 100% nat\u00fcrliche, legale Dry aus polnischem, zertifiziertem Anbau begeistert mit einem intensiven, holzig-zitrusartigen Aroma mit einer w\u00fcrzigen Note, die Deine Sinne und Deinen Geist anregen wird.<\/p>\n<p>Handverlesen, sorgf\u00e4ltig getrocknet und frei von k\u00fcnstlichen Zus\u00e4tzen sind die Knospen eine Garantie f\u00fcr h\u00f6chste Qualit\u00e4t, best\u00e4tigt durch die Zertifizierungen Global GAP, HACCP und GACP. Die praktische Verpackung mit Rei\u00dfverschluss sorgt f\u00fcr Frische und Diskretion.<\/p>\n<p>Bestellen Sie jetzt und profitieren Sie von der kostenlosen Lieferung bei einem Einkauf \u00fcber 300 \u20ac. Sp\u00fcren Sie den Unterschied mit Granny Mary AUTO-POWER - die nat\u00fcrliche Wahl f\u00fcr anspruchsvolle Kunden!<\/p>","protected":false},"featured_media":3815,"comment_status":"open","ping_status":"closed","template":"","meta":{"_acf_changed":false,"_gspb_post_css":"","rank_math_title":"","rank_math_description":"","rank_math_focus_keyword":"","rank_math_facebook_title":"","rank_math_facebook_description":"","rank_math_twitter_title":"","rank_math_twitter_description":""},"product_brand":[129],"product_cat":[110],"product_tag":[],"woo-feed-brand":[],"class_list":{"0":"post-6651","1":"product","2":"type-product","3":"status-publish","4":"has-post-thumbnail","6":"product_brand-babcia-marysia","7":"product_cat-susz","9":"first","10":"instock","11":"purchasable","12":"product-type-simple"},"ct_brands":[{"id":129,"name":"Gro\u00dfmutter Marysia","slug":"grosmutter-marysia"}],"acf":[],"_links":{"self":[{"href":"https:\/\/ubucha.pl\/de\/wp-json\/wp\/v2\/product\/6651","targetHints":{"allow":["GET"]}}],"collection":[{"href":"https:\/\/ubucha.pl\/de\/wp-json\/wp\/v2\/product"}],"about":[{"href":"https:\/\/ubucha.pl\/de\/wp-json\/wp\/v2\/types\/product"}],"replies":[{"embeddable":true,"href":"https:\/\/ubucha.pl\/de\/wp-json\/wp\/v2\/comments?post=6651"}],"wp:featuredmedia":[{"embeddable":true,"href":"https:\/\/ubucha.pl\/de\/wp-json\/wp\/v2\/media\/3815"}],"wp:attachment":[{"href":"https:\/\/ubucha.pl\/de\/wp-json\/wp\/v2\/media?parent=6651"}],"wp:term":[{"taxonomy":"product_brand","embeddable":true,"href":"https:\/\/ubucha.pl\/de\/wp-json\/wp\/v2\/product_brand?post=6651"},{"taxonomy":"product_cat","embeddable":true,"href":"https:\/\/ubucha.pl\/de\/wp-json\/wp\/v2\/product_cat?post=6651"},{"taxonomy":"product_tag","embeddable":true,"href":"https:\/\/ubucha.pl\/de\/wp-json\/wp\/v2\/product_tag?post=6651"},{"taxonomy":"woo-feed-brand","embeddable":true,"href":"https:\/\/ubucha.pl\/de\/wp-json\/wp\/v2\/woo-feed-brand?post=6651"}],"curies":[{"name":"wp","href":"https:\/\/api.w.org\/{rel}","templated":true}]}}