{"id":6649,"date":"2025-09-26T13:54:06","date_gmt":"2025-09-26T11:54:06","guid":{"rendered":"https:\/\/ubucha.pl\/babcia-marysia-cbd-northwest-2g\/"},"modified":"2026-04-22T12:15:26","modified_gmt":"2026-04-22T10:15:26","slug":"granny-marys-cbd-nordwest-2g","status":"publish","type":"product","link":"https:\/\/ubucha.pl\/de\/babcia-marysia-cbd-northwest-2g\/","title":{"rendered":"Granny Marysia CBD Nordwest 2G"},"content":{"rendered":"<h2>NORTHWEST Grandmother Marysia CBD getrocknet - Die nat\u00fcrliche Kraft des polnischen Anbaus<\/h2>\n<p>Entdecken Sie die einzigartige getrocknete CBD-Sorte von Granny Marysia <strong>NORTHWEST<\/strong> - das hochwertigste Produkt, das aus handgeerntetem, zertifiziertem Anbau in Polen stammt. Dieser legale, verbrauchssteuerpflichtige getrocknete Hanf ist eine Kombination aus dem Reichtum der Natur und modernen Produktionsstandards, die Ihre Gesundheit und Ihr Wohlbefinden jeden Tag unterst\u00fctzt.<\/p>\n<h3>Geruch und Geschmack - Paradies aus Holz und Zitrusfr\u00fcchten<\/h3>\n<p>Was zeichnet den Granny Marysia NORTHWEST dry down aus? Zun\u00e4chst einmal sein einzigartiges, intensives Aroma, das holzige, kiefernartige Noten mit einer ausgepr\u00e4gten, erfrischenden Zitrusfrische verbindet. Diese Kombination hat eine hervorragende Wirkung auf die Sinne und bietet bei jeder Anwendung ein einzigartiges Erlebnis.<\/p>\n<h3>Nat\u00fcrliche Zusammensetzung f\u00fcr Ihren Komfort<\/h3>\n<p>Das getrocknete Produkt von NORTHWEST Grandmother Marysia besteht aus sorgf\u00e4ltig ausgew\u00e4hlten Faserhanfknospen, die reich an nat\u00fcrlichen Cannabinoiden und Terpenen sind. Das Produkt enth\u00e4lt bis zu 10% CBD und minimalen THC-Gehalt (weniger als 0,3%) und ist damit v\u00f6llig legal und sicher im Gebrauch. Alle Inhaltsstoffe stammen aus Kulturen, die strenge Standards erf\u00fcllen <strong>Globale GAP, HACCP und GACP<\/strong>, was die h\u00f6chste Qualit\u00e4t und Reinheit des Produkts garantiert.<\/p>\n<h3>Vorteile der Verwendung von NORTHWEST Granny Marysia CBD getrocknet<\/h3>\n<ul>\n<li><strong>Entspannung und Stressabbau:<\/strong> nach einem anstrengenden Tag tiefe Ruhe und Entspannung sp\u00fcren.<\/li>\n<li><strong>Verbesserung der Stimmung:<\/strong> das Energieniveau und die Motivation zum Handeln zu steigern.<\/li>\n<li><strong>Unterst\u00fctzung eines gesunden Schlafs:<\/strong> erleichtern das Einschlafen und das Aufwachen, damit Sie ausgeruht und bereit f\u00fcr neue Herausforderungen sind.<\/li>\n<li><strong>Hochwertiges Produkt:<\/strong> zertifizierte, handverlesene Knospen aus polnischem Anbau.<\/li>\n<\/ul>\n<h3>Produktspezifikationen<\/h3>\n<table style=\"border-collapse: collapse; width: 100%; max-width: 600px;\" border=\"1\" cellspacing=\"0\" cellpadding=\"8\">\n<thead>\n<tr style=\"background-color: #f2f2f2;\">\n<th>Merkmal<\/th>\n<th>Einzelheiten<\/th>\n<\/tr>\n<\/thead>\n<tbody>\n<tr>\n<td>Marke<\/td>\n<td>Gro\u00dfmutter Marysia<\/td>\n<\/tr>\n<tr>\n<td>Sorte<\/td>\n<td>NORTHWEST<\/td>\n<\/tr>\n<tr>\n<td>Aroma<\/td>\n<td>Holzig-Kiefer, Zitrusfr\u00fcchte<\/td>\n<\/tr>\n<tr>\n<td>CBD-Gehalt<\/td>\n<td>An 10%<\/td>\n<\/tr>\n<tr>\n<td>THC-Gehalt<\/td>\n<td>Mn. als 0,3%<\/td>\n<\/tr>\n<tr>\n<td>Urspr\u00fcnge<\/td>\n<td>Polnische zertifizierte Kulturpflanzen<\/td>\n<\/tr>\n<tr>\n<td>Verpackung<\/td>\n<td>Erh\u00e4ltlich in 1g, 2g, 5g, 10g, 15g<\/td>\n<\/tr>\n<tr>\n<td>Rechtm\u00e4\u00dfigkeit<\/td>\n<td>Das Produkt entspricht den EU-Vorschriften und ist mit einer Verbrauchssteuer gekennzeichnet.<\/td>\n<\/tr>\n<\/tbody>\n<\/table>\n<h3>Zusammensetzung des Produkts<\/h3>\n<p>Die Trockenmasse besteht ausschlie\u00dflich aus <strong>weibliche Bl\u00fctenst\u00e4nde von Faserhanf<\/strong>, die sorgf\u00e4ltig geerntet und von Hand getrocknet wurden, um die F\u00fclle der nat\u00fcrlichen Cannabinoide und Terpene zu erhalten. Es enth\u00e4lt keine chemischen Zusatzstoffe, Pestizide oder k\u00fcnstliche Substanzen.<\/p>\n<h3>Wie verwenden Sie den NORTHWEST granny marys CBD Trockner?<\/h3>\n<p>Der Trockene ist f\u00fcr die Aromatisierung und die Verwendung als Sammler bestimmt. Um von seinen Eigenschaften zu profitieren, wird empfohlen, Folgendes zu verwenden <strong>Verdampfer<\/strong>, die eine wirksame Verdunstung der Wirkstoffe ohne Rauch und sch\u00e4dliche Verbrennungsprodukte erm\u00f6glichen.<\/p>\n<ul>\n<li>F\u00fcllen Sie die Kammer des Verdampfers mit der entsprechenden Menge des getrockneten Produkts (z.B. 0,1 - 0,3 g).<\/li>\n<li>Stellen Sie die Temperatur auf 160-190\u00b0C ein, um eine optimale Extraktion der Cannabinoide und Aromen zu erreichen.<\/li>\n<li>Inhalieren Sie langsam und genie\u00dfen Sie die entspannende Wirkung und den ausgepr\u00e4gten Geschmack.<\/li>\n<\/ul>\n<p>Das getrocknete Erzeugnis kann auch zur Zubereitung von Aufg\u00fcssen oder als Aromazutat in anderen sicheren Formen verwendet werden.<\/p>\n<h3>Zus\u00e4tzliche Informationen und Sicherheit<\/h3>\n<p>Das Produkt ist v\u00f6llig legal und sicher und erf\u00fcllt die Anforderungen der Europ\u00e4ischen Union an die Qualit\u00e4t und Zusammensetzung von Hanfprodukten. Wir empfehlen die Verwendung nur durch Erwachsene (18+). Nicht w\u00e4hrend der Schwangerschaft oder Stillzeit verwenden. In der versiegelten Originalverpackung, an einem k\u00fchlen und trockenen Ort, fern von W\u00e4rme- und Lichtquellen aufbewahren. Au\u00dferhalb der Reichweite von Kindern und Tieren aufbewahren.<\/p>\n<h3>Nutzerbewertungen<\/h3>\n<p>Kunden, die sich f\u00fcr Granny Marysia NORTHWEST trocken entschieden haben, sch\u00e4tzen das nat\u00fcrliche Aroma und die entspannende Wirkung. Sie loben auch die hohe Qualit\u00e4t der Verarbeitung und die Reinheit des Produkts, was sich in der Zufriedenheit mit der Anwendung und einer positiven Wirkung auf das Wohlbefinden niederschl\u00e4gt.<\/p>\n<h3>Beispiele f\u00fcr die Verwendung von Granny Marys NORTHWEST<\/h3>\n<ul>\n<li>Entspannung nach einem anstrengenden Arbeitstag, um abzuschalten und den Geist zu beruhigen.<\/li>\n<li>Unterst\u00fctzung bei der Aufrechterhaltung eines normalen Schlafrhythmus - erholsame und st\u00e4rkende Ruhe.<\/li>\n<li>Verbessert die Konzentration und Motivation beim Arbeiten oder Lernen.<\/li>\n<li>Verwendung in der Aromatherapie durch Verdampfen, wirkt auf die Sinne und die Stimmung.<\/li>\n<\/ul>\n<h3>Hinweise zur Lagerung und Verwendung<\/h3>\n<p>Um die Frische und die F\u00fclle des Aromas zu erhalten, bewahren Sie das getrocknete Produkt in der versiegelten Originalverpackung auf. Vermeiden Sie Feuchtigkeit und direkten Kontakt mit Sonnenlicht. Reinigen Sie Ihren Verdampfer regelm\u00e4\u00dfig, um seine Wirksamkeit und Hygiene bei der Verwendung zu erhalten.<\/p>\n<p>Entscheiden Sie sich f\u00fcr Granny Marysia CBD dry von NORTHWEST und erleben Sie nat\u00fcrliche Qualit\u00e4t direkt aus polnischem, zertifiziertem Anbau, die Ihnen Trost, Entspannung und ein verbessertes t\u00e4gliches Wohlbefinden bringen wird.<\/p>","protected":false},"excerpt":{"rendered":"<p>Entdecken Sie die nat\u00fcrliche Kraft von Granny Marysia NORTHWEST CBD getrocknet - Polnisch, handgepfl\u00fcckt getrocknet aus zertifiziertem Anbau. Es hat eine einzigartige holzig-Zitrus-Aroma, das entspannt, beruhigt und verbessert die Stimmung.<\/p>\n<p>Das Produkt enth\u00e4lt bis zu 10% CBD und weniger als 0,3% THC, was die vollst\u00e4ndige Legalit\u00e4t und Sicherheit garantiert. Ideal f\u00fcr alle, die eine nat\u00fcrliche Unterst\u00fctzung zum Stressabbau, zur Verbesserung der Konzentration und der Schlafqualit\u00e4t suchen.<\/p>\n<p>&nbsp;<\/p>","protected":false},"featured_media":9643,"comment_status":"open","ping_status":"closed","template":"","meta":{"_acf_changed":false,"_gspb_post_css":"","rank_math_title":"","rank_math_description":"","rank_math_focus_keyword":"","rank_math_facebook_title":"","rank_math_facebook_description":"","rank_math_twitter_title":"","rank_math_twitter_description":""},"product_brand":[129],"product_cat":[110],"product_tag":[],"woo-feed-brand":[],"class_list":{"0":"post-6649","1":"product","2":"type-product","3":"status-publish","4":"has-post-thumbnail","6":"product_brand-babcia-marysia","7":"product_cat-susz","9":"first","10":"instock","11":"purchasable","12":"product-type-simple"},"ct_brands":[{"id":129,"name":"Gro\u00dfmutter Marysia","slug":"grosmutter-marysia"}],"acf":[],"_links":{"self":[{"href":"https:\/\/ubucha.pl\/de\/wp-json\/wp\/v2\/product\/6649","targetHints":{"allow":["GET"]}}],"collection":[{"href":"https:\/\/ubucha.pl\/de\/wp-json\/wp\/v2\/product"}],"about":[{"href":"https:\/\/ubucha.pl\/de\/wp-json\/wp\/v2\/types\/product"}],"replies":[{"embeddable":true,"href":"https:\/\/ubucha.pl\/de\/wp-json\/wp\/v2\/comments?post=6649"}],"wp:featuredmedia":[{"embeddable":true,"href":"https:\/\/ubucha.pl\/de\/wp-json\/wp\/v2\/media\/9643"}],"wp:attachment":[{"href":"https:\/\/ubucha.pl\/de\/wp-json\/wp\/v2\/media?parent=6649"}],"wp:term":[{"taxonomy":"product_brand","embeddable":true,"href":"https:\/\/ubucha.pl\/de\/wp-json\/wp\/v2\/product_brand?post=6649"},{"taxonomy":"product_cat","embeddable":true,"href":"https:\/\/ubucha.pl\/de\/wp-json\/wp\/v2\/product_cat?post=6649"},{"taxonomy":"product_tag","embeddable":true,"href":"https:\/\/ubucha.pl\/de\/wp-json\/wp\/v2\/product_tag?post=6649"},{"taxonomy":"woo-feed-brand","embeddable":true,"href":"https:\/\/ubucha.pl\/de\/wp-json\/wp\/v2\/woo-feed-brand?post=6649"}],"curies":[{"name":"wp","href":"https:\/\/api.w.org\/{rel}","templated":true}]}}