{"id":6641,"date":"2025-09-26T13:54:06","date_gmt":"2025-09-26T11:54:06","guid":{"rendered":"https:\/\/ubucha.pl\/babcia-marysia-cbd-midwest-1g\/"},"modified":"2026-04-22T12:15:23","modified_gmt":"2026-04-22T10:15:23","slug":"granny-marys-cbd-mittelwesten-1g","status":"publish","type":"product","link":"https:\/\/ubucha.pl\/de\/babcia-marysia-cbd-midwest-1g\/","title":{"rendered":"Oma Marysia CBD Mittelwesten 1G"},"content":{"rendered":"<h2>Gro\u00dfmutter Marysia MIDWEST CBD Cannabis - nat\u00fcrliche Energie und Entspannung direkt aus Polen<\/h2>\n<p>Entdecken Sie das einzigartige Grandmother Marysia MIDWEST CBD dry, das mit \u00e4u\u00dferster Sorgfalt und Aufmerksamkeit f\u00fcr Qualit\u00e4t hergestellt wurde. Es ist ein 100% legales, verbrauchssteuerpflichtiges Produkt aus polnischem Anbau, ideal f\u00fcr alle, die eine nat\u00fcrliche Alternative suchen, um Stimmung und Konzentration zu verbessern.<\/p>\n<h3>Warum den Granny Marysia MIDWEST CBD-Trockner w\u00e4hlen?<\/h3>\n<p>Wenn Sie sich fragen, was diesen Drydown so besonders macht, ist die Antwort ganz einfach. Es ist ein Premium-Produkt, das ein intensives Holz-Zitrus-Aroma mit einem bemerkenswerten Hauch von scharfer, holziger Erdbeers\u00fc\u00dfe kombiniert. Jede Knospe ist gro\u00df, harzig und voller nat\u00fcrlicher Potenz, was die Verwendung des getrockneten Produkts nicht nur zu einem Vergn\u00fcgen macht, sondern auch zu einer effektiven M\u00f6glichkeit, die Stimmung zu verbessern.<\/p>\n<p>Gro\u00dfmutter Marysia's CBD trocken MIDWEST:<\/p>\n<ul>\n<li><strong>Verbessert Stimmung und Konzentration<\/strong> - ideal zur Unterst\u00fctzung der t\u00e4glichen Energie und Konzentration;<\/li>\n<li><strong>Bietet eine nat\u00fcrliche, energiespendende Wirkung<\/strong> ohne psychoaktive Wirkungen;<\/li>\n<li><strong>100% legal und sicher<\/strong> - enth\u00e4lt bis zu 10% CBD und weniger als 0,3% THC;<\/li>\n<li><strong>Polnische Produktion mit Global GAP, HACCP und GACP Zertifizierung<\/strong> - eine Garantie f\u00fcr h\u00f6chste Qualit\u00e4t und Sicherheit;<\/li>\n<li><strong>Einzigartiges Aroma<\/strong> - Eine Kombination aus holzigen und zitrischen Noten mit einer subtilen Erdbeer-S\u00fc\u00dfe.<\/li>\n<\/ul>\n<h3>Zusammensetzung von Grandma Marysia's CBD getrocknet MIDWEST<\/h3>\n<p>Der 100% dry besteht aus weiblichen Bl\u00fctenst\u00e4nden von Faserhanf, der in Polen sorgf\u00e4ltig ausgew\u00e4hlt und nach h\u00f6chsten Qualit\u00e4tsstandards angebaut wird. Der Inhalt der wichtigsten Wirkstoffe sind:<\/p>\n<table style=\"border-collapse: collapse; width: 100%; max-width: 600px;\" border=\"1\" cellspacing=\"0\" cellpadding=\"8\">\n<thead>\n<tr>\n<th>Komponente<\/th>\n<th>Inhalt<\/th>\n<th>Beschreibung<\/th>\n<\/tr>\n<\/thead>\n<tbody>\n<tr>\n<td>CBD (Cannabidiol)<\/td>\n<td>zu 10%<\/td>\n<td>Eine nat\u00fcrliche Verbindung mit entspannenden und konzentrationsf\u00f6rdernden Eigenschaften, ohne psychoaktive Wirkungen.<\/td>\n<\/tr>\n<tr>\n<td>THC (Tetrahydrocannabinol)<\/td>\n<td>weniger als 0,3%<\/td>\n<td>Mindest-THC-Gehalt, der nicht zu einer berauschenden Wirkung f\u00fchrt, in \u00dcbereinstimmung mit den geltenden Rechtsvorschriften.<\/td>\n<\/tr>\n<tr>\n<td>Faserige Hanfbl\u00fctenst\u00e4nde<\/td>\n<td>100%<\/td>\n<td>Sorgf\u00e4ltig ausgew\u00e4hlte Cannabisknospen von hoher Qualit\u00e4t f\u00fcr intensives Aroma und Wirksamkeit.<\/td>\n<\/tr>\n<\/tbody>\n<\/table>\n<h3>Wie verwendet man den Grandmother Marysia MIDWEST CBD Trockner?<\/h3>\n<p>Das Produkt ist in erster Linie zum Aromatisieren und Rauchen in Vaporizern oder auf traditionelle Weise bestimmt. Dank der hochwertigen Bl\u00fcten k\u00f6nnen Sie die vollen nat\u00fcrlichen Aromen und Wirkungen genie\u00dfen. <strong>Das getrocknete Erzeugnis ist nicht zum Verzehr bestimmt.<\/strong><\/p>\n<p>Um die besten Ergebnisse zu erzielen:<\/p>\n<ul>\n<li>Verwenden Sie Ihr getrocknetes CBD in einem Verdampfer, der speziell f\u00fcr getrocknetes CBD geeignet ist, damit das Aroma und die Wirkstoffe vollst\u00e4ndig und ohne sch\u00e4dliche Verbrennungsprodukte extrahiert werden k\u00f6nnen.<\/li>\n<li>Lagern Sie das getrocknete Produkt in der versiegelten Originalverpackung an einem trockenen und k\u00fchlen Ort, fern von Licht- und W\u00e4rmequellen, um seine Frische und Eigenschaften zu erhalten.<\/li>\n<li>Das Produkt ist nur f\u00fcr Personen \u00fcber 18 Jahren bestimmt.<\/li>\n<\/ul>\n<h3>Sicherheit und Empfehlungen<\/h3>\n<p>Grandmother Marysia MIDWEST CBD dried erf\u00fcllt die strengen Sicherheitsstandards der Europ\u00e4ischen Union. Das Produkt entspricht der Verordnung (EG) Nr. 765\/2008 \u00fcber die Markt\u00fcberwachung und Akkreditierung. Trotz seiner Legalit\u00e4t und seines nat\u00fcrlichen Ursprungs raten wir zur Vorsicht:<\/p>\n<ul>\n<li>Das Produkt ist nicht zum Verzehr bestimmt.<\/li>\n<li>Nicht w\u00e4hrend der Schwangerschaft und Stillzeit verwenden.<\/li>\n<li>Vermeiden Sie den Kontakt mit Augen und Schleimh\u00e4uten.<\/li>\n<li>Im Falle von Reizungen oder unerw\u00fcnschten Reaktionen ist die Einnahme abzubrechen und ein Arzt aufzusuchen.<\/li>\n<li>Au\u00dferhalb der Reichweite von Kindern und Tieren aufbewahren.<\/li>\n<\/ul>\n<h3>Nutzerbewertungen<\/h3>\n<p><em>\u201eGranny Marysia MIDWEST dry ist eine echte Perle auf dem Markt - ein intensives Aroma und ein entspannendes Gef\u00fchl ohne Nebenwirkungen. Ich empfehle es jedem, der nat\u00fcrliche Produkte zu sch\u00e4tzen wei\u00df.\u201d<\/em> - Marta K.<\/p>\n<p><em>\u201eDas Produkt hat meine Erwartungen erf\u00fcllt - es hilft mir, mich bei der Arbeit zu konzentrieren und nach einem anstrengenden Tag zu entspannen. Man merkt, dass auf Qualit\u00e4t und Herkunft geachtet wird.\u201d<\/em> - Thomas W.<\/p>\n<h3>Zus\u00e4tzliche Informationen<\/h3>\n<p>Grandma Marysia MIDWEST CBD getrocknet ist nicht nur eine ausgezeichnete Wahl f\u00fcr Nutzer, die nach nat\u00fcrlichen Methoden zur Unterst\u00fctzung der geistigen und k\u00f6rperlichen Gesundheit suchen, sondern auch f\u00fcr Sammler und Cannabisliebhaber. Es eignet sich hervorragend f\u00fcr den Alltag, zum Entspannen, Arbeiten oder f\u00fcr Treffen mit Freunden.<\/p>\n<p>Die Lagerung unter geeigneten Bedingungen gew\u00e4hrleistet eine lang anhaltende Frische und Intensit\u00e4t des Aromas. Es wird empfohlen, das Produkt in der versiegelten Originalverpackung an einem trockenen und k\u00fchlen Ort zu lagern, fern von Sonnenlicht und W\u00e4rmequellen.<\/p>\n<p>Mit der polnischen Produktion und den Zertifikaten, die h\u00f6chste Qualit\u00e4t garantieren, k\u00f6nnen Sie sicher sein, dass Sie sich f\u00fcr ein sicheres und wirksames Produkt entscheiden. Es lohnt sich, das Granny Marysia MIDWEST CBD dry auszuprobieren und herauszufinden, wie die nat\u00fcrliche Kraft des Hanfs Ihren Lebenskomfort verbessern kann.<\/p>","protected":false},"excerpt":{"rendered":"<p>Entdecken Sie die Kraft der Natur mit Granny Marysia MIDWEST CBD dryness - ein polnisches Premiumprodukt mit einem einzigartigen Holz-Zitrus-Aroma mit einem Hauch von w\u00fcrziger Erdbeere. Ideal f\u00fcr alle, die eine nat\u00fcrliche Unterst\u00fctzung f\u00fcr Entspannung, Konzentration und gute Laune suchen.<\/p>\n<p>Das Saatgut stammt aus polnischem Anbau und ist 100% legal und mit einer Verbrauchssteuer-Marke versehen. Es enth\u00e4lt bis zu 10% CBD mit minimalem THC-Gehalt (weniger als 0,3%), so dass es keine psychoaktiven Effekte hat.<\/p>\n<p>Entscheiden Sie sich f\u00fcr Qualit\u00e4t und Sicherheit - Globale GAP-, HACCP- und GACP-Zertifizierungen garantieren Reinheit und Kontrolle in jeder Phase der Produktion. Ideal zum Rauchen oder Aromatisieren, verpackt in einer diskreten, luftdichten Verpackung.<\/p>\n<p>Bestellen Sie jetzt und sp\u00fcren Sie die nat\u00fcrliche Energie des Mittleren Westens<\/p>","protected":false},"featured_media":3802,"comment_status":"open","ping_status":"closed","template":"","meta":{"_acf_changed":false,"_gspb_post_css":"","rank_math_title":"","rank_math_description":"","rank_math_focus_keyword":"","rank_math_facebook_title":"","rank_math_facebook_description":"","rank_math_twitter_title":"","rank_math_twitter_description":""},"product_brand":[129],"product_cat":[110],"product_tag":[],"woo-feed-brand":[],"class_list":{"0":"post-6641","1":"product","2":"type-product","3":"status-publish","4":"has-post-thumbnail","6":"product_brand-babcia-marysia","7":"product_cat-susz","9":"first","10":"instock","11":"purchasable","12":"product-type-simple"},"ct_brands":[{"id":129,"name":"Gro\u00dfmutter Marysia","slug":"grosmutter-marysia"}],"acf":[],"_links":{"self":[{"href":"https:\/\/ubucha.pl\/de\/wp-json\/wp\/v2\/product\/6641","targetHints":{"allow":["GET"]}}],"collection":[{"href":"https:\/\/ubucha.pl\/de\/wp-json\/wp\/v2\/product"}],"about":[{"href":"https:\/\/ubucha.pl\/de\/wp-json\/wp\/v2\/types\/product"}],"replies":[{"embeddable":true,"href":"https:\/\/ubucha.pl\/de\/wp-json\/wp\/v2\/comments?post=6641"}],"wp:featuredmedia":[{"embeddable":true,"href":"https:\/\/ubucha.pl\/de\/wp-json\/wp\/v2\/media\/3802"}],"wp:attachment":[{"href":"https:\/\/ubucha.pl\/de\/wp-json\/wp\/v2\/media?parent=6641"}],"wp:term":[{"taxonomy":"product_brand","embeddable":true,"href":"https:\/\/ubucha.pl\/de\/wp-json\/wp\/v2\/product_brand?post=6641"},{"taxonomy":"product_cat","embeddable":true,"href":"https:\/\/ubucha.pl\/de\/wp-json\/wp\/v2\/product_cat?post=6641"},{"taxonomy":"product_tag","embeddable":true,"href":"https:\/\/ubucha.pl\/de\/wp-json\/wp\/v2\/product_tag?post=6641"},{"taxonomy":"woo-feed-brand","embeddable":true,"href":"https:\/\/ubucha.pl\/de\/wp-json\/wp\/v2\/woo-feed-brand?post=6641"}],"curies":[{"name":"wp","href":"https:\/\/api.w.org\/{rel}","templated":true}]}}