{"id":6629,"date":"2025-09-26T13:54:06","date_gmt":"2025-09-26T11:54:06","guid":{"rendered":"https:\/\/ubucha.pl\/bletki-bibulki-konopne-ks-slim-z-tacka-filterki-do-skretow-jointow-babcia-marysia\/"},"modified":"2026-04-22T08:36:45","modified_gmt":"2026-04-22T06:36:45","slug":"cannabis-tissue-papier-ks-slim-mit-tablett-filter-fur-gelenke-oma-marysia","status":"publish","type":"product","link":"https:\/\/ubucha.pl\/de\/bletki-bibulki-konopne-ks-slim-z-tacka-filterki-do-skretow-jointow-babcia-marysia\/","title":{"rendered":"KS Slim Hanf-Tissue-Papiere mit Schale + Filter f\u00fcr Joint-Twisters Granny Marysia"},"content":{"rendered":"<h2>Wesentliche Merkmale<\/h2>\n<p><span style=\"font-weight: 400\">Nat\u00fcrlich und biologisch:<\/span><\/p>\n<ul>\n<li style=\"font-weight: 400\"><span style=\"font-weight: 400\">Die L\u00f6schpapiere sind aus d\u00fcnnem, nat\u00fcrlichem Hanfpapier hergestellt.<\/span><\/li>\n<li style=\"font-weight: 400\"><span style=\"font-weight: 400\">Sie sorgen f\u00fcr eine reibungslose und gleichm\u00e4\u00dfige Verbrennung.<\/span><\/li>\n<li style=\"font-weight: 400\"><span style=\"font-weight: 400\">Sie enthalten keine k\u00fcnstlichen Farbstoffe oder Aromen und sind daher umweltfreundlich und gesundheitlich unbedenklich.<\/span><\/li>\n<\/ul>\n<p><span style=\"font-weight: 400\">Ideale Dicke:<\/span><\/p>\n<ul>\n<li style=\"font-weight: 400\"><span style=\"font-weight: 400\"><strong>KS Slim Seidenpapier<\/strong> haben eine ideale Dicke f\u00fcr leichtes Drehen und gleichm\u00e4\u00dfige Verbrennung.<\/span><\/li>\n<li style=\"font-weight: 400\"><span style=\"font-weight: 400\">Sie rei\u00dfen nicht und verblassen nicht beim Rauchen, was ein angenehmes Erlebnis garantiert.<\/span><\/li>\n<\/ul>\n<p><span style=\"font-weight: 400\">Bequemes Tablett:<\/span><\/p>\n<p><span style=\"font-weight: 400\">Der Bausatz wird mit einem praktischen Tablett zum Verdrehen von Gelenken geliefert.<\/span><\/p>\n<p><span style=\"font-weight: 400\">Das Tablett ist aus strapazierf\u00e4higem Material gefertigt und verf\u00fcgt \u00fcber spezielle Vertiefungen, mit denen sich die perfekten Formen herstellen lassen.<\/span><\/p>\n<h2>Vorteile der Verwendung von KS Slim Hanfballen<\/h2>\n<ul>\n<li style=\"font-weight: 400\"><span style=\"font-weight: 400\">Nat\u00fcrlich und \u00f6kologisch: Die aus Hanf hergestellten L\u00f6schpapiere sind ganz nat\u00fcrlich und \u00f6kologisch.<\/span><\/li>\n<li style=\"font-weight: 400\"><span style=\"font-weight: 400\">Einfache Handhabung: Dank der idealen Dicke der Kn\u00fcppel lassen sie sich leicht drehen und gew\u00e4hrleisten einen gleichm\u00e4\u00dfigen Abbrand.<\/span><\/li>\n<li style=\"font-weight: 400\"><span style=\"font-weight: 400\">Bequemlichkeit: Das im Kit enthaltene Tablett vereinfacht das Verdrehen des Gelenks und sorgt f\u00fcr Komfort und Ordnung.<\/span><\/li>\n<li style=\"font-weight: 400\"><span style=\"font-weight: 400\">Ausgezeichnete Qualit\u00e4t: KS Slim Zigarettenpapiere rei\u00dfen nicht, verblassen nicht beim Rauchen und bieten ein angenehmes Erlebnis.<\/span><\/li>\n<\/ul>\n<h2>Zusammenfassung<\/h2>\n<p><span style=\"font-weight: 400\"><strong>KS Slim Cannabis Kn\u00fcppel mit Oma Marysia Joint Twist Tablett<\/strong> ist die ideale L\u00f6sung f\u00fcr Liebhaber von Naturprodukten, die hohe Qualit\u00e4t und Komfort sch\u00e4tzen. Die nat\u00fcrlichen und biologischen Hanfblotter sorgen f\u00fcr einen gleichm\u00e4\u00dfigen Abbrand, und das mitgelieferte Tablett erleichtert das Drehen von Joints und macht es bequemer und effizienter. Entscheiden Sie sich f\u00fcr den KS Slim Hanf Blotter mit Tablett und genie\u00dfen Sie ein nat\u00fcrliches Erlebnis mit jedem Zug.<\/span><\/p>","protected":false},"excerpt":{"rendered":"<p><span style=\"font-weight: 400\"><strong>KS Schlanke Cannabiskn\u00fcppel<\/strong> mit Oma Marysia Joint Twist Tray ist die perfekte Kombination aus Natur und Komfort. Wenn Sie auf der Suche nach einem Blotter sind, der nat\u00fcrlichen Ursprung, hohe Qualit\u00e4t und Bequemlichkeit kombiniert, dann ist dieses Produkt die perfekte Wahl f\u00fcr Sie.<\/span><\/p>","protected":false},"featured_media":51761,"comment_status":"open","ping_status":"open","template":"","meta":{"_acf_changed":false,"_gspb_post_css":"","rank_math_title":"","rank_math_description":"","rank_math_focus_keyword":"","rank_math_facebook_title":"","rank_math_facebook_description":"","rank_math_twitter_title":"","rank_math_twitter_description":""},"product_brand":[],"product_cat":[141],"product_tag":[],"woo-feed-brand":[],"class_list":{"0":"post-6629","1":"product","2":"type-product","3":"status-publish","4":"has-post-thumbnail","6":"product_cat-bibulki","8":"first","9":"outofstock","10":"purchasable","11":"product-type-simple"},"ct_brands":[],"acf":[],"_links":{"self":[{"href":"https:\/\/ubucha.pl\/de\/wp-json\/wp\/v2\/product\/6629","targetHints":{"allow":["GET"]}}],"collection":[{"href":"https:\/\/ubucha.pl\/de\/wp-json\/wp\/v2\/product"}],"about":[{"href":"https:\/\/ubucha.pl\/de\/wp-json\/wp\/v2\/types\/product"}],"replies":[{"embeddable":true,"href":"https:\/\/ubucha.pl\/de\/wp-json\/wp\/v2\/comments?post=6629"}],"wp:featuredmedia":[{"embeddable":true,"href":"https:\/\/ubucha.pl\/de\/wp-json\/wp\/v2\/media\/51761"}],"wp:attachment":[{"href":"https:\/\/ubucha.pl\/de\/wp-json\/wp\/v2\/media?parent=6629"}],"wp:term":[{"taxonomy":"product_brand","embeddable":true,"href":"https:\/\/ubucha.pl\/de\/wp-json\/wp\/v2\/product_brand?post=6629"},{"taxonomy":"product_cat","embeddable":true,"href":"https:\/\/ubucha.pl\/de\/wp-json\/wp\/v2\/product_cat?post=6629"},{"taxonomy":"product_tag","embeddable":true,"href":"https:\/\/ubucha.pl\/de\/wp-json\/wp\/v2\/product_tag?post=6629"},{"taxonomy":"woo-feed-brand","embeddable":true,"href":"https:\/\/ubucha.pl\/de\/wp-json\/wp\/v2\/woo-feed-brand?post=6629"}],"curies":[{"name":"wp","href":"https:\/\/api.w.org\/{rel}","templated":true}]}}