{"id":6613,"date":"2025-09-26T13:53:41","date_gmt":"2025-09-26T11:53:41","guid":{"rendered":"https:\/\/ubucha.pl\/pinky-vape-pod-800-puff-cbg-blue-zkittelz-kartridz\/"},"modified":"2025-10-20T12:37:18","modified_gmt":"2025-10-20T10:37:18","slug":"pinky-vape-pod-800-puff-cbg-blue-zkittelz-kartusche","status":"publish","type":"product","link":"https:\/\/ubucha.pl\/de\/pinky-vape-pod-800-puff-cbg-blue-zkittelz-kartridz\/","title":{"rendered":"Pinky VAPE Pod 800 PUFF CBG Blau Zkittelz Kartusche"},"content":{"rendered":"<h2 class=\"wp-block-heading\"><strong>Kapazit\u00e4t:<\/strong> 2 ml <strong>THC \/ THCA:<\/strong> 0% <strong>CBG:<\/strong> 125 mg\/ml (250 mg\/2 ml) <strong>Herkunftsland:<\/strong> Polen<\/h2>\n\n\n\n<p><strong>Aktion:<\/strong><\/p>\n\n\n\n<ul class=\"wp-block-list\">\n<li>Anregend<\/li>\n\n\n\n<li>Anregend<\/li>\n\n\n\n<li>Belebend<\/li>\n\n\n\n<li>Unterst\u00fctzung kognitiver Funktionen<\/li>\n\n\n\n<li>Verbesserung des Ged\u00e4chtnisses und der Konzentration<\/li>\n<\/ul>\n\n\n\n<p><strong>Geschmack:<\/strong><\/p>\n\n\n\n<ul class=\"wp-block-list\">\n<li>Es riecht wie eine T\u00fcte Skittles und schmeckt sogar noch besser.<\/li>\n\n\n\n<li>Noten von Trauben und Waldfr\u00fcchten vermischen sich mit einem waldkr\u00e4uterartigen Aroma.<\/li>\n<\/ul>\n\n\n\n<h2 class=\"wp-block-heading\">Pinky Vape POD Grandma Marysia: Innovation und Stil vereint<\/h2>\n\n\n\n<p><strong>Superschnelles Laden:<\/strong> Der Pinky Vape POD Babcia Marysia ist im Handumdrehen einsatzbereit \u2013 nur 30 Minuten Ladezeit gen\u00fcgen f\u00fcr langanhaltenden Genuss. M\u00f6glich macht dies der integrierte 500-mAh-Akku.<\/p>\n\n\n\n<p><strong>Wiederverwendbar:<\/strong> Der Pinky Vape POD ist eine innovative L\u00f6sung, bestehend aus einem Ger\u00e4t mit USB-Typ-C-Ladeanschluss und austauschbaren Kartuschen. Das bedeutet, dass Sie nicht das gesamte Ger\u00e4t wegwerfen m\u00fcssen, sobald eine Kartusche leer ist \u2013 ersetzen Sie sie einfach durch eine neue in Ihrem Lieblingsgeschmack!<\/p>\n\n\n\n<p><strong>\u00d6konomisch und \u00f6kologisch:<\/strong> Der Pinky Vape POD bietet nicht nur Komfort und Bequemlichkeit, sondern auch Kosteneinsparungen und Umweltfreundlichkeit. Der Austausch der Kartuschen anstelle des gesamten Ger\u00e4ts ist deutlich kosteng\u00fcnstiger und erzeugt weniger Abfall.<\/p>\n\n\n\n<p><strong>Elegantes Design:<\/strong> Das schlanke und elegante Design des Pinky Vape POD Grandma Marysia macht ihn nicht nur funktional, sondern auch unglaublich stylisch. Er passt perfekt zu jedem Stil und ist der ideale Begleiter f\u00fcr jeden Tag.<\/p>\n\n\n\n<p><strong>Entdecken Sie den Pinky Vape POD und sp\u00fcren Sie den Unterschied!<\/strong><\/p>\n\n\n\n<p><strong>Achtung!<\/strong><\/p>\n\n\n\n<ul class=\"wp-block-list\">\n<li>Das Ger\u00e4t ist f\u00fcr Erwachsene bestimmt.<\/li>\n\n\n\n<li>Es sollte gem\u00e4\u00df der Gebrauchsanweisung verwendet werden.<\/li>\n<\/ul>\n\n\n\n<p><br><\/p>","protected":false},"excerpt":{"rendered":"<p data-sourcepos=\"3:1-3:224\"><strong><a href=\"https:\/\/konopnybuch.pl\/sklep\/akcesoria-konopne\/waporyzatory\/pinky-vape-pod-800-puff-bateria\/\">Die Batterie kann hier separat erworben werden.<\/a><\/strong><\/p>\n<p><strong>Kapazit\u00e4t:<\/strong> 2 ml <strong>THC \/ THCA:<\/strong> 0% <strong>CBG:<\/strong> 125 mg\/ml (250 mg\/2 ml) <strong>Herkunftsland:<\/strong> Polen<\/p>\n<p><!-- wp:list --><\/p>\n<ul><!-- wp:list-item --><\/p>\n<li>Anregend<\/li>\n<p><!-- \/wp:list-item --><\/p>\n<p><!-- wp:list-item --><\/p>\n<li>Anregend<\/li>\n<p><!-- \/wp:list-item --><\/p>\n<p><!-- wp:list-item --><\/p>\n<li>Belebend<\/li>\n<p><!-- \/wp:list-item --><\/p>\n<p><!-- wp:list-item --><\/p>\n<li>Unterst\u00fctzung kognitiver Funktionen<\/li>\n<p><!-- \/wp:list-item --><\/p>\n<p><!-- wp:list-item --><\/p>\n<li>Verbesserung des Ged\u00e4chtnisses und der Konzentration<\/li>\n<p><!-- \/wp:list-item --><\/ul>\n<p><!-- \/wp:list --><\/p>","protected":false},"featured_media":3758,"comment_status":"open","ping_status":"open","template":"","meta":{"_acf_changed":false,"_gspb_post_css":"","rank_math_title":"","rank_math_description":"","rank_math_focus_keyword":"","rank_math_facebook_title":"","rank_math_facebook_description":"","rank_math_twitter_title":"","rank_math_twitter_description":""},"product_brand":[],"product_cat":[117],"product_tag":[],"woo-feed-brand":[],"class_list":{"0":"post-6613","1":"product","2":"type-product","3":"status-publish","4":"has-post-thumbnail","6":"product_cat-waporyzatory","8":"first","9":"outofstock","10":"sale","11":"purchasable","12":"product-type-simple"},"ct_brands":[],"acf":[],"_links":{"self":[{"href":"https:\/\/ubucha.pl\/de\/wp-json\/wp\/v2\/product\/6613","targetHints":{"allow":["GET"]}}],"collection":[{"href":"https:\/\/ubucha.pl\/de\/wp-json\/wp\/v2\/product"}],"about":[{"href":"https:\/\/ubucha.pl\/de\/wp-json\/wp\/v2\/types\/product"}],"replies":[{"embeddable":true,"href":"https:\/\/ubucha.pl\/de\/wp-json\/wp\/v2\/comments?post=6613"}],"wp:featuredmedia":[{"embeddable":true,"href":"https:\/\/ubucha.pl\/de\/wp-json\/wp\/v2\/media\/3758"}],"wp:attachment":[{"href":"https:\/\/ubucha.pl\/de\/wp-json\/wp\/v2\/media?parent=6613"}],"wp:term":[{"taxonomy":"product_brand","embeddable":true,"href":"https:\/\/ubucha.pl\/de\/wp-json\/wp\/v2\/product_brand?post=6613"},{"taxonomy":"product_cat","embeddable":true,"href":"https:\/\/ubucha.pl\/de\/wp-json\/wp\/v2\/product_cat?post=6613"},{"taxonomy":"product_tag","embeddable":true,"href":"https:\/\/ubucha.pl\/de\/wp-json\/wp\/v2\/product_tag?post=6613"},{"taxonomy":"woo-feed-brand","embeddable":true,"href":"https:\/\/ubucha.pl\/de\/wp-json\/wp\/v2\/woo-feed-brand?post=6613"}],"curies":[{"name":"wp","href":"https:\/\/api.w.org\/{rel}","templated":true}]}}