{"id":6601,"date":"2025-09-26T13:53:41","date_gmt":"2025-09-26T11:53:41","guid":{"rendered":"https:\/\/ubucha.pl\/zelki-dla-dzieci-na-sen-kids-malinowe-ziolowe-topical\/"},"modified":"2026-04-28T15:00:45","modified_gmt":"2026-04-28T13:00:45","slug":"kinderschlaf-zelki-kinder-himbeere-pflanzlich-aktuell","status":"publish","type":"product","link":"https:\/\/ubucha.pl\/de\/zelki-dla-dzieci-na-sen-kids-malinowe-ziolowe-topical\/","title":{"rendered":"Schlafende Kinder Gelee Himbeere Herbal - TOPICAL"},"content":{"rendered":"<h2>Kr\u00e4utergels mit Melatonin f\u00fcr Kinder GOOD SEN KIDS - Himbeergeschmack - TOPICAL<\/h2>\n<p>Hat Ihr Kind Schwierigkeiten beim Einschlafen? Oder sind Sie auf der Suche nach einer nat\u00fcrlichen und wirksamen Methode, um einen ruhigen und tiefen Schlaf zu gew\u00e4hrleisten? Die pflanzlichen Gele mit Melatonin GOOD SEN KIDS von TOPICAL sind die ideale L\u00f6sung! Dank der Kombination aus Melatonin und Melissenextrakt unterst\u00fctzt das Produkt die abendliche Entspannung, erleichtert Ihrem Kind das Einschlafen und f\u00f6rdert Ruhe und Regeneration w\u00e4hrend des Schlafs.<\/p>\n<p>Der feine Himbeergeschmack sorgt daf\u00fcr, dass das Gelee auch von Kindern \u00fcber 12 Jahren gerne eingenommen wird. Die Geleeform ist eine bequeme und kinderfreundliche Alternative zu herk\u00f6mmlichen Tabletten oder Kapseln, die die Verabreichung des Nahrungserg\u00e4nzungsmittels erheblich erleichtert.<\/p>\n<h3>Die nat\u00fcrliche Kraft von Melatonin und Melisse in den DOBRY SEN KIDS Jelly Beans<\/h3>\n<p>Melatonin ist ein Hormon, das auf nat\u00fcrliche Weise den Tagesrhythmus reguliert und dazu beitr\u00e4gt, die Zeit bis zum Einschlafen zu verk\u00fcrzen. DOBRY SEN KIDS Gelee enth\u00e4lt 0,5 mg Melatonin pro Portion, eine Dosis, die im Einklang mit wissenschaftlichen Studien steht, die seine Wirksamkeit best\u00e4tigen.<\/p>\n<p>Der Melissenblattextrakt (Melissa officinalis) mit einer hohen DER-Konzentration von 4:1 (30 mg pro Portion) unterst\u00fctzt die Entspannung und die Aufrechterhaltung des psychischen Wohlbefindens, was besonders f\u00fcr Kinder wichtig ist, die im Laufe des Tages Stress oder \u00dcberreizung ausgesetzt sind.<\/p>\n<h3>Warum sollten Sie sich f\u00fcr DOBRY SEN KIDS Gelees entscheiden?<\/h3>\n<ul>\n<li>Erleichterung des Einschlafens und F\u00f6rderung eines tiefen, erholsamen Schlafs<\/li>\n<li>Nat\u00fcrliche Inhaltsstoffe: Melatonin und Melissenextrakt<\/li>\n<li>Angenehmer Himbeergeschmack, den Kinder lieben<\/li>\n<li>Leicht zu essen - Geleeform f\u00fcr Kinder geeignet<\/li>\n<li>Speziell f\u00fcr Kinder ab 12 Jahren entwickeltes Produkt<\/li>\n<li>Ideale Unterst\u00fctzung f\u00fcr Kinder mit Schlafproblemen, die durch Stress oder Ver\u00e4nderungen im Tagesablauf verursacht werden<\/li>\n<\/ul>\n<h3>Zusammensetzung des Produkts<\/h3>\n<table style=\"border-collapse: collapse; width: 100%;\" border=\"1\" cellspacing=\"0\" cellpadding=\"8\">\n<thead>\n<tr>\n<th>Komponente<\/th>\n<th>Beschreibung<\/th>\n<\/tr>\n<\/thead>\n<tbody>\n<tr>\n<td>Zucker<\/td>\n<td>Nat\u00fcrlicher S\u00fc\u00dfstoff<\/td>\n<\/tr>\n<tr>\n<td>Glukosesirup<\/td>\n<td>Zusatzstoff zur Verbesserung der Konsistenz<\/td>\n<\/tr>\n<tr>\n<td>Sorbitole<\/td>\n<td>Kalorienreduzierte S\u00fc\u00dfstoffe<\/td>\n<\/tr>\n<tr>\n<td>Gelatine<\/td>\n<td>Verdickungsmittel, um eine Geleeform zu erhalten<\/td>\n<\/tr>\n<tr>\n<td>Zitronens\u00e4ure<\/td>\n<td>S\u00e4ureregulator zur Verbesserung des Geschmacks<\/td>\n<\/tr>\n<tr>\n<td>Aromen<\/td>\n<td>Verleiht einen fruchtigen Himbeergeschmack<\/td>\n<\/tr>\n<tr>\n<td>Farben: Rote Bete, Betanin, Cochenillerot A<\/td>\n<td>Nat\u00fcrliche Pigmente f\u00fcr attraktive Farben<\/td>\n<\/tr>\n<tr>\n<td>Kaliumsorbat<\/td>\n<td>Konservierungsmittel zur Verl\u00e4ngerung der Haltbarkeitsdauer<\/td>\n<\/tr>\n<tr>\n<td>Raps\u00f6l<\/td>\n<td>Zutat zur Verbesserung der Struktur von Jelly Beans<\/td>\n<\/tr>\n<tr>\n<td>Trockenextrakt aus Melissenbl\u00e4ttern (Melissa officinalis) DER 4:1<\/td>\n<td>30 mg pro 1 Gel - hat eine entspannende und beruhigende Wirkung<\/td>\n<\/tr>\n<tr>\n<td>Melatonin (Melatoninum)<\/td>\n<td>0,5 mg pro 1 Gel - hilft beim Einschlafen<\/td>\n<\/tr>\n<\/tbody>\n<\/table>\n<h3>Wie verwendet man das GOOD SEN KIDS gelato?<\/h3>\n<p>Die Dosierung ist einfach und bequem - geben Sie Ihrem Kind einfach 1 Gel oral etwa 30 Minuten vor dem Schlafengehen. Eine t\u00e4gliche Einnahme \u00fcber einen Zeitraum von mehr als 14 Tagen wird nicht empfohlen. Das Produkt sollte als Erg\u00e4nzung zu einer abwechslungsreichen Ern\u00e4hrung und gesunden Lebensweise verwendet werden, wobei die empfohlene Tagesdosis nicht \u00fcberschritten werden sollte.<\/p>\n<h3>Lagerung und Sicherheit<\/h3>\n<p>Um die volle Wirksamkeit und Frische der Gelees zu erhalten, bewahren Sie sie zwischen 15 und 25 \u00b0C an einem trockenen und dunklen Ort auf, au\u00dferhalb der Reichweite von kleinen Kindern. Das Produkt ist f\u00fcr Kinder ab 12 Jahren sicher, sollte aber nicht l\u00e4nger als 14 Tage ununterbrochen verwendet werden. Die Gele d\u00fcrfen nicht als Ersatz f\u00fcr eine gesunde und abwechslungsreiche Ern\u00e4hrung verwendet werden.<\/p>\n<h3>Feedback von zufriedenen Eltern<\/h3>\n<p><strong>Die Mutter von Olusia:<\/strong> \u201eDas Melatonin-Kr\u00e4uter-Gelee ist ein echtes Geschenk f\u00fcr unsere Familie. Unser Baby hatte Schlafprobleme, aber seit wir diese Gelees geben, schl\u00e4ft es ruhig und tief. Der Himbeergeschmack ist sehr mild - unser Kleinkind liebt sie!\u201d<\/p>\n<p><strong>Dorothy:<\/strong> \u201eEin fantastisches Produkt, das die Schlafqualit\u00e4t unseres Kleinkindes sanft und effektiv verbessert hat. Der Himbeergeschmack ist sein Lieblingsgeschmack, so dass er keine Probleme hat, sie zu essen. Wir k\u00f6nnen es mit gutem Gewissen weiterempfehlen!\u201d<\/p>\n<p><strong>Elisabeth:<\/strong> \u201eUnser Kleiner war nachts unruhig, aber die Jelly Beans haben wirklich geholfen. Der Himbeergeschmack ist so lecker, dass das Kleinkind nach einer weiteren Portion verlangte! Ich w\u00fcrde es allen Eltern w\u00e4rmstens empfehlen.\u201d<\/p>\n<p><strong>Teresa G.:<\/strong> \u201eDer Himbeergeschmack ist sehr delikat, so dass unser Kleinkind ihn gerne nimmt. Sehr empfehlenswert f\u00fcr Eltern, die eine nat\u00fcrliche Schlafunterst\u00fctzung f\u00fcr ihr Baby suchen\u201d.\u201d<\/p>\n<h3>Zus\u00e4tzliche Informationen und Beispiele f\u00fcr die Verwendung des Produkts<\/h3>\n<p>GOOD SEN KIDS Gele sind eine ausgezeichnete Wahl f\u00fcr Kinder, die mit Schlafproblemen zu k\u00e4mpfen haben, die mit \u00fcberm\u00e4\u00dfigem Stress, einer ver\u00e4nderten Umgebung, Routine oder einem intensiven Tag voller Reize zusammenh\u00e4ngen. Sie sind ideal f\u00fcr Zeiten gr\u00f6\u00dferer Herausforderungen, wie z. B. die Einschulung oder Ferienreisen, wenn der Schlafrhythmus gest\u00f6rt sein kann.<\/p>\n<p>Das Produkt kann auch als nat\u00fcrliche Unterst\u00fctzung f\u00fcr Kinder mit Anpassungsproblemen oder vor\u00fcbergehenden Schlafschwierigkeiten verwendet werden.<\/p>\n<h3>Hinweise zur Lagerung und Verwendung<\/h3>\n<ul>\n<li>Trocken, k\u00fchl und vor Sonnenlicht gesch\u00fctzt lagern.<\/li>\n<li>\u00dcberschreiten Sie nicht die empfohlene Dosis - 1 Gel pro Nacht.<\/li>\n<li>Nicht l\u00e4nger als 14 Tage ohne Unterbrechung verwenden.<\/li>\n<li>Das Produkt ist f\u00fcr Kinder ab 12 Jahren bestimmt.<\/li>\n<li>Immer als Erg\u00e4nzung zu einer gesunden und ausgewogenen Ern\u00e4hrung und Lebensweise verwenden.<\/li>\n<\/ul>\n<p>Sorgen Sie f\u00fcr einen gesunden und erholsamen Schlaf Ihres Kindes mit TOPICALs nat\u00fcrlichem Melatonin und Melisse - denn ein schl\u00e4friges Kleinkind bedeutet gl\u00fcckliche und ausgeruhte Eltern!<\/p>","protected":false},"excerpt":{"rendered":"<p>GOOD SEN KIDS Kr\u00e4utergels mit Melatonin in Himbeergeschmack sind eine nat\u00fcrliche Unterst\u00fctzung f\u00fcr den erholsamen Schlaf Ihres Kindes. Die Kombination aus Melatonin und Melissenextrakt erleichtert das Einschlafen und f\u00f6rdert einen tiefen und erholsamen Schlaf. Der zarte Himbeergeschmack sorgt daf\u00fcr, dass sie von Kindern gerne eingenommen werden, und die Geleeform ist praktisch und sicher f\u00fcr Kleinkinder ab 12 Jahren.<\/p>\n<p>Das Produkt ist f\u00fcr Kinder gedacht, die aufgrund von Stress oder einem ver\u00e4nderten Tagesrhythmus Schwierigkeiten beim Einschlafen haben. Die Verwendung von Gelees ist eine nat\u00fcrliche Methode zur Verbesserung der Schlafqualit\u00e4t ohne unn\u00f6tige Chemikalien. Schenken Sie Ihrem Kind erholsame N\u00e4chte und sich selbst mehr Energie f\u00fcr den Tag!<\/p>\n<p><strong>Bestellen Sie jetzt und schenken Sie Ihrem Kind einen gesunden, erholsamen Schlaf!<\/strong><\/p>","protected":false},"featured_media":3740,"comment_status":"open","ping_status":"closed","template":"","meta":{"_acf_changed":false,"_gspb_post_css":"","rank_math_title":"","rank_math_description":"","rank_math_focus_keyword":"","rank_math_facebook_title":"","rank_math_facebook_description":"","rank_math_twitter_title":"","rank_math_twitter_description":""},"product_brand":[135],"product_cat":[104],"product_tag":[],"woo-feed-brand":[],"class_list":{"0":"post-6601","1":"product","2":"type-product","3":"status-publish","4":"has-post-thumbnail","6":"product_brand-topical","7":"product_cat-zelki","9":"first","10":"instock","11":"sale","12":"purchasable","13":"product-type-simple"},"ct_brands":[{"id":135,"name":"Aktuell","slug":"aktuell"}],"acf":[],"_links":{"self":[{"href":"https:\/\/ubucha.pl\/de\/wp-json\/wp\/v2\/product\/6601","targetHints":{"allow":["GET"]}}],"collection":[{"href":"https:\/\/ubucha.pl\/de\/wp-json\/wp\/v2\/product"}],"about":[{"href":"https:\/\/ubucha.pl\/de\/wp-json\/wp\/v2\/types\/product"}],"replies":[{"embeddable":true,"href":"https:\/\/ubucha.pl\/de\/wp-json\/wp\/v2\/comments?post=6601"}],"wp:featuredmedia":[{"embeddable":true,"href":"https:\/\/ubucha.pl\/de\/wp-json\/wp\/v2\/media\/3740"}],"wp:attachment":[{"href":"https:\/\/ubucha.pl\/de\/wp-json\/wp\/v2\/media?parent=6601"}],"wp:term":[{"taxonomy":"product_brand","embeddable":true,"href":"https:\/\/ubucha.pl\/de\/wp-json\/wp\/v2\/product_brand?post=6601"},{"taxonomy":"product_cat","embeddable":true,"href":"https:\/\/ubucha.pl\/de\/wp-json\/wp\/v2\/product_cat?post=6601"},{"taxonomy":"product_tag","embeddable":true,"href":"https:\/\/ubucha.pl\/de\/wp-json\/wp\/v2\/product_tag?post=6601"},{"taxonomy":"woo-feed-brand","embeddable":true,"href":"https:\/\/ubucha.pl\/de\/wp-json\/wp\/v2\/woo-feed-brand?post=6601"}],"curies":[{"name":"wp","href":"https:\/\/api.w.org\/{rel}","templated":true}]}}