{"id":6591,"date":"2025-09-26T13:53:41","date_gmt":"2025-09-26T11:53:41","guid":{"rendered":"https:\/\/ubucha.pl\/oxymel-konopny-mokulab-250ml-ocet-czosnek-miod-imbir-konopie-odpornosc\/"},"modified":"2026-04-29T21:48:48","modified_gmt":"2026-04-29T19:48:48","slug":"oxymel-hanf-mokulab-250ml-essig-knoblauch-honig-ingwer-hanf-immunitat","status":"publish","type":"product","link":"https:\/\/ubucha.pl\/de\/oxymel-konopny-mokulab-250ml-ocet-czosnek-miod-imbir-konopie-odpornosc\/","title":{"rendered":"Oxymel Hanf mokuLAB 250ml - Essig, Knoblauch, Honig Ingwer Hanf Immunit\u00e4t"},"content":{"rendered":"<h2 data-sourcepos=\"1:1-1:40\">Entdecken Sie die Kraft von mokuLAB Hanf-Oxymel!<\/h2>\n<p data-sourcepos=\"3:1-3:51\"><strong>Hanf-Oxymel - Tradition auf moderne Art<\/strong><\/p>\n<p data-sourcepos=\"5:1-5:245\">Oxymel ist <strong>gesundheitsf\u00f6rderndes medizinisches Getr\u00e4nk<\/strong> mit einer reichen Geschichte, die bis in die Zeit von Hippokrates zur\u00fcckreicht. Dieses nat\u00fcrliche Elixier kombiniert die wohltuenden Eigenschaften von lebendem Apfelessig, Honig, Zwiebeln, Knoblauch, Ingwer und <strong>CBD-reiche Hanfsamen<\/strong>.<\/p>\n<p data-sourcepos=\"7:1-7:46\"><strong>MokuLAB - Hanf-Oxymel mit manueller Mazeration<\/strong><\/p>\n<p data-sourcepos=\"9:1-9:294\">Oxymel Hanf mokuBIO zeichnet sich aus durch <strong>traditionelles Handmazerationsverfahren<\/strong> die mehrere Wochen dauern. Dieser zeitaufw\u00e4ndige Prozess erm\u00f6glicht die Gewinnung von <strong>volle Leistung<\/strong> aus allen Inhaltsstoffen ein konzentriertes Produkt mit <strong>hohe Leistung und ein breites Spektrum an gesundheitlichen Vorteilen<\/strong>.<\/p>\n<p data-sourcepos=\"11:1-11:57\"><strong>Die Kraft von Hanf-Oxymel - Vorteile f\u00fcr Ihre Gesundheit:<\/strong><\/p>\n<ul data-sourcepos=\"13:1-20:0\">\n<li data-sourcepos=\"13:1-13:86\"><strong>Bek\u00e4mpfung von Entz\u00fcndungen<\/strong>\u00a0- lindert Schmerzen, Schwellungen und Entz\u00fcndungen im K\u00f6rper.<\/li>\n<li data-sourcepos=\"14:1-14:72\"><strong>St\u00e4rkung der Immunit\u00e4t<\/strong>\u00a0- ideal f\u00fcr Menschen mit Antibiotikaresistenz.<\/li>\n<li data-sourcepos=\"15:1-15:81\"><strong>Unterst\u00fctzung der Gewichtsabnahme<\/strong>\u00a0- reguliert den Stoffwechsel und f\u00f6rdert die Fettverbrennung.<\/li>\n<li data-sourcepos=\"16:1-16:95\"><strong>Senkung des Blutzuckerspiegels und des Blutdrucks<\/strong>\u00a0- tr\u00e4gt zur Vorbeugung von Herzkrankheiten und Diabetes bei.<\/li>\n<li data-sourcepos=\"17:1-17:97\"><strong>Vitamin- und Mineralstofferg\u00e4nzung<\/strong>\u00a0- st\u00e4rkt den K\u00f6rper und verbessert sein allgemeines Funktionieren.<\/li>\n<li data-sourcepos=\"18:1-18:87\"><strong>Verbesserung der Verdauung<\/strong>\u00a0- reguliert die Darmperistaltik und unterst\u00fctzt die bakterielle Flora.<\/li>\n<li data-sourcepos=\"19:1-20:0\"><strong>Wohltuende Wirkungen auf den Verdauungstrakt<\/strong>\u00a0- probiotische Eigenschaften.<\/li>\n<\/ul>\n<p data-sourcepos=\"21:1-21:56\"><strong>Oxymel Hanf mokuLAB - vielseitig einsetzbar:<\/strong><\/p>\n<ul data-sourcepos=\"23:1-27:0\">\n<li data-sourcepos=\"23:1-23:56\">Unverd\u00fcnnt als Naturheilmittel verzehren.<\/li>\n<li data-sourcepos=\"24:1-24:89\">Als Zusatz zu k\u00fchlen Getr\u00e4nken (Wasser, Saft, Tee), um deren N\u00e4hrwert zu erh\u00f6hen.<\/li>\n<li data-sourcepos=\"25:1-25:71\">Kreieren Sie ein k\u00f6stliches und gesundes Salatdressing, indem Sie Oxymel mit Ihrem Lieblingsoliven\u00f6l kombinieren.<\/li>\n<li data-sourcepos=\"26:1-27:0\">Sie werden den Gerichten zugef\u00fcgt, um deren Geschmack und Gesundheitseigenschaften zu verbessern.<\/li>\n<\/ul>\n<p data-sourcepos=\"28:1-28:72\"><strong>Entscheiden Sie sich f\u00fcr mokuLAB Hanf-Oxymel und sp\u00fcren Sie den Schub an nat\u00fcrlicher Energie!<\/strong><\/p>\n<p data-sourcepos=\"3:1-3:21\"><strong>Warum mokuLAB?<\/strong><\/p>\n<ul data-sourcepos=\"5:1-9:0\">\n<li data-sourcepos=\"5:1-5:153\"><strong>Nat\u00fcrliche Inhaltsstoffe:<\/strong>\u00a0Ihre Gesundheit und Ihr Wohlbefinden liegen uns am Herzen. Deshalb sind unsere Produkte frei von Parabenen, SLS und SLES, synthetischen Farb- und Duftstoffen.<\/li>\n<li data-sourcepos=\"6:1-6:157\"><strong>Maximale Konzentrationen:<\/strong>\u00a0Wir konzentrieren uns auf die Wirksamkeit, deshalb finden Sie in unseren Produkten die maximalen sicheren Konzentrationen an therapeutischen Inhaltsstoffen.<\/li>\n<li data-sourcepos=\"7:1-7:145\"><strong>Handgefertigt:<\/strong>\u00a0Wir garantieren h\u00f6chste Qualit\u00e4t f\u00fcr jedes Produkt und achten auf jedes Detail bei der Handarbeit in der mokuBIO-Manufaktur.<\/li>\n<li data-sourcepos=\"8:1-9:0\"><strong>Leidenschaft und Erfahrung:<\/strong>\u00a0Alles, was wir kreieren, ist das Ergebnis jahrelanger Forschung, Experimentierfreude und Engagement. Wir stecken unsere ganze Leidenschaft f\u00fcr nat\u00fcrliche Pflege in mokuBIO.<\/li>\n<\/ul>\n<p data-sourcepos=\"39:1-39:55\"><strong>mokuLAB - die nat\u00fcrliche Kraft des Hanfs f\u00fcr Ihre Gesundheit!<\/strong><\/p>\n<p data-sourcepos=\"41:1-41:10\"><strong>Achtung!<\/strong><\/p>\n<ul data-sourcepos=\"43:1-46:0\">\n<li data-sourcepos=\"43:1-43:50\">Lesen Sie vor dem Verzehr die Liste der Inhaltsstoffe.<\/li>\n<li data-sourcepos=\"44:1-44:67\">Nicht verwenden, wenn Sie auf einen der Inhaltsstoffe allergisch reagieren.<\/li>\n<li data-sourcepos=\"45:1-46:0\">Schwangere und stillende Frauen sollten vor dem Verzehr einen Arzt konsultieren.<\/li>\n<\/ul>\n<p data-sourcepos=\"22:1-22:52\"><strong>Oxymel - eine nat\u00fcrliche Alternative zu Antibiotika:<\/strong><\/p>\n<p data-sourcepos=\"24:1-24:224\">Im Gegensatz zu synthetischen Antibiotika hat Oxymel keine Nebenwirkungen und tr\u00e4gt nicht zur Entwicklung von Antibiotikaresistenzen bei. Es ist <strong>sichere und nat\u00fcrliche Weise<\/strong> zur St\u00e4rkung des K\u00f6rpers und zur Bek\u00e4mpfung von Infektionen.<\/p>\n<p data-sourcepos=\"26:1-26:31\"><strong>Entdecken Sie die Macht des Oxymels neu!<\/strong><\/p>\n<p data-sourcepos=\"28:1-28:136\">Oxymel ist <strong>eine einfache und wirksame Methode zur Verbesserung von Gesundheit und Immunit\u00e4t<\/strong>. Probieren Sie dieses nat\u00fcrliche Elixier und sp\u00fcren Sie den Schub der Vitalit\u00e4t!<\/p>\n<p data-sourcepos=\"30:1-30:24\"><strong>Wie wird Oxymel verwendet?<\/strong><\/p>\n<ul data-sourcepos=\"32:1-33:41\">\n<li data-sourcepos=\"32:1-32:85\">Nehmen Sie einen Teel\u00f6ffel Oxymel unverd\u00fcnnt zu sich oder f\u00fcgen Sie ihn Wasser, Saft oder Tee hinzu.<\/li>\n<li data-sourcepos=\"33:1-33:41\">Verwenden Sie Oxymel als nat\u00fcrliches Antibiotikum w\u00e4hrend einer Erk\u00e4ltung oder Grippe.<\/li>\n<li data-sourcepos=\"34:1-35:0\">St\u00e4rken Sie Ihre Immunit\u00e4t, indem Sie regelm\u00e4\u00dfig Oxymel trinken, z.B. einmal t\u00e4glich.<\/li>\n<\/ul>","protected":false},"excerpt":{"rendered":"<ul>\n<li>mokuLAB Hanfoxymel in der 250 ml Flasche<\/li>\n<li>Zutaten: Apfelessig, Honig, Knoblauch, Zwiebeln, Ingwer, Hanf mit CBD<\/li>\n<li>Traditionelles Rezept \u2013 manuelle Mazeration \u00fcber mehrere Wochen<\/li>\n<li>Nat\u00fcrliches Getr\u00e4nk \u2013 t\u00e4gliche Unterst\u00fctzung des Immunsystems<\/li>\n<li>K\u00fchl lagern, vor Gebrauch gut sch\u00fctteln<\/li>\n<\/ul>","protected":false},"featured_media":3727,"comment_status":"open","ping_status":"open","template":"","meta":{"_acf_changed":false,"_gspb_post_css":"","rank_math_title":"Oxymel konopny mokuLAB 250 ml \u2014 odporno\u015b\u0107 | u Bucha","rank_math_description":"Oxymel konopny mokuLAB 250 ml \u2014 \u017cywy ocet jab\u0142kowy, mi\u00f3d, czosnek, cebula, imbir i konopie siewne z CBD. Tradycyjna receptura, r\u0119czna maceracja.","rank_math_focus_keyword":"oxymel konopny","rank_math_facebook_title":"Oxymel konopny mokuLAB \u2014 250 ml, r\u0119czna maceracja","rank_math_facebook_description":"Tradycyjny nap\u00f3j z \u017cywego octu jab\u0142kowego, miodu, czosnku, cebuli, imbiru i konopi siewnych z CBD. R\u0119czna maceracja, butelka 250 ml.","rank_math_twitter_title":"Oxymel konopny mokuLAB 250 ml","rank_math_twitter_description":"Ocet jab\u0142kowy, mi\u00f3d, czosnek, cebula, imbir, konopie z CBD. 250 ml."},"product_brand":[],"product_cat":[332],"product_tag":[],"woo-feed-brand":[],"class_list":{"0":"post-6591","1":"product","2":"type-product","3":"status-publish","4":"has-post-thumbnail","6":"product_cat-witaminy","8":"first","9":"instock","10":"purchasable","11":"product-type-simple"},"ct_brands":[],"acf":[],"_links":{"self":[{"href":"https:\/\/ubucha.pl\/de\/wp-json\/wp\/v2\/product\/6591","targetHints":{"allow":["GET"]}}],"collection":[{"href":"https:\/\/ubucha.pl\/de\/wp-json\/wp\/v2\/product"}],"about":[{"href":"https:\/\/ubucha.pl\/de\/wp-json\/wp\/v2\/types\/product"}],"replies":[{"embeddable":true,"href":"https:\/\/ubucha.pl\/de\/wp-json\/wp\/v2\/comments?post=6591"}],"wp:featuredmedia":[{"embeddable":true,"href":"https:\/\/ubucha.pl\/de\/wp-json\/wp\/v2\/media\/3727"}],"wp:attachment":[{"href":"https:\/\/ubucha.pl\/de\/wp-json\/wp\/v2\/media?parent=6591"}],"wp:term":[{"taxonomy":"product_brand","embeddable":true,"href":"https:\/\/ubucha.pl\/de\/wp-json\/wp\/v2\/product_brand?post=6591"},{"taxonomy":"product_cat","embeddable":true,"href":"https:\/\/ubucha.pl\/de\/wp-json\/wp\/v2\/product_cat?post=6591"},{"taxonomy":"product_tag","embeddable":true,"href":"https:\/\/ubucha.pl\/de\/wp-json\/wp\/v2\/product_tag?post=6591"},{"taxonomy":"woo-feed-brand","embeddable":true,"href":"https:\/\/ubucha.pl\/de\/wp-json\/wp\/v2\/woo-feed-brand?post=6591"}],"curies":[{"name":"wp","href":"https:\/\/api.w.org\/{rel}","templated":true}]}}