{"id":6543,"date":"2025-09-26T13:53:26","date_gmt":"2025-09-26T11:53:26","guid":{"rendered":"https:\/\/ubucha.pl\/white-widow-tutti-frutti-guarana-strong-hemp-shot-610mg\/"},"modified":"2026-04-17T09:55:24","modified_gmt":"2026-04-17T07:55:24","slug":"weise-witwe-tutti-frutti-guarana-stark-hanf-schuss-610mg","status":"publish","type":"product","link":"https:\/\/ubucha.pl\/de\/white-widow-tutti-frutti-guarana-strong-hemp-shot-610mg\/","title":{"rendered":"WHITE WIDOW - Tutti Frutti - Guarana - Starker Hanf Shot 610MG"},"content":{"rendered":"<h2>WHITE WIDOW - Tutti Frutti - Guarana - Starker Hanf Shot 610MG<\/h2>\n<p>Entdecken Sie ein einzigartiges Energiegetr\u00e4nk, das die nat\u00fcrliche Kraft von Cannabis mit dem erfrischenden Geschmack von Multifrucht und dem Zusatz von Guarana und Koffein kombiniert. <strong>WHITE WIDOW Starker Hanf-Shot<\/strong> ist ein fl\u00fcssiges Nahrungserg\u00e4nzungsmittel, das bis zu 610 mg nat\u00fcrliche Phyton\u00e4hrstoffe, Flavonoide und Terpene pro Portion enth\u00e4lt. Es ist ideal f\u00fcr diejenigen, die nach nat\u00fcrlicher Energieunterst\u00fctzung und Entspannung in einem Produkt suchen.<\/p>\n<h3>Warum WHITE WIDOW Strong Hemp Shot w\u00e4hlen?<\/h3>\n<p>Haben Sie sich schon einmal gefragt, wie man die nat\u00fcrlichen Inhaltsstoffe von Hanf mit der energetisierenden Kraft von Guarana kombinieren kann? Dieser Hanf-Shot ist nicht nur eine Quelle nat\u00fcrlicher Phyton\u00e4hrstoffe, sondern auch eine gro\u00dfartige M\u00f6glichkeit, Ihre Stimmung zu heben und Ihre Konzentration zu steigern. Das im Produkt enthaltene Hanfsamen\u00f6l wird aus der Pflanze Cannabis sativa L. gewonnen und enth\u00e4lt das gesamte Spektrum an positiven Substanzen, die K\u00f6rper und Geist unterst\u00fctzen.<\/p>\n<p>Dar\u00fcber hinaus enth\u00e4lt das Pr\u00e4parat Vitamin C, L-Theanin und pulverisierte Melissenbl\u00e4tter, die zur Entspannung und Verbesserung der Stimmung beitragen, w\u00e4hrend Koffein und Guarana f\u00fcr eine nat\u00fcrliche Dosis Energie sorgen, ohne die typische Krise nach einem Energydrink.<\/p>\n<h3>Produktzusammensetzung - ganz nat\u00fcrlich und wirksam<\/h3>\n<table style=\"border-collapse: collapse; width: 100%; max-width: 600px;\" border=\"1\" cellspacing=\"0\" cellpadding=\"8\">\n<thead>\n<tr style=\"background-color: #f2f2f2;\">\n<th>Komponente<\/th>\n<th>Inhalt<\/th>\n<th>Beschreibung und Vorteile<\/th>\n<\/tr>\n<\/thead>\n<tbody>\n<tr>\n<td>Wasser<\/td>\n<td>-<\/td>\n<td>Ein wesentlicher Tr\u00e4ger von Inhaltsstoffen, die eine ausreichende Hydratation gew\u00e4hrleisten.<\/td>\n<\/tr>\n<tr>\n<td>Hanfsamen\u00f6l (Cannabis sativa L.)<\/td>\n<td>34,5 g\/100 ml<\/td>\n<td>Es enth\u00e4lt ein breites Spektrum an nat\u00fcrlichen Phyton\u00e4hrstoffen, Flavonoiden und Terpenen und unterst\u00fctzt das Nerven- und Immunsystem.<\/td>\n<\/tr>\n<tr>\n<td>Zucker<\/td>\n<td>-<\/td>\n<td>Eine nat\u00fcrliche Energiequelle, die den Geschmack des Getr\u00e4nks hervorhebt.<\/td>\n<\/tr>\n<tr>\n<td>Apfelsaft<\/td>\n<td>12%<\/td>\n<td>Zart fruchtiger Geschmack, reich an nat\u00fcrlichen Vitaminen und Antioxidantien.<\/td>\n<\/tr>\n<tr>\n<td>Birnensaft<\/td>\n<td>11,3%<\/td>\n<td>Nat\u00fcrliches Aroma und S\u00fc\u00dfe, die den Geschmack der verschiedenen Fr\u00fcchte unterst\u00fctzen.<\/td>\n<\/tr>\n<tr>\n<td>L-Ascorbins\u00e4ure (Vitamin C)<\/td>\n<td>12 mg (15% RWS*)<\/td>\n<td>Unterst\u00fctzt die Immunit\u00e4t und hat eine antioxidative Wirkung.<\/td>\n<\/tr>\n<tr>\n<td>Aromen<\/td>\n<td>-<\/td>\n<td>Nat\u00fcrliche Aromen, die den Tutti-Frutti-Geschmack verst\u00e4rken.<\/td>\n<\/tr>\n<tr>\n<td>Stabilisatoren: Xanthangummi, Akaziengummi, Guarkernmehl<\/td>\n<td>-<\/td>\n<td>Sie gew\u00e4hrleisten die richtige Konsistenz und Haltbarkeit des Produkts.<\/td>\n<\/tr>\n<tr>\n<td>L-Theanin<\/td>\n<td>5 mg<\/td>\n<td>Es hilft, den Geist zu entspannen und zu fokussieren und baut Stress ab.<\/td>\n<\/tr>\n<tr>\n<td>Pulverisierte Zitronenmelissebl\u00e4tter<\/td>\n<td>2,5 mg<\/td>\n<td>F\u00f6rdert die Entspannung und das geistige und k\u00f6rperliche Wohlbefinden.<\/td>\n<\/tr>\n<tr>\n<td>Koffein<\/td>\n<td>1 mg<\/td>\n<td>Es hat eine anregende Wirkung und verbessert die Wachsamkeit und Energie.<\/td>\n<\/tr>\n<tr>\n<td>Guarana<\/td>\n<td>0,5 mg<\/td>\n<td>Als nat\u00fcrliche Koffeinquelle unterst\u00fctzt es die Aufrechterhaltung von Energie und Konzentration.<\/td>\n<\/tr>\n<tr>\n<td>Zitronens\u00e4ure<\/td>\n<td>-<\/td>\n<td>Nat\u00fcrlicher S\u00e4ureregulator, verbessert den Geschmack.<\/td>\n<\/tr>\n<tr>\n<td>Konservierungsstoffe: Natriumbenzoat, Kaliumsorbat<\/td>\n<td>-<\/td>\n<td>Sie gew\u00e4hrleisten die langfristige Frische des Produkts.<\/td>\n<\/tr>\n<\/tbody>\n<\/table>\n<p><small>*% RWS - Referenzwerte f\u00fcr die Aufnahme von Lebensmitteln f\u00fcr Erwachsene.<\/small><\/p>\n<h3>Wie verwendet man WHITE WIDOW Strong Hemp Shot?<\/h3>\n<p>Die empfohlene Tagesdosis betr\u00e4gt <strong>2,5 ml einmal pro Tag<\/strong>. In einer Portion erhalten Sie bis zu 862,5 mg Hanf\u00f6l mit dem gesamten Spektrum an Phyton\u00e4hrstoffen, was die Supplementierung effektiv und einfach macht. Das Produkt wird mit einem praktischen Messbecher geliefert, um die genaue Dosierung zu erleichtern.<\/p>\n<p>Die besten Ergebnisse erzielen Sie, wenn Sie das Pr\u00e4parat regelm\u00e4\u00dfig einnehmen und dabei an Pausen denken: eine 2-t\u00e4gige Pause wird nach 5 Tagen empfohlen, eine 30-t\u00e4gige Pause am Ende eines 50-t\u00e4gigen Einnahmezyklus. \u00dcberschreiten Sie nicht die empfohlene Dosis und kombinieren Sie das Produkt nicht mit anderen Koffeinquellen oder \u00e4hnlichen Inhaltsstoffen.<\/p>\n<h3>Wichtige Informationen und Sicherheit bei der Verwendung<\/h3>\n<ul>\n<li>Das Produkt ist nur f\u00fcr Erwachsene \u00fcber 18 Jahren bestimmt.<\/li>\n<li>Es enth\u00e4lt Koffein (40 mg\/100 ml) und Guarana (20 mg\/10 ml).<\/li>\n<li>Nicht empfohlen f\u00fcr Kinder, schwangere und stillende Frauen.<\/li>\n<li>Vermeiden Sie die Einnahme vor dem Autofahren und wenn Sie Medikamente einnehmen oder an einer chronischen Krankheit leiden.<\/li>\n<li>Ein \u00fcberm\u00e4\u00dfiger Konsum kann abf\u00fchrend wirken.<\/li>\n<li>Bei Raumtemperatur, an einem trockenen und dunklen Ort und au\u00dferhalb der Reichweite von Kindern aufbewahren.<\/li>\n<li>Nach dem \u00d6ffnen im K\u00fchlschrank (1-2\u00b0C) aufbewahren und innerhalb von 50 Tagen verbrauchen.<\/li>\n<\/ul>\n<h3>Nutzerbewertungen<\/h3>\n<p>Die Anwender sch\u00e4tzen vor allem die nat\u00fcrliche Zusammensetzung und Wirksamkeit von WHITE WIDOW Strong Hemp Shot. Sie loben den erfrischenden Tutti-Frutti-Geschmack und die sanfte Stimulation ohne die f\u00fcr klassische Energydrinks typischen negativen Effekte. Viele heben auch die Verbesserung der Konzentration und den Stressabbau durch den Gehalt an Zitronenmelisse und L-Theanin hervor.<\/p>\n<h3>Beispiele f\u00fcr die Verwendung des Produkts<\/h3>\n<p>Dieser potente Hanfshot ist ideal:<\/p>\n<ul>\n<li>als nat\u00fcrlicher Energieschub w\u00e4hrend des Tages, wenn Sie einen Schub brauchen;<\/li>\n<li>zur Unterst\u00fctzung der Entspannung nach einem stressigen Tag dank Melisse und L-Theanin;<\/li>\n<li>f\u00fcr aktive Menschen, die eine ausgewogene Erg\u00e4nzung zur Unterst\u00fctzung des Wohlbefindens suchen;<\/li>\n<li>als Erg\u00e4nzung zu einer gesunden Ern\u00e4hrung, die nat\u00fcrliche Phyton\u00e4hrstoffe und Antioxidantien erfordert.<\/li>\n<\/ul>\n<h3>Hinweise zur Lagerung und Verwendung<\/h3>\n<p>Lagern Sie das Produkt bei Raumtemperatur, an einem schattigen und trockenen Ort, au\u00dferhalb der Reichweite von Kindern und Minderj\u00e4hrigen. Nach dem \u00d6ffnen die Flasche im K\u00fchlschrank aufbewahren und innerhalb von 50 Tagen verbrauchen, um die vollen Eigenschaften des Nahrungserg\u00e4nzungsmittels zu erhalten. Verwenden Sie den mitgelieferten Messbecher, um t\u00e4glich genau 2,5 ml zu dosieren.<\/p>\n<p>Vergessen Sie nicht, Pausen zur Nahrungserg\u00e4nzung einzulegen, damit Ihr K\u00f6rper die in WHITE WIDOW Strong Hemp Shot enthaltenen nat\u00fcrlichen Phyton\u00e4hrstoffe voll aussch\u00f6pfen kann.<\/p>","protected":false},"excerpt":{"rendered":"<p>WHITE WIDOW - Strong Hemp Shot ist ein nat\u00fcrliches Entspannungsgetr\u00e4nk mit Tutti-Frutti-Geschmack, angereichert mit Guarana und Koffein f\u00fcr ausgeglichene Energie. Er enth\u00e4lt 610 mg Phyton\u00e4hrstoffe aus Hanf, Vitamin C und Extrakte aus Melisse und L-Theanin, um Entspannung und Wohlbefinden zu f\u00f6rdern.<\/p>\n<p>Das Produkt ist praktisch in der Anwendung - eine Portion enth\u00e4lt 2,5 ml nat\u00fcrliche Inhaltsstoffe und ist ideal f\u00fcr einen schnellen Energieschub w\u00e4hrend des Tages. Das fl\u00fcssige Nahrungserg\u00e4nzungsmittel enth\u00e4lt 40 Portionen und ist perfekt f\u00fcr alle, die eine gesunde Alternative zu herk\u00f6mmlichen Energydrinks suchen.<\/p>","protected":false},"featured_media":3668,"comment_status":"open","ping_status":"closed","template":"","meta":{"_acf_changed":false,"_gspb_post_css":""},"product_brand":[],"product_cat":[98],"product_tag":[],"woo-feed-brand":[],"class_list":{"0":"post-6543","1":"product","2":"type-product","3":"status-publish","4":"has-post-thumbnail","6":"product_cat-shoty","8":"first","9":"instock","10":"sale","11":"purchasable","12":"product-type-simple"},"ct_brands":[],"acf":[],"_links":{"self":[{"href":"https:\/\/ubucha.pl\/de\/wp-json\/wp\/v2\/product\/6543","targetHints":{"allow":["GET"]}}],"collection":[{"href":"https:\/\/ubucha.pl\/de\/wp-json\/wp\/v2\/product"}],"about":[{"href":"https:\/\/ubucha.pl\/de\/wp-json\/wp\/v2\/types\/product"}],"replies":[{"embeddable":true,"href":"https:\/\/ubucha.pl\/de\/wp-json\/wp\/v2\/comments?post=6543"}],"wp:featuredmedia":[{"embeddable":true,"href":"https:\/\/ubucha.pl\/de\/wp-json\/wp\/v2\/media\/3668"}],"wp:attachment":[{"href":"https:\/\/ubucha.pl\/de\/wp-json\/wp\/v2\/media?parent=6543"}],"wp:term":[{"taxonomy":"product_brand","embeddable":true,"href":"https:\/\/ubucha.pl\/de\/wp-json\/wp\/v2\/product_brand?post=6543"},{"taxonomy":"product_cat","embeddable":true,"href":"https:\/\/ubucha.pl\/de\/wp-json\/wp\/v2\/product_cat?post=6543"},{"taxonomy":"product_tag","embeddable":true,"href":"https:\/\/ubucha.pl\/de\/wp-json\/wp\/v2\/product_tag?post=6543"},{"taxonomy":"woo-feed-brand","embeddable":true,"href":"https:\/\/ubucha.pl\/de\/wp-json\/wp\/v2\/woo-feed-brand?post=6543"}],"curies":[{"name":"wp","href":"https:\/\/api.w.org\/{rel}","templated":true}]}}