{"id":6539,"date":"2025-09-26T13:52:52","date_gmt":"2025-09-26T11:52:52","guid":{"rendered":"https:\/\/ubucha.pl\/nowa-odslona-750mg-zelki-cbd-cytrynowe-pure-cbd-750-mg-topical\/"},"modified":"2026-04-28T15:00:43","modified_gmt":"2026-04-28T13:00:43","slug":"neue-version-750mg-zitrone-cbd-gele-reines-cbd-750-mg-topisch","status":"publish","type":"product","link":"https:\/\/ubucha.pl\/de\/nowa-odslona-750mg-zelki-cbd-cytrynowe-pure-cbd-750-mg-topical\/","title":{"rendered":"NEU 750MG - Zitrone CBD Reines CBD Gelee 750 MG - TOPICAL"},"content":{"rendered":"<h2>Broad25 Hanf-Gel - 25mg CBD - Zitronengeschmack - TOPICAL<\/h2>\n<p>Entdecken Sie die einzigartigen Hanf-Gelees von Broad25 mit intensivem, erfrischendem Zitronengeschmack, das perfekte Nahrungserg\u00e4nzungsmittel f\u00fcr alle, die ihr Wohlbefinden und ihre Entspannung auf nat\u00fcrliche Weise unterst\u00fctzen wollen. Jedes Gelee enth\u00e4lt bis zu 25 mg eines hochwertigen Breitspektrum-Hanfextrakts, der reich an Cannabidiol (CBD) ist - einem Wirkstoff, der f\u00fcr seine gesundheitsf\u00f6rdernden Eigenschaften bekannt ist, ohne psychoaktive Effekte.<\/p>\n<h3>Warum sollten Sie sich f\u00fcr Broad25 Hanfgummis entscheiden?<\/h3>\n<p>Sind Sie auf der Suche nach einer wirksamen, nat\u00fcrlichen Methode, um Ihren K\u00f6rper bei der t\u00e4glichen Belastung und Erholung zu unterst\u00fctzen? Broad25 Gele k\u00f6nnten die perfekte L\u00f6sung sein! CBD, oder Cannabidiol, ist eines der wichtigsten Cannabinoide, das aus der Pflanze Cannabis sativa L. gewonnen wird. Es hat keine bet\u00e4ubende Wirkung, kann Ihnen aber helfen, einen Zustand der Entspannung und eine bessere Stimmung zu erreichen. Es ist ein ausgezeichnetes Produkt f\u00fcr k\u00f6rperlich aktive Menschen, die sich nach dem Sport erholen wollen, sowie f\u00fcr diejenigen, die eine nat\u00fcrliche Unterst\u00fctzung f\u00fcr das Nerven- und Immunsystem suchen.<\/p>\n<p>Die in Broad25-Gelee enthaltenen Cannabinoide wirken auf das Endocannabinoid-System, das f\u00fcr die Regulierung von Prozessen wie Schlaf, Stimmung und Stressreaktionen entscheidend ist, was diese Erg\u00e4nzung zu einem \u00e4u\u00dferst wertvollen Bestandteil der t\u00e4glichen Ern\u00e4hrung macht.<\/p>\n<h3>Wichtigste Produktmerkmale<\/h3>\n<table style=\"border-collapse: collapse; width: 100%; max-width: 600px;\" border=\"1\" cellspacing=\"0\" cellpadding=\"8\">\n<thead>\n<tr style=\"background-color: #f0f0f0;\">\n<th>Merkmal<\/th>\n<th>Beschreibung<\/th>\n<\/tr>\n<\/thead>\n<tbody>\n<tr>\n<td>Formular<\/td>\n<td>Hanf-Gelee mit Zitronengeschmack<\/td>\n<\/tr>\n<tr>\n<td>CBD-Gehalt<\/td>\n<td>25 mg CBD in jedem Gelee<\/td>\n<\/tr>\n<tr>\n<td>Art des Extrakts<\/td>\n<td>Breites Spektrum (volles Spektrum an Cannabinoiden, ohne THC)<\/td>\n<\/tr>\n<tr>\n<td>Verpackung<\/td>\n<td>30 Jelly Beans, Nettogewicht 90 g<\/td>\n<\/tr>\n<tr>\n<td>Geschmack<\/td>\n<td>Zitrone, nat\u00fcrlich erfrischend<\/td>\n<\/tr>\n<tr>\n<td>Empfohlene Dosis<\/td>\n<td>1-2 Jellybeans pro Tag, nicht mehr als 2 Jellybeans pro Tag<\/td>\n<\/tr>\n<tr>\n<td>Lagerung<\/td>\n<td>An einem trockenen, dunklen Ort bei 15-25\u00b0C, au\u00dferhalb der Reichweite von Kindern<\/td>\n<\/tr>\n<\/tbody>\n<\/table>\n<h3>Inhaltsstoffe<\/h3>\n<p>Die Hanfgels von Broad25 wurden unter Ber\u00fccksichtigung von Nat\u00fcrlichkeit und Qualit\u00e4t entwickelt. Sie umfassen:<\/p>\n<ul>\n<li>Zucker<\/li>\n<li>Glukosesirup<\/li>\n<li>Sorbitole - S\u00fc\u00dfungsmittel mit niedrigem glyk\u00e4mischen Index<\/li>\n<li>Gelatine - sie verleiht den Gelees eine angenehme Textur<\/li>\n<li>S\u00e4ureregulator - Zitronens\u00e4ure<\/li>\n<li>Geschmacksrichtungen - nat\u00fcrliches Zitronenaroma<\/li>\n<li>Farbe - Curcumin (nat\u00fcrlicher Pflanzenfarbstoff)<\/li>\n<li>Konservierungsmittel - Kaliumsorbat<\/li>\n<li>Raps\u00f6l<\/li>\n<li>Hanfsamen\u00f6l (Cannabis sativa L.) - eine nat\u00fcrliche Quelle von Cannabinoiden, einschlie\u00dflich 25 mg CBD pro Gel<\/li>\n<\/ul>\n<h3>Wie verwendet man Broad25 Hanfgelee?<\/h3>\n<p>Um die besten Ergebnisse zu erzielen, wird empfohlen, 1 bis 2 Jelly Beans pro Tag oral einzunehmen. \u00dcberschreiten Sie nicht eine Dosis von 2 Gelees pro Tag. Das Produkt wird nicht f\u00fcr schwangere oder stillende Frauen empfohlen. Denken Sie daran, dass Jelly Beans ein Nahrungserg\u00e4nzungsmittel sind und eine abwechslungsreiche Ern\u00e4hrung und eine gesunde Lebensweise, die die Grundlage f\u00fcr eine gute Gesundheit sind, nicht ersetzen k\u00f6nnen.<\/p>\n<h3>Sicherheit und Lagerung<\/h3>\n<p>Die Gele sollten an einem trockenen und dunklen Ort, bei einer Temperatur von 15 bis 25 \u00b0C und au\u00dferhalb der Reichweite von Kindern gelagert werden. Das Produkt ist bei bestimmungsgem\u00e4\u00dfem Gebrauch sicher, jedoch sollten Personen, die Medikamente einnehmen oder Bedenken bez\u00fcglich der Verwendung von CBD haben, ihren Arzt konsultieren.<\/p>\n<h3>Was sagen die Nutzer?<\/h3>\n<p>Obwohl die derzeit verf\u00fcgbaren Bewertungen begrenzt sind, loben die Kunden die Gelees f\u00fcr ihren angenehmen Geschmack und ihre einfache Anwendung. Viele bemerken die positiven Auswirkungen auf die t\u00e4gliche Entspannung und die verbesserte Erholung nach dem Sport. Broad25-Gelees sind also nicht nur eine wirksame, sondern auch eine schmackhafte Form der CBD-Erg\u00e4nzung.<\/p>\n<h3>Zus\u00e4tzliche Anwendungen und Anleitungen<\/h3>\n<p>Die Hanfgels von Broad25 eignen sich perfekt f\u00fcr die t\u00e4gliche Routine von aktiven Menschen, Sportlern und all jenen, die nach nat\u00fcrlichen Methoden zur Unterst\u00fctzung des Nerven- und Immunsystems suchen. Sie k\u00f6nnen sowohl morgens zur Unterst\u00fctzung der Konzentration und guten Laune als auch abends zur Beruhigung des K\u00f6rpers vor dem Schlafengehen verwendet werden.<\/p>\n<p>Um das Produkt frisch zu halten, empfehlen wir, die Verpackung nach jedem Gebrauch zu schlie\u00dfen und in der versiegelten Originalverpackung aufzubewahren.<\/p>\n<p><strong>Entscheiden Sie sich f\u00fcr eine nat\u00fcrliche Unterst\u00fctzung und probieren Sie Broad25 Hanfgelee - sp\u00fcren Sie die Kraft von CBD in einer praktischen Form mit tollem Zitronengeschmack!<\/strong><\/p>","protected":false},"excerpt":{"rendered":"<p>Entdecken Sie die nat\u00fcrliche Kraft von CBD mit Broad25 Hanf-Gelee mit erfrischendem Zitronengeschmack. Jedes Gelee enth\u00e4lt 25 mg Breitspektrum-Extrakt, der Entspannung und ein verbessertes Wohlbefinden f\u00f6rdert, ohne bet\u00e4ubend zu wirken.<\/p>\n<p>Ideal f\u00fcr alle, die Unterst\u00fctzung bei t\u00e4glichem Stress und bei der Erholung nach dem Sport suchen. Ein Produkt auf Basis nat\u00fcrlicher Inhaltsstoffe, sicher und einfach einzunehmen - nur 1-2 Gelees pro Tag.<\/p>\n<p>Entscheiden Sie sich f\u00fcr einen gesunden Lebensstil mit TOPICAL und genie\u00dfen Sie die Vorteile von Cannabis in einer praktischen Form. Bestellen Sie noch heute und sp\u00fcren Sie den Unterschied!<\/p>","protected":false},"featured_media":3661,"comment_status":"open","ping_status":"closed","template":"","meta":{"_acf_changed":false,"_gspb_post_css":"","rank_math_title":"","rank_math_description":"","rank_math_focus_keyword":"","rank_math_facebook_title":"","rank_math_facebook_description":"","rank_math_twitter_title":"","rank_math_twitter_description":""},"product_brand":[135],"product_cat":[104],"product_tag":[],"woo-feed-brand":[],"class_list":{"0":"post-6539","1":"product","2":"type-product","3":"status-publish","4":"has-post-thumbnail","6":"product_brand-topical","7":"product_cat-zelki","9":"first","10":"instock","11":"sale","12":"purchasable","13":"product-type-simple"},"ct_brands":[{"id":135,"name":"Aktuell","slug":"aktuell"}],"acf":[],"_links":{"self":[{"href":"https:\/\/ubucha.pl\/de\/wp-json\/wp\/v2\/product\/6539","targetHints":{"allow":["GET"]}}],"collection":[{"href":"https:\/\/ubucha.pl\/de\/wp-json\/wp\/v2\/product"}],"about":[{"href":"https:\/\/ubucha.pl\/de\/wp-json\/wp\/v2\/types\/product"}],"replies":[{"embeddable":true,"href":"https:\/\/ubucha.pl\/de\/wp-json\/wp\/v2\/comments?post=6539"}],"wp:featuredmedia":[{"embeddable":true,"href":"https:\/\/ubucha.pl\/de\/wp-json\/wp\/v2\/media\/3661"}],"wp:attachment":[{"href":"https:\/\/ubucha.pl\/de\/wp-json\/wp\/v2\/media?parent=6539"}],"wp:term":[{"taxonomy":"product_brand","embeddable":true,"href":"https:\/\/ubucha.pl\/de\/wp-json\/wp\/v2\/product_brand?post=6539"},{"taxonomy":"product_cat","embeddable":true,"href":"https:\/\/ubucha.pl\/de\/wp-json\/wp\/v2\/product_cat?post=6539"},{"taxonomy":"product_tag","embeddable":true,"href":"https:\/\/ubucha.pl\/de\/wp-json\/wp\/v2\/product_tag?post=6539"},{"taxonomy":"woo-feed-brand","embeddable":true,"href":"https:\/\/ubucha.pl\/de\/wp-json\/wp\/v2\/woo-feed-brand?post=6539"}],"curies":[{"name":"wp","href":"https:\/\/api.w.org\/{rel}","templated":true}]}}