{"id":65110,"date":"2026-05-06T10:30:53","date_gmt":"2026-05-06T08:30:53","guid":{"rendered":"https:\/\/ubucha.pl\/forest-fruit-hemp-shot\/"},"modified":"2026-05-08T14:25:19","modified_gmt":"2026-05-08T12:25:19","slug":"forest-fruit-hemp-shot","status":"publish","type":"product","link":"https:\/\/ubucha.pl\/de\/forest-fruit-hemp-shot\/","title":{"rendered":"Forest Fruit Hemp Shot"},"content":{"rendered":"<p><strong>\ud83c\udf32<\/strong><strong> Forest Fruit \u2013 konopny shot o smaku owoc\u00f3w le\u015bnych<\/strong><\/p>\n<p>Forest Fruit to intensywnie owocowy shot konopny stworzony dla os\u00f3b szukaj\u0105cych naturalnego wsparcia organizmu i chwili relaksu. Po\u0142\u0105czenie oleju z nasion konopi z kompozycj\u0105 sok\u00f3w owocowych daje przyjemny, lekko s\u0142odki smak inspirowany owocami le\u015bnymi, bez charakterystycznej goryczy.<\/p>\n<p>Formu\u0142a produktu zosta\u0142a wzbogacona o kofein\u0119 oraz L-teanin\u0119, dzi\u0119ki czemu mo\u017ce wspiera\u0107 koncentracj\u0119 i jednocze\u015bnie pomaga\u0107 w utrzymaniu r\u00f3wnowagi i wyciszenia. Dodatek melisy dodatkowo wp\u0142ywa na uczucie relaksu.<\/p>\n<p>Shot zawiera wysok\u0105 zawarto\u015b\u0107 oleju konopnego b\u0119d\u0105cego \u017ar\u00f3d\u0142em cennych sk\u0142adnik\u00f3w ro\u015blinnych, a tak\u017ce witamin\u0119 C (kwas L-askorbinowy), kt\u00f3ra wspiera odporno\u015b\u0107 organizmu.<\/p>\n<p>Dzi\u0119ki p\u0142ynnej formie produkt jest wygodny w u\u017cyciu i szybko si\u0119 przyswaja. Idealny do codziennego stosowania dla os\u00f3b aktywnych, zestresowanych lub potrzebuj\u0105cych naturalnego wsparcia.<\/p>\n<p><strong>\u2705<\/strong><strong> Najwa\u017cniejsze cechy:<\/strong><\/p>\n<ul>\n<li>wysoka zawarto\u015b\u0107 oleju konopnego<\/li>\n<li>naturalne soki owocowe: jab\u0142ko i gruszka<\/li>\n<li>kofeina (40 mg\/100 ml) \u2013 wsparcie energii i koncentracji<\/li>\n<li>L-teanina + melisa \u2013 efekt relaksuj\u0105cy i wyciszaj\u0105cy<\/li>\n<li>witamina C \u2013 wsparcie odporno\u015bci<\/li>\n<li>przyjemny smak owoc\u00f3w le\u015bnych<\/li>\n<li>wygodna forma shota<\/li>\n<\/ul>\n<p><strong>\ud83e\uddea<\/strong><strong> Zusammensetzung:<\/strong><\/p>\n<p>Woda, olej z nasion konopi siewnych (Cannabis sativa L.) (34,5 g\/100 ml), cukier, sok jab\u0142kowy (12%), sok gruszkowy (11,3%), kwas L-askorbinowy, aromaty, stabilizatory (guma ksantanowa, guma arabska, guma guar), L-teanina, sproszkowane li\u015bcie melisy, kofeina (40 mg\/100 ml), kwas cytrynowy, substancje konserwuj\u0105ce (benzoesan sodu, sorbinian potasu).<\/p>\n<p><strong>Produktvorteile<\/strong><\/p>\n<p><strong>&#8211; Na bazie oleju full spectrum,<\/strong><\/p>\n<p><strong>&#8211; Bez chlorofilu,<\/strong><\/p>\n<p><strong>&#8211; Bez zanieczyszcze\u0144,<\/strong><\/p>\n<p><strong>&#8211; Wykorzystano sk\u0142adniki pochodzenia naturalnego,<\/strong><\/p>\n<p><strong>&#8211; Ka\u017cda partia oleju zosta\u0142a przebadana,<\/strong><\/p>\n<p><strong>&#8211; Posiada naturalny profil terpenowy,<\/strong><\/p>\n<p><strong>&#8211; Stworzony z oleju pozbawionego wosku,<\/strong><\/p>\n<p><strong>&#8211; Zawiera naturalne fitokanabinoidy i flawonoidy.<\/strong><\/p>\n<p><strong>\u26a0\ufe0f<\/strong><strong>\u00a0Informationen und Warnhinweise<\/strong><\/p>\n<ul>\n<li>Das Produkt ist vorgesehen\u00a0<strong>Nur f\u00fcr Erwachsene (ab 18 Jahren)<\/strong><\/li>\n<li>Enth\u00e4lt Koffein \u2013 nicht mit anderen koffeinhaltigen Produkten kombinieren.<\/li>\n<li>Nicht zur Anwendung w\u00e4hrend Schwangerschaft und Stillzeit empfohlen.<\/li>\n<li>Nicht vor dem Autofahren verwenden.<\/li>\n<li>Nach dem \u00d6ffnen im K\u00fchlschrank (1\u20132 \u00b0C) aufbewahren und innerhalb von 53 Tagen verbrauchen.<\/li>\n<li>An einem trockenen, dunklen Ort und au\u00dferhalb der Reichweite von Kindern aufbewahren.<\/li>\n<\/ul>","protected":false},"excerpt":{"rendered":"<ul>\n<li>Hemp shot Forest Fruit \u2014 naturalny shot konopny w smaku owoc\u00f3w le\u015bnych<\/li>\n<li>Olej z nasion konopi siewnych (Cannabis sativa L.) jako baza<\/li>\n<li>Kofeina 40 mg\/100 ml + L-teanina i sproszkowana melisa<\/li>\n<li>Witamina C (kwas L-askorbinowy) \u2014 wsparcie odporno\u015bci<\/li>\n<li>Naturalne soki: jab\u0142ko (12%) i gruszka (11,3%); butelka 100 ml<\/li>\n<\/ul>","protected":false},"featured_media":65109,"comment_status":"open","ping_status":"closed","template":"","meta":{"_acf_changed":false,"_gspb_post_css":"","rank_math_title":"Forest Fruit Hemp Shot owoce le\u015bne 100 ml | u Bucha","rank_math_description":"Hemp shot owoce le\u015bne Forest Fruit 100 ml \u2014 olej z konopi, kofeina 40 mg, L-teanina, melisa i witamina C. Naturalny shot konopny z sokami jab\u0142ka i gruszki.","rank_math_focus_keyword":"hemp shot owoce le\u015bne","rank_math_facebook_title":"Forest Fruit Hemp Shot \u2014 owoce le\u015bne 100 ml","rank_math_facebook_description":"Hemp shot w smaku owoc\u00f3w le\u015bnych. Olej z nasion konopi, kofeina 40 mg, L-teanina, melisa i witamina C. Naturalne soki jab\u0142ka i gruszki, 100 ml.","rank_math_twitter_title":"Forest Fruit Hemp Shot 100 ml","rank_math_twitter_description":"Naturalny shot konopny w smaku owoc\u00f3w le\u015bnych \u2014 kofeina, L-teanina, witamina C. 100 ml."},"product_brand":[],"product_cat":[98],"product_tag":[],"woo-feed-brand":[],"class_list":{"0":"post-65110","1":"product","2":"type-product","3":"status-publish","4":"has-post-thumbnail","6":"product_cat-shoty","8":"first","9":"instock","10":"taxable","11":"shipping-taxable","12":"purchasable","13":"product-type-simple"},"ct_brands":[],"acf":[],"_links":{"self":[{"href":"https:\/\/ubucha.pl\/de\/wp-json\/wp\/v2\/product\/65110","targetHints":{"allow":["GET"]}}],"collection":[{"href":"https:\/\/ubucha.pl\/de\/wp-json\/wp\/v2\/product"}],"about":[{"href":"https:\/\/ubucha.pl\/de\/wp-json\/wp\/v2\/types\/product"}],"replies":[{"embeddable":true,"href":"https:\/\/ubucha.pl\/de\/wp-json\/wp\/v2\/comments?post=65110"}],"wp:featuredmedia":[{"embeddable":true,"href":"https:\/\/ubucha.pl\/de\/wp-json\/wp\/v2\/media\/65109"}],"wp:attachment":[{"href":"https:\/\/ubucha.pl\/de\/wp-json\/wp\/v2\/media?parent=65110"}],"wp:term":[{"taxonomy":"product_brand","embeddable":true,"href":"https:\/\/ubucha.pl\/de\/wp-json\/wp\/v2\/product_brand?post=65110"},{"taxonomy":"product_cat","embeddable":true,"href":"https:\/\/ubucha.pl\/de\/wp-json\/wp\/v2\/product_cat?post=65110"},{"taxonomy":"product_tag","embeddable":true,"href":"https:\/\/ubucha.pl\/de\/wp-json\/wp\/v2\/product_tag?post=65110"},{"taxonomy":"woo-feed-brand","embeddable":true,"href":"https:\/\/ubucha.pl\/de\/wp-json\/wp\/v2\/woo-feed-brand?post=65110"}],"curies":[{"name":"wp","href":"https:\/\/api.w.org\/{rel}","templated":true}]}}