{"id":6471,"date":"2025-09-26T13:52:30","date_gmt":"2025-09-26T11:52:30","guid":{"rendered":"https:\/\/ubucha.pl\/prawoslaz-susz-do-aromaterapii-ziola-kaszel\/"},"modified":"2026-02-24T15:33:15","modified_gmt":"2026-02-24T14:33:15","slug":"garnelenglas-getrocknet-fur-aromatherapie-hustenkrauter","status":"publish","type":"product","link":"https:\/\/ubucha.pl\/de\/prawoslaz-susz-do-aromaterapii-ziola-kaszel\/","title":{"rendered":"Hustenkr\u00e4uter getrocknet f\u00fcr Aromatherapie Kr\u00e4uter Husten"},"content":{"rendered":"<h2>Garnele - nat\u00fcrliche getrocknete Aromatherapie zur Unterst\u00fctzung der Gesundheit der Atemwege und der Verdauung<\/h2>\n<p><strong>Marshmallow<\/strong> ist ein Kraut mit einer reichen Tradition in der Naturmedizin, das f\u00fcr seine einzigartigen beruhigenden und schleimhautabschirmenden Eigenschaften bekannt ist. Unser getrocknetes 12-Gramm-Aromatherapie-Kraut ist ideal f\u00fcr alle, die eine nat\u00fcrliche Linderung von Husten, Halsreizungen und Verdauungsproblemen suchen.<\/p>\n<h3>Warum sollten Sie sich f\u00fcr getrocknete Goldrute entscheiden?<\/h3>\n<p>K\u00e4mpfen Sie mit einem hartn\u00e4ckigen trockenen oder feuchten Husten? Eibisch hat eine beschichtende und erweichende Wirkung auf die Schleimh\u00e4ute im Mund- und Rachenraum, die den Hustenreflex wirksam lindert und das Abhusten von festsitzendem Sekret erleichtert. Seine antiseptischen Eigenschaften sowie seine entz\u00fcndungshemmende und antioxidative Wirkung unterst\u00fctzen die Regeneration des gereizten Gewebes und sch\u00fctzen vor Infektionen.<\/p>\n<p>Was ist mit dem Verdauungssystem? Der Eibisch ist ein unverzichtbarer Verb\u00fcndeter bei Magen-Darm-Beschwerden. Er umh\u00fcllt und sch\u00fctzt die Schleimh\u00e4ute des Magens und der Speiser\u00f6hre und hilft so gegen Sodbrennen, Reflux oder Entz\u00fcndungen des Verdauungstraktes. Dar\u00fcber hinaus unterst\u00fctzt er die Verdauung und reguliert die Darmperistaltik, wodurch Verstopfungen wirksam bek\u00e4mpft werden.<\/p>\n<h3>Produktmerkmale und Vorteile<\/h3>\n<table style=\"border-collapse: collapse;width: 100%;max-width: 600px\" border=\"1\" cellspacing=\"0\" cellpadding=\"8\">\n<thead>\n<tr>\n<th>Merkmal<\/th>\n<th>Beschreibung<\/th>\n<\/tr>\n<\/thead>\n<tbody>\n<tr>\n<td>Gewicht<\/td>\n<td>12 Gramm nat\u00fcrlicher getrockneter Triticale<\/td>\n<\/tr>\n<tr>\n<td>Zweck<\/td>\n<td>Aromatherapie, Verdampfung, Unterst\u00fctzung der Gesundheit der Atemwege und der Verdauung<\/td>\n<\/tr>\n<tr>\n<td>Aktion<\/td>\n<td>Beschichtung, reizlindernd, antiseptisch, entz\u00fcndungshemmend, antioxidativ<\/td>\n<\/tr>\n<tr>\n<td>Gesundheitliche Vorteile<\/td>\n<td>Hustenlinderung, Unterst\u00fctzung des Abhustens, Abdeckung der Schleimh\u00e4ute, Unterst\u00fctzung der Verdauung<\/td>\n<\/tr>\n<tr>\n<td>Verdampfungstemperatur<\/td>\n<td>150-200\u00b0C f\u00fcr eine optimale Freisetzung der Wirkstoffe<\/td>\n<\/tr>\n<tr>\n<td>Verpackung<\/td>\n<td>Luftdicht, lichtdicht mit Feuchtigkeitsregler Boveda<\/td>\n<\/tr>\n<tr>\n<td>Urspr\u00fcnge<\/td>\n<td>Nat\u00fcrlicher, biologischer Anbau ohne k\u00fcnstliche Zusatzstoffe<\/td>\n<\/tr>\n<\/tbody>\n<\/table>\n<h3>Zusammensetzung von getrocknetem Triticale<\/h3>\n<p>Das Produkt enth\u00e4lt 100% nat\u00fcrliches getrocknetes Baldriangras (Althaea officinalis), das reich an pflanzlichen Schleimstoffen, Flavonoiden, Gerbstoffen und Verbindungen mit entz\u00fcndungshemmender und antioxidativer Wirkung ist. Infolgedessen umh\u00fcllt und sch\u00fctzt der Baldrian perfekt die Schleimh\u00e4ute und unterst\u00fctzt gleichzeitig die nat\u00fcrlichen Regenerationsprozesse des K\u00f6rpers.<\/p>\n<h3>Wie verwendet man getrockneten Baldrian f\u00fcr die Aromatherapie und die Verdampfung?<\/h3>\n<p>Um in den vollen Genuss der Vorteile des Baldrians zu kommen, empfehlen wir die Verwendung einer M\u00fchle, um das getrocknete Kraut fein zu mahlen - in unserem Sortiment finden Sie die richtigen Werkzeuge, um eine optimale K\u00f6rnung zu gew\u00e4hrleisten. Legen Sie dann das getrocknete Kraut in die Verdampferkammer und stellen Sie eine Temperatur zwischen 150-200\u00b0C ein. Bei dieser Temperatur werden die Wirkstoffe effektiv freigesetzt, ohne die Pflanze zu verbrennen, was einen sauberen und gesunden Inhalationseffekt garantiert.<\/p>\n<h3>Zus\u00e4tzliche Informationen zum Produkt<\/h3>\n<ul>\n<li><strong>Sicherheit:<\/strong> Das Trockenprodukt ist frei von k\u00fcnstlichen Zusatzstoffen, Pestiziden und Konservierungsmitteln, was seinen nat\u00fcrlichen Ursprung und seine hohe Qualit\u00e4t best\u00e4tigt.<\/li>\n<li><strong>Lagerung:<\/strong> Lagern Sie das Produkt in der luftdichten Originalverpackung bei einer Temperatur unter 18\u00b0C, gesch\u00fctzt vor Feuchtigkeit und Licht, um die Frische und die Eigenschaften des Krauts zu erhalten.<\/li>\n<li><strong>Verpackung:<\/strong> Jede Packung ist mit einem Boveda-Feuchtigkeitsregler ausgestattet, der den optimalen Feuchtigkeitsgehalt des getrockneten Produkts aufrechterh\u00e4lt, was zu einer besseren Verdampfungsqualit\u00e4t f\u00fchrt.<\/li>\n<\/ul>\n<h3>Nutzerbewertungen<\/h3>\n<p>Die Nutzer sch\u00e4tzen die rechte Klinge f\u00fcr ihre Wirksamkeit bei Husten und Halsreizungen. Viele positive Bewertungen heben auch die einfache Anwendung der getrockneten Pflanze beim Verdampfen und ihr angenehmes, zartes Aroma hervor. Die Kunden bemerken bereits nach wenigen Inhalationen eine Verbesserung des Atemkomforts und eine Linderung von Infektionen der oberen Atemwege.<\/p>\n<h3>Beispiele f\u00fcr die Verwendung des Produkts<\/h3>\n<ul>\n<li>T\u00e4gliche Aromatherapie w\u00e4hrend der Erk\u00e4ltungs- und Atemwegsinfektionssaison<\/li>\n<li>Unterst\u00fctzung bei Heiserkeit, Mandelentz\u00fcndung und Pharyngitis<\/li>\n<li>Zus\u00e4tzliche Unterst\u00fctzung der Verdauung bei Reflux, Sodbrennen und St\u00f6rungen der Darmperistaltik<\/li>\n<li>Nat\u00fcrliche Alternative zu synthetischen Hustenstillern und Reizstoffen<\/li>\n<\/ul>\n<p>W\u00e4hlen Sie <strong>Orthoslasm - getrocknet f\u00fcr die Aromatherapie<\/strong> und entdecken Sie die nat\u00fcrliche Kraft von Kr\u00e4utern, die seit Jahrhunderten Gesundheit und Wohlbefinden f\u00f6rdern. Sorgen Sie auf sanfte und sichere Weise f\u00fcr Linderung und Komfort!<\/p>","protected":false},"excerpt":{"rendered":"<p>Orthoslasm - ein nat\u00fcrliches getrocknetes Aromatherapiekraut, das trockenen und feuchten Husten wirksam lindert. Es lindert Reizungen, Heiserkeit und Entz\u00fcndungen der Atemwege dank seiner beschichtenden und abschirmenden Eigenschaften f\u00fcr die Schleimh\u00e4ute des Rachens.<\/p>\n<p>Der Baldrian erleichtert das Abhusten verbleibender Sekrete und hat entz\u00fcndungshemmende und antioxidative Wirkungen. Er ist eine ideale Wahl f\u00fcr alle, die eine nat\u00fcrliche Unterst\u00fctzung bei Infektionen der oberen Atemwege und bei Verdauungsproblemen suchen.<\/p>\n<p>Eibischtee hilft auch bei Magen-Darm-Beschwerden, lindert Sodbrennen, Reflux und f\u00f6rdert die Verdauung.<\/p>\n<p>&nbsp;<\/p>","protected":false},"featured_media":3539,"comment_status":"open","ping_status":"closed","template":"","meta":{"_acf_changed":false,"_gspb_post_css":"","rank_math_title":"","rank_math_description":"","rank_math_focus_keyword":"","rank_math_facebook_title":"","rank_math_facebook_description":"","rank_math_twitter_title":"","rank_math_twitter_description":""},"product_brand":[],"product_cat":[120],"product_tag":[],"woo-feed-brand":[],"class_list":{"0":"post-6471","1":"product","2":"type-product","3":"status-publish","4":"has-post-thumbnail","6":"product_cat-ziola","8":"first","9":"outofstock","10":"purchasable","11":"product-type-simple"},"ct_brands":[],"acf":[],"_links":{"self":[{"href":"https:\/\/ubucha.pl\/de\/wp-json\/wp\/v2\/product\/6471","targetHints":{"allow":["GET"]}}],"collection":[{"href":"https:\/\/ubucha.pl\/de\/wp-json\/wp\/v2\/product"}],"about":[{"href":"https:\/\/ubucha.pl\/de\/wp-json\/wp\/v2\/types\/product"}],"replies":[{"embeddable":true,"href":"https:\/\/ubucha.pl\/de\/wp-json\/wp\/v2\/comments?post=6471"}],"wp:featuredmedia":[{"embeddable":true,"href":"https:\/\/ubucha.pl\/de\/wp-json\/wp\/v2\/media\/3539"}],"wp:attachment":[{"href":"https:\/\/ubucha.pl\/de\/wp-json\/wp\/v2\/media?parent=6471"}],"wp:term":[{"taxonomy":"product_brand","embeddable":true,"href":"https:\/\/ubucha.pl\/de\/wp-json\/wp\/v2\/product_brand?post=6471"},{"taxonomy":"product_cat","embeddable":true,"href":"https:\/\/ubucha.pl\/de\/wp-json\/wp\/v2\/product_cat?post=6471"},{"taxonomy":"product_tag","embeddable":true,"href":"https:\/\/ubucha.pl\/de\/wp-json\/wp\/v2\/product_tag?post=6471"},{"taxonomy":"woo-feed-brand","embeddable":true,"href":"https:\/\/ubucha.pl\/de\/wp-json\/wp\/v2\/woo-feed-brand?post=6471"}],"curies":[{"name":"wp","href":"https:\/\/api.w.org\/{rel}","templated":true}]}}