{"id":6459,"date":"2025-09-26T13:52:30","date_gmt":"2025-09-26T11:52:30","guid":{"rendered":"https:\/\/ubucha.pl\/guarana-susz-do-aromaterapii-ziola-pobudza-kofeina\/"},"modified":"2026-04-22T07:01:26","modified_gmt":"2026-04-22T05:01:26","slug":"guarana-getrocknetes-aromatherapiekraut-stimuliert-koffein","status":"publish","type":"product","link":"https:\/\/ubucha.pl\/de\/guarana-susz-do-aromaterapii-ziola-pobudza-kofeina\/","title":{"rendered":"GUARANA getrocknetes Aromatherapiekraut stimuliert Koffein"},"content":{"rendered":"<h2>Guarana getrocknet f\u00fcr die Aromatherapie - ein nat\u00fcrlicher Schub an Energie und Vitalit\u00e4t<\/h2>\n<p>Suchen Sie nach einer nat\u00fcrlichen und wirksamen Methode, um Ihren K\u00f6rper zu stimulieren, Ihre Konzentration zu verbessern und sich stundenlang mit Energie zu versorgen? Guarana getrocknet f\u00fcr die Aromatherapie ist ein Produkt, das speziell f\u00fcr Sie entwickelt wurde! Aus ganzen Guarana-Fr\u00fcchten, die in einer 20-Gramm-Packung erh\u00e4ltlich sind, bieten wir ein nat\u00fcrliches Produkt zur Trockenverdampfung an, das dank seines Koffeingehalts eine lang anhaltende stimulierende Wirkung hat, vergleichbar mit einer Tasse starken Kaffees, die jedoch viel l\u00e4nger anh\u00e4lt.<\/p>\n<h3>Warum Guarana zum Verdampfen w\u00e4hlen?<\/h3>\n<p>Guarana ist eine Pflanze, die f\u00fcr ihre zahlreichen gesundheitlichen Eigenschaften bekannt ist und gesch\u00e4tzt wird. Wussten Sie, dass seine anregende Wirkung nicht nur Energie spendet, sondern auch das Nervensystem unterst\u00fctzt? Dank seines Koffeingehalts verbessert es Ged\u00e4chtnis und Konzentration, wirkt k\u00f6rperlicher und geistiger Erm\u00fcdung entgegen und st\u00e4rkt dank seiner antioxidativen und antimikrobiellen Eigenschaften das Immunsystem.<\/p>\n<p>Dar\u00fcber hinaus tr\u00e4gt Guarana zur Erhaltung der kardiovaskul\u00e4ren Gesundheit bei und kann das Risiko einer erektilen Dysfunktion verringern, indem es die Durchblutung der glatten Muskulatur verbessert. Dies macht es zu einer ausgezeichneten Unterst\u00fctzung sowohl f\u00fcr k\u00f6rperlich aktive Menschen als auch f\u00fcr diejenigen, die einen zus\u00e4tzlichen Energieschub f\u00fcr ihren Alltag ben\u00f6tigen.<\/p>\n<h3>Zusammensetzung des Produkts<\/h3>\n<p>Guarana getrocknet ist eine nat\u00fcrliche, ganze Guarana-Frucht, ohne chemische Zus\u00e4tze oder k\u00fcnstliche Substanzen. Die Packung enth\u00e4lt 20 Gramm sorgf\u00e4ltig ausgew\u00e4hlte Trockenfr\u00fcchte, die f\u00fcr die Verdampfung vorbereitet sind. Seine Reinheit und Qualit\u00e4t garantieren die beste aromatherapeutische Wirkung.<\/p>\n<h3>Wie wird Guarana getrocknet f\u00fcr die Aromatherapie verwendet?<\/h3>\n<p>Die Verdampfung von Guarana ist \u00e4u\u00dferst einfach. Die empfohlene Verdampfungstemperatur liegt zwischen 125 und 175 Grad Celsius - in diesem Bereich erm\u00f6glicht die Temperatur die vollst\u00e4ndige Freisetzung der aktiven Eigenschaften, haupts\u00e4chlich des Koffeins, ohne das Pflanzenmaterial zu verbrennen. Denken Sie daran, das trockene Material vor der Verwendung mit einer geeigneten M\u00fchle gut zu mahlen, um eine gleichm\u00e4\u00dfige und effektive Erw\u00e4rmung zu gew\u00e4hrleisten.<\/p>\n<p>So kommen Sie in den Genuss eines intensiven Aromas und einer maximal anregenden Wirkung, die viel l\u00e4nger anh\u00e4lt als bei herk\u00f6mmlichem Kaffee.<\/p>\n<table style=\"border-collapse: collapse; width: 100%; max-width: 600px;\" border=\"1\" cellspacing=\"0\" cellpadding=\"8\">\n<thead>\n<tr style=\"background-color: #f2f2f2;\">\n<th>Merkmal<\/th>\n<th>Beschreibung<\/th>\n<\/tr>\n<\/thead>\n<tbody>\n<tr>\n<td>Produkt<\/td>\n<td>Guarana getrocknet f\u00fcr die Aromatherapie (ganze Frucht, die gesch\u00e4lt werden muss)<\/td>\n<\/tr>\n<tr>\n<td>Kapazit\u00e4t<\/td>\n<td>20 Gramm<\/td>\n<\/tr>\n<tr>\n<td>Aktiver Inhalt<\/td>\n<td>Nat\u00fcrliches Koffein aus Guaranasamen<\/td>\n<\/tr>\n<tr>\n<td>Empfohlene Verdampfungstemperatur<\/td>\n<td>125-175\u00b0C<\/td>\n<\/tr>\n<tr>\n<td>Vorteile<\/td>\n<td>Anregung, Steigerung der Energie, Verbesserung der Konzentration, Unterst\u00fctzung des Nerven- und Immunsystems<\/td>\n<\/tr>\n<tr>\n<td>Verpackung<\/td>\n<td>Hermetisch, lichtdicht mit Dichtung und Feuchtigkeitsregler BOVEDA<\/td>\n<\/tr>\n<tr>\n<td>Methode des Anbaus<\/td>\n<td>Nat\u00fcrlich, chemiefrei<\/td>\n<\/tr>\n<\/tbody>\n<\/table>\n<h3>Zus\u00e4tzliche Informationen und Anleitungen<\/h3>\n<p>Guarana wird in einer Verpackung in Apothekenqualit\u00e4t verpackt, die das getrocknete Produkt vor Luft und Licht sch\u00fctzt. So beh\u00e4lt es lange seine Frische und seine vollen Eigenschaften. Jede Packung enth\u00e4lt einen BOVEDA-Feuchtigkeitsregulator, der den optimalen Feuchtigkeitsgehalt des getrockneten Produkts aufrechterh\u00e4lt und verhindert, dass es austrocknet oder schimmelt.<\/p>\n<p>Das Produkt wird unter kontrollierten Bedingungen bei einer Temperatur von nicht mehr als 18 Grad Celsius gelagert, was die Aufrechterhaltung der h\u00f6chsten Qualit\u00e4t und Wirksamkeit garantiert.<\/p>\n<h3>Nutzerbewertungen<\/h3>\n<p>Die Nutzer sch\u00e4tzen Guarana f\u00fcr seine nat\u00fcrliche stimulierende Wirkung, die auch nach dem Verdampfen noch lange anh\u00e4lt. Sie loben auch den reinen, nat\u00fcrlichen Ursprung des Produkts und die praktische, luftdichte Verpackung, die eine einfache Aufbewahrung erm\u00f6glicht.<\/p>\n<p>\u201eIch nehme Guarana jeden Morgen - es hilft mir, mich zu konzentrieren und Energie zu tanken, ohne dass ich so nerv\u00f6s werde wie nach einem Kaffee.\u201d<\/p>\n<p>\u201eEin gro\u00dfartiges Produkt, nat\u00fcrlich und wirksam, ich w\u00fcrde es jedem empfehlen, der eine Alternative zum herk\u00f6mmlichen Kaffee sucht.\u201d<\/p>\n<h3>Hinweise zur Lagerung und Verwendung<\/h3>\n<ul>\n<li>Trocken, k\u00fchl und vor direkter Sonneneinstrahlung gesch\u00fctzt lagern.<\/li>\n<li>Verschlie\u00dfen Sie die Verpackung nach dem Gebrauch immer gut, um die Frische zu erhalten.<\/li>\n<li>Verwenden Sie eine geeignete M\u00fchle, um das Guarana vor dem Verdampfen zu zerkleinern, um eine optimale Wirkung zu erzielen.<\/li>\n<li>Beachten Sie die empfohlene Verdampfungstemperatur, um Verbrennungen zu vermeiden und die Eigenschaften der Kr\u00e4uter zu erhalten.<\/li>\n<\/ul>\n<h3>Zusammenfassung<\/h3>\n<p>Guarana getrocknet f\u00fcr die Aromatherapie ist ein Produkt, das die Kraft nat\u00fcrlicher Kr\u00e4uter mit dem Komfort der Verdampfung verbindet. Dank der hohen Qualit\u00e4t der ganzen Guarana-Frucht und der geeigneten Verpackung erhalten Sie eine wirksame, sichere und lang anhaltende stimulierende Wirkung und viele gesundheitliche Vorteile. Es ist eine ausgezeichnete Wahl f\u00fcr alle, die sich mit nat\u00fcrlichen Methoden um ihre Energie und ihr Wohlbefinden k\u00fcmmern wollen.<\/p>\n<p>Bestellen Sie Guarana noch heute und entdecken Sie, wie viel die nat\u00fcrliche getrocknete Aromatherapie bewirken kann!<\/p>","protected":false},"excerpt":{"rendered":"<p>Entdecken Sie die nat\u00fcrliche Kraft von GUARANA, einer trockenen Aromatherapie, die dank ihres Koffeingehalts anregt. Es ist die ideale Wahl f\u00fcr diejenigen, die lang anhaltende Energie und verbesserte Konzentration ben\u00f6tigen.<\/p>\n<p>Guarana hat eine stimulierende Wirkung auf das Nervensystem, verbessert das Ged\u00e4chtnis und unterst\u00fctzt die Immunit\u00e4t. Verdampfen Sie es bei 125-175\u00b0C, um seine Eigenschaften voll auszusch\u00f6pfen.<\/p>\n<p>Das getrocknete Produkt wird in einem luftdichten, lichtbest\u00e4ndigen Beh\u00e4lter mit einem Feuchtigkeitsregler verpackt, um Frische und h\u00f6chste Qualit\u00e4t zu gew\u00e4hrleisten.<\/p>\n<p>Bestellen Sie jetzt und genie\u00dfen Sie einen nat\u00fcrlichen Schub, der l\u00e4nger anh\u00e4lt als eine Tasse Kaffee!<\/p>","protected":false},"featured_media":3519,"comment_status":"open","ping_status":"closed","template":"","meta":{"_acf_changed":false,"_gspb_post_css":"","rank_math_title":"","rank_math_description":"","rank_math_focus_keyword":"","rank_math_facebook_title":"","rank_math_facebook_description":"","rank_math_twitter_title":"","rank_math_twitter_description":""},"product_brand":[],"product_cat":[120],"product_tag":[],"woo-feed-brand":[],"class_list":{"0":"post-6459","1":"product","2":"type-product","3":"status-publish","4":"has-post-thumbnail","6":"product_cat-ziola","8":"first","9":"instock","10":"purchasable","11":"product-type-simple"},"ct_brands":[],"acf":[],"_links":{"self":[{"href":"https:\/\/ubucha.pl\/de\/wp-json\/wp\/v2\/product\/6459","targetHints":{"allow":["GET"]}}],"collection":[{"href":"https:\/\/ubucha.pl\/de\/wp-json\/wp\/v2\/product"}],"about":[{"href":"https:\/\/ubucha.pl\/de\/wp-json\/wp\/v2\/types\/product"}],"replies":[{"embeddable":true,"href":"https:\/\/ubucha.pl\/de\/wp-json\/wp\/v2\/comments?post=6459"}],"wp:featuredmedia":[{"embeddable":true,"href":"https:\/\/ubucha.pl\/de\/wp-json\/wp\/v2\/media\/3519"}],"wp:attachment":[{"href":"https:\/\/ubucha.pl\/de\/wp-json\/wp\/v2\/media?parent=6459"}],"wp:term":[{"taxonomy":"product_brand","embeddable":true,"href":"https:\/\/ubucha.pl\/de\/wp-json\/wp\/v2\/product_brand?post=6459"},{"taxonomy":"product_cat","embeddable":true,"href":"https:\/\/ubucha.pl\/de\/wp-json\/wp\/v2\/product_cat?post=6459"},{"taxonomy":"product_tag","embeddable":true,"href":"https:\/\/ubucha.pl\/de\/wp-json\/wp\/v2\/product_tag?post=6459"},{"taxonomy":"woo-feed-brand","embeddable":true,"href":"https:\/\/ubucha.pl\/de\/wp-json\/wp\/v2\/woo-feed-brand?post=6459"}],"curies":[{"name":"wp","href":"https:\/\/api.w.org\/{rel}","templated":true}]}}