{"id":64523,"date":"2026-04-29T13:11:20","date_gmt":"2026-04-29T11:11:20","guid":{"rendered":"https:\/\/ubucha.pl\/zelki-m12-bears-pineapple-65g-zelki-konopne\/"},"modified":"2026-04-29T13:15:28","modified_gmt":"2026-04-29T11:15:28","slug":"m12-bears-ananas-gummibarchen-65g-hanf-gummibarchen","status":"publish","type":"product","link":"https:\/\/ubucha.pl\/de\/zelki-m12-bears-pineapple-65g-zelki-konopne\/","title":{"rendered":"M12 BEARS Ananas-Gummib\u00e4rchen 65g Hanf-Gummib\u00e4rchen"},"content":{"rendered":"<h2>M12 BEARS Ananas-Gelee \u2013 exotischer Geschmack in Geleeform<\/h2>\n<p>M12 BEARS ANANAS sind b\u00e4renf\u00f6rmige Fruchtgummis, die fruchtigen Ananasgeschmack mit Hanfsamen\u00f6l, Vitamin C und L-Theanin \u2013 einer Aminos\u00e4ure, die unter anderem nat\u00fcrlich in Gr\u00fcnteebl\u00e4ttern vorkommt \u2013 kombinieren. Jedes Fruchtgummi liefert die empfohlene Tagesdosis an Vitamin C, L-Theanin und nat\u00fcrlichen Hanf-Phyton\u00e4hrstoffen \u2013 schnell und einfach zu verzehren, ohne Zubereitung.<\/p>\n<p>In einer Portion (1 Gelee) finden Sie <strong>10 mg nat\u00fcrliche Flavonoide und Terpene<\/strong> und <strong>10 mg Vitamin C (12,51 TP3T RWS)<\/strong>. Verpackung <strong>65 g<\/strong> enth\u00e4lt ein Minimum <strong>15 Portionen<\/strong>.<\/p>\n<h3>Zusammensetzung<\/h3>\n<p>Zucker, Gelatine, Hanfsamen\u00f6l (8%), Fruchts\u00e4fte (Erdbeere, Pfirsich, Zitrone), S\u00e4ureregulator, Ascorbins\u00e4ure (0,4%), L-Theanin (0,4%), Aroma, nat\u00fcrlicher Farbstoff (Anthocyane, Chlorophyll), \u00dcberzugsmittel (Bienenwachs).<\/p>\n<p><strong>Ein rein nat\u00fcrliches Produkt.<\/strong><\/p>\n<h3>Gebrauchsanweisung<\/h3>\n<p><strong>Die empfohlene Tagesdosis betr\u00e4gt 1 Gel.<\/strong> Verzehren Sie ein Fruchtgummi vor oder w\u00e4hrend einer Mahlzeit. \u00dcberschreiten Sie nicht die empfohlene Tagesdosis. Nach dem \u00d6ffnen innerhalb von 30 Tagen verbrauchen.<\/p>\n<p>Dieses Produkt sollte nicht als Ersatz f\u00fcr eine abwechslungsreiche Ern\u00e4hrung verwendet werden. Eine abwechslungsreiche Ern\u00e4hrung und eine gesunde Lebensweise werden empfohlen.<\/p>\n<h3>Lagerung<\/h3>\n<p>Trocken und dunkel lagern, au\u00dferhalb der Reichweite von Kleinkindern. Verfallsdatum und Chargennummer befinden sich auf der Verpackung.<\/p>\n<h3>Warnungen<\/h3>\n<p>Dieses Produkt ist f\u00fcr Erwachsene bestimmt. Au\u00dferhalb der Reichweite von Kleinkindern aufbewahren. Nicht anwenden, wenn Sie gegen einen der Inhaltsstoffe \u00fcberempfindlich sind. Im Zweifelsfall Ihren Arzt konsultieren.<\/p>\n<h3>Weitere Informationen<\/h3>\n<ul>\n<li>Leistung: extra stark<\/li>\n<li>Gewicht: 65 g \/ mind. 15 St\u00fcck<\/li>\n<li>Verzehrsempfehlung: 1 Gelee t\u00e4glich<\/li>\n<li>Geschmack: Ananas<\/li>\n<\/ul>","protected":false},"excerpt":{"rendered":"<p><strong>M12 B\u00c4REN Ananas-Gelee 65 g<\/strong> \u2014 Fruchtgummis mit Ananasgeschmack, angereichert mit Hanfsamen\u00f6l, nat\u00fcrlichen Flavonoiden, Terpenen, Vitamin C und L-Theanin. Jede Packung enth\u00e4lt mindestens 15 St\u00fcck.<\/p>","protected":false},"featured_media":64522,"comment_status":"open","ping_status":"closed","template":"","meta":{"_acf_changed":false,"_gspb_post_css":"","rank_math_title":"","rank_math_description":"","rank_math_focus_keyword":"","rank_math_facebook_title":"","rank_math_facebook_description":"","rank_math_twitter_title":"","rank_math_twitter_description":""},"product_brand":[93],"product_cat":[104],"product_tag":[],"woo-feed-brand":[],"class_list":{"0":"post-64523","1":"product","2":"type-product","3":"status-publish","4":"has-post-thumbnail","6":"product_brand-dutch-therapy","7":"product_cat-zelki","9":"first","10":"instock","11":"taxable","12":"shipping-taxable","13":"purchasable","14":"product-type-simple"},"ct_brands":[{"id":93,"name":"Holl\u00e4ndische Therapie","slug":"hollandische-therapie"}],"acf":[],"_links":{"self":[{"href":"https:\/\/ubucha.pl\/de\/wp-json\/wp\/v2\/product\/64523","targetHints":{"allow":["GET"]}}],"collection":[{"href":"https:\/\/ubucha.pl\/de\/wp-json\/wp\/v2\/product"}],"about":[{"href":"https:\/\/ubucha.pl\/de\/wp-json\/wp\/v2\/types\/product"}],"replies":[{"embeddable":true,"href":"https:\/\/ubucha.pl\/de\/wp-json\/wp\/v2\/comments?post=64523"}],"wp:featuredmedia":[{"embeddable":true,"href":"https:\/\/ubucha.pl\/de\/wp-json\/wp\/v2\/media\/64522"}],"wp:attachment":[{"href":"https:\/\/ubucha.pl\/de\/wp-json\/wp\/v2\/media?parent=64523"}],"wp:term":[{"taxonomy":"product_brand","embeddable":true,"href":"https:\/\/ubucha.pl\/de\/wp-json\/wp\/v2\/product_brand?post=64523"},{"taxonomy":"product_cat","embeddable":true,"href":"https:\/\/ubucha.pl\/de\/wp-json\/wp\/v2\/product_cat?post=64523"},{"taxonomy":"product_tag","embeddable":true,"href":"https:\/\/ubucha.pl\/de\/wp-json\/wp\/v2\/product_tag?post=64523"},{"taxonomy":"woo-feed-brand","embeddable":true,"href":"https:\/\/ubucha.pl\/de\/wp-json\/wp\/v2\/woo-feed-brand?post=64523"}],"curies":[{"name":"wp","href":"https:\/\/api.w.org\/{rel}","templated":true}]}}