{"id":64508,"date":"2026-04-29T13:11:01","date_gmt":"2026-04-29T11:11:01","guid":{"rendered":"https:\/\/ubucha.pl\/napoj-m12-drank-apple-100ml-shot-konopny\/"},"modified":"2026-04-29T17:06:18","modified_gmt":"2026-04-29T15:06:18","slug":"m12-drink-apfel-100ml-hanfshot","status":"publish","type":"product","link":"https:\/\/ubucha.pl\/de\/napoj-m12-drank-apple-100ml-shot-konopny\/","title":{"rendered":"M12 DRANK APPLE 100ml Hanf-Shot"},"content":{"rendered":"<h2>M12 DRANK APPLE - Nahrungserg\u00e4nzungsmittel mit Apfelgeschmack<\/h2>\n<p>M12 DRANK APPLE ist ein Konzentrat in einer praktischen 100-ml-Flasche. Jede 2,5-ml-Portion enth\u00e4lt <strong>650 mg Hanfsamen\u00f6l mit einem vollen Spektrum an nat\u00fcrlichen Phyton\u00e4hrstoffen<\/strong>, einschlie\u00dflich Flavonoiden und Terpenen, sowie <strong>80 mg Vitamin C (100% RWS)<\/strong> und <strong>10 mg L-Theanin<\/strong> \u2014 eine Aminos\u00e4ure, die unter anderem in gr\u00fcnen Teebl\u00e4ttern nat\u00fcrlich vorkommt.<\/p>\n<p>Ein Paket ist <strong>40 Portionen<\/strong>. Das Produkt wird mit einem Messbecher zur einfachen Dosierung geliefert. Der saftige Apfelgeschmack und das praktische Shot-Format machen die t\u00e4gliche Einnahme zum Kinderspiel.<\/p>\n<h3>Zusammensetzung<\/h3>\n<p>Wasser, Hanfsamen\u00f6l (<em>Cannabis sativa L.<\/em>), Apfelsaft (15%), Apfelkonzentrat (5%), Zitronensaft (3%), nat\u00fcrliches Aroma, Stabilisatoren: Gummi arabicum, Emulgator: Lecithine (aus Soja), L-Theanin, Konservierungsmittel: Natriumbenzoat.<\/p>\n<h3>Gebrauchsanweisung<\/h3>\n<p><strong>Empfohlene Tagesdosis: 2,5 ml einmal t\u00e4glich.<\/strong> Die empfohlene Tagesdosis darf nicht \u00fcberschritten werden. Nahrungserg\u00e4nzungsmittel sollten nicht als Ersatz f\u00fcr eine abwechslungsreiche Ern\u00e4hrung verwendet werden.<\/p>\n<p><strong>Vor Gebrauch sch\u00fctteln!<\/strong><\/p>\n<h3>N\u00e4hrwertangaben pro 100 g Produkt<\/h3>\n<ul>\n<li>Energiewert: 264,25 kcal \/ 1105,62 kJ<\/li>\n<li>Fett: 22,08 g, davon ges\u00e4ttigte Fetts\u00e4uren: 2,0 g<\/li>\n<li>Kohlenhydrate: 16,37 g, davon Zucker: 13,8 g<\/li>\n<li>Protein: 0,18 g<\/li>\n<li>Salz: 0 g<\/li>\n<\/ul>\n<h3>Lagerung<\/h3>\n<p>Bei Raumtemperatur, an einem trockenen und dunklen Ort und au\u00dferhalb der Reichweite von Kleinkindern lagern. <strong>Nach dem \u00d6ffnen im K\u00fchlschrank aufbewahren.<\/strong> Mindestens haltbar bis: Datum und Chargennummer auf dem Etikett.<\/p>\n<h3>Warnungen<\/h3>\n<p>Dieses Produkt ist f\u00fcr k\u00f6rperlich aktive Personen ab 18 Jahren bestimmt. Nicht anwenden bei Einnahme von Medikamenten, w\u00e4hrend der Schwangerschaft oder Stillzeit. Bei gesundheitlichen Bedenken konsultieren Sie vor der Anwendung einen Arzt. Au\u00dferhalb der Reichweite von Kleinkindern aufbewahren.<\/p>\n<h3>Weitere Informationen<\/h3>\n<ul>\n<li>Leistung: extra stark<\/li>\n<li>Fassungsverm\u00f6gen: 100 ml<\/li>\n<li>Anzahl der Portionen pro Packung: 40<\/li>\n<li>Empfohlene Dosis: 2,5 ml einmal t\u00e4glich<\/li>\n<li>Geschmack: Apfel<\/li>\n<\/ul>","protected":false},"excerpt":{"rendered":"<p><strong>M12 GETR\u00c4NKTER APFEL 100 ml<\/strong> \u2014 ein besonders starkes Getr\u00e4nk in Form eines Nahrungserg\u00e4nzungsmittels. Mit Apfelgeschmack, Hanfsamen\u00f6l, das nat\u00fcrliche Phyton\u00e4hrstoffe, Flavonoide, Terpene und zugesetztes L-Theanin enth\u00e4lt.<\/p>","protected":false},"featured_media":64507,"comment_status":"open","ping_status":"closed","template":"","meta":{"_acf_changed":false,"_gspb_post_css":"","rank_math_title":"","rank_math_description":"","rank_math_focus_keyword":"","rank_math_facebook_title":"","rank_math_facebook_description":"","rank_math_twitter_title":"","rank_math_twitter_description":""},"product_brand":[93],"product_cat":[98],"product_tag":[],"woo-feed-brand":[],"class_list":{"0":"post-64508","1":"product","2":"type-product","3":"status-publish","4":"has-post-thumbnail","6":"product_brand-dutch-therapy","7":"product_cat-shoty","9":"first","10":"instock","11":"taxable","12":"shipping-taxable","13":"purchasable","14":"product-type-simple"},"ct_brands":[{"id":93,"name":"Holl\u00e4ndische Therapie","slug":"hollandische-therapie"}],"acf":[],"_links":{"self":[{"href":"https:\/\/ubucha.pl\/de\/wp-json\/wp\/v2\/product\/64508","targetHints":{"allow":["GET"]}}],"collection":[{"href":"https:\/\/ubucha.pl\/de\/wp-json\/wp\/v2\/product"}],"about":[{"href":"https:\/\/ubucha.pl\/de\/wp-json\/wp\/v2\/types\/product"}],"replies":[{"embeddable":true,"href":"https:\/\/ubucha.pl\/de\/wp-json\/wp\/v2\/comments?post=64508"}],"wp:featuredmedia":[{"embeddable":true,"href":"https:\/\/ubucha.pl\/de\/wp-json\/wp\/v2\/media\/64507"}],"wp:attachment":[{"href":"https:\/\/ubucha.pl\/de\/wp-json\/wp\/v2\/media?parent=64508"}],"wp:term":[{"taxonomy":"product_brand","embeddable":true,"href":"https:\/\/ubucha.pl\/de\/wp-json\/wp\/v2\/product_brand?post=64508"},{"taxonomy":"product_cat","embeddable":true,"href":"https:\/\/ubucha.pl\/de\/wp-json\/wp\/v2\/product_cat?post=64508"},{"taxonomy":"product_tag","embeddable":true,"href":"https:\/\/ubucha.pl\/de\/wp-json\/wp\/v2\/product_tag?post=64508"},{"taxonomy":"woo-feed-brand","embeddable":true,"href":"https:\/\/ubucha.pl\/de\/wp-json\/wp\/v2\/woo-feed-brand?post=64508"}],"curies":[{"name":"wp","href":"https:\/\/api.w.org\/{rel}","templated":true}]}}