{"id":6443,"date":"2025-09-26T13:52:05","date_gmt":"2025-09-26T11:52:05","guid":{"rendered":"https:\/\/ubucha.pl\/gotu-kola-susz-do-aromaterapii-ziola-koncentracja\/"},"modified":"2026-04-29T21:44:45","modified_gmt":"2026-04-29T19:44:45","slug":"gotu-kola-getrocknete-krauter-fur-aromatherapie-konzentration","status":"publish","type":"product","link":"https:\/\/ubucha.pl\/de\/gotu-kola-susz-do-aromaterapii-ziola-koncentracja\/","title":{"rendered":"GOTU KOLA getrocknete aromatherapeutische Kr\u00e4uter Konzentration"},"content":{"rendered":"<p><strong>Erinnern<\/strong> \u00fcber gut <strong>Schleifer<\/strong>, die das Material vor der Verwendung fein zerkleinern. Solche M\u00fchlen sind nat\u00fcrlich auch... <strong>sind verf\u00fcgbar<\/strong> w <strong>unser Angebot.<\/strong><\/p>\n\n\n\n<p><strong>Empfohlene Verdampfungstemperatur: 115\u2013150 Grad Celsius<\/strong><\/p>\n\n\n\n<figure class=\"wp-block-image\"><img decoding=\"async\" title=\"GOTU KOLA getrocknet f\u00fcr Aromatherapie Kr\u00e4uter Konzentration - Kr\u00e4uter\" src=\"https:\/\/upload.cdn.baselinker.com\/products\/4016491\/afb5a3af244645ca557a44fd69c04b8e.jpg\" alt=\"GOTU KOLA getrocknet f\u00fcr Aromatherapie Kr\u00e4uter Konzentration - Kr\u00e4uter\" \/><\/figure>\n\n\n\n<figure class=\"wp-block-image\"><img decoding=\"async\" title=\"GOTU KOLA getrocknet f\u00fcr Aromatherapie Kr\u00e4uter Konzentration - Kr\u00e4uter\" src=\"https:\/\/upload.cdn.baselinker.com\/products\/4016491\/060a022d43f75a1a2debe437dad09113.jpg\" alt=\"GOTU KOLA getrocknet f\u00fcr Aromatherapie Kr\u00e4uter Konzentration - Kr\u00e4uter\" \/><\/figure>\n\n\n\n<h1 class=\"wp-block-heading\">Die wichtigsten Eigenschaften des Krauts<\/h1>\n\n\n\n<p>Gotu geh\u00f6rt zu <strong>Adaptogene<\/strong>, Es enth\u00e4lt Substanzen pflanzlichen Ursprungs, die den K\u00f6rper st\u00e4rken. Es wirkt sich positiv auf die Funktion des Nervensystems aus, verbessert die Stressresistenz des K\u00f6rpers und erh\u00f6ht die psychophysische Belastbarkeit. Es tr\u00e4gt au\u00dferdem dazu bei,&nbsp;<strong>Verbesserung der peripheren und zerebralen Durchblutung<\/strong>, Centella asiatica kann Ged\u00e4chtnis und Konzentration verbessern und m\u00f6glicherweise Depressionssymptome lindern. Auch Gotu Kola kann hilfreich sein.&nbsp;<strong>wirkt tonisierend und immunstimulierend und senkt den Blutdruck<\/strong>. Dar\u00fcber hinaus hat es durch seine krampfl\u00f6sende Wirkung und die Verbesserung der Verdauungsprozesse einen positiven Einfluss auf das Verdauungssystem.<\/p>\n\n\n\n<h1 class=\"wp-block-heading\">Perfekt abgestimmte Verpackung\u2026<\/h1>\n\n\n\n<h2 class=\"wp-block-heading\">1. Verpackung in pharmazeutischer Qualit\u00e4t<\/h2>\n\n\n\n<p>Zum Verpacken unserer Kr\u00e4uter <strong>Wir verwenden Verpackungen<\/strong>, die f\u00fcr&nbsp;<strong>Lagerung von Arzneimitteln<\/strong>. Sie werden sie in den Regalen von Apotheken vieler namhafter Arzneimittelhersteller finden.<\/p>\n\n\n\n<h2 class=\"wp-block-heading\">2. Hermetische Box<\/h2>\n\n\n\n<p>Die Kisten sind&nbsp;<strong>hermetisch abgedichtet<\/strong>, Daher findet in ihnen keine Luftzirkulation statt. Dies wiederum hat einen erheblichen Einfluss auf die Luftzirkulation.&nbsp;<strong>verl\u00e4ngert<\/strong> Haltbarkeit der Kr\u00e4uter. Die Verpackung ist au\u00dferdem luftdicht., <strong>selbst nach dem Brechen des Siegels<\/strong>!<\/p>\n\n\n\n<h2 class=\"wp-block-heading\">3. Versiegeln<\/h2>\n\n\n\n<p>Jede Verpackung ist versiegelt.,&nbsp;<strong>So k\u00f6nnen Sie sicher sein<\/strong>, dass die Schachtel noch nie zuvor ge\u00f6ffnet wurde.<\/p>\n\n\n\n<h2 class=\"wp-block-heading\">4. Lichtdichte Box<\/h2>\n\n\n\n<p>Unsere Verpackung ist&nbsp;<strong>lichtecht<\/strong>. Sonnenlicht definitiv&nbsp;<strong>negativ<\/strong> beeintr\u00e4chtigt Kr\u00e4uter. \u00dcberm\u00e4\u00dfiger und langer Kontakt von Kr\u00e4utern mit <strong>UV-Strahlen,<\/strong>&nbsp;f\u00fchrt zur Zersetzung organischer Stoffe, was zur Folge hat&nbsp;<strong>Schw\u00e4che<\/strong> ihre Qualit\u00e4t.<\/p>\n\n\n\n<h2 class=\"wp-block-heading\">5. BOVEDA Feuchtigkeitsregler in jeder Packung<\/h2>\n\n\n\n<p>Jeder Dampfer wei\u00df, wie wichtig es ist <strong>angemessenes Niveau<\/strong> Wir befeuchten die getrockneten Kr\u00e4uter f\u00fcr sp\u00e4teren Rauchgenuss. Deshalb finden Sie in jeder unserer Packungen neben den Kr\u00e4utern auch \u2026 <strong>ebenfalls ein Sachet<\/strong>&nbsp;BOVEDA Feuchtigkeitsregler.<\/p>\n\n\n\n<figure class=\"wp-block-image\"><img decoding=\"async\" title=\"GOTU KOLA getrocknet f\u00fcr Aromatherapie Kr\u00e4uter Konzentration - Kr\u00e4uter\" src=\"https:\/\/upload.cdn.baselinker.com\/products\/4016491\/c3d1c7fb93650e9198b92db22847a91f.jpg\" alt=\"GOTU KOLA getrocknet f\u00fcr Aromatherapie Kr\u00e4uter Konzentration - Kr\u00e4uter\" \/><\/figure>\n\n\n\n<figure class=\"wp-block-image\"><img decoding=\"async\" title=\"GOTU KOLA getrocknet f\u00fcr Aromatherapie Kr\u00e4uter Konzentration - Kr\u00e4uter\" src=\"https:\/\/upload.cdn.baselinker.com\/products\/4016491\/17e85763fe6aad4b8676004248135700.jpg\" alt=\"GOTU KOLA getrocknet f\u00fcr Aromatherapie Kr\u00e4uter Konzentration - Kr\u00e4uter\" \/><\/figure>\n\n\n\n<h1 class=\"wp-block-heading\">Lagerung und Produktion<\/h1>\n\n\n\n<p>Wir glauben und sorgen daf\u00fcr, dass <strong>in jeder Phase das Produkt<\/strong> wurde so behandelt, als ob es von uns oder unseren Lieben benutzt werden sollte (was es auch ist). Dieses Engagement hat zu Produkten von h\u00f6chster Qualit\u00e4t gef\u00fchrt.<\/p>\n\n\n\n<p>Kr\u00e4uter sind <strong>gespeichert <\/strong>in hermetisch verschlossenen, lichtdichten Beh\u00e4ltern mit einem Feuchtigkeitsregler. Dar\u00fcber hinaus darf die Temperatur in den Lagerr\u00e4umen folgende Werte nicht \u00fcberschreiten <strong>18 Grad Celsius<\/strong>. Wir sind der Meinung, dass jedes dieser Details wichtig ist und sich letztendlich auf das Produkt und seine Qualit\u00e4t auswirkt.<\/p>\n\n\n\n<p>Unsere Kr\u00e4uter werden angebaut<strong> nur mit nat\u00fcrlichen Mitteln, <\/strong>So k\u00f6nnen Sie sicher sein, dass das, was in ihnen enthalten ist, aus der Natur stammt.<\/p>","protected":false},"excerpt":{"rendered":"<ul>\n<li>8 g getrocknetes Gotu Kola f\u00fcr Aromatherapie und Verdampfung<\/li>\n<li>Ein Kraut aus der ayurvedischen Tradition<\/li>\n<li>Unterst\u00fctzung f\u00fcr Konzentration und Ged\u00e4chtnis<\/li>\n<li>Hermetische, lichtundurchl\u00e4ssige Verpackung<\/li>\n<li>100% nat\u00fcrliches getrocknetes Kraut<\/li>\n<\/ul>","protected":false},"featured_media":3487,"comment_status":"open","ping_status":"open","template":"","meta":{"_acf_changed":false,"_gspb_post_css":"","rank_math_title":"Gotu Kola susz do aromaterapii i waporyzacji 8 g | u Bucha","rank_math_description":"Gotu Kola susz do aromaterapii \u2014 8 g zio\u0142a z tradycji ajurwedyjskiej, znanego jako brahmi. Naturalne wsparcie koncentracji, pami\u0119ci i nastroju.","rank_math_focus_keyword":"gotu kola susz","rank_math_facebook_title":"Gotu Kola susz \u2014 8 g do aromaterapii","rank_math_facebook_description":"8 g suszu z gotu koli \u2014 zio\u0142a znanego z tradycji ajurwedyjskiej. Naturalne wsparcie koncentracji i pami\u0119ci.","rank_math_twitter_title":"Gotu Kola susz \u2014 8 g, zio\u0142o ajurwedy","rank_math_twitter_description":"Zio\u0142owy susz z gotu koli, 8 g. Wsparcie koncentracji i pami\u0119ci."},"product_brand":[],"product_cat":[120],"product_tag":[],"woo-feed-brand":[],"class_list":{"0":"post-6443","1":"product","2":"type-product","3":"status-publish","4":"has-post-thumbnail","6":"product_cat-ziola","8":"first","9":"instock","10":"purchasable","11":"product-type-simple"},"ct_brands":[],"acf":[],"_links":{"self":[{"href":"https:\/\/ubucha.pl\/de\/wp-json\/wp\/v2\/product\/6443","targetHints":{"allow":["GET"]}}],"collection":[{"href":"https:\/\/ubucha.pl\/de\/wp-json\/wp\/v2\/product"}],"about":[{"href":"https:\/\/ubucha.pl\/de\/wp-json\/wp\/v2\/types\/product"}],"replies":[{"embeddable":true,"href":"https:\/\/ubucha.pl\/de\/wp-json\/wp\/v2\/comments?post=6443"}],"wp:featuredmedia":[{"embeddable":true,"href":"https:\/\/ubucha.pl\/de\/wp-json\/wp\/v2\/media\/3487"}],"wp:attachment":[{"href":"https:\/\/ubucha.pl\/de\/wp-json\/wp\/v2\/media?parent=6443"}],"wp:term":[{"taxonomy":"product_brand","embeddable":true,"href":"https:\/\/ubucha.pl\/de\/wp-json\/wp\/v2\/product_brand?post=6443"},{"taxonomy":"product_cat","embeddable":true,"href":"https:\/\/ubucha.pl\/de\/wp-json\/wp\/v2\/product_cat?post=6443"},{"taxonomy":"product_tag","embeddable":true,"href":"https:\/\/ubucha.pl\/de\/wp-json\/wp\/v2\/product_tag?post=6443"},{"taxonomy":"woo-feed-brand","embeddable":true,"href":"https:\/\/ubucha.pl\/de\/wp-json\/wp\/v2\/woo-feed-brand?post=6443"}],"curies":[{"name":"wp","href":"https:\/\/api.w.org\/{rel}","templated":true}]}}