{"id":6427,"date":"2025-09-26T13:52:05","date_gmt":"2025-09-26T11:52:05","guid":{"rendered":"https:\/\/ubucha.pl\/czystek-susz-do-aromaterapii-ziola-wzmocnienie\/"},"modified":"2026-05-14T07:46:21","modified_gmt":"2026-05-14T05:46:21","slug":"abfuhrmittel-getrocknet-fur-aromatherapie-krauter-starkung","status":"publish","type":"product","link":"https:\/\/ubucha.pl\/de\/czystek-susz-do-aromaterapii-ziola-wzmocnienie\/","title":{"rendered":"CLEANSING DRY f\u00fcr Aromatherapie Kr\u00e4uter St\u00e4rkung"},"content":{"rendered":"<h2>Chasteaste - Aromatherapie trockenes Kraut zu unterst\u00fctzen K\u00f6rper St\u00e4rkung<\/h2>\n<p>Entdecken Sie die nat\u00fcrliche Kraft der Purgierpflanze - ein Kraut, das seit der griechischen Antike bekannt und gesch\u00e4tzt ist und das heute dank seiner au\u00dfergew\u00f6hnlichen gesundheitlichen Eigenschaften wieder in Mode kommt. Unsere Purge-Aromatherapie trocken ist die perfekte Wahl f\u00fcr alle, die ihre Immunit\u00e4t wirksam unterst\u00fctzen, den K\u00f6rper reinigen und sich auf nat\u00fcrliche Weise um ihre Gesundheit k\u00fcmmern m\u00f6chten.<\/p>\n<h3>Warum zur S\u00e4uberung greifen?<\/h3>\n<p>Reinheit ist ein Kraut, das dank seines hohen Gehalts an Antioxidantien, vor allem an Polyphenolen, wie ein Schutzschild f\u00fcr den K\u00f6rper wirkt. Sie fragen sich: Was genau haben Sie davon, wenn Sie P\u00fcree verwenden?<\/p>\n<ul>\n<li><strong>St\u00e4rkung der Immunit\u00e4t<\/strong> - ideale Unterst\u00fctzung im Kampf gegen saisonale Infektionen und zur Vorbeugung von Zivilisationskrankheiten wie Diabetes, Arteriosklerose und Krebs.<\/li>\n<li><strong>Entz\u00fcndungshemmende Wirkung<\/strong> - lindert die Entz\u00fcndung, was die Genesung beschleunigt.<\/li>\n<li><strong>Reinigen des K\u00f6rpers<\/strong> - beseitigt wirksam Giftstoffe und Schwermetalle, die das Wohlbefinden beeintr\u00e4chtigen k\u00f6nnen.<\/li>\n<li><strong>Unterst\u00fctzung bei der Gewichtsabnahme<\/strong> - beschleunigt auf nat\u00fcrliche Weise den Stoffwechsel und f\u00f6rdert die Erhaltung des Gewichts.<\/li>\n<li><strong>Potenziell schmerzlindernde Eigenschaften<\/strong> - hilft bei der Schmerzbew\u00e4ltigung.<\/li>\n<\/ul>\n<p>Dies sind nur einige der vielen Vorteile, die Purge bietet - ein Kraut f\u00fcr praktisch alles, das zunehmend von Prominenten und Vertretern einer gesunden Lebensweise empfohlen wird.<\/p>\n<h3>Zusammensetzung des Produkts<\/h3>\n<p>Unser getrocknetes Produkt ist 100% nat\u00fcrliches P\u00fcree, sorgf\u00e4ltig geerntet und mit gr\u00f6\u00dfter Sorgfalt zubereitet, um alle wertvollen Wirkstoffe zu erhalten. Es enth\u00e4lt keine k\u00fcnstlichen Zusatzstoffe, Konservierungsmittel oder F\u00fcllstoffe.<\/p>\n<table border=\"1\" cellspacing=\"0\" cellpadding=\"6\">\n<thead>\n<tr>\n<th>Merkmal<\/th>\n<th>Einzelheiten<\/th>\n<\/tr>\n<\/thead>\n<tbody>\n<tr>\n<td>Produkttyp<\/td>\n<td>Aromatherapie trockenes Kraut aus dem Fegefeuer<\/td>\n<\/tr>\n<tr>\n<td>Inhalt des Pakets<\/td>\n<td>20 Gramm<\/td>\n<\/tr>\n<tr>\n<td>Verwendung von<\/td>\n<td>Verdampfung<\/td>\n<\/tr>\n<tr>\n<td>Empfohlene Verdampfungstemperatur<\/td>\n<td>100-150\u00b0C<\/td>\n<\/tr>\n<tr>\n<td>Hauptmerkmale<\/td>\n<td>Entz\u00fcndungshemmend, antioxidativ, reinigend<\/td>\n<\/tr>\n<tr>\n<td>Zus\u00e4tzliche Merkmale<\/td>\n<td>Unterst\u00fctzt die Gewichtsabnahme, hat eine schmerzlindernde Wirkung<\/td>\n<\/tr>\n<tr>\n<td>Verpackung<\/td>\n<td>Luftdicht, lichtdicht mit Feuchtigkeitsregler Boveda<\/td>\n<\/tr>\n<\/tbody>\n<\/table>\n<h3>Wie wird Purge f\u00fcr die Aromatherapie verwendet?<\/h3>\n<p>Um das Potenzial des P\u00fcrees voll auszusch\u00f6pfen, empfehlen wir, es bei 100 bis 150 Grad Celsius zu verdampfen. Dieser Prozess setzt alle wertvollen Wirkstoffe frei, die Ihren K\u00f6rper auf nat\u00fcrliche und effektive Weise unterst\u00fctzen.<\/p>\n<p>Vor der Verwendung ist es ratsam, das getrocknete Material mit einer geeigneten M\u00fchle fein zu mahlen - eine gleichm\u00e4\u00dfige Erw\u00e4rmung des Materials sorgt f\u00fcr eine optimale therapeutische Wirkung und Aromavielfalt.<\/p>\n<h3>Sicherheit und Qualit\u00e4t<\/h3>\n<p>Unser P\u00fcree stammt aus biologischem Anbau und wird mit gr\u00f6\u00dfter Sorgfalt geerntet und verarbeitet, um seine nat\u00fcrlichen Eigenschaften zu erhalten. Die Verpackung sch\u00fctzt die Kr\u00e4uter vor Feuchtigkeit, Licht und vorzeitiger Alterung und garantiert eine lang anhaltende Frische und Wirksamkeit des Produkts.<\/p>\n<h3>Nutzerbewertungen<\/h3>\n<p>Die Kunden sch\u00e4tzen Purge wegen seiner Wirksamkeit bei der St\u00e4rkung des Immunsystems und der Linderung von Erk\u00e4ltungssymptomen. Viele Menschen bemerken eine Verbesserung ihrer Stimmung und eine schnellere Bek\u00e4mpfung von Infektionen. Auch die Nat\u00fcrlichkeit des Produkts und die bequeme Anwendung durch Verdampfen werden gesch\u00e4tzt.<\/p>\n<h3>Zus\u00e4tzliche Hinweise zur Lagerung und Verwendung<\/h3>\n<ul>\n<li>Trocken, k\u00fchl und vor direkter Sonneneinstrahlung gesch\u00fctzt lagern.<\/li>\n<li>Sch\u00fctzen Sie die Verpackung vor Feuchtigkeit, um optimale Qualit\u00e4t und Aroma zu erhalten.<\/li>\n<li>Die regelm\u00e4\u00dfige Einnahme von Abf\u00fchrmitteln, insbesondere im Herbst und Winter, kann das Immunsystem wirksam unterst\u00fctzen.<\/li>\n<li>Ideal auch zur Entgiftung des K\u00f6rpers und als Teil der t\u00e4glichen Gesundheitsvorsorge.<\/li>\n<\/ul>\n<h3>Zusammenfassung<\/h3>\n<p>P\u00fcree in Form von getrockneter Aromatherapie ist eine nat\u00fcrliche und vielseitige Unterst\u00fctzung f\u00fcr Ihren K\u00f6rper. Seine starke entz\u00fcndungshemmende, antioxidative und reinigende Wirkung macht es zu einem au\u00dferordentlich wertvollen Produkt f\u00fcr jeden, der sich um seine Gesundheit k\u00fcmmert. Das Aromatherapie-P\u00fcree ist ein einfaches und wirksames Mittel zur St\u00e4rkung der Immunit\u00e4t, zum Schutz vor Infektionen und zur Entgiftung des K\u00f6rpers.<\/p>\n<p>Bestellen Sie noch heute und reihen Sie sich in die Riege der zufriedenen Anwender ein, die den nat\u00fcrlichen Weg zu Gesundheit und Wohlbefinden gew\u00e4hlt haben!<\/p>","protected":false},"excerpt":{"rendered":"<ul>\n<li>Czystek (Cistus incanus) \u2013 klasyczne zio\u0142o z kolekcji<\/li>\n<li>Cz\u0119\u015b\u0107 ro\u015bliny: ziele (li\u015bcie i p\u0119dy), susz do aromaterapii zio\u0142owej<\/li>\n<li>Gramatura: 20 g, kolekcjonerski susz ro\u015blinny<\/li>\n<li>Sensoryczna nuta zio\u0142owo-\u017cywiczna, \u015br\u00f3dziemnomorska<\/li>\n<li>Wsparcie aromaterapii w niskiej temperaturze 100\u2013150\u00b0C<\/li>\n<\/ul>","protected":false},"featured_media":3457,"comment_status":"open","ping_status":"closed","template":"","meta":{"_acf_changed":false,"_gspb_post_css":"","rank_math_title":"Czystek susz aromaterapia \u2013 Cistus incanus 20 g | u Bucha","rank_math_description":"Czystek susz aromaterapia \u2013 Cistus incanus 20 g. Ziele czystka do aromaterapii zio\u0142owej, kolekcjonerski susz ro\u015blinny, sensoryczna nuta zio\u0142owo-\u017cywiczna.","rank_math_focus_keyword":"czystek susz aromaterapia","rank_math_facebook_title":"Czystek susz \u2013 Cistus incanus 20 g","rank_math_facebook_description":"Ziele czystka (Cistus incanus) \u2013 kolekcjonerski susz ro\u015blinny do aromaterapii zio\u0142owej. 20 g, sensoryczna nuta zio\u0142owo-\u017cywiczna.","rank_math_twitter_title":"Czystek susz \u2013 Cistus incanus 20 g","rank_math_twitter_description":"Ziele czystka 20 g do aromaterapii zio\u0142owej."},"product_brand":[],"product_cat":[120],"product_tag":[],"woo-feed-brand":[],"class_list":{"0":"post-6427","1":"product","2":"type-product","3":"status-publish","4":"has-post-thumbnail","6":"product_cat-ziola","8":"first","9":"instock","10":"purchasable","11":"product-type-simple"},"ct_brands":[],"acf":[],"_links":{"self":[{"href":"https:\/\/ubucha.pl\/de\/wp-json\/wp\/v2\/product\/6427","targetHints":{"allow":["GET"]}}],"collection":[{"href":"https:\/\/ubucha.pl\/de\/wp-json\/wp\/v2\/product"}],"about":[{"href":"https:\/\/ubucha.pl\/de\/wp-json\/wp\/v2\/types\/product"}],"replies":[{"embeddable":true,"href":"https:\/\/ubucha.pl\/de\/wp-json\/wp\/v2\/comments?post=6427"}],"wp:featuredmedia":[{"embeddable":true,"href":"https:\/\/ubucha.pl\/de\/wp-json\/wp\/v2\/media\/3457"}],"wp:attachment":[{"href":"https:\/\/ubucha.pl\/de\/wp-json\/wp\/v2\/media?parent=6427"}],"wp:term":[{"taxonomy":"product_brand","embeddable":true,"href":"https:\/\/ubucha.pl\/de\/wp-json\/wp\/v2\/product_brand?post=6427"},{"taxonomy":"product_cat","embeddable":true,"href":"https:\/\/ubucha.pl\/de\/wp-json\/wp\/v2\/product_cat?post=6427"},{"taxonomy":"product_tag","embeddable":true,"href":"https:\/\/ubucha.pl\/de\/wp-json\/wp\/v2\/product_tag?post=6427"},{"taxonomy":"woo-feed-brand","embeddable":true,"href":"https:\/\/ubucha.pl\/de\/wp-json\/wp\/v2\/woo-feed-brand?post=6427"}],"curies":[{"name":"wp","href":"https:\/\/api.w.org\/{rel}","templated":true}]}}