{"id":6400,"date":"2025-09-26T13:51:44","date_gmt":"2025-09-26T11:51:44","guid":{"rendered":"https:\/\/ubucha.pl\/kozlek-lekarski-susz-do-waporyzacji-ziola-walerian\/"},"modified":"2025-10-20T12:29:40","modified_gmt":"2025-10-20T10:29:40","slug":"baldriankraut-getrocknetes-kraut-zum-verdampfen-baldrian","status":"publish","type":"product","link":"https:\/\/ubucha.pl\/de\/kozlek-lekarski-susz-do-waporyzacji-ziola-walerian\/","title":{"rendered":"Borretsch getrocknet f\u00fcr Aromatherapie Baldrian Kr\u00e4uter"},"content":{"rendered":"<p><strong>Erinnern<\/strong>&nbsp;<strong>o<\/strong>&nbsp;Gut&nbsp;<strong>Schleifer<\/strong>, die das Material vor der Verwendung fein zerkleinern. Solche M\u00fchlen sind nat\u00fcrlich auch...&nbsp;<strong>sind verf\u00fcgbar<\/strong>&nbsp;w&nbsp;<strong>unser Angebot.<\/strong><\/p>\n\n\n\n<p><strong>Empfohlene Verdampfungstemperatur: 180\u2013220 Grad Celsius<\/strong><\/p>\n\n\n\n<figure class=\"wp-block-image\"><img decoding=\"async\" title=\"Kleeblatt getrocknet f\u00fcr Aromatherapie Baldrian Kr\u00e4uter - Kr\u00e4uter\" src=\"https:\/\/upload.cdn.baselinker.com\/products\/4016491\/4da0e77b5d578a8f19b30cd44828e80e.jpg\" alt=\"Kleeblatt getrocknet f\u00fcr Aromatherapie Baldrian Kr\u00e4uter - Kr\u00e4uter\" \/><\/figure>\n\n\n\n<figure class=\"wp-block-image\"><img decoding=\"async\" title=\"Kleeblatt getrocknet f\u00fcr Aromatherapie Baldrian Kr\u00e4uter - Kr\u00e4uter\" src=\"https:\/\/upload.cdn.baselinker.com\/products\/4016491\/9ae3dd6fa085ec8f110c49ed3eb8f455.jpg\" alt=\"Kleeblatt getrocknet f\u00fcr Aromatherapie Baldrian Kr\u00e4uter - Kr\u00e4uter\" \/><\/figure>\n\n\n\n<h2 class=\"wp-block-heading\">Die wichtigsten Eigenschaften des Krauts<\/h2>\n\n\n\n<p><strong>Baldrian wird h\u00e4ufig zur Beruhigung und zum Schlafen verwendet.<\/strong>. Wurzel und Rhizom&nbsp;<strong>Baldrian<\/strong>&nbsp;Sie reduzieren die Aktivit\u00e4t des zentralen Nervensystems und f\u00fchren dadurch zu&nbsp;<strong>Spannungsabbau und Angstlinderung,<\/strong>&nbsp;Sie bewirken einen Zustand geistiger Entspannung und werden daher h\u00e4ufig bei Nervosit\u00e4t, Anspannung und nerv\u00f6ser Unruhe eingesetzt.&nbsp;<strong>Baldrianwurzel<\/strong>&nbsp;Es ist auch ein wirksames Mittel gegen mittelschwere Schlaflosigkeit \u2013 insbesondere dann, wenn das Einschlafen aufgrund von Anspannung und nerv\u00f6ser Erregung erschwert ist.&nbsp;<strong>Verbessert<\/strong>&nbsp;<strong>zur Schlafqualit\u00e4t<\/strong>&nbsp;durch Verk\u00fcrzung der Einschlafzeit, Verl\u00e4ngerung der Schlafdauer und Verringerung der Anzahl der n\u00e4chtlichen Aufwachphasen.<\/p>\n\n\n\n<h2 class=\"wp-block-heading\">Baldrian \u2013 Kraut zum Verdampfen mit beruhigender Wirkung<\/h2>\n\n\n\n<p>Baldrian, auch bekannt als Baldriankraut, ist eines der am h\u00e4ufigsten verwendeten Kr\u00e4uter bei Schlafst\u00f6rungen und zur Beruhigung. Es wird nicht nur wegen seiner schlaff\u00f6rdernden Eigenschaften gesch\u00e4tzt, sondern auch wegen seiner krampfl\u00f6senden Wirkung, wodurch es sich zur Linderung von Schmerzen bei Muskelverspannungen und Magenbeschwerden eignet. Das Verdampfen von Baldrian ist eine nat\u00fcrliche und angenehme Methode, um zu entspannen und die Gesundheit zu f\u00f6rdern.<\/p>\n\n\n\n<h2 class=\"wp-block-heading\">Beruhigende und schlaff\u00f6rdernde Eigenschaften<\/h2>\n\n\n\n<p>Baldrian ist ein Kraut, das wirksam gegen Schlaflosigkeit und Schlafst\u00f6rungen hilft. Die Wirkstoffe in seinen Wurzeln und Rhizomen reduzieren die Aktivit\u00e4t des zentralen Nervensystems, was zu einer beruhigenden Wirkung auf den K\u00f6rper, einer Verringerung der Nervosit\u00e4t und einer verbesserten Schlafqualit\u00e4t f\u00fchrt. Regelm\u00e4\u00dfiger Baldriankonsum erleichtert das Einschlafen, verl\u00e4ngert die Schlafdauer und reduziert die Anzahl der n\u00e4chtlichen Aufwachphasen.<\/p>\n\n\n\n<h2 class=\"wp-block-heading\">Ein nat\u00fcrliches Mittel gegen Stress und Anspannung<\/h2>\n\n\n\n<p>Baldrian eignet sich hervorragend bei erh\u00f6htem Stress und nerv\u00f6ser Anspannung. Er wirkt beruhigend, lindert Angstzust\u00e4nde und Unruhe und tr\u00e4gt zum emotionalen Gleichgewicht bei. Baldrian kann auch bei Spannungskopfschmerzen eingesetzt werden, die h\u00e4ufig in stressigen Situationen auftreten. Er bietet eine nat\u00fcrliche M\u00f6glichkeit zur Entspannung ohne synthetische Beruhigungsmittel.<\/p>\n\n\n\n<h2 class=\"wp-block-heading\">Unterst\u00fctzung f\u00fcr das Verdauungssystem und das Herz<\/h2>\n\n\n\n<p>Baldrian wirkt nicht nur beruhigend, sondern auch krampfl\u00f6send und kann so Magenbeschwerden wie Kr\u00e4mpfe und Bauchschmerzen lindern. Seine entspannende Wirkung senkt zudem den Blutdruck und verlangsamt den Herzschlag, wodurch er sich als nat\u00fcrliche Unterst\u00fctzung f\u00fcr Menschen mit Bluthochdruck oder Herzproblemen eignet.<\/p>\n\n\n\n<figure class=\"wp-block-image\"><img decoding=\"async\" title=\"Kleeblatt getrocknet f\u00fcr Aromatherapie Baldrian Kr\u00e4uter - Kr\u00e4uter\" src=\"https:\/\/upload.cdn.baselinker.com\/products\/4016491\/ed8979fe204e72ad751a4d29901f2fc2.jpg\" alt=\"Kleeblatt getrocknet f\u00fcr Aromatherapie Baldrian Kr\u00e4uter - Kr\u00e4uter\" \/><\/figure>\n\n\n\n<figure class=\"wp-block-image\"><img decoding=\"async\" title=\"Kleeblatt getrocknet f\u00fcr Aromatherapie Baldrian Kr\u00e4uter - Kr\u00e4uter\" src=\"https:\/\/upload.cdn.baselinker.com\/products\/4016491\/b51c66f84648522bf51a190351602fc5.jpg\" alt=\"Kleeblatt getrocknet f\u00fcr Aromatherapie Baldrian Kr\u00e4uter - Kr\u00e4uter\" \/><\/figure>\n\n\n\n<h2 class=\"wp-block-heading\">Ideale Verdampfungsbedingungen<\/h2>\n\n\n\n<p>Um die Vorteile des Verdampfens von Baldrian voll auszusch\u00f6pfen, empfiehlt sich eine Temperatur zwischen 180 und 220 \u00b0C. Mahlen Sie das Kraut vor Gebrauch sorgf\u00e4ltig, um eine gleichm\u00e4\u00dfige Erhitzung und die Freisetzung aller wertvollen Wirkstoffe zu gew\u00e4hrleisten. Wir bieten Ihnen passende Grinder an, die eine optimale Vorbereitung des Krauts f\u00fcr das Verdampfen erm\u00f6glichen.<\/p>\n\n\n\n<h2 class=\"wp-block-heading\">Erstklassige Verpackung<\/h2>\n\n\n\n<p>Unsere Kr\u00e4uter werden in luftdicht verschlossenen, lichtundurchl\u00e4ssigen Beh\u00e4ltern gelagert, um eine optimale Langzeitlagerung zu gew\u00e4hrleisten. Jede Packung ist mit einem Boveda-Feuchtigkeitsregler ausgestattet, der sicherstellt, dass die Kr\u00e4uter ihre wertvollen Eigenschaften lange behalten. Zus\u00e4tzlich garantiert ein spezielles Siegel auf der Verpackung die Echtheit des Produkts und dass es noch nie zuvor ge\u00f6ffnet wurde.<\/p>\n\n\n\n<h2 class=\"wp-block-heading\">Nat\u00fcrlicher Ursprung und sorgf\u00e4ltige Lagerung<\/h2>\n\n\n\n<p>Unsere Kr\u00e4uter, darunter auch Baldrian, stammen ausschlie\u00dflich aus biologischem Anbau. So garantieren wir ein Produkt ohne k\u00fcnstliche Zusatzstoffe. Jeder Produktionsschritt, vom Anbau bis zur Lagerung, wird mit gr\u00f6\u00dfter Sorgfalt durchgef\u00fchrt. Die Temperatur in unseren Lagern \u00fcbersteigt 18 \u00b0C nicht und gew\u00e4hrleistet so optimale Bedingungen f\u00fcr die Erhaltung der Kr\u00e4uterqualit\u00e4t. Wir stellen sicher, dass jedes Detail Einfluss auf das Endprodukt hat, das Sie erhalten.<\/p>\n\n\n\n<p>Baldrian ist ein nat\u00fcrliches Mittel zur Verbesserung des Schlafs, zur Beruhigung und zur Unterst\u00fctzung des Verdauungssystems und des Herzens. Durch das Verdampfen dieses Krauts k\u00f6nnen Sie seine wohltuenden Eigenschaften schnell und sicher genie\u00dfen.<\/p>","protected":false},"excerpt":{"rendered":"<section class=\"section\">\n<div class=\"item item-6\">\n<section class=\"text-item\">\n<h1>Baldrian \u2013 20 Gramm<\/h1>\n<h2>Kr\u00e4uter zum Verdampfen<\/h2>\n<p><b>Die Fotos spiegeln das tats\u00e4chliche Aussehen des Produkts wider<\/b> Baldrian ist\u00a0<b>am h\u00e4ufigsten verwendet<\/b>\u00a0Baldrianwurzel ist ein Kraut, das Schlaf und Beruhigung f\u00f6rdert. Aufgrund ihrer krampfl\u00f6senden Eigenschaften wurde sie jedoch auch unter anderem als Heilmittel gegen Menstruationsbeschwerden und Magenleiden eingesetzt.<\/p>\n<ul>\n<li>F\u00fcr alle Arten\u00a0<b>Schlafprobleme<\/b><\/li>\n<li>Es hat eine beruhigende Wirkung<\/li>\n<li>In den Staaten\u00a0<b>erh\u00f6hte Spannung<\/b>, Angstzust\u00e4nde und nerv\u00f6se Hyperaktivit\u00e4t<\/li>\n<li><b>Reduzierung<\/b>\u00a0<b>Stromspannung<\/b>\u00a0<b>Schmerzen<\/b>\u00a0<b>K\u00f6pfe<\/b><\/li>\n<li><b>Wird bei Magenkr\u00e4mpfen angewendet<\/b><\/li>\n<li>Es zeigt leichte\u00a0<b>bakterizide Wirkung<\/b><\/li>\n<li><b>Senkt<\/b>\u00a0<b>Druck<\/b>\u00a0und verlangsamt den Herzschlag.<\/li>\n<\/ul>\n<\/section>\n<\/div>\n<\/section>\n<section class=\"section\">\n<div class=\"item item-6\">\u00a0<\/div>\n<\/section>","protected":false},"featured_media":3404,"comment_status":"open","ping_status":"open","template":"","meta":{"_acf_changed":false,"_gspb_post_css":"","rank_math_title":"","rank_math_description":"","rank_math_focus_keyword":"","rank_math_facebook_title":"","rank_math_facebook_description":"","rank_math_twitter_title":"","rank_math_twitter_description":""},"product_brand":[],"product_cat":[120],"product_tag":[],"woo-feed-brand":[],"class_list":{"0":"post-6400","1":"product","2":"type-product","3":"status-publish","4":"has-post-thumbnail","6":"product_cat-ziola","8":"first","9":"outofstock","10":"purchasable","11":"product-type-simple"},"ct_brands":[],"acf":[],"_links":{"self":[{"href":"https:\/\/ubucha.pl\/de\/wp-json\/wp\/v2\/product\/6400","targetHints":{"allow":["GET"]}}],"collection":[{"href":"https:\/\/ubucha.pl\/de\/wp-json\/wp\/v2\/product"}],"about":[{"href":"https:\/\/ubucha.pl\/de\/wp-json\/wp\/v2\/types\/product"}],"replies":[{"embeddable":true,"href":"https:\/\/ubucha.pl\/de\/wp-json\/wp\/v2\/comments?post=6400"}],"wp:featuredmedia":[{"embeddable":true,"href":"https:\/\/ubucha.pl\/de\/wp-json\/wp\/v2\/media\/3404"}],"wp:attachment":[{"href":"https:\/\/ubucha.pl\/de\/wp-json\/wp\/v2\/media?parent=6400"}],"wp:term":[{"taxonomy":"product_brand","embeddable":true,"href":"https:\/\/ubucha.pl\/de\/wp-json\/wp\/v2\/product_brand?post=6400"},{"taxonomy":"product_cat","embeddable":true,"href":"https:\/\/ubucha.pl\/de\/wp-json\/wp\/v2\/product_cat?post=6400"},{"taxonomy":"product_tag","embeddable":true,"href":"https:\/\/ubucha.pl\/de\/wp-json\/wp\/v2\/product_tag?post=6400"},{"taxonomy":"woo-feed-brand","embeddable":true,"href":"https:\/\/ubucha.pl\/de\/wp-json\/wp\/v2\/woo-feed-brand?post=6400"}],"curies":[{"name":"wp","href":"https:\/\/api.w.org\/{rel}","templated":true}]}}