{"id":6112,"date":"2025-09-26T13:48:44","date_gmt":"2025-09-26T11:48:44","guid":{"rendered":"https:\/\/ubucha.pl\/hemp-shot-strzal-winiego-strong-shot-cbd-600mg-100ml-brzozowy\/"},"modified":"2025-10-20T12:26:35","modified_gmt":"2025-10-20T10:26:35","slug":"hanf-schuss-vini-stark-schuss-cbd-600mg-100ml-birke-schuss","status":"publish","type":"product","link":"https:\/\/ubucha.pl\/de\/hemp-shot-strzal-winiego-strong-shot-cbd-600mg-100ml-brzozowy\/","title":{"rendered":"Hanf Shot Wini STRONG CBD Shot 600mg 100ml Birke Shot"},"content":{"rendered":"<div class=\"item item-6\">\n<h2 class=\"text-item\"><b>Ganz neu von Cannabis Boys: Wini&#039;s Shot!<\/b><\/h2>\n<section><span style=\"font-size: revert; color: initial; font-family: var(--wp--preset--font-family--primary);\">Die Jungs haben zusammen mit Wini ein neues Rezept entwickelt. Sie haben das Beste aus allen Zutaten kombiniert!<\/span><\/section>\n<section class=\"text-item\">Hier ist eine innovative <a href=\"https:\/\/konopnybuch.pl\/sklep\/zywnosc\/shoty-konopne\/hemp-shot-underground-cytryna-ananas-600mg-fs-100ml\/\" rel=\"nofollow noopener\" target=\"_blank\">Hanf-Schuss<\/a> mit einem Hauch von Geschmack\u00a0<b>Birkensaft<\/b>.<\/p>\n<h2>Wichtige Inhaltsstoffe und Eigenschaften<\/h2>\n<p><span style=\"font-weight: 400;\">Zutaten:<\/span><\/p>\n<ul>\n<li style=\"font-weight: 400;\" aria-level=\"1\"><span style=\"font-weight: 400;\">Wasser<\/span><\/li>\n<li style=\"font-weight: 400;\" aria-level=\"1\"><span style=\"font-weight: 400;\">Hanfsamen\u00f6l (Cannabis sativa L.) (34,5 g\/100 ml)<\/span><\/li>\n<li style=\"font-weight: 400;\" aria-level=\"1\"><span style=\"font-weight: 400;\">Birnensaft (12%)<\/span><\/li>\n<li style=\"font-weight: 400;\" aria-level=\"1\"><span style=\"font-weight: 400;\">Apfelsaft (12%)<\/span><\/li>\n<li style=\"font-weight: 400;\" aria-level=\"1\"><span style=\"font-weight: 400;\">Birkensaft (3%)<\/span><\/li>\n<li style=\"font-weight: 400;\" aria-level=\"1\"><span style=\"font-weight: 400;\">L-Ascorbins\u00e4ure<\/span><\/li>\n<li style=\"font-weight: 400;\" aria-level=\"1\"><span style=\"font-weight: 400;\">Stabilisatoren: Xanthangummi, Akaziengummi, Guarkernmehl<\/span><\/li>\n<li style=\"font-weight: 400;\" aria-level=\"1\"><span style=\"font-weight: 400;\">Pulverisierte Zitronenmelissebl\u00e4tter<\/span><\/li>\n<li style=\"font-weight: 400;\" aria-level=\"1\"><span style=\"font-weight: 400;\">S\u00e4ure: Zitronens\u00e4ure<\/span><\/li>\n<li style=\"font-weight: 400;\" aria-level=\"1\"><span style=\"font-weight: 400;\">Konservierungsstoffe: Natriumbenzoat, Kaliumsorbat<\/span><\/li>\n<\/ul>\n<p><span style=\"font-weight: 400;\">Vorteile:<\/span><\/p>\n<ul>\n<li style=\"font-weight: 400;\" aria-level=\"1\"><span style=\"font-weight: 400;\">Vitamin C: Unterst\u00fctzt das Immunsystem und tr\u00e4gt zur Erhaltung gesunder Haut bei. Jede Portion enth\u00e4lt 16 mg Vitamin C (201 \u00b5g\/l empfohlene Tagesdosis*).<\/span><\/li>\n<li style=\"font-weight: 400;\" aria-level=\"1\"><span style=\"font-weight: 400;\">Zitronenmelisse: Enth\u00e4lt 5 mg pulverisierte Zitronenmelissenbl\u00e4tter, die f\u00fcr ihre entspannenden und beruhigenden Eigenschaften bekannt sind.<\/span><\/li>\n<li style=\"font-weight: 400;\" aria-level=\"1\"><span style=\"font-weight: 400;\">Dosierung und Lagerung<\/span><\/li>\n<li style=\"font-weight: 400;\" aria-level=\"1\"><span style=\"font-weight: 400;\">Empfohlene Dosierung: 5 ml einmal pro Tag<\/span><\/li>\n<li style=\"font-weight: 400;\" aria-level=\"1\"><span style=\"font-weight: 400;\">Wirkstoffe in einer Tagesportion:<\/span><\/li>\n<li style=\"font-weight: 400;\" aria-level=\"1\"><span style=\"font-weight: 400;\">Hanf\u00f6l: 1725 mg<\/span><\/li>\n<li style=\"font-weight: 400;\" aria-level=\"1\"><span style=\"font-weight: 400;\">Vitamin C: 16 mg (20% RWS)<\/span><\/li>\n<li style=\"font-weight: 400;\" aria-level=\"1\"><span style=\"font-weight: 400;\">Pulverisierte Zitronenmelissenbl\u00e4tter: 5 mg<\/span><\/li>\n<li style=\"font-weight: 400;\" aria-level=\"1\"><span style=\"font-weight: 400;\">Lagerung: Trocken bei 15-25 \u00b0C lagern. Nach dem \u00d6ffnen im K\u00fchlschrank (unter 5 Grad Celsius) aufbewahren und innerhalb von 21 Tagen verbrauchen.<\/span><\/li>\n<\/ul>\n<h2>Einzigartige Merkmale<\/h2>\n<p><span style=\"font-weight: 400;\"><strong>THC-Gummib\u00e4rchen 600 mg:<\/strong> Neu im Angebot \u2013 Gummib\u00e4rchen mit 600 mg THC, die die Wirkung von \u201eWinie&#039;s Shot\u201d perfekt erg\u00e4nzen und so f\u00fcr noch mehr Entspannung und Wohlbefinden sorgen.<\/span><\/p>\n<ul>\n<li style=\"font-weight: 400;\" aria-level=\"1\"><span style=\"font-weight: 400;\">Anwendungsfreundlichkeit: Das Produkt wird mit einem Messbecher zur einfachen Dosierung geliefert. Jede Packung enth\u00e4lt 20 Portionen.<\/span><\/li>\n<li style=\"font-weight: 400;\" aria-level=\"1\"><span style=\"font-weight: 400;\">Nat\u00fcrliche Zusammensetzung: Hemp Shot enth\u00e4lt nat\u00fcrliche Inhaltsstoffe und ist daher ein sicheres und wirksames Nahrungserg\u00e4nzungsmittel.<\/span><\/li>\n<\/ul>\n<h2>Gesundheitliche Vorteile<\/h2>\n<p><span style=\"font-weight: 400;\">Hemp Shot Wini bietet dank des hochwertigen Hanf\u00f6ls und weiterer Inhaltsstoffe zahlreiche gesundheitliche Vorteile:<\/span><\/p>\n<ul>\n<li style=\"font-weight: 400;\" aria-level=\"1\"><span style=\"font-weight: 400;\">St\u00e4rkt das Immunsystem: Dank Vitamin C.<\/span><\/li>\n<li style=\"font-weight: 400;\" aria-level=\"1\"><span style=\"font-weight: 400;\">Entspannung und Beruhigung: Zitronenmelisse hilft Ihnen, nach einem anstrengenden Tag zur Ruhe zu kommen.<\/span><\/li>\n<li style=\"font-weight: 400;\" aria-level=\"1\"><span style=\"font-weight: 400;\">Vollst\u00e4ndiges Spektrum an Phyton\u00e4hrstoffen: Hanf\u00f6l bietet die gesundheitlichen Vorteile des gesamten Spektrums nat\u00fcrlicher Hanfinhaltsstoffe.<\/span><\/li>\n<\/ul>\n<h2>Zusammenfassung<\/h2>\n<p><span style=\"font-weight: 400;\"><strong>Hemp Shot Wini Strong Shot CBD 600mg<\/strong> Dieses einzigartige Produkt wurde mit dem Ziel maximaler Entspannung und gesundheitsf\u00f6rdernder Wirkung entwickelt. Dank seiner innovativen Formel, die Hanf\u00f6l mit Birkensaft sowie Vitamin C und Zitronenmelisse kombiniert, ist es die perfekte Wahl f\u00fcr alle, die ein wirksames und wohlschmeckendes Nahrungserg\u00e4nzungsmittel suchen. Die neuen 600-mg-THC-Gummib\u00e4rchen erg\u00e4nzen die Wirkung von Hemp Shot ideal. Jetzt kaufen und au\u00dfergew\u00f6hnliche Entspannung mit Hemp Shot Winiego erleben!<\/span><\/p>\n<section class=\"section\">\n<div class=\"item item-12\">\n<section class=\"text-item\">\n<h2><strong>THC-Gummib\u00e4rchen 600 mg<\/strong><\/h2>\n<p>Ab sofort bieten wir auch 600-mg-Gelees an, die die Wirkung von \u201eWini&#039;s Shot\u201d perfekt erg\u00e4nzen und so f\u00fcr noch mehr Entspannung und Wohlbefinden sorgen.<\/p>\n<\/section>\n<\/div>\n<\/section>\n<\/section>\n<\/div>\n<div class=\"item item-6\"><\/div>","protected":false},"excerpt":{"rendered":"<p><span style=\"font-weight: 400;\"><strong>Hanf-Shot Wini<\/strong> Dies ist die neueste Innovation von Cannabis Boys, entwickelt in Zusammenarbeit mit Winim. Dieses einzigartige Produkt vereint die positiven Eigenschaften von Hanf\u00f6l mit dem erfrischenden Geschmack von Birkensaft. Jede Portion enth\u00e4lt 600 mg nat\u00fcrliche Phyton\u00e4hrstoffe, Flavonoide und Terpene und bietet somit ein umfassendes Spektrum an gesundheitlichen Vorteilen.<\/span><\/p>","protected":false},"featured_media":2975,"comment_status":"open","ping_status":"open","template":"","meta":{"_acf_changed":false,"_gspb_post_css":"","rank_math_title":"","rank_math_description":"","rank_math_focus_keyword":"","rank_math_facebook_title":"","rank_math_facebook_description":"","rank_math_twitter_title":"","rank_math_twitter_description":""},"product_brand":[],"product_cat":[98],"product_tag":[],"woo-feed-brand":[],"class_list":{"0":"post-6112","1":"product","2":"type-product","3":"status-publish","4":"has-post-thumbnail","6":"product_cat-shoty","8":"first","9":"outofstock","10":"purchasable","11":"product-type-simple"},"ct_brands":[],"acf":[],"_links":{"self":[{"href":"https:\/\/ubucha.pl\/de\/wp-json\/wp\/v2\/product\/6112","targetHints":{"allow":["GET"]}}],"collection":[{"href":"https:\/\/ubucha.pl\/de\/wp-json\/wp\/v2\/product"}],"about":[{"href":"https:\/\/ubucha.pl\/de\/wp-json\/wp\/v2\/types\/product"}],"replies":[{"embeddable":true,"href":"https:\/\/ubucha.pl\/de\/wp-json\/wp\/v2\/comments?post=6112"}],"wp:featuredmedia":[{"embeddable":true,"href":"https:\/\/ubucha.pl\/de\/wp-json\/wp\/v2\/media\/2975"}],"wp:attachment":[{"href":"https:\/\/ubucha.pl\/de\/wp-json\/wp\/v2\/media?parent=6112"}],"wp:term":[{"taxonomy":"product_brand","embeddable":true,"href":"https:\/\/ubucha.pl\/de\/wp-json\/wp\/v2\/product_brand?post=6112"},{"taxonomy":"product_cat","embeddable":true,"href":"https:\/\/ubucha.pl\/de\/wp-json\/wp\/v2\/product_cat?post=6112"},{"taxonomy":"product_tag","embeddable":true,"href":"https:\/\/ubucha.pl\/de\/wp-json\/wp\/v2\/product_tag?post=6112"},{"taxonomy":"woo-feed-brand","embeddable":true,"href":"https:\/\/ubucha.pl\/de\/wp-json\/wp\/v2\/woo-feed-brand?post=6112"}],"curies":[{"name":"wp","href":"https:\/\/api.w.org\/{rel}","templated":true}]}}