{"id":6110,"date":"2025-09-26T13:48:44","date_gmt":"2025-09-26T11:48:44","guid":{"rendered":"https:\/\/ubucha.pl\/hemp-shot-blueberry-strong-shot-cbd-610mg-100ml\/"},"modified":"2026-04-28T17:06:27","modified_gmt":"2026-04-28T15:06:27","slug":"hanf-schuss-heidelbeere-starken-schuss-cbd-610mg-100ml","status":"publish","type":"product","link":"https:\/\/ubucha.pl\/de\/hemp-shot-blueberry-strong-shot-cbd-610mg-100ml\/","title":{"rendered":"Hanf Shot BLUEBERRY STRONG CBD Shot 610mg 100ml"},"content":{"rendered":"<div class=\"mpof_ki myre_zn myre_8v_l m389_6m_l\">\n<div class=\"mp4t_16_s mryx_16_s mr3m_1 mli2_1 mh85_56 mh85_0_l\">\n<div class=\"mgn2_16 _0d3bd_am0a-\">\n<h2>STRONG HEMP SHOT BLUEBERRY CBD 610mg 100ml<\/h2>\n<p>Nahrungserg\u00e4nzungsmittel mit Blaubeergeschmack und Hanf\u00f6l, das bis zu 610 mg nat\u00fcrliche Phyton\u00e4hrstoffe, Flavonoide und Terpene (Blaubeere) pro 100 ml enth\u00e4lt.<\/p>\n<p>Das daraus resultierende Faserhanf\u00f6l enth\u00e4lt das gesamte Spektrum der nat\u00fcrlich vorkommenden Phyton\u00e4hrstoffe des Hanfs.<\/p>\n<p>Die neueste Einf\u00fchrung von Hemp Shot ist das Ergebnis unserer Zusammenarbeit mit der Marke Cannabis-Boys.<\/p>\n<p><strong>Starker Hanf Shot Heidelbeere CBD<\/strong> Seinen Spitznamen verdankt er geeigneten Zutaten und technologischer Raffinesse auf h\u00f6chstem Niveau.<\/p>\n<p><strong>Heidelbeere CBD<\/strong> wurde entwickelt, um selbst die anspruchsvollsten Benutzer zu entspannen.<\/p>\n<\/div>\n<\/div>\n<\/div>\n<div class=\"mpof_ki myre_zn myre_8v_l m389_6m_l\">\n<div class=\"mp4t_16_s mryx_16_s mr3m_1 mli2_1 mh85_56 mh85_0_l\">\n<div class=\"mgn2_16 _0d3bd_am0a-\">\n<p><b>Inhaltsstoffe<\/b>\u00a0: Wasser, Hanfsamen\u00f6l (Cannabis Sativa L.) (<b>34,5g\/100ml<\/b>), Zucker, Apfelsaft (12%), Birnensaft (12%), Beerenaroma, L-Ascorbins\u00e4ure, Stabilisatoren: Xanthan, Gummi arabicum, Guarkernmehl, Zitronenmelissenblattpulver, S\u00e4uerungsmittel: Zitronens\u00e4ure, Konservierungsmittel: Natriumbenzoat, Kaliumsorbat.<\/p>\n<\/div>\n<\/div>\n<\/div>\n<div class=\"mpof_ki myre_zn myre_8v_l m389_6m_l\">\n<div class=\"mp4t_16_s mryx_16_s mr3m_1 mli2_1 mh85_56 mh85_0_l\">\n<div class=\"mgn2_16 _0d3bd_am0a-\">\n<p><b>N\u00e4hrwert pro 100ml :<\/b><\/p>\n<p>Energiewert: 1461kJ\/354kcal<\/p>\n<p>Fett: 32,8 g, davon ges\u00e4ttigte Fetts\u00e4uren: 3,3 g.<\/p>\n<p>Kohlenhydrate: 10,8 g, davon Zucker 10,3 g<\/p>\n<p>Eiwei\u00df: &lt;0,5g<\/p>\n<p>Salz : 0g<\/p>\n<\/div>\n<\/div>\n<\/div>\n<div class=\"mpof_ki myre_zn myre_8v_l m389_6m_l\">\n<div class=\"mp4t_16_s mryx_16_s mr3m_1 mli2_1 mh85_56 mh85_0_l\">\n<div class=\"mgn2_16 _0d3bd_am0a-\">\n<p><b>Empfohlene Einnahme<\/b>\u00a0:<\/p>\n<p>5 ml einmal am Tag<\/p>\n<p>1 Portion enth\u00e4lt\u00a0<b>1725mg<\/b>\u00a0Hanf\u00f6l mit dem gesamten Spektrum an Phyton\u00e4hrstoffen, 16 mg (20%RWS*) Vitamin C und 5 mg pulverisierte Melissenbl\u00e4tter.<\/p>\n<p>*%RWS - Referenzwerte f\u00fcr die Aufnahme f\u00fcr Erwachsene.<\/p>\n<p><b>Gebrauchsanweisung:<\/b><\/p>\n<p>Messen Sie die empfohlene Portion mit dem mitgelieferten Messbecher ab.<\/p>\n<p>Das Produkt enth\u00e4lt 20 Portionen.<\/p>\n<p><b>Die empfohlene Tagesdosis darf nicht \u00fcberschritten werden.<\/b><\/p>\n<p>Bei \u00fcberm\u00e4\u00dfigem Verzehr kann er abf\u00fchrend wirken.<\/p>\n<p>Das Nahrungserg\u00e4nzungsmittel darf nicht als Ersatz \/ Ersatz f\u00fcr eine abwechslungsreiche Ern\u00e4hrung verwendet werden.<\/p>\n<p>Eine abwechslungsreiche Ern\u00e4hrung und eine gesunde Lebensweise werden empfohlen.<\/p>\n<p><b>Lagerung:<\/b><\/p>\n<p>Bei Zimmertemperatur an einem trockenen und dunklen Ort aufbewahren.<\/p>\n<p>Au\u00dferhalb der Reichweite von Kleinkindern aufbewahren!<\/p>\n<p>Nach dem \u00d6ffnen im K\u00fchlschrank aufbewahren und innerhalb von 21 Tagen verbrauchen.<\/p>\n<p>Das Produkt ist f\u00fcr Erwachsene bestimmt.<\/p>\n<\/div>\n<\/div>\n<\/div>","protected":false},"excerpt":{"rendered":"<p>HEIDELBEER-HANF-SHOT <b>Das ist Entspannung auf einem ganz neuen Niveau! <\/b>Hochwertiges Hanf\u00f6l \u2013 Kapazit\u00e4t\u00a0<b>100 ml <\/b>Das so gewonnene Hanfsamen\u00f6l enth\u00e4lt das gesamte Spektrum der nat\u00fcrlich in Hanf vorkommenden Phyton\u00e4hrstoffe. <b>Es handelt sich um ein nat\u00fcrliches, legales Produkt gem\u00e4\u00df 100%, das einzige mit einer derart synergistischen Wirkung von pflanzlichen Inhaltsstoffen.<\/b>.<\/p>","protected":false},"featured_media":2972,"comment_status":"open","ping_status":"closed","template":"","meta":{"_acf_changed":false,"_gspb_post_css":"","rank_math_title":"","rank_math_description":"","rank_math_focus_keyword":"","rank_math_facebook_title":"","rank_math_facebook_description":"","rank_math_twitter_title":"","rank_math_twitter_description":""},"product_brand":[],"product_cat":[98],"product_tag":[],"woo-feed-brand":[],"class_list":{"0":"post-6110","1":"product","2":"type-product","3":"status-publish","4":"has-post-thumbnail","6":"product_cat-shoty","8":"first","9":"instock","10":"purchasable","11":"product-type-simple"},"ct_brands":[],"acf":[],"_links":{"self":[{"href":"https:\/\/ubucha.pl\/de\/wp-json\/wp\/v2\/product\/6110","targetHints":{"allow":["GET"]}}],"collection":[{"href":"https:\/\/ubucha.pl\/de\/wp-json\/wp\/v2\/product"}],"about":[{"href":"https:\/\/ubucha.pl\/de\/wp-json\/wp\/v2\/types\/product"}],"replies":[{"embeddable":true,"href":"https:\/\/ubucha.pl\/de\/wp-json\/wp\/v2\/comments?post=6110"}],"wp:featuredmedia":[{"embeddable":true,"href":"https:\/\/ubucha.pl\/de\/wp-json\/wp\/v2\/media\/2972"}],"wp:attachment":[{"href":"https:\/\/ubucha.pl\/de\/wp-json\/wp\/v2\/media?parent=6110"}],"wp:term":[{"taxonomy":"product_brand","embeddable":true,"href":"https:\/\/ubucha.pl\/de\/wp-json\/wp\/v2\/product_brand?post=6110"},{"taxonomy":"product_cat","embeddable":true,"href":"https:\/\/ubucha.pl\/de\/wp-json\/wp\/v2\/product_cat?post=6110"},{"taxonomy":"product_tag","embeddable":true,"href":"https:\/\/ubucha.pl\/de\/wp-json\/wp\/v2\/product_tag?post=6110"},{"taxonomy":"woo-feed-brand","embeddable":true,"href":"https:\/\/ubucha.pl\/de\/wp-json\/wp\/v2\/woo-feed-brand?post=6110"}],"curies":[{"name":"wp","href":"https:\/\/api.w.org\/{rel}","templated":true}]}}