{"id":6096,"date":"2025-09-26T13:48:18","date_gmt":"2025-09-26T11:48:18","guid":{"rendered":"https:\/\/ubucha.pl\/olejek-konopny-cbd-bomb-dope-lime-150ml-shot\/"},"modified":"2025-10-20T12:26:06","modified_gmt":"2025-10-20T10:26:06","slug":"cbd-bomb-dope-lime-hanfol-150ml-shot","status":"publish","type":"product","link":"https:\/\/ubucha.pl\/de\/olejek-konopny-cbd-bomb-dope-lime-150ml-shot\/","title":{"rendered":"CBD Hanf\u00f6l Bomb Dope Lime 150ml Shot"},"content":{"rendered":"<p><strong>NEUER Bomb Drink Dope Shot<\/strong> mit dem Geschmack von saftiger Limette ist ein einzigartiges Nahrungserg\u00e4nzungsmittel, das<br>Erfreut durch seinen erfrischenden Geschmack. Ein leckerer, fruchtiger Shot mit \u00d6lzusatz.<br>Hanfextrakt mit Langzeitwirkung, der nat\u00fcrliche Phyton\u00e4hrstoffe, einschlie\u00dflich Flavonoide, enth\u00e4lt und<br>gesunde Fetts\u00e4uren.<\/p>\n\n\n\n<p>Dies ist ein nat\u00fcrliches, legales Produkt gem\u00e4\u00df 100% und gleichzeitig das einzige mit einer so gro\u00dfen Wirkung ohne den merklichen Geschmack von Hanf\u00f6l. <strong>Bomb Dope<\/strong> ist eine ausgezeichnete Wahl f\u00fcr Menschen, die nach einer effektiven und schmackhaften M\u00f6glichkeit suchen, sich zu entspannen oder<br>Verbesserung der Schlafqualit\u00e4t.<\/p>\n\n\n\n<figure class=\"wp-block-embed is-type-video is-provider-youtube wp-block-embed-youtube wp-embed-aspect-16-9 wp-has-aspect-ratio\"><div class=\"wp-block-embed__wrapper\">\n<iframe loading=\"lazy\" title=\"URLAUBSREZEPT *Probieren Sie das nicht zu Hause aus!* (S-Lab, Nowy Szot, Rollmops, Zielone Porozumienie)\" width=\"1290\" height=\"726\" src=\"https:\/\/www.youtube.com\/embed\/g4udSAGkFbE?feature=oembed\" frameborder=\"0\" allow=\"accelerometer; autoplay; clipboard-write; encrypted-media; gyroscope; picture-in-picture; web-share\" referrerpolicy=\"strict-origin-when-cross-origin\" allowfullscreen><\/iframe>\n<\/div><\/figure>\n\n\n\n<h2 class=\"wp-block-heading\">Dope Shot Lime \u2013 Zutaten<\/h2>\n\n\n\n<p>Wasser<\/p>\n\n\n\n<p>Kaltgepresstes Hanfsamen\u00f6l mit nat\u00fcrlich vorkommenden Phyton\u00e4hrstoffen<\/p>\n\n\n\n<ul class=\"wp-block-list\">\n<li>Zucker<\/li>\n\n\n\n<li>Apfelsaft aus Konzentrat (3%)<\/li>\n\n\n\n<li>Orangensaft aus Konzentrat (1,51 TP3T)<\/li>\n\n\n\n<li>Zitronensaft aus Konzentrat (0,51 TP3T)<\/li>\n\n\n\n<li>Geschmacksrichtungen: Zitrone oder Pfirsich<\/li>\n\n\n\n<li>Emulgator: Lecithine (aus Soja)<\/li>\n\n\n\n<li>Konservierungsmittel: Natriumbenzoat<\/li>\n\n\n\n<li>N\u00e4hrwertangaben (pro 100 ml)<\/li>\n\n\n\n<li>Energie: 1334 kJ \/ 319 kcal<\/li>\n\n\n\n<li>Fett: 29,3 g (davon ges\u00e4ttigte Fetts\u00e4uren: 2,4 g)<\/li>\n\n\n\n<li>Kohlenhydrate: 9,1 g (davon Zucker: 6,6 g)<\/li>\n\n\n\n<li>Eiwei\u00df: &lt;0,5 g<\/li>\n\n\n\n<li>Salz: 0 g<\/li>\n<\/ul>\n\n\n\n<h2 class=\"wp-block-heading\">Bomb Dope Lime Eigenschaften<\/h2>\n\n\n\n<ul class=\"wp-block-list\">\n<li>Nat\u00fcrliche Inhaltsstoffe: Reich an Phyton\u00e4hrstoffen wie Flavonoiden und gesunden Fetts\u00e4uren, die der Gesundheit und dem Wohlbefinden zutr\u00e4glich sind.<\/li>\n\n\n\n<li>Starke Wirkung: Sorgt f\u00fcr ein starkes Gef\u00fchl der Entspannung und hebt die Stimmung \u2013 die perfekte Erg\u00e4nzung f\u00fcr eine Party oder zum Entspannen vor dem Fernseher.<\/li>\n\n\n\n<li>Angenehmer Geschmack: Dank seiner einzigartigen Rezeptur hat Bomb Dope einen fruchtigen Geschmack, der den Konsum erleichtert, und die Bitterkeit des Hanf\u00f6ls ist praktisch nicht wahrnehmbar.<\/li>\n\n\n\n<li>Alternative zu Hanfkr\u00e4utern: H\u00e4lt l\u00e4nger und kann praktisch \u00fcberall genossen werden.<\/li>\n\n\n\n<li>Anwendungsfreundlichkeit: Vor dem Trinken einfach sch\u00fctteln und den Geschmack sowie die entspannende Wirkung genie\u00dfen.<\/li>\n\n\n\n<li>Sicherheitshinweis: Bomb Dope enth\u00e4lt keine psychoaktiven Substanzen oder sch\u00e4dlichen Inhaltsstoffe, sodass Sie es ohne Bedenken hinsichtlich negativer Nebenwirkungen verwenden k\u00f6nnen.<\/li>\n<\/ul>\n\n\n\n<h2 class=\"wp-block-heading\">Anwendung \u2013 Drink Shot<\/h2>\n\n\n\n<ol class=\"wp-block-list\">\n<li>Messen Sie die empfohlene Portion mit dem mitgelieferten Messbecher ab.<\/li>\n\n\n\n<li>Vor dem Trinken sch\u00fctteln.<\/li>\n\n\n\n<li>Nach dem \u00d6ffnen im K\u00fchlschrank aufbewahren und innerhalb von 30 Tagen verbrauchen.<\/li>\n\n\n\n<li>An einem trockenen, dunklen Ort aufbewahren.<\/li>\n<\/ol>\n\n\n\n<p>Das Produkt ist f\u00fcr Erwachsene bestimmt.<\/p>\n\n\n\n<h2 class=\"wp-block-heading\">Dope Shot Zusammenfassung<\/h2>\n\n\n\n<p><strong>Bomb Dope Lime Shot<\/strong> Dieses innovative Hanfgetr\u00e4nk bietet eine ausgepr\u00e4gte Entspannungswirkung und einen erfrischenden Geschmack. Dank seiner nat\u00fcrlichen Inhaltsstoffe und der fortschrittlichen Rezeptur bietet es ein umfassendes Spektrum an gesundheitlichen Vorteilen, f\u00f6rdert die Entspannung und verbessert die Stimmung. <strong>Bomb Dope<\/strong> Es ist die perfekte Wahl f\u00fcr Erwachsene, die Wert auf ihre Gesundheit und ihr Wohlbefinden legen. Jetzt kaufen und die entspannende Wirkung entdecken. <strong>Bomb Dope<\/strong>!<\/p>","protected":false},"excerpt":{"rendered":"<p><span style=\"font-weight: 400;\"><strong>Bomb Dope Lime Shot<\/strong> Dieses einzigartige Nahrungserg\u00e4nzungsmittel besticht durch seinen erfrischenden, fruchtigen Limettengeschmack. Der k\u00f6stliche, fruchtige Shot ist mit hochwirksamem Hanf\u00f6l angereichert und enth\u00e4lt nat\u00fcrliche Phyton\u00e4hrstoffe wie Flavonoide und gesunde Fetts\u00e4uren. Das Produkt ist 100% nat\u00fcrlich und legal und bietet einzigartige Vorteile ohne den typischen Hanf\u00f6lgeschmack. <strong>Bomb Dope<\/strong> ist die perfekte Wahl f\u00fcr alle, die auf der Suche nach einer effektiven und schmackhaften M\u00f6glichkeit sind, sich zu entspannen und die Schlafqualit\u00e4t zu verbessern.<\/span><\/p>","protected":false},"featured_media":2946,"comment_status":"open","ping_status":"open","template":"","meta":{"_acf_changed":false,"_gspb_post_css":"","rank_math_title":"","rank_math_description":"","rank_math_focus_keyword":"","rank_math_facebook_title":"","rank_math_facebook_description":"","rank_math_twitter_title":"","rank_math_twitter_description":""},"product_brand":[],"product_cat":[98],"product_tag":[],"woo-feed-brand":[],"class_list":{"0":"post-6096","1":"product","2":"type-product","3":"status-publish","4":"has-post-thumbnail","6":"product_cat-shoty","8":"first","9":"outofstock","10":"purchasable","11":"product-type-simple"},"ct_brands":[],"acf":[],"_links":{"self":[{"href":"https:\/\/ubucha.pl\/de\/wp-json\/wp\/v2\/product\/6096","targetHints":{"allow":["GET"]}}],"collection":[{"href":"https:\/\/ubucha.pl\/de\/wp-json\/wp\/v2\/product"}],"about":[{"href":"https:\/\/ubucha.pl\/de\/wp-json\/wp\/v2\/types\/product"}],"replies":[{"embeddable":true,"href":"https:\/\/ubucha.pl\/de\/wp-json\/wp\/v2\/comments?post=6096"}],"wp:featuredmedia":[{"embeddable":true,"href":"https:\/\/ubucha.pl\/de\/wp-json\/wp\/v2\/media\/2946"}],"wp:attachment":[{"href":"https:\/\/ubucha.pl\/de\/wp-json\/wp\/v2\/media?parent=6096"}],"wp:term":[{"taxonomy":"product_brand","embeddable":true,"href":"https:\/\/ubucha.pl\/de\/wp-json\/wp\/v2\/product_brand?post=6096"},{"taxonomy":"product_cat","embeddable":true,"href":"https:\/\/ubucha.pl\/de\/wp-json\/wp\/v2\/product_cat?post=6096"},{"taxonomy":"product_tag","embeddable":true,"href":"https:\/\/ubucha.pl\/de\/wp-json\/wp\/v2\/product_tag?post=6096"},{"taxonomy":"woo-feed-brand","embeddable":true,"href":"https:\/\/ubucha.pl\/de\/wp-json\/wp\/v2\/woo-feed-brand?post=6096"}],"curies":[{"name":"wp","href":"https:\/\/api.w.org\/{rel}","templated":true}]}}