{"id":6070,"date":"2025-09-26T13:48:18","date_gmt":"2025-09-26T11:48:18","guid":{"rendered":"https:\/\/ubucha.pl\/wenus-joint-pre-rolls-konopny-cbd-11-konopny-buch-05g\/"},"modified":"2025-10-20T12:24:57","modified_gmt":"2025-10-20T10:24:57","slug":"wenus-joint-pre-rolls-hanf-cbd-11-hanfbuch-05-g","status":"publish","type":"product","link":"https:\/\/ubucha.pl\/de\/wenus-joint-pre-rolls-konopny-cbd-11-konopny-buch-05g\/","title":{"rendered":"Venus - Joint Pre Rolls Hanf CBD ~11% | Hanf Buch | 0.5G"},"content":{"rendered":"<section class=\"section\">\n<div class=\"item item-6\">\n<section class=\"text-item\">\n<h1>VENUS&#039; HANF-BUZZ<\/h1>\n<p><b>POLNISCHES Produkt.<\/b><\/p>\n<p>BIO-Standard. Global GAP, HACCP, GACP.<\/p>\n<h2>DIE IKONISCHE VENUS IN EINEM NEUEN DESIGN!<\/h2>\n<p>Wir pr\u00e4sentieren Ihnen eine neue Version des beliebten <a href=\"https:\/\/konopnybuch.pl\/kategoria\/susz-konopny\/\" rel=\"nofollow noopener\" target=\"_blank\">getrockneter Wenus von Konopny<\/a> Poke &lt;3<\/p>\n<p>Nach den Gesetzes\u00e4nderungen haben wir speziell f\u00fcr Sie eine neue Version von Wenus-Trockenkr\u00e4utern entwickelt \u2013 vorgefertigte Joints!<\/p>\n<p>Vieles hat sich ver\u00e4ndert, aber eines ist nach wie vor gro\u00dfartig: innen trocken!<\/p>\n<p>Wenus erfreute sich schnell gro\u00dfer Beliebtheit und etablierte sich fest in der polnischen Cannabis-Szene. Jetzt sind wir zur\u00fcck und versichern euch: Wir werden nicht von der Bildfl\u00e4che verschwinden!<\/p>\n<\/section>\n<\/div>\n<div class=\"item item-6\">\n<section class=\"image-item\"><img decoding=\"async\" alt=\"Venus - Joint Pre Rolls Hanf CBD ~11% | Hanf Buch | 0.5G\" title=\"Venus - Joint Pre Rolls Hanf CBD ~11% | Hanf Buch | 0.5G\" src=\"https:\/\/upload.cdn.baselinker.com\/products\/3020369\/ca7a207412d6f223e4cd1d3ba7109939.jpg\"><\/section>\n<\/div>\n<\/section>\n<section class=\"section\">\n<div class=\"item item-6\">\n<section class=\"image-item\"><img decoding=\"async\" alt=\"Venus - Joint Pre Rolls Hanf CBD ~11% | Hanf Buch | 0.5G\" title=\"Venus - Joint Pre Rolls Hanf CBD ~11% | Hanf Buch | 0.5G\" src=\"https:\/\/upload.cdn.baselinker.com\/products\/3020369\/3ad84ea221b4b6b68ab95cab302eab4c.jpg\"><\/section>\n<\/div>\n<div class=\"item item-6\">\n<section class=\"text-item\">\n<h2>CANNABINOIDGEHALT<\/h2>\n<p>THC \/ THCA &lt;0,3%<\/p>\n<p>CBD &lt;10%<\/p>\n<ul>\n<li>Raucherprodukt \u2013 vollkommen legal, mit Steuerbanderolen versehen.<\/li>\n<li>Aroma: holzig, Kiefer, Zitrus.<\/li>\n<li>Wirkt entspannend, beruhigend und wohltuend, verbessert Stimmung und Konzentration.<\/li>\n<li>Aus polnischen zertifizierten Anbauprodukten gem\u00e4\u00df Global GAP, HACCP und GACP.<\/li>\n<li>Das Produkt in 100% ist naturbelassen \u2013 handverlesen, sortiert und mit nat\u00fcrlichen Methoden getrocknet.<\/li>\n<li>Glasfl\u00e4schchen.<\/li>\n<li>Die Joints werden aus hochwertigen Bl\u00fcten und entsprechend der jeweiligen Sorte hergestellt.<\/li>\n<\/ul>\n<\/section>\n<\/div>\n<\/section>\n<section class=\"section\">\n<div class=\"item item-6\">\n<section class=\"image-item\"><img decoding=\"async\" alt=\"Venus - Joint Pre Rolls Hanf CBD ~11% | Hanf Buch | 0.5G\" title=\"Venus - Joint Pre Rolls Hanf CBD ~11% | Hanf Buch | 0.5G\" src=\"https:\/\/upload.cdn.baselinker.com\/products\/3020369\/62131806e4a87a27c38bfe95ee72b3d8.jpg\"><\/section>\n<\/div>\n<\/section>\n<section class=\"section\">\n<div class=\"item item-6\">\n<section class=\"image-item\"><img decoding=\"async\" alt=\"Venus - Joint Pre Rolls Hanf CBD ~11% | Hanf Buch | 0.5G\" title=\"Venus - Joint Pre Rolls Hanf CBD ~11% | Hanf Buch | 0.5G\" src=\"https:\/\/upload.cdn.baselinker.com\/products\/3020369\/890a104a980047ddf637650c91aa294a.jpg\"><\/section>\n<\/div>\n<div class=\"item item-6\">\n<section class=\"text-item\"><b>T<\/b><b>ERPENY<\/b><\/p>\n<p>B-Pinen 301<\/p>\n<p>(1S)-(+)-3-Caren &lt;10<\/p>\n<p>D-Limonen 408<\/p>\n<p>p-Cymol &lt;10<\/p>\n<p>A-Terpinolen &lt;10<\/p>\n<p>Linalool 512<\/p>\n<p>(+)-Borneol 50<\/p>\n<p>(1S)-(-)-Campher &lt;10<\/p>\n<p>(-)-alpha-Terpineol 131<\/p>\n<p>Geraniol &lt;10<\/p>\n<p>trans-Caryophyllen 739<\/p>\n<p>cis-Nerolidol 60<\/p>\n<p>beta-Eudesmol 367<\/p>\n<p>Phytol 1261<\/p>\n<p>Myrcen 2536<\/p>\n<\/section>\n<\/div>\n<\/section>\n<section class=\"section\">\n<div class=\"item item-6\">\n<section class=\"image-item\"><img decoding=\"async\" alt=\"Venus - Joint Pre Rolls Hanf CBD ~11% | Hanf Buch | 0.5G\" title=\"Venus - Joint Pre Rolls Hanf CBD ~11% | Hanf Buch | 0.5G\" src=\"https:\/\/upload.cdn.baselinker.com\/products\/3020369\/e4a05d72c4cfa2df13a6d539971e2781.jpg\"><\/section>\n<\/div>\n<div class=\"item item-6\">\n<section class=\"image-item\"><img decoding=\"async\" alt=\"Venus - Joint Pre Rolls Hanf CBD ~11% | Hanf Buch | 0.5G\" title=\"Venus - Joint Pre Rolls Hanf CBD ~11% | Hanf Buch | 0.5G\" src=\"https:\/\/upload.cdn.baselinker.com\/products\/3020369\/f2a9fabc5d6e1b3c0a0d767ac0667297.jpg\"><\/section>\n<\/div>\n<\/section>\n<section class=\"section\">\n<div class=\"item item-12\">\n<section class=\"text-item\">\u2014\u2014\u2013<\/p>\n<p><b>Qualit\u00e4t<\/b><\/p>\n<p>W <a href=\"https:\/\/konopnybuch.pl\/sklep\/susz-konopny\/kosmos-susz-konopny-cbda-65-konopny-buch\/\" rel=\"nofollow noopener\" target=\"_blank\">Hanf Buchu<\/a> Wir garantieren stets h\u00f6chste Qualit\u00e4t, deshalb verf\u00fcgen unsere Produkte \u00fcber alle erforderlichen Zertifikate: GACP, HACCP, PL-EKO-08 EU \u2013 f\u00fcr uns gibt es keinen Raum f\u00fcr Kompromisse, Gesundheit ist heilig!<\/p>\n<p>\u2014\u2014\u2013<\/p>\n<p><b>Detaillierte Informationen:<\/b><\/p>\n<p>\u2022 Legales Produkt aus zertifiziertem Saatgut gem\u00e4\u00df den EU-Standards GACP, GGAP und PL-EKO-08.<\/p>\n<p>\u2022 THC-Gehalt unter 0,351 \u00b5g\/l, keine berauschende Wirkung<\/p>\n<p>\u2022 Indoor-Anbau<\/p>\n<p>\u2022 100% nat\u00fcrlich, vollst\u00e4ndig zertifiziert<\/p>\n<p>\u2022 Manuelle Beschneidung\/Ernte<\/p>\n<p>\u2014\u2014\u2013<\/p>\n<p><b>GRATIS \u2013 INTEGRA-BEUTEL!<\/b><\/p>\n<p>Wir m\u00f6chten, dass Sie die Qualit\u00e4t und den Geschmack unserer Kr\u00e4uter voll und ganz genie\u00dfen. Deshalb enth\u00e4lt dieses Produkt einen Feuchtigkeitsregulierungsbeutel von Integra. Dieses neue Produkt sorgt daf\u00fcr, dass Ihre Bl\u00fcten lange in hervorragendem Zustand bleiben!<\/p>\n<p>\u2014\u2014\u2013<\/p>\n<p>Cannabis Sativa L.<\/p>\n<p>CBD\/CBG-haltiges Kraut ist keine psychoaktive Substanz. Es handelt sich um ein legales Produkt, das in der EU zum Verkauf zugelassen ist.<\/p>\n<p>Dieses Produkt ist zur Verdampfung\/Aromatherapie bestimmt. Nicht zum Rauchen oder Verzehr geeignet.<\/p>\n<p>Sobald die Verpackung ge\u00f6ffnet\/das Siegel gebrochen ist, \u00fcbernehmen wir keine Verantwortung mehr f\u00fcr den Inhalt.<\/p>\n<p>Gem\u00e4\u00df den Bestimmungen der Verordnung (EU) 2015\/2283 des Europ\u00e4ischen Parlaments und des Rates vom 25. November 2015 \u00fcber neuartige Lebensmittel (\u2026) ABl. L 327 vom 11.12.2015, S. 1.) teilen wir Ihnen mit, dass getrocknete Hanfbl\u00fcten bis zur Kl\u00e4rung der Angelegenheit auf EU-Ebene nur zur \u00e4u\u00dferlichen Anwendung bestimmt sind.<\/p>\n<p>\u2014\u2014\u2013<\/p>\n<\/section>\n<\/div>\n<\/section>\n<section class=\"section\">\n<div class=\"item item-12\">\n<section class=\"image-item\"><img decoding=\"async\" alt=\"Venus - Joint Pre Rolls Hanf CBD ~11% | Hanf Buch | 0.5G\" title=\"Venus - Joint Pre Rolls Hanf CBD ~11% | Hanf Buch | 0.5G\" src=\"https:\/\/upload.cdn.baselinker.com\/products\/3020369\/ca7a207412d6f223e4cd1d3ba7109939.jpg\"><\/section>\n<\/div>\n<\/section>","protected":false},"excerpt":{"rendered":"<p>KONOPNY BUCH WENUS Produkt POLSKI. Standard BIO. Global GAP, HACCP, GACP. KULTOWY WENUS W NOWEJ ODS\u0141ONIE! Przedstawiamy Wam now\u0105 wersj\u0119 popularnego suszu Wenus by Konopny Buch &lt;3 Pod\u0105\u017caj\u0105c za zmianami w prawie przygotowali\u015bmy specjalnie dla Was now\u0105 wersj\u0119 suszu Wenus &#8211; joint pre-rolls! Zmieni\u0142o si\u0119 bardzo wiele, ale jedno pozostaje tak samo \u015bwietne jak poprzednio [&hellip;]<\/p>\n","protected":false},"featured_media":2884,"comment_status":"open","ping_status":"open","template":"","meta":{"_acf_changed":false,"_gspb_post_css":"","rank_math_title":"","rank_math_description":"","rank_math_focus_keyword":"","rank_math_facebook_title":"","rank_math_facebook_description":"","rank_math_twitter_title":"","rank_math_twitter_description":""},"product_brand":[],"product_cat":[110],"product_tag":[],"woo-feed-brand":[],"class_list":{"0":"post-6070","1":"product","2":"type-product","3":"status-publish","4":"has-post-thumbnail","6":"product_cat-susz","8":"first","9":"outofstock","10":"purchasable","11":"product-type-simple"},"ct_brands":[],"acf":[],"_links":{"self":[{"href":"https:\/\/ubucha.pl\/de\/wp-json\/wp\/v2\/product\/6070","targetHints":{"allow":["GET"]}}],"collection":[{"href":"https:\/\/ubucha.pl\/de\/wp-json\/wp\/v2\/product"}],"about":[{"href":"https:\/\/ubucha.pl\/de\/wp-json\/wp\/v2\/types\/product"}],"replies":[{"embeddable":true,"href":"https:\/\/ubucha.pl\/de\/wp-json\/wp\/v2\/comments?post=6070"}],"wp:featuredmedia":[{"embeddable":true,"href":"https:\/\/ubucha.pl\/de\/wp-json\/wp\/v2\/media\/2884"}],"wp:attachment":[{"href":"https:\/\/ubucha.pl\/de\/wp-json\/wp\/v2\/media?parent=6070"}],"wp:term":[{"taxonomy":"product_brand","embeddable":true,"href":"https:\/\/ubucha.pl\/de\/wp-json\/wp\/v2\/product_brand?post=6070"},{"taxonomy":"product_cat","embeddable":true,"href":"https:\/\/ubucha.pl\/de\/wp-json\/wp\/v2\/product_cat?post=6070"},{"taxonomy":"product_tag","embeddable":true,"href":"https:\/\/ubucha.pl\/de\/wp-json\/wp\/v2\/product_tag?post=6070"},{"taxonomy":"woo-feed-brand","embeddable":true,"href":"https:\/\/ubucha.pl\/de\/wp-json\/wp\/v2\/woo-feed-brand?post=6070"}],"curies":[{"name":"wp","href":"https:\/\/api.w.org\/{rel}","templated":true}]}}