{"id":6048,"date":"2025-09-26T13:47:57","date_gmt":"2025-09-26T11:47:57","guid":{"rendered":"https:\/\/ubucha.pl\/bletki-mascotte-king-size-slim-pink-magnetic-combi-filtry\/"},"modified":"2026-04-22T08:36:39","modified_gmt":"2026-04-22T06:36:39","slug":"mascotte-konig-grose-schlank-rosa-magnetische-kombi-filter","status":"publish","type":"product","link":"https:\/\/ubucha.pl\/de\/bletki-mascotte-king-size-slim-pink-magnetic-combi-filtry\/","title":{"rendered":"Mascotte King Size Slim Pink Magnetic COMBI Blettes + Filter"},"content":{"rendered":"<h2>Mascotte Pink King Size Slim Magnetic Seidenpapier - pink<\/h2>\n<p>Entdecken Sie die au\u00dfergew\u00f6hnliche Qualit\u00e4t und Funktionalit\u00e4t der Mascotte Pink King Size Slim Magnetic Blotters in der Trendfarbe Pink! Diese Blotter sind die perfekte Wahl f\u00fcr alle, die Komfort, \u00c4sthetik und Zuverl\u00e4ssigkeit beim Twisten ihrer Lieblingsmischungen zu sch\u00e4tzen wissen.<\/p>\n<h3>Warum sollten Sie sich f\u00fcr Mascotte Pink King Size Slim Magnetic Blotting Papers entscheiden?<\/h3>\n<p>Hatten Sie jemals das Gef\u00fchl, dass Ihr L\u00f6schpapier klebrig oder schwer zu ordnen ist? Diese Probleme geh\u00f6ren jetzt der Vergangenheit an! Die Mascotte Pink King Size Slim Magnetic L\u00f6schpapiere verf\u00fcgen \u00fcber ein innovatives Magnetverschlusssystem, das daf\u00fcr sorgt, dass Ihre L\u00f6schpapiere immer ordentlich aufbewahrt werden und leicht zug\u00e4nglich sind. Dank dieser L\u00f6sung k\u00f6nnen Sie sicher sein, dass Ihre Papiere nicht versch\u00fcttet werden oder verloren gehen - auch nicht beim Transport.<\/p>\n<p>King Size Slim ist eine Gr\u00f6\u00dfe f\u00fcr diejenigen, die mehr Fl\u00e4che zum Drehen ben\u00f6tigen, aber trotzdem schlank und handlich bleiben wollen. Die rosa Farbe verleiht Charakter und Stil, damit Sie sich von anderen Nutzern abheben k\u00f6nnen.<\/p>\n<h3>Wichtigste Produktmerkmale<\/h3>\n<table style=\"border-collapse: collapse; width: 100%; max-width: 600px;\" border=\"1\" cellspacing=\"0\" cellpadding=\"8\">\n<thead>\n<tr style=\"background-color: #f2c1d1;\">\n<th>Merkmal<\/th>\n<th>Beschreibung<\/th>\n<\/tr>\n<\/thead>\n<tbody>\n<tr>\n<td>Art von Seidenpapier<\/td>\n<td>King Size Slim - gr\u00f6\u00dferes Format, ideal f\u00fcr bequemes Drehen<\/td>\n<\/tr>\n<tr>\n<td>Farbe<\/td>\n<td>Rosa - modisch und unverwechselbar<\/td>\n<\/tr>\n<tr>\n<td>Verschlusssystem<\/td>\n<td>Magnetisch - f\u00fcr sichere Aufbewahrung und bequeme Verwendung<\/td>\n<\/tr>\n<tr>\n<td>Material<\/td>\n<td>Nat\u00fcrliches, d\u00fcnnes Seidenpapier f\u00fcr optimale Verbrennung<\/td>\n<\/tr>\n<tr>\n<td>Eigenschaften<\/td>\n<td>Frei von chemischen Zus\u00e4tzen - sauberes und angenehmes Rauchen<\/td>\n<\/tr>\n<\/tbody>\n<\/table>\n<h3>Zusammensetzung des Produkts<\/h3>\n<p>Die Mascotte Blotters werden aus nat\u00fcrlichem L\u00f6schpapier hergestellt, das frei von Schadstoffen und Bleichmitteln ist. Das Ergebnis ist ein sauberes Raucherlebnis und der Geschmack der Mischungen bleibt authentisch und ungest\u00f6rt. Das Papier ist d\u00fcnn, aber stabil, l\u00e4sst sich leicht drehen und gew\u00e4hrleistet einen gleichm\u00e4\u00dfigen Abbrand. Die spezielle Klebstoffformel, mit der die Blotter versiegelt werden, ist nat\u00fcrlich und gesundheitlich unbedenklich.<\/p>\n<h3>Wie verwendet man Mascotte Pink King Size Slim Magnetic Blotting Papers?<\/h3>\n<p>Die Anwendung dieser L\u00f6schpapiere ist \u00e4u\u00dferst einfach und bequem. Nehmen Sie einfach das L\u00f6schpapier aus der Packung, legen Sie die gew\u00fcnschte Menge an Trockenheit auf die Oberfl\u00e4che und drehen Sie es dann leicht. Der Magnetverschluss erm\u00f6glicht ein einfaches \u00d6ffnen und Schlie\u00dfen der Packung, so dass die L\u00f6schpapiere immer frisch und einsatzbereit bleiben. Ideal f\u00fcr Anf\u00e4nger und erfahrene Anwender.<\/p>\n<h3>Nutzerbewertungen<\/h3>\n<p><em>\u201eMascotte Pink Blotting Papers sind mein absoluter Favorit! Der Magnetverschluss ist eine tolle Idee - so muss ich mir keine Sorgen \u00fcber versch\u00fcttete Taschent\u00fccher in meiner Tasche machen. Die Farbe ist toll und das Papier brennt gleichm\u00e4\u00dfig und sauber.\u201d<\/em> - Anna K.<\/p>\n<p><em>\u201eMit der King Size Slim habe ich mehr Platz zum Drehen, und die rosa Farbe tr\u00e4gt zum Stil bei. Die Verpackung ist praktisch und sehr stabil. Ich empfehle es jedem!\u201d<\/em> - Michael S.<\/p>\n<h3>Zus\u00e4tzliche Informationen<\/h3>\n<ul>\n<li><strong>Lagerung:<\/strong> Es wird empfohlen, die L\u00f6schpapiere an einem trockenen und k\u00fchlen Ort und vor direkter Sonneneinstrahlung gesch\u00fctzt aufzubewahren, um ihre Qualit\u00e4t und Eigenschaften zu erhalten.<\/li>\n<li><strong>Sicherheit:<\/strong> Das Produkt ist frei von sch\u00e4dlichen Chemikalien und sicher in der Anwendung. Der nat\u00fcrliche Klebstoff sorgt f\u00fcr eine sichere Abdichtung ohne negative gesundheitliche Auswirkungen.<\/li>\n<li><strong>Anwendung:<\/strong> Ideal zum Drehen traditioneller Zigaretten und Kr\u00e4utermischungen. Perfekt f\u00fcr diejenigen, die Komfort und \u00c4sthetik in jedem Detail zu sch\u00e4tzen wissen.<\/li>\n<\/ul>\n<p>Entscheiden Sie sich f\u00fcr Mascotte Pink King Size Slim Magnetic Blotting Papers und genie\u00dfen Sie jeden Tag hervorragende Qualit\u00e4t und Funktionalit\u00e4t!<\/p>","protected":false},"excerpt":{"rendered":"<p>Entdecken Sie das L\u00f6schblatt <strong>Mascotte Pink King Size Slim Magnetic<\/strong> - perfekt f\u00fcr Liebhaber des stilvollen Rauchens! Die rosa Farbe verleiht einen einzigartigen Touch und das schlanke King Size Slim Format sorgt f\u00fcr einen bequemen und gleichm\u00e4\u00dfigen Dreh. Der innovative Magnetverschluss ist eine Garantie f\u00fcr Frische und praktische Aufbewahrung.<\/p>\n<p>W\u00e4hlen Sie ein Produkt, das Qualit\u00e4t und Design vereint. Mascotte L\u00f6schpapiere sind die perfekte Wahl, wenn Sie Wert auf Zuverl\u00e4ssigkeit und \u00c4sthetik legen. Bestellen Sie jetzt und profitieren Sie vom Expressversand und attraktiven Gratiszugaben!<\/p>","protected":false},"featured_media":2864,"comment_status":"open","ping_status":"closed","template":"","meta":{"_acf_changed":false,"_gspb_post_css":"","rank_math_title":"","rank_math_description":"","rank_math_focus_keyword":"","rank_math_facebook_title":"","rank_math_facebook_description":"","rank_math_twitter_title":"","rank_math_twitter_description":""},"product_brand":[471],"product_cat":[141],"product_tag":[],"woo-feed-brand":[],"class_list":{"0":"post-6048","1":"product","2":"type-product","3":"status-publish","4":"has-post-thumbnail","6":"product_brand-mascotte","7":"product_cat-bibulki","9":"first","10":"outofstock","11":"purchasable","12":"product-type-simple"},"ct_brands":[{"id":471,"name":"Mascotte","slug":"mascotte"}],"acf":[],"_links":{"self":[{"href":"https:\/\/ubucha.pl\/de\/wp-json\/wp\/v2\/product\/6048","targetHints":{"allow":["GET"]}}],"collection":[{"href":"https:\/\/ubucha.pl\/de\/wp-json\/wp\/v2\/product"}],"about":[{"href":"https:\/\/ubucha.pl\/de\/wp-json\/wp\/v2\/types\/product"}],"replies":[{"embeddable":true,"href":"https:\/\/ubucha.pl\/de\/wp-json\/wp\/v2\/comments?post=6048"}],"wp:featuredmedia":[{"embeddable":true,"href":"https:\/\/ubucha.pl\/de\/wp-json\/wp\/v2\/media\/2864"}],"wp:attachment":[{"href":"https:\/\/ubucha.pl\/de\/wp-json\/wp\/v2\/media?parent=6048"}],"wp:term":[{"taxonomy":"product_brand","embeddable":true,"href":"https:\/\/ubucha.pl\/de\/wp-json\/wp\/v2\/product_brand?post=6048"},{"taxonomy":"product_cat","embeddable":true,"href":"https:\/\/ubucha.pl\/de\/wp-json\/wp\/v2\/product_cat?post=6048"},{"taxonomy":"product_tag","embeddable":true,"href":"https:\/\/ubucha.pl\/de\/wp-json\/wp\/v2\/product_tag?post=6048"},{"taxonomy":"woo-feed-brand","embeddable":true,"href":"https:\/\/ubucha.pl\/de\/wp-json\/wp\/v2\/woo-feed-brand?post=6048"}],"curies":[{"name":"wp","href":"https:\/\/api.w.org\/{rel}","templated":true}]}}