{"id":6046,"date":"2025-09-26T13:47:57","date_gmt":"2025-09-26T11:47:57","guid":{"rendered":"https:\/\/ubucha.pl\/specjaly-babci-marysi-susz-konopny-santhica-cbg-10g\/"},"modified":"2026-04-22T12:13:41","modified_gmt":"2026-04-22T10:13:41","slug":"granny-marysa-spezialitaten-getrockneter-hanf-santhica-cbg-10g","status":"publish","type":"product","link":"https:\/\/ubucha.pl\/de\/specjaly-babci-marysi-susz-konopny-santhica-cbg-10g\/","title":{"rendered":"Granny Mary's Spezialit\u00e4ten - Santhica CBG Hanf Trockenmittel - 10G"},"content":{"rendered":"<h2>Santhica 10g - das beste CBG-Trockenfutter von Granny Mary's Specialties<\/h2>\n<p>Sind Sie auf der Suche nach nat\u00fcrlichem, getrocknetem Hanf, der hohe Qualit\u00e4t mit einer F\u00fclle von positiven Eigenschaften verbindet? Santhica 10g ist ein Produkt f\u00fcr alle, die nat\u00fcrliche, legale und sichere L\u00f6sungen auf Basis von Cannabigerol (CBG) sch\u00e4tzen. Dieses einzigartige getrocknete CBG von Granny Mary's Specialties bietet 10 Gramm sorgf\u00e4ltig ausgew\u00e4hlte getrocknete Hanfbl\u00fctenst\u00e4nde, die sich durch ihre Reinheit und Wirksamkeit auszeichnen.<\/p>\n<h3>Was zeichnet den Santhica 10g Trockner aus?<\/h3>\n<p>Santhica ist kein gew\u00f6hnlicher getrockneter Hanf. Es ist ein Produkt, das reich an Cannabigerol (CBG) ist, das zunehmend f\u00fcr seine umfassenden gesundheitsf\u00f6rdernden und das Wohlbefinden unterst\u00fctzenden Eigenschaften gesch\u00e4tzt wird. Wussten Sie, dass CBG auf verschiedene Weise auf den K\u00f6rper einwirkt, unter anderem zur Unterst\u00fctzung des Nervensystems und zur Normalisierung der Stoffwechselfunktionen? Das getrocknete CBG von Santhica bietet diese positiven Eigenschaften in einer nat\u00fcrlichen und leicht absorbierbaren Form.<\/p>\n<p>Dank eines sorgf\u00e4ltigen Trocknungs- und Auswahlverfahrens beh\u00e4lt jede Portion Santhica getrocknet den vollen Geschmack und die nat\u00fcrlichen Wirkstoffe. Es ist eine ausgezeichnete Wahl f\u00fcr diejenigen, die die Vorteile von Cannabis ohne die psychoaktiven Wirkungen von THC genie\u00dfen wollen.<\/p>\n<h3>Produktzusammensetzung - was ist in Santhica 10g enthalten?<\/h3>\n<table style=\"border-collapse: collapse;width: 100%;max-width: 600px\" border=\"1\" cellspacing=\"0\" cellpadding=\"8\">\n<thead>\n<tr>\n<th>Komponente<\/th>\n<th>Beschreibung<\/th>\n<\/tr>\n<\/thead>\n<tbody>\n<tr>\n<td>Cannabigerol (CBG)<\/td>\n<td>Ein nat\u00fcrliches, aus Cannabis gewonnenes Cannabinoid, das f\u00fcr seine Eigenschaften zur Unterst\u00fctzung des Nervensystems und des allgemeinen Wohlbefindens gesch\u00e4tzt wird.<\/td>\n<\/tr>\n<tr>\n<td>Kr\u00e4uterhanf-Bl\u00fctenstand<\/td>\n<td>Sorgf\u00e4ltig getrocknet, frei von Pestiziden und Herbiziden, wobei das nat\u00fcrliche Terpenprofil erhalten bleibt.<\/td>\n<\/tr>\n<tr>\n<td>Mindestens 0,01% THC<\/td>\n<td>Der THC-Gehalt liegt unter den gesetzlichen Grenzwerten, so dass die Legalit\u00e4t gew\u00e4hrleistet ist und keine psychoaktiven Wirkungen auftreten.<\/td>\n<\/tr>\n<\/tbody>\n<\/table>\n<h3>Wie wird der Santhica 10g Trockner verwendet?<\/h3>\n<p>Am h\u00e4ufigsten wird Santhica 10g getrocknet durch Verdampfen verwendet, was eine wirksame Nutzung von Cannabigerol und anderen Bestandteilen erm\u00f6glicht, ohne die Lunge zu sch\u00e4digen. Sie k\u00f6nnen es auch zur Zubereitung von Aufg\u00fcssen oder als Zusatz zur Aromatherapie verwenden. Wie man anf\u00e4ngt. Geben Sie die getrocknete Pflanze einfach in einen Verdampfer oder \u00fcberbr\u00fchen Sie sie in einer Tasse mit hei\u00dfem Wasser, um den vollen Geschmack und die gesundheitlichen Vorteile zu entdecken.<\/p>\n<p>Mit den verschiedenen Packungsgr\u00f6\u00dfen (1g, 2g, 5g, 10g) k\u00f6nnen Sie Ihren Kauf auf Ihre Bed\u00fcrfnisse abstimmen, egal ob Sie ein Anf\u00e4nger oder ein erfahrener Nutzer von getrocknetem CBG sind.<\/p>\n<h3>Warum Santhica 10g w\u00e4hlen?<\/h3>\n<p>Wir sind \u00fcberzeugt, dass Santhica 10g die Erwartungen selbst der anspruchsvollsten Kunden erf\u00fcllen wird. Es ist ein Produkt, das Nat\u00fcrlichkeit, hohe Qualit\u00e4t und Wirksamkeit vereint. Vertrauen Sie Grandma Mary's Specialties - dem Branchenf\u00fchrer f\u00fcr CBD- und CBG-Hanfprodukte - und erleben Sie die Vorteile von CBG noch heute!<\/p>\n<h4>Benutzerbewertungen:<\/h4>\n<p><em>\u201eSanthica ist mein liebstes getrocknetes CBG - zartes Aroma und gro\u00dfe entspannende Wirkung ohne psychoaktiven Effekt. Ich w\u00fcrde es jedem empfehlen, der nach nat\u00fcrlicher Unterst\u00fctzung f\u00fcr seine Gesundheit sucht!\u201d<\/em> - Anna K.<\/p>\n<p><em>\u201eAls k\u00f6rperlich aktiver Mensch sch\u00e4tze ich die Wirkung von Santhica auf die Erholung und den Stressabbau. Ein Spitzenprodukt, das ich auf jeden Fall wieder kaufen werde.\u201d<\/em> - Michael S.<\/p>\n<h4>Lagerung und Sicherheit:<\/h4>\n<p>Um die volle Qualit\u00e4t und die Eigenschaften von Santhica 10g getrocknet zu erhalten, bewahren Sie es an einem trockenen, k\u00fchlen Ort auf, ohne direkte Sonneneinstrahlung. Das Produkt ist sicher, legal und frei von psychoaktiven Substanzen, was durch die entsprechenden Qualit\u00e4tszertifikate best\u00e4tigt wird. Denken Sie daran, das Produkt gem\u00e4\u00df den Anweisungen zu verwenden und den Gebrauch durch Minderj\u00e4hrige zu vermeiden.<\/p>\n<h4>Beispiele f\u00fcr die Verwendung des Produkts:<\/h4>\n<ul>\n<li>Verdampfung - schnelle und effiziente Abgabe von Cannabigerol ohne Rauch.<\/li>\n<li>Getrockneter Tee - ein delikater Aufguss mit Kr\u00e4utergeschmack zur Entspannung und Unterst\u00fctzung des Immunsystems.<\/li>\n<li>Aromatherapie-Zusatz - nutzen Sie das nat\u00fcrliche Aroma der Trockenfr\u00fcchte, um eine entspannende Atmosph\u00e4re zu schaffen.<\/li>\n<\/ul>\n<p>Santhica 10g ist die perfekte Wahl f\u00fcr alle, die ihre Lebensqualit\u00e4t auf nat\u00fcrliche Weise mit den einzigartigen Eigenschaften von CBG verbessern wollen. Warten Sie nicht - entdecken Sie die Kraft des Hanfs mit Grandma Mary's Specialties!<\/p>","protected":false},"excerpt":{"rendered":"<p>Santhica 10g ist eine getrocknete CBG-Bl\u00fcte in Premiumqualit\u00e4t, die mit ihrem nat\u00fcrlichen Aroma und ihrer intensiven Wirkung begeistert. Ausgew\u00e4hlte Cannabisbl\u00fcten mit hohem CBG-Gehalt f\u00f6rdern Entspannung und Wohlbefinden ohne psychoaktive Wirkungen. Ideal f\u00fcr alle, die eine Alternative zu herk\u00f6mmlichen Erg\u00e4nzungsmitteln suchen.<\/p>\n<p>Dank des pr\u00e4zisen Trocknungsprozesses beh\u00e4lt Santhica seine vollen Terpene bei, was sich in einem au\u00dfergew\u00f6hnlichen Geschmack und Aroma niederschl\u00e4gt. Das Produkt ist in einer praktischen 10g-Packung erh\u00e4ltlich - eine ausgezeichnete Wahl f\u00fcr den l\u00e4ngerfristigen Gebrauch.<\/p>\n<p>Bestellen Sie jetzt und entdecken Sie die nat\u00fcrliche Kraft von CBG direkt von Grandma Mary's Specialties! Bereichern Sie Ihren Tag mit einzigartigen Empfindungen und gesundheitlichen Vorteilen.<\/p>","protected":false},"featured_media":9647,"comment_status":"open","ping_status":"closed","template":"","meta":{"_acf_changed":false,"_gspb_post_css":"","rank_math_title":"","rank_math_description":"","rank_math_focus_keyword":"","rank_math_facebook_title":"","rank_math_facebook_description":"","rank_math_twitter_title":"","rank_math_twitter_description":""},"product_brand":[129],"product_cat":[110],"product_tag":[],"woo-feed-brand":[],"class_list":{"0":"post-6046","1":"product","2":"type-product","3":"status-publish","4":"has-post-thumbnail","6":"product_brand-babcia-marysia","7":"product_cat-susz","9":"first","10":"instock","11":"purchasable","12":"product-type-simple"},"ct_brands":[{"id":129,"name":"Gro\u00dfmutter Marysia","slug":"grosmutter-marysia"}],"acf":[],"_links":{"self":[{"href":"https:\/\/ubucha.pl\/de\/wp-json\/wp\/v2\/product\/6046","targetHints":{"allow":["GET"]}}],"collection":[{"href":"https:\/\/ubucha.pl\/de\/wp-json\/wp\/v2\/product"}],"about":[{"href":"https:\/\/ubucha.pl\/de\/wp-json\/wp\/v2\/types\/product"}],"replies":[{"embeddable":true,"href":"https:\/\/ubucha.pl\/de\/wp-json\/wp\/v2\/comments?post=6046"}],"wp:featuredmedia":[{"embeddable":true,"href":"https:\/\/ubucha.pl\/de\/wp-json\/wp\/v2\/media\/9647"}],"wp:attachment":[{"href":"https:\/\/ubucha.pl\/de\/wp-json\/wp\/v2\/media?parent=6046"}],"wp:term":[{"taxonomy":"product_brand","embeddable":true,"href":"https:\/\/ubucha.pl\/de\/wp-json\/wp\/v2\/product_brand?post=6046"},{"taxonomy":"product_cat","embeddable":true,"href":"https:\/\/ubucha.pl\/de\/wp-json\/wp\/v2\/product_cat?post=6046"},{"taxonomy":"product_tag","embeddable":true,"href":"https:\/\/ubucha.pl\/de\/wp-json\/wp\/v2\/product_tag?post=6046"},{"taxonomy":"woo-feed-brand","embeddable":true,"href":"https:\/\/ubucha.pl\/de\/wp-json\/wp\/v2\/woo-feed-brand?post=6046"}],"curies":[{"name":"wp","href":"https:\/\/api.w.org\/{rel}","templated":true}]}}