{"id":6042,"date":"2025-09-26T13:47:57","date_gmt":"2025-09-26T11:47:57","guid":{"rendered":"https:\/\/ubucha.pl\/specjaly-babci-marysi-susz-konopny-northwest-5g\/"},"modified":"2026-04-22T12:15:47","modified_gmt":"2026-04-22T10:15:47","slug":"oma-marysas-spezialitaten-getrockneter-hanf-nordwest-5g","status":"publish","type":"product","link":"https:\/\/ubucha.pl\/de\/specjaly-babci-marysi-susz-konopny-northwest-5g\/","title":{"rendered":"Granny Mary's Specialties - Nordwest-Hanf-Trockenfutter - 5G"},"content":{"rendered":"<h2>Northwest 5g - Au\u00dfergew\u00f6hnliches getrocknetes CBD von Grandma Mary's Specialties<\/h2>\n<p>Sind Sie auf der Suche nach nat\u00fcrlichem, bew\u00e4hrtem CBD in getrockneter Form, um die volle Entspannung und die Vorteile von Cannabis zu genie\u00dfen? Northwest 5g ist ein Produkt, das Ihre Erwartungen dank seiner hohen Qualit\u00e4t, der sorgf\u00e4ltigen Auswahl der Zutaten und der nat\u00fcrlichen Herkunft erf\u00fcllen wird. Dieses CBD getrocknet ist eine ausgezeichnete Wahl f\u00fcr diejenigen, die einen gesunden Lebensstil sch\u00e4tzen, sowie eine wirksame Unterst\u00fctzung f\u00fcr die t\u00e4gliche Entspannung.<\/p>\n<h3>Was macht den Northwest 5g CBD Trockner so besonders?<\/h3>\n<p>Northwest 5g wird aus den hochwertigsten industriellen Hanfbl\u00fcten gewonnen, die sorgf\u00e4ltig ausgew\u00e4hlt und verarbeitet werden, um so viele aktive Inhaltsstoffe wie m\u00f6glich zu erhalten. Das Produkt enth\u00e4lt kein THC oberhalb der gesetzlichen Grenzwerte, was eine sichere Verwendung und Legalit\u00e4t gew\u00e4hrleistet.<\/p>\n<p>Das getrocknete Kraut enth\u00e4lt das gesamte Spektrum der Cannabinoide, die zusammenwirken, um ihre Wirkung zu verst\u00e4rken - ein sogenannter synergistischer Effekt, der die Wirksamkeit und den Nutzen f\u00fcr den K\u00f6rper erh\u00f6ht. Infolgedessen kann Northwest 5g den Stressabbau unterst\u00fctzen, die Konzentration verbessern, Muskelverspannungen lindern und helfen, das emotionale Gleichgewicht zu erhalten.<\/p>\n<h3>Zusammensetzung und Merkmale des Produkts<\/h3>\n<table style=\"border-collapse: collapse;width: 100%;max-width: 600px\" border=\"1\" cellspacing=\"0\" cellpadding=\"8\">\n<thead>\n<tr>\n<th>Merkmal<\/th>\n<th>Beschreibung<\/th>\n<\/tr>\n<\/thead>\n<tbody>\n<tr>\n<td>Typ<\/td>\n<td>Getrocknetes CBD<\/td>\n<\/tr>\n<tr>\n<td>Gewicht der Packung<\/td>\n<td>5 Gramm<\/td>\n<\/tr>\n<tr>\n<td>Quelle<\/td>\n<td>Industriehanf von h\u00f6chster Qualit\u00e4t<\/td>\n<\/tr>\n<tr>\n<td>CBD-Gehalt<\/td>\n<td>Volles Spektrum an Cannabinoiden<\/td>\n<\/tr>\n<tr>\n<td>THC-Gehalt<\/td>\n<td>Weniger als 0,2% (in \u00dcbereinstimmung mit den EU-Vorschriften)<\/td>\n<\/tr>\n<tr>\n<td>Methode des Anbaus<\/td>\n<td>Bio, ohne Pestizide und Kunstd\u00fcnger<\/td>\n<\/tr>\n<tr>\n<td>Geschmack und Geruch<\/td>\n<td>Nat\u00fcrlich, mit Noten von Kr\u00e4utern und frischem Gr\u00fcn<\/td>\n<\/tr>\n<\/tbody>\n<\/table>\n<h3>Wie wird der Northwest 5g CBD Trockner verwendet?<\/h3>\n<p>Wussten Sie, dass getrocknetes CBD auf viele Arten verwendet werden kann? Die beliebteste Methode ist das Verdampfen - dabei werden die Wirkstoffe bei der optimalen Temperatur freigesetzt, um das volle Aroma und die Wirkung zu erhalten. Verdampfen ist eine ges\u00fcndere Alternative zum traditionellen Rauchen, da keine Verbrennung oder Bildung von Schadstoffen stattfindet.<\/p>\n<p>Alternativ k\u00f6nnen Sie das getrocknete Kraut zur Zubereitung von Aufg\u00fcssen oder Extrakten verwenden, um Ihre Entspannung und t\u00e4gliche Erholung zu unterst\u00fctzen. Denken Sie daran, immer die richtige Dosis zu verwenden - beginnen Sie mit einer kleinen Menge und beobachten Sie die Reaktionen Ihres K\u00f6rpers.<\/p>\n<h3>Warum sollten Sie sich f\u00fcr Northwest 5g entscheiden?<\/h3>\n<p>Wenn Sie ein Produkt suchen, das mit Blick auf Ihre Gesundheit und Ihr nat\u00fcrliches Wohlbefinden entwickelt wurde, ist getrocknetes CBD Northwest 5g die perfekte Wahl. Dank sorgf\u00e4ltiger Auswahl und zertifizierter Qualit\u00e4t k\u00f6nnen Sie sicher sein, dass Sie zu einem sicheren und wirksamen Produkt greifen.<\/p>\n<p>Sie brauchen sich keine Sorgen um die Legalit\u00e4t zu machen - das Produkt erf\u00fcllt alle Normen, was durch zahlreiche Zertifizierungen best\u00e4tigt wird. R\u00fcckmeldungen von zufriedenen Kunden best\u00e4tigen, dass Northwest 5g ihnen bei der t\u00e4glichen Entspannung, dem Stressabbau und der Erholung nach einem anstrengenden Tag hilft.<\/p>\n<h3>Zus\u00e4tzliche Informationen f\u00fcr Nutzer<\/h3>\n<ul>\n<li><strong>Lagerung:<\/strong> Lagern Sie den Trockner an einem trockenen und k\u00fchlen Ort und sch\u00fctzen Sie ihn vor direkter Sonneneinstrahlung, damit er seine vollen Eigenschaften beh\u00e4lt.<\/li>\n<li><strong>Sicherheit:<\/strong> Das Produkt ist nicht f\u00fcr schwangere und stillende Frauen sowie f\u00fcr Minderj\u00e4hrige bestimmt.<\/li>\n<li><strong>Benutzerbewertungen:<\/strong> Die Kunden sch\u00e4tzen den nat\u00fcrlichen Geschmack, die Wirksamkeit und die positiven Auswirkungen auf das Wohlbefinden.<\/li>\n<li><strong>Gebrauchsanweisung:<\/strong> Beginnen Sie mit kleinen Dosen und passen Sie die Menge schrittweise an Ihre Bed\u00fcrfnisse an.<\/li>\n<\/ul>\n<h3>Zusammenfassung<\/h3>\n<p>Northwest 5g ist ein qualitativ hochwertiges, getrocknetes CBD, mit dem Sie die nat\u00fcrlichen Vorteile von Cannabis erleben k\u00f6nnen. Ideal f\u00fcr alle, die ein wirksames und sicheres Produkt gegen Stress, Verspannungen und zur Verbesserung ihres Lebens suchen. Entscheiden Sie sich f\u00fcr Northwest 5g und sehen Sie, wie viel Unterschied die nat\u00fcrliche Kraft von CBD in Ihrem Alltag machen kann.<\/p>","protected":false},"excerpt":{"rendered":"<p>Entdecken Sie getrocknetes CBD Northwest 5g - ein nat\u00fcrlicher Weg zum Entspannen und Relaxen. Sorgf\u00e4ltig ausgew\u00e4hlte Hanfbl\u00fcten sorgen f\u00fcr hohe Qualit\u00e4t und eine F\u00fclle an wertvollen Cannabinoiden.<\/p>\n<p>Das Produkt zeichnet sich durch ein intensives Aroma und einen feinen Geschmack aus, der auch anspruchsvolle Anwender zufriedenstellt. Ideal f\u00fcr den t\u00e4glichen Gebrauch, hilft es Stress abzubauen und f\u00f6rdert das Wohlbefinden.<\/p>\n<p>W\u00e4hlen Sie eine praktische 5g-Packung und genie\u00dfen Sie eine lang anhaltende Wirkung. Bestellen Sie jetzt und erleben Sie die nat\u00fcrliche Kraft von Cannabis von seiner besten Seite!<\/p>","protected":false},"featured_media":9649,"comment_status":"open","ping_status":"closed","template":"","meta":{"_acf_changed":false,"_gspb_post_css":""},"product_brand":[129],"product_cat":[110],"product_tag":[],"woo-feed-brand":[],"class_list":{"0":"post-6042","1":"product","2":"type-product","3":"status-publish","4":"has-post-thumbnail","6":"product_brand-babcia-marysia","7":"product_cat-susz","9":"first","10":"instock","11":"purchasable","12":"product-type-simple"},"ct_brands":[{"id":129,"name":"Gro\u00dfmutter Marysia","slug":"grosmutter-marysia"}],"acf":[],"_links":{"self":[{"href":"https:\/\/ubucha.pl\/de\/wp-json\/wp\/v2\/product\/6042","targetHints":{"allow":["GET"]}}],"collection":[{"href":"https:\/\/ubucha.pl\/de\/wp-json\/wp\/v2\/product"}],"about":[{"href":"https:\/\/ubucha.pl\/de\/wp-json\/wp\/v2\/types\/product"}],"replies":[{"embeddable":true,"href":"https:\/\/ubucha.pl\/de\/wp-json\/wp\/v2\/comments?post=6042"}],"wp:featuredmedia":[{"embeddable":true,"href":"https:\/\/ubucha.pl\/de\/wp-json\/wp\/v2\/media\/9649"}],"wp:attachment":[{"href":"https:\/\/ubucha.pl\/de\/wp-json\/wp\/v2\/media?parent=6042"}],"wp:term":[{"taxonomy":"product_brand","embeddable":true,"href":"https:\/\/ubucha.pl\/de\/wp-json\/wp\/v2\/product_brand?post=6042"},{"taxonomy":"product_cat","embeddable":true,"href":"https:\/\/ubucha.pl\/de\/wp-json\/wp\/v2\/product_cat?post=6042"},{"taxonomy":"product_tag","embeddable":true,"href":"https:\/\/ubucha.pl\/de\/wp-json\/wp\/v2\/product_tag?post=6042"},{"taxonomy":"woo-feed-brand","embeddable":true,"href":"https:\/\/ubucha.pl\/de\/wp-json\/wp\/v2\/woo-feed-brand?post=6042"}],"curies":[{"name":"wp","href":"https:\/\/api.w.org\/{rel}","templated":true}]}}