{"id":6040,"date":"2025-09-26T13:47:57","date_gmt":"2025-09-26T11:47:57","guid":{"rendered":"https:\/\/ubucha.pl\/specjaly-babci-marysi-susz-konopny-northwest-10g\/"},"modified":"2026-04-22T12:13:18","modified_gmt":"2026-04-22T10:13:18","slug":"oma-marysas-spezialitaten-getrockneter-hanf-nordwest-10g","status":"publish","type":"product","link":"https:\/\/ubucha.pl\/de\/specjaly-babci-marysi-susz-konopny-northwest-10g\/","title":{"rendered":"Granny Mary's Spezialit\u00e4ten - Nordwest-Hanf Dries - 10G"},"content":{"rendered":"<h2>Northwest 10g - Nat\u00fcrliches CBD-Getr\u00e4nk von Granny Mary's Specialties<\/h2>\n<p>Sind Sie auf der Suche nach dem hochwertigsten getrockneten CBD, um sich zu entspannen und Ihr Wohlbefinden zu verbessern? <strong>Nordwest 10g<\/strong> ist das ideale Produkt f\u00fcr alle, die nat\u00fcrliche, biologische L\u00f6sungen mit einem breiten Wirkungsspektrum sch\u00e4tzen. Ausgew\u00e4hlter getrockneter Hanf von Granny Mary's Specialties ist eine Garantie f\u00fcr Reinheit, Wirksamkeit und au\u00dfergew\u00f6hnliches Aroma.<\/p>\n<h3>Warum den Northwest 10g CBD Trockner w\u00e4hlen?<\/h3>\n<p>Northwest ist eine sorgf\u00e4ltig ausgew\u00e4hlte Cannabisbl\u00fcte, die hochwertiges Cannabidiol (CBD) und andere wertvolle Cannabinoide und Terpene enth\u00e4lt. Dadurch tr\u00e4gt das Produkt nicht nur zur Entspannung von K\u00f6rper und Geist bei, sondern unterst\u00fctzt auch die nat\u00fcrlichen Regenerationsprozesse des K\u00f6rpers. Wussten Sie, dass CBD den Stressabbau, die Schmerzlinderung und die Verbesserung der Schlafqualit\u00e4t unterst\u00fctzen kann? Mit Northwest 10g ist das m\u00f6glich!<\/p>\n<p>Der Trockenstoff wurde aus Pflanzen gewonnen, die ohne Pestizide oder Kunstd\u00fcnger angebaut wurden, was ihn zu einem v\u00f6llig nat\u00fcrlichen und sicheren Produkt macht. Sein subtiles, erdiges Aroma mit Noten von Kiefer und Zitrusfr\u00fcchten macht seine Verwendung zu einem wahren Genuss f\u00fcr die Sinne.<\/p>\n<h3>Hauptmerkmale von Northwest 10g getrocknet<\/h3>\n<table style=\"border-collapse: collapse; width: 100%;\" border=\"1\" cellspacing=\"0\" cellpadding=\"8\">\n<thead>\n<tr>\n<th>Merkmal<\/th>\n<th>Beschreibung<\/th>\n<\/tr>\n<\/thead>\n<tbody>\n<tr>\n<td>Produkttyp<\/td>\n<td>CBD-Hanfsamen<\/td>\n<\/tr>\n<tr>\n<td>CBD-Gehalt<\/td>\n<td>Hoch, nat\u00fcrlich in Bl\u00fctenst\u00e4nden vorkommend<\/td>\n<\/tr>\n<tr>\n<td>Gewicht der Packung<\/td>\n<td>10 Gramm<\/td>\n<\/tr>\n<tr>\n<td>Kultivierung<\/td>\n<td>Bio, pestizidfrei<\/td>\n<\/tr>\n<tr>\n<td>Aroma<\/td>\n<td>Erdig, Kiefer, Zitrusfr\u00fcchte<\/td>\n<\/tr>\n<tr>\n<td>Bescheinigungen<\/td>\n<td>Produktion nach europ\u00e4ischen Qualit\u00e4tsstandards<\/td>\n<\/tr>\n<\/tbody>\n<\/table>\n<h3>Zusammensetzung des Produkts<\/h3>\n<p>Northwest 10g getrocknet ist 100% nat\u00fcrlichen Cannabis (Cannabis sativa L.) Blumen, die das gesamte Spektrum der Cannabinoide, einschlie\u00dflich:<\/p>\n<ul>\n<li>Cannabidiol (CBD)<\/li>\n<li>Cannabigerol (CBG)<\/li>\n<li>Cannabinol (CBN)<\/li>\n<li>Nat\u00fcrlich in Hanf vorkommende Terpene<\/li>\n<\/ul>\n<p>Das Produkt enth\u00e4lt keine k\u00fcnstlichen Zusatzstoffe, Pestizide oder psychoaktive Substanzen.<\/p>\n<h3>Wie wird der Northwest 10g Trockner verwendet?<\/h3>\n<p>Die beliebteste und effektivste Art, getrocknetes CBD zu verwenden, ist die Verdampfung. Dadurch werden die positiven Eigenschaften der Cannabinoide und Terpene maximiert und die bei der Verbrennung entstehenden Schadstoffe vermieden.<\/p>\n<p>Sie k\u00f6nnen auch einen CBD-Aufguss zubereiten, indem Sie die Trockensubstanz in hei\u00dfes Wasser tauchen und so die entspannende Wirkung in Form von Tee genie\u00dfen. Denken Sie jedoch daran, dass Sie die besten Ergebnisse erzielen, wenn Sie die Trockenmasse entsprechend den Empfehlungen des Herstellers und Ihren individuellen Bed\u00fcrfnissen verwenden.<\/p>\n<h3>Verwendungsm\u00f6glichkeiten von CBD Northwest 10g getrocknet<\/h3>\n<p>Northwest 10g ist ein vielseitiges Produkt - perfekt als nat\u00fcrliches Mittel zur:<\/p>\n<ul>\n<li>Abbau von Stress und nervlicher Anspannung<\/li>\n<li>Unterst\u00fctzung eines gesunden Schlafs<\/li>\n<li>Linderung von leichten Schmerzen und Entz\u00fcndungen<\/li>\n<li>Unterst\u00fctzung der t\u00e4glichen Regeneration<\/li>\n<\/ul>\n<h3>Sicherheit und Qualit\u00e4t<\/h3>\n<p>Grandma Mary's Specialties legt gro\u00dfen Wert auf die Qualit\u00e4t und Sicherheit ihrer Produkte. Das Northwest 10g dry wurde eingehenden Labortests unterzogen, die best\u00e4tigen, dass es keine psychoaktiven Substanzen (THC unter 0,2%) und keine Schwermetalle und Pestizide enth\u00e4lt. Sie k\u00f6nnen es daher mit v\u00f6lliger Ruhe \u00fcber Ihre Gesundheit zu verwenden.<\/p>\n<h3>Nutzerbewertungen<\/h3>\n<p>Die Kunden loben Northwest Dry f\u00fcr seine Wirksamkeit und sein nat\u00fcrliches Aroma. \u201ePerfekt zum Entspannen nach einem anstrengenden Tag\u201d, \u201eHilft mir, schneller einzuschlafen und besser zu schlafen\u201d. - Dies sind nur einige der positiven Bewertungen. Viele sch\u00e4tzen auch die biologische Herkunft und die Transparenz des Herstellers.<\/p>\n<h3>Hinweise zur Lagerung und Verwendung<\/h3>\n<ul>\n<li>Trocken an einem trockenen, k\u00fchlen Ort, vor Licht und Feuchtigkeit gesch\u00fctzt, aufbewahren.<\/li>\n<li>Verwenden Sie eine luftdichte Verpackung oder einen speziellen Aufbewahrungsbeh\u00e4lter, um Frische und vollen Geschmack zu erhalten.<\/li>\n<li>Passen Sie die empfohlene Dosierung an Ihre Bed\u00fcrfnisse an und beginnen Sie mit kleinen Mengen.<\/li>\n<\/ul>\n<p>Warten Sie nicht! Entdecken Sie die nat\u00fcrliche Kraft von CBD Northwest 10g getrocknetes CBD und erleben Sie die volle Entspannung, nach der Sie schon lange gesucht haben. Es ist nicht nur ein Produkt - es ist Ihr t\u00e4glicher Verb\u00fcndeter f\u00fcr Ihr Wohlbefinden.<\/p>","protected":false},"excerpt":{"rendered":"<p>Entdecken Sie die nat\u00fcrliche Kraft des Getrockneten <strong>Nordwest 10g<\/strong> - Ein einzigartiges Produkt aus Grandma Marysia's Specialties Linie, hergestellt aus CBD-Hanf h\u00f6chster Qualit\u00e4t. Das zarte Aroma und die sorgf\u00e4ltig ausgew\u00e4hlten Bl\u00fcten sorgen f\u00fcr Entspannung und Beruhigung nach einem anstrengenden Tag.<\/p>\n<p>Northwest 10g ist die ideale Wahl f\u00fcr alle, die Wert auf Reinheit und Nat\u00fcrlichkeit legen. Das Produkt ist in verschiedenen Packungen erh\u00e4ltlich, so dass Sie die perfekte Menge f\u00fcr Ihre Bed\u00fcrfnisse w\u00e4hlen k\u00f6nnen. Perfekt f\u00fcr den t\u00e4glichen Gebrauch, unterst\u00fctzt es das Wohlbefinden und hilft Ihnen, sich zu entspannen.<\/p>\n<p>Bestellen Sie jetzt und genie\u00dfen Sie das Vergn\u00fcgen der nat\u00fcrlichen Entspannung! \u00dcberzeugen Sie sich von der Qualit\u00e4t von Granny Mary's Specialties und sp\u00fcren Sie den Unterschied.<\/p>","protected":false},"featured_media":9650,"comment_status":"open","ping_status":"closed","template":"","meta":{"_acf_changed":false,"_gspb_post_css":"","rank_math_title":"","rank_math_description":"","rank_math_focus_keyword":"","rank_math_facebook_title":"","rank_math_facebook_description":"","rank_math_twitter_title":"","rank_math_twitter_description":""},"product_brand":[129],"product_cat":[110],"product_tag":[],"woo-feed-brand":[],"class_list":{"0":"post-6040","1":"product","2":"type-product","3":"status-publish","4":"has-post-thumbnail","6":"product_brand-babcia-marysia","7":"product_cat-susz","9":"first","10":"instock","11":"purchasable","12":"product-type-simple"},"ct_brands":[{"id":129,"name":"Gro\u00dfmutter Marysia","slug":"grosmutter-marysia"}],"acf":[],"_links":{"self":[{"href":"https:\/\/ubucha.pl\/de\/wp-json\/wp\/v2\/product\/6040","targetHints":{"allow":["GET"]}}],"collection":[{"href":"https:\/\/ubucha.pl\/de\/wp-json\/wp\/v2\/product"}],"about":[{"href":"https:\/\/ubucha.pl\/de\/wp-json\/wp\/v2\/types\/product"}],"replies":[{"embeddable":true,"href":"https:\/\/ubucha.pl\/de\/wp-json\/wp\/v2\/comments?post=6040"}],"wp:featuredmedia":[{"embeddable":true,"href":"https:\/\/ubucha.pl\/de\/wp-json\/wp\/v2\/media\/9650"}],"wp:attachment":[{"href":"https:\/\/ubucha.pl\/de\/wp-json\/wp\/v2\/media?parent=6040"}],"wp:term":[{"taxonomy":"product_brand","embeddable":true,"href":"https:\/\/ubucha.pl\/de\/wp-json\/wp\/v2\/product_brand?post=6040"},{"taxonomy":"product_cat","embeddable":true,"href":"https:\/\/ubucha.pl\/de\/wp-json\/wp\/v2\/product_cat?post=6040"},{"taxonomy":"product_tag","embeddable":true,"href":"https:\/\/ubucha.pl\/de\/wp-json\/wp\/v2\/product_tag?post=6040"},{"taxonomy":"woo-feed-brand","embeddable":true,"href":"https:\/\/ubucha.pl\/de\/wp-json\/wp\/v2\/woo-feed-brand?post=6040"}],"curies":[{"name":"wp","href":"https:\/\/api.w.org\/{rel}","templated":true}]}}