{"id":60233,"date":"2026-02-26T09:52:43","date_gmt":"2026-02-26T08:52:43","guid":{"rendered":"https:\/\/ubucha.pl\/shroomix-funkcjonalne-kakao-z-adaptogenami-grzyby-240g\/"},"modified":"2026-05-04T11:35:57","modified_gmt":"2026-05-04T09:35:57","slug":"shroomix-funktionskakao-mit-adaptogenen-pilzen-240-g","status":"publish","type":"product","link":"https:\/\/ubucha.pl\/de\/shroomix-funkcjonalne-kakao-z-adaptogenami-grzyby-240g\/","title":{"rendered":"Shroomix \u2013 Funktioneller Kakao mit Adaptogenen + Pilzen 240 g"},"content":{"rendered":"<h2>Shroomix Kakao \u2013 Innovativer Funktionskakao mit adaptogenen Pilzen<\/h2>\n<p>Tr\u00e4umen Sie von einem Getr\u00e4nk, das Sie nicht nur geschmacklich begeistert, sondern Ihnen auch nat\u00fcrliche Energie spendet und Ihre Konzentration f\u00f6rdert?<\/p>\n<p><strong>Shroomix Kakao<\/strong> Dieses einzigartige Nahrungserg\u00e4nzungsmittel in Form von Kakaopulver vereint die traditionellen Heilkr\u00e4fte von Pilzen mit einem modernen Ansatz f\u00fcr gesunde Ern\u00e4hrung. Angereichert mit einer sorgf\u00e4ltig ausgew\u00e4hlten Mischung adaptogener Pilze wie L\u00f6wenm\u00e4hne, Reishi, Chaga, Cordyceps und Schmetterlings-Tramete, ist es die ideale Wahl f\u00fcr alle, die sich im Alltag nat\u00fcrliche Unterst\u00fctzung w\u00fcnschen.<\/p>\n<h3>Warum lohnt es sich, Shroomix Cocoa zu w\u00e4hlen?<\/h3>\n<p>Dieses Produkt zeichnet sich durch den h\u00f6chsten Gehalt an standardisierten Pilzextrakten auf dem polnischen Markt aus und garantiert so Wirksamkeit und Sicherheit. Dank der Verwendung von nat\u00fcrlichem Erythrit ist Shroomix Cocoa zucker- und kalorienfrei und \u00fcberzeugt mit seinem intensiven Kakaogeschmack selbst anspruchsvollste Genie\u00dfer.<\/p>\n<ul>\n<li><strong>Die h\u00f6chste Konzentration an Pilzen<\/strong> \u2013 standardisierte Extrakte mit best\u00e4tigtem Gehalt an Wirkstoffen<\/li>\n<li><strong>Zuckerfrei<\/strong> \u2013 mit nat\u00fcrlichem Erythrit ges\u00fc\u00dft, keine zus\u00e4tzlichen Kalorien<\/li>\n<li><strong>Einfache Zubereitung<\/strong> \u2013 L\u00f6slich in hei\u00dfem Wasser oder Milch (sowohl pflanzlicher als auch tierischer Art), in 2 Minuten fertig<\/li>\n<li><strong>Hochwertige Zutaten<\/strong> \u2013 100% nat\u00fcrliche Kakao- und Adaptogenextrakte und Pflanzen<\/li>\n<li><strong>T\u00e4gliches Gesundheitsritual<\/strong> \u2013 Eine Packung reicht f\u00fcr etwa 30 Portionen.<\/li>\n<\/ul>\n<h3>Wirkstoffe und ihre Eigenschaften<\/h3>\n<p>Shroomix Cocoa ist eine einzigartige Zusammensetzung, die die Kraft nat\u00fcrlicher Inhaltsstoffe vereint:<\/p>\n<table border=\"1\" cellspacing=\"0\" cellpadding=\"8\">\n<thead>\n<tr>\n<th>Komponente<\/th>\n<th>Beschreibung<\/th>\n<th>Standardisierung \/ Ma\u00dfnahmen<\/th>\n<\/tr>\n<\/thead>\n<tbody>\n<tr>\n<td>Alkalisiertes Kakaopulver<\/td>\n<td>Eine Basis mit intensivem Schokoladengeschmack und reduziertem Fettgehalt<\/td>\n<td>Eine nat\u00fcrliche Quelle von Antioxidantien<\/td>\n<\/tr>\n<tr>\n<td>L\u00f6wenm\u00e4hne<\/td>\n<td>Ein Pilz, der kognitive Funktionen und die Konzentration unterst\u00fctzt.<\/td>\n<td>Standardisiert auf 3%-Hericenonen und 30%-Polysaccharide<\/td>\n<\/tr>\n<tr>\n<td>Reishi (Knoblauchpilz)<\/td>\n<td>Ein adaptogener Pilz, der das Immunsystem st\u00e4rkt und Stress reduziert.<\/td>\n<td>Standardisiert auf 40%-Polysaccharide und 20%-Beta-Glucane<\/td>\n<\/tr>\n<tr>\n<td>Chaga (Blitzpilz)<\/td>\n<td>Ein nat\u00fcrliches Antioxidans, das das Immunsystem unterst\u00fctzt<\/td>\n<td>Standardisiert auf 30%-Polysaccharide<\/td>\n<\/tr>\n<tr>\n<td>Cordyceps<\/td>\n<td>Bekannt f\u00fcr seine energie- und ausdauersteigernden Eigenschaften<\/td>\n<td>Standardisiert auf 30%-Polysaccharide<\/td>\n<\/tr>\n<tr>\n<td>Truthahnschwanz<\/td>\n<td>Unterst\u00fctzt das Immunsystem und die Darmgesundheit<\/td>\n<td>Standardisiert auf 30%-Polysaccharide<\/td>\n<\/tr>\n<tr>\n<td>Maca-Wurzel<\/td>\n<td>Ein nat\u00fcrliches Adaptogen, das den Hormonhaushalt reguliert und die Energie steigert.<\/td>\n<td>\u2013<\/td>\n<\/tr>\n<tr>\n<td>Rosenwurz<\/td>\n<td>Eine adaptogene Pflanze, die hilft, Stress und M\u00fcdigkeit zu reduzieren.<\/td>\n<td>\u2013<\/td>\n<\/tr>\n<tr>\n<td>Akazienfaser<\/td>\n<td>Unterst\u00fctzung f\u00fcr eine gesunde Darmflora und Verdauung<\/td>\n<td>\u2013<\/td>\n<\/tr>\n<tr>\n<td>Ceylon-Zimt<\/td>\n<td>Eine nat\u00fcrliche Quelle von Antioxidantien und Unterst\u00fctzung des Glukosestoffwechsels<\/td>\n<td>\u2013<\/td>\n<\/tr>\n<tr>\n<td>Erythrit<\/td>\n<td>Nat\u00fcrlicher S\u00fc\u00dfstoff ohne Kalorien<\/td>\n<td>\u2013<\/td>\n<\/tr>\n<tr>\n<td>Klodawska Salz<\/td>\n<td>Nat\u00fcrliches Mineralsalz<\/td>\n<td>\u2013<\/td>\n<\/tr>\n<\/tbody>\n<\/table>\n<h3>Wie verwendet man Shroomix Cocoa?<\/h3>\n<p>Die Zubereitung des Getr\u00e4nks ist denkbar einfach und schnell \u2013 zwei Minuten gen\u00fcgen, um k\u00f6stlichen und gesunden Funktionskakao zu genie\u00dfen:<\/p>\n<ol>\n<li>Geben Sie 1 Portion (8 g) des Pulvers in Ihre Lieblingstasse.<\/li>\n<li>Gie\u00dfen Sie 200 ml hei\u00dfes Wasser oder Milch (pflanzlich oder tierisch) dar\u00fcber.<\/li>\n<li>Gr\u00fcndlich mischen, bis sich das Pulver aufgel\u00f6st hat.<\/li>\n<li>Das Getr\u00e4nk ist trinkfertig \u2013 genie\u00dfen Sie den Geschmack und die Vorteile!<\/li>\n<\/ol>\n<p>Sie k\u00f6nnen Shroomix Cocoa auch Ihrem Lieblings-Proteinshake hinzuf\u00fcgen, um ihn mit nat\u00fcrlichen Adaptogenen und Antioxidantien anzureichern.<\/p>\n<h3>Empfohlener Verzehr und Lagerung<\/h3>\n<p>Die empfohlene Tagesdosis betr\u00e4gt 8 g Pulver f\u00fcr Erwachsene. Die empfohlene Dosis darf nicht \u00fcberschritten werden.<\/p>\n<p><strong>Lagerung:<\/strong> Das Produkt sollte in einem dicht verschlossenen Beh\u00e4lter an einem k\u00fchlen, trockenen Ort und au\u00dferhalb der Reichweite von Kindern aufbewahrt werden. Um die volle Wirksamkeit zu erhalten, vor Feuchtigkeit und Licht sch\u00fctzen.<\/p>\n<h3>Sicherheitshinweise und Warnungen<\/h3>\n<ul>\n<li>Das Produkt ist f\u00fcr Erwachsene bestimmt.<\/li>\n<li>Nicht anwenden bei \u00dcberempfindlichkeit gegen einen der Inhaltsstoffe.<\/li>\n<li>Nicht empfohlen f\u00fcr Kinder, Schwangere oder Stillende<\/li>\n<li>Wenn Sie Antidepressiva, Antikoagulanzien oder Immunsuppressiva einnehmen, konsultieren Sie vor dem Verzehr Ihren Arzt.<\/li>\n<li>Nahrungserg\u00e4nzungsmittel k\u00f6nnen nicht als Ersatz f\u00fcr eine abwechslungsreiche Ern\u00e4hrung verwendet werden.<\/li>\n<li>Eine ausgewogene Ern\u00e4hrung und ein gesunder Lebensstil sind die Grundlage f\u00fcr die ordnungsgem\u00e4\u00dfe Funktion des K\u00f6rpers.<\/li>\n<\/ul>\n<h3>Nutzerbewertungen<\/h3>\n<p>Kunden sch\u00e4tzen Shroomix Cocoa f\u00fcr seinen nat\u00fcrlichen, intensiven Kakaogeschmack und die sp\u00fcrbare Unterst\u00fctzung von Energie und Konzentration im Alltag. Viele betonen, dass dieses einzigartige Produkt Tradition und Moderne vereint und f\u00fcr sie zu einem t\u00e4glichen Wellness-Ritual geworden ist.<\/p>\n<h3><strong>Aktive Bestandteile:<\/strong><\/h3>\n<ul>\n<li><strong>fettreduziertes, alkalisiertes Kakaopulver\u00a0<\/strong>\u2013 eine Basis mit einem intensiven Schokoladengeschmack<\/li>\n<li><strong>L\u00f6wenm\u00e4hnenpilzextrakt<\/strong>\u00a0(L\u00f6wenm\u00e4hne) \u2013 standardisiert auf 3%-Hericeone und 30%-Polysaccharide<\/li>\n<li><strong>Reishi-Pilzextrakt\u00a0<\/strong>(ganesh) \u2013 standardisiert auf 40%-Polysaccharide und 20%-Beta-Glucane<\/li>\n<li><strong>Chaga-Pilzextrakt\u00a0<\/strong>(Blitzpilz) \u2013 standardisiert auf 30%-Polysaccharide<\/li>\n<li><strong>Cordyceps-Pilzextrakt\u00a0<\/strong>(Cordyceps) \u2013 standardisiert auf 30%-Polysaccharide<\/li>\n<li><strong>Schmetterlings-Trameten-Extrakt<\/strong>\u00a0(Bunttarsier) \u2013 standardisiert auf 30%-Polysaccharide<\/li>\n<li><strong>Maca-Wurzelpulver<\/strong>\u00a0\u2013 nat\u00fcrliches Adaptogen<\/li>\n<li><strong>Gemahlene Rhodiola rosea<\/strong>\u00a0(Rhodiola Rosea) \u2013 eine adaptogene Pflanze<\/li>\n<li><strong>Akazienfaser<\/strong>\u00a0\u2013 Unterst\u00fctzung einer gesunden Darmflora<\/li>\n<li><strong>Ceylon-Zimt<\/strong>\u00a0\u2013 eine nat\u00fcrliche Quelle von Antioxidantien<\/li>\n<li><strong>Erythrit\u00a0<\/strong>\u2013 nat\u00fcrliches S\u00fc\u00dfungsmittel ohne Kalorien<\/li>\n<li><strong>Klodawska Salz\u00a0<\/strong>\u2013 nat\u00fcrliches Mineralsalz<\/li>\n<\/ul>\n<p>Die Qualit\u00e4t unserer Adaptogene ist kein Zufall. Wir verwenden ausschlie\u00dflich hochwertige, standardisierte Extrakte aus Vitalpilzen, die strengen Tests unterzogen werden. Wir garantieren ein reines und sicheres Produkt, das den h\u00f6chsten europ\u00e4ischen Standards entspricht.<\/p>","protected":false},"excerpt":{"rendered":"<ul>\n<li>Funkcjonalne kakao z ekstraktami Lion&#8217;s Mane, Reishi, Chaga, Cordyceps i Turkey Tail<\/li>\n<li>Standardisierte Pilzextrakte + Maca, Rhodiola Rosea und Ceylon-Zimt<\/li>\n<li>Zuckerfrei \u2014 mit Erythrit ges\u00fc\u00dft; etwa 30 Portionen \u00e0 8 g in 240 g<\/li>\n<li>In 2 Minuten fertig \u2014 einfach mit hei\u00dfem Wasser oder Milch vermischen<\/li>\n<li>Kostenloser Versand ab 49 PLN<\/li>\n<\/ul>","protected":false},"featured_media":60230,"comment_status":"open","ping_status":"closed","template":"","meta":{"_acf_changed":false,"_gspb_post_css":"","rank_math_title":"Shroomix Kakao Funkcjonalne z Adaptogenami | u Bucha","rank_math_description":"Shroomix Kakao Funkcjonalne \u2014 kakao z ekstraktami Lion's Mane, Reishi, Chaga, Cordyceps i Turkey Tail. 240 g, oko\u0142o 30 porcji po 8 g, bez cukru.","rank_math_focus_keyword":"shroomix kakao funkcjonalne","rank_math_facebook_title":"Shroomix Kakao Funkcjonalne 240 g \u2014 adaptogeny i grzyby","rank_math_facebook_description":"Kakao z Lion's Mane, Reishi, Chag\u0105, Cordycepsem i Turkey Tail oraz maca i r\u00f3\u017ce\u0144cem. Standaryzowane ekstrakty, bez cukru, oko\u0142o 30 porcji po 8 g.","rank_math_twitter_title":"Shroomix Kakao Funkcjonalne 240 g","rank_math_twitter_description":"Kakao z 5 grzybami funkcjonalnymi (Lion's Mane, Reishi, Chaga, Cordyceps, Turkey Tail) + maca i r\u00f3\u017ceniec. 30 porcji."},"product_brand":[],"product_cat":[310],"product_tag":[],"woo-feed-brand":[],"class_list":{"0":"post-60233","1":"product","2":"type-product","3":"status-publish","4":"has-post-thumbnail","6":"product_cat-kakao","8":"first","9":"instock","10":"taxable","11":"shipping-taxable","12":"purchasable","13":"product-type-simple"},"ct_brands":[],"acf":[],"_links":{"self":[{"href":"https:\/\/ubucha.pl\/de\/wp-json\/wp\/v2\/product\/60233","targetHints":{"allow":["GET"]}}],"collection":[{"href":"https:\/\/ubucha.pl\/de\/wp-json\/wp\/v2\/product"}],"about":[{"href":"https:\/\/ubucha.pl\/de\/wp-json\/wp\/v2\/types\/product"}],"replies":[{"embeddable":true,"href":"https:\/\/ubucha.pl\/de\/wp-json\/wp\/v2\/comments?post=60233"}],"wp:featuredmedia":[{"embeddable":true,"href":"https:\/\/ubucha.pl\/de\/wp-json\/wp\/v2\/media\/60230"}],"wp:attachment":[{"href":"https:\/\/ubucha.pl\/de\/wp-json\/wp\/v2\/media?parent=60233"}],"wp:term":[{"taxonomy":"product_brand","embeddable":true,"href":"https:\/\/ubucha.pl\/de\/wp-json\/wp\/v2\/product_brand?post=60233"},{"taxonomy":"product_cat","embeddable":true,"href":"https:\/\/ubucha.pl\/de\/wp-json\/wp\/v2\/product_cat?post=60233"},{"taxonomy":"product_tag","embeddable":true,"href":"https:\/\/ubucha.pl\/de\/wp-json\/wp\/v2\/product_tag?post=60233"},{"taxonomy":"woo-feed-brand","embeddable":true,"href":"https:\/\/ubucha.pl\/de\/wp-json\/wp\/v2\/woo-feed-brand?post=60233"}],"curies":[{"name":"wp","href":"https:\/\/api.w.org\/{rel}","templated":true}]}}