{"id":5996,"date":"2025-09-26T13:47:30","date_gmt":"2025-09-26T11:47:30","guid":{"rendered":"https:\/\/ubucha.pl\/gigabomba-strawberry-kiwi-600mg-100ml-hemp-shot-strong-tm-vlog\/"},"modified":"2025-10-20T12:23:45","modified_gmt":"2025-10-20T10:23:45","slug":"gigabomba-erdbeere-kiwi-600mg-100ml-hanf-schuss-stark-tm-vlog","status":"publish","type":"product","link":"https:\/\/ubucha.pl\/de\/gigabomba-strawberry-kiwi-600mg-100ml-hemp-shot-strong-tm-vlog\/","title":{"rendered":"GIGABOMBA Erdbeer-Kiwi 600MG 100ml Hanf Shot Strong TM VLOG"},"content":{"rendered":"<h2><strong>Kiwi Shots werden ausschlie\u00dflich aus nat\u00fcrlichen Zutaten hergestellt.<\/strong><\/h2>\n<p>Nahrungserg\u00e4nzungsmittel mit Erdbeer- und Kiwigeschmack und zugesetztem Hanf\u00f6l, enthalten <strong>600mg<\/strong>\u00a0nat\u00fcrliche Phyton\u00e4hrstoffe, Flavonoide und Terpene pro Portion.<\/p>\n<p>Das daraus resultierende Fibre K. Samen\u00f6l enth\u00e4lt das gesamte Spektrum der nat\u00fcrlich vorkommenden Phyton\u00e4hrstoffe in Fibre K.<\/p>\n<p>LAGERUNG: bei Raumtemperatur, trocken und dunkel lagern. Au\u00dferhalb der Reichweite von kleinen Kindern aufbewahren! Nach dem \u00d6ffnen im K\u00fchlschrank aufbewahren und innerhalb von 21 Tagen verbrauchen.<\/p>\n<p>Warnung: Das Produkt ist f\u00fcr Erwachsene bestimmt. Enth\u00e4lt Koffein; nicht f\u00fcr Kinder, schwangere Frauen oder w\u00e4hrend der Stillzeit empfohlen. Nicht empfohlen vor dem Autofahren; \u00fcberm\u00e4\u00dfiger Konsum kann abf\u00fchrend wirken.<\/p>\n<p>Empfohlene Tagesdosis: 5ml einmal t\u00e4glich - enth\u00e4lt 1725mg Hanf\u00f6l mit Vollspektrum-Phyton\u00e4hrstoffen 16mg (20% RWS*) Vitamin C und 10mg L-Theanin und 5mg Melissenblattpulver. *%RWS - Referenzwerte f\u00fcr die Aufnahme f\u00fcr Erwachsene.<\/p>\n<p>Die empfohlene Tagesdosis darf nicht \u00fcberschritten werden.<br \/>\nDas Produkt wird mit einem Messbecher zur einfachen Dosierung geliefert.<br \/>\nDas Produkt enth\u00e4lt 20 Portionen.<\/p>\n<p>Bei \u00fcberm\u00e4\u00dfigem Verzehr kann er abf\u00fchrend wirken.<\/p>\n<p>Das Nahrungserg\u00e4nzungsmittel darf nicht als Substitut (Ersatz) f\u00fcr eine abwechslungsreiche Ern\u00e4hrung verwendet werden.<br \/>\nZutaten: Wasser, K. Samen\u00f6l (34,5g\/100ml), Zucker, Apfelsaft (12%), Birnensaft (11,3%), Heidelbeeraroma, L-Ascorbins\u00e4ure, Stabilisatoren: Xanthan, Akaziengummi, Guarkernmehl, L-Theanin, Melissenblattpulver, S\u00e4uerungsmittel: Zitronens\u00e4ure, Konservierungsstoffe: Natriumbenzoat, Kaliumsorbat.<\/p>","protected":false},"excerpt":{"rendered":"<p>Nahrungserg\u00e4nzungsmittel mit Erdbeer- und Kiwigeschmack und zugesetztem Hanf\u00f6l, enth\u00e4lt 600 mg nat\u00fcrliche Phyton\u00e4hrstoffe, Flavonoide und Terpene pro Portion.<\/p>\n<p>Enth\u00e4lt 1725 mg Hanf\u00f6l mit dem gesamten Spektrum an Phyton\u00e4hrstoffen.<\/p>","protected":false},"featured_media":2786,"comment_status":"open","ping_status":"open","template":"","meta":{"_acf_changed":false,"_gspb_post_css":"","rank_math_title":"","rank_math_description":"","rank_math_focus_keyword":"","rank_math_facebook_title":"","rank_math_facebook_description":"","rank_math_twitter_title":"","rank_math_twitter_description":""},"product_brand":[],"product_cat":[98],"product_tag":[],"woo-feed-brand":[],"class_list":{"0":"post-5996","1":"product","2":"type-product","3":"status-publish","4":"has-post-thumbnail","6":"product_cat-shoty","8":"first","9":"outofstock","10":"purchasable","11":"product-type-simple"},"ct_brands":[],"acf":[],"_links":{"self":[{"href":"https:\/\/ubucha.pl\/de\/wp-json\/wp\/v2\/product\/5996","targetHints":{"allow":["GET"]}}],"collection":[{"href":"https:\/\/ubucha.pl\/de\/wp-json\/wp\/v2\/product"}],"about":[{"href":"https:\/\/ubucha.pl\/de\/wp-json\/wp\/v2\/types\/product"}],"replies":[{"embeddable":true,"href":"https:\/\/ubucha.pl\/de\/wp-json\/wp\/v2\/comments?post=5996"}],"wp:featuredmedia":[{"embeddable":true,"href":"https:\/\/ubucha.pl\/de\/wp-json\/wp\/v2\/media\/2786"}],"wp:attachment":[{"href":"https:\/\/ubucha.pl\/de\/wp-json\/wp\/v2\/media?parent=5996"}],"wp:term":[{"taxonomy":"product_brand","embeddable":true,"href":"https:\/\/ubucha.pl\/de\/wp-json\/wp\/v2\/product_brand?post=5996"},{"taxonomy":"product_cat","embeddable":true,"href":"https:\/\/ubucha.pl\/de\/wp-json\/wp\/v2\/product_cat?post=5996"},{"taxonomy":"product_tag","embeddable":true,"href":"https:\/\/ubucha.pl\/de\/wp-json\/wp\/v2\/product_tag?post=5996"},{"taxonomy":"woo-feed-brand","embeddable":true,"href":"https:\/\/ubucha.pl\/de\/wp-json\/wp\/v2\/woo-feed-brand?post=5996"}],"curies":[{"name":"wp","href":"https:\/\/api.w.org\/{rel}","templated":true}]}}