{"id":5976,"date":"2025-09-26T13:46:47","date_gmt":"2025-09-26T11:46:47","guid":{"rendered":"https:\/\/ubucha.pl\/wenus-susz-konopny-cbd-7-konopny-buch\/"},"modified":"2025-10-20T12:23:38","modified_gmt":"2025-10-20T10:23:38","slug":"venus-cbd-hanfkraut-7-hanfbluten","status":"publish","type":"product","link":"https:\/\/ubucha.pl\/de\/wenus-susz-konopny-cbd-7-konopny-buch\/","title":{"rendered":"Venus - CBD Hanfsamen ~ 7% - Hanf Buch"},"content":{"rendered":"<figure class=\"wp-block-embed is-type-video is-provider-youtube wp-block-embed-youtube wp-embed-aspect-16-9 wp-has-aspect-ratio\"><div class=\"wp-block-embed__wrapper\">\n<iframe loading=\"lazy\" title=\"Buchas Raumtrockner im Test\" width=\"1290\" height=\"726\" src=\"https:\/\/www.youtube.com\/embed\/KvjX-cOYHzM?feature=oembed\" frameborder=\"0\" allow=\"accelerometer; autoplay; clipboard-write; encrypted-media; gyroscope; picture-in-picture; web-share\" referrerpolicy=\"strict-origin-when-cross-origin\" allowfullscreen><\/iframe>\n<\/div><\/figure>\n\n\n\n<figure class=\"wp-block-table\"><table><tbody><tr><td>NEIN.<\/td><td>Beispielcode<\/td><td>Markierter Parameter<\/td><td>Verfahren*<\/td><td>Ergebnis***<\/td><td>Einheit<\/td><\/tr><tr><td>1.<\/td><td>1947\/22<\/td><td>B-Pinen<\/td><td>PB-CL-7:2019 2. Ausgabe vom 02.06.2020\/GCMS\/NA<\/td><td>122<\/td><td>mg\/kg<\/td><\/tr><tr><td>2.<\/td><td>(1S)-(+)-3-Caren<\/td><td>PB-CL-7:2019 2. Ausgabe vom 02.06.2020\/GCMS\/NA<\/td><td>&lt;10<\/td><td>mg\/kg<\/td><\/tr><tr><td>3.<\/td><td>D-Limonen<\/td><td>PB-CL-7:2019 2. Ausgabe vom 02.06.2020\/GCMS\/NA<\/td><td>271<\/td><td>mg\/kg<\/td><\/tr><tr><td>4.<\/td><td>p-Cymene<\/td><td>PB-CL-7:2019 2. Ausgabe vom 02.06.2020\/GCMS\/NA<\/td><td>&lt;10<\/td><td>mg\/kg<\/td><\/tr><tr><td>5.<\/td><td>A-Terpinolen<\/td><td>PB-CL-7:2019 2. Ausgabe vom 02.06.2020\/GCMS\/NA<\/td><td>12<\/td><td>mg\/kg<\/td><\/tr><tr><td>6.<\/td><td>Linalool<\/td><td>PB-CL-7:2019 2. Ausgabe vom 02.06.2020\/GCMS\/NA<\/td><td>362<\/td><td>mg\/kg<\/td><\/tr><tr><td>7.<\/td><td>(+)-Borneol<\/td><td>PB-CL-7:2019 2. Ausgabe vom 02.06.2020\/GCMS\/NA<\/td><td>&lt;10<\/td><td>mg\/kg<\/td><\/tr><tr><td>8.<\/td><td>(1S)-(-)-Campher<\/td><td>PB-CL-7:2019 2. Ausgabe vom 02.06.2020\/GCMS\/NA<\/td><td>&lt;10<\/td><td>mg\/kg<\/td><\/tr><tr><td>9.<\/td><td>(-)-alpha-Terpineol<\/td><td>PB-CL-7:2019 2. Ausgabe vom 02.06.2020\/GCMS\/NA<\/td><td>170<\/td><td>mg\/kg<\/td><\/tr><tr><td>10.<\/td><td>Geraniol<\/td><td>PB-CL-7:2019 2. Ausgabe vom 02.06.2020\/GCMS\/NA<\/td><td>&lt;10<\/td><td>mg\/kg<\/td><\/tr><tr><td>11.<\/td><td>trans-Caryophyllen<\/td><td>PB-CL-7:2019 2. Ausgabe vom 02.06.2020\/GCMS\/NA<\/td><td>1266<\/td><td>mg\/kg<\/td><\/tr><tr><td>12.<\/td><td>cis-Nerolidol<\/td><td>PB-CL-7:2019 2. Ausgabe vom 02.06.2020\/GCMS\/NA<\/td><td>&lt;10<\/td><td>mg\/kg<\/td><\/tr><tr><td>13.<\/td><td>Beta-Eudesmol<\/td><td>PB-CL-7:2019 2. Ausgabe vom 02.06.2020\/GCMS\/NA<\/td><td>86<\/td><td>mg\/kg<\/td><\/tr><tr><td>14.<\/td><td>Phytol<\/td><td>PB-CL-7:2019 2. Ausgabe vom 02.06.2020\/GCMS\/NA<\/td><td>240<\/td><td>mg\/kg<\/td><\/tr><tr><td>15.<\/td><td>Myrcene<\/td><td>PB-CL-7:2019 2. Ausgabe vom 02.06.2020\/GCMS\/NA<\/td><td>642<\/td><td>mg\/kg<\/td><\/tr><\/tbody><\/table><\/figure>\n\n\n\n<p>\u2014\u2014\u2013<\/p>\n\n\n\n<p><strong>Qualit\u00e4t<\/strong><\/p>\n\n\n\n<p>W <a href=\"https:\/\/konopnybuch.pl\/sklep\/susz-konopny\/kosmos-susz-konopny-cbda-65-konopny-buch\/\" rel=\"nofollow noopener\" target=\"_blank\">Hanf Buchu<\/a> Wir streben stets nach h\u00f6chster Qualit\u00e4t, weshalb unsere Produkte \u00fcber alle notwendigen Zertifikate verf\u00fcgen: POLISH Product, BIO Standard, Global GAP, HACCP, GACP \u2013 hier gibt es keinen Raum f\u00fcr Kompromisse.,&nbsp;<a href=\"https:\/\/konopnybuch.pl\/tradzik-leczenie-z-zastosowaniem-konopi-i-cbd\/\" rel=\"nofollow noopener\" target=\"_blank\">Gesundheit<\/a>&nbsp;etwas Heiliges!<\/p>\n\n\n\n<p>\u2014\u2014\u2013<\/p>\n\n\n\n<p><strong>Detaillierte Informationen:<\/strong><\/p>\n\n\n\n<p>\u2022 Legales Produkt aus zertifiziertem Saatgut, polnischer Produktstandard. Bio-Standard. Global GAP, HACCP, GACP.<br>\u2022&nbsp;<a href=\"https:\/\/konopnybuch.pl\/czy-thc-obniza-poziom-testosteronu\/\" rel=\"nofollow noopener\" target=\"_blank\">THC<\/a>&nbsp;Unterhalb von 0,351 TP3T keine berauschende Wirkung<br>\u2022 100% nat\u00fcrlich, vollst\u00e4ndig zertifiziert<br>\u2022 Manuelle Beschneidung\/Ernte<\/p>\n\n\n\n<p>\u2014\u2014\u2013<\/p>\n\n\n\n<p><strong>GRATIS \u2013 INTEGRA-BEUTEL!<\/strong>&nbsp;<\/p>\n\n\n\n<p>Wir m\u00f6chten, dass Sie die Qualit\u00e4t und den Geschmack unserer Kr\u00e4uter voll und ganz genie\u00dfen. Deshalb enth\u00e4lt dieses Produkt einen Feuchtigkeitsregulierungsbeutel von Integra. Dieses neue Produkt sorgt daf\u00fcr, dass Ihre Bl\u00fcten lange in hervorragendem Zustand bleiben!<\/p>\n\n\n\n<p>Erh\u00e4ltlich in den Gewichten: 2 g\/4 g\/6 g<\/p>\n\n\n\n<p>\u2014\u2014\u2013<\/p>\n\n\n\n<p>Cannabis Sativa L.<\/p>\n\n\n\n<p>CBD\/CBG-haltiges Kraut ist keine psychoaktive Substanz. Es handelt sich um ein legales Produkt, das in der EU zum Verkauf zugelassen ist.<\/p>\n\n\n\n<p>Dieses Produkt ist zur Verdampfung\/Aromatherapie bestimmt. Nicht zum Rauchen oder Verzehr geeignet.<\/p>\n\n\n\n<p>Sobald die Verpackung ge\u00f6ffnet\/das Siegel gebrochen ist, \u00fcbernehmen wir keine Verantwortung mehr f\u00fcr den Inhalt.<\/p>\n\n\n\n<p>Gem\u00e4\u00df den Bestimmungen der Verordnung (EU) 2015\/2283 des Europ\u00e4ischen Parlaments und des Rates vom 25. November 2015 \u00fcber neuartige Lebensmittel (\u2026) ABl. L 327 vom 11.12.2015, S. 1.) teilen wir Ihnen mit, dass getrocknete Hanfbl\u00fcten bis zur Kl\u00e4rung der Angelegenheit auf EU-Ebene nur zur \u00e4u\u00dferlichen Anwendung bestimmt sind.<\/p>","protected":false},"excerpt":{"rendered":"<p><b><img loading=\"lazy\" decoding=\"async\" class=\"size-full wp-image-12712 alignleft\" src=\"https:\/\/konopnybuch.pl\/wp-content\/uploads\/2022\/06\/silver-cloud-indoor-susz-konopny-cbg-12-konopny-buch.png\" alt=\"\" width=\"32\" height=\"32\" \/>Produkt POLSKI. <\/b>Standard BIO. Global GAP, HACCP, GACP.<\/p>\n<p>Nasza nowa pere\u0142ka, siostrzana odmiana Marsa \u2013 Wenus \u2013 <strong>kwiaty bardzo bogate w terpeny<\/strong> (wyniki ni\u017cej), np. Linalool o warto\u015bci: 362 mg\/kg.<\/p>\n<p>\u015awie\u017cy, \u017cywiczny susz o zawarto\u015bci THCA &lt; 0.3%. Zbi\u00f3r z 2022. Bogaty w CBDA: 6,77%. [cg_accordion title=&#8221;Zawarto\u015b\u0107 kannabinoid\u00f3w&#8221;] <strong>THCA<\/strong>: 0,3%<\/p>\n<p><strong>CBDA<\/strong>: 6,77%<\/p>\n<p><strong>CBGA<\/strong>: 0,15%<\/p>\n<p>[\/cg_accordion] [cg_accordion title=&#8221;<strong>GRATIS \u2013 SASZETKA INTEGRA<\/strong>&#8222;] <strong>INTEGRA ochroni przed utrat\u0105 tego co kochasz &#8211; terpen\u00f3w, aromatu oraz efektu smakowego.<\/strong> Dost\u0119pna w gramaturze: 2G\/4G\/6G [\/cg_accordion]<\/p>\n","protected":false},"featured_media":2755,"comment_status":"open","ping_status":"open","template":"","meta":{"_acf_changed":false,"_gspb_post_css":"","rank_math_title":"","rank_math_description":"","rank_math_focus_keyword":"","rank_math_facebook_title":"","rank_math_facebook_description":"","rank_math_twitter_title":"","rank_math_twitter_description":""},"product_brand":[],"product_cat":[110],"product_tag":[],"woo-feed-brand":[],"class_list":{"0":"post-5976","1":"product","2":"type-product","3":"status-publish","4":"has-post-thumbnail","6":"product_cat-susz","8":"first","9":"outofstock","10":"purchasable","11":"product-type-simple"},"ct_brands":[],"acf":[],"_links":{"self":[{"href":"https:\/\/ubucha.pl\/de\/wp-json\/wp\/v2\/product\/5976","targetHints":{"allow":["GET"]}}],"collection":[{"href":"https:\/\/ubucha.pl\/de\/wp-json\/wp\/v2\/product"}],"about":[{"href":"https:\/\/ubucha.pl\/de\/wp-json\/wp\/v2\/types\/product"}],"replies":[{"embeddable":true,"href":"https:\/\/ubucha.pl\/de\/wp-json\/wp\/v2\/comments?post=5976"}],"wp:featuredmedia":[{"embeddable":true,"href":"https:\/\/ubucha.pl\/de\/wp-json\/wp\/v2\/media\/2755"}],"wp:attachment":[{"href":"https:\/\/ubucha.pl\/de\/wp-json\/wp\/v2\/media?parent=5976"}],"wp:term":[{"taxonomy":"product_brand","embeddable":true,"href":"https:\/\/ubucha.pl\/de\/wp-json\/wp\/v2\/product_brand?post=5976"},{"taxonomy":"product_cat","embeddable":true,"href":"https:\/\/ubucha.pl\/de\/wp-json\/wp\/v2\/product_cat?post=5976"},{"taxonomy":"product_tag","embeddable":true,"href":"https:\/\/ubucha.pl\/de\/wp-json\/wp\/v2\/product_tag?post=5976"},{"taxonomy":"woo-feed-brand","embeddable":true,"href":"https:\/\/ubucha.pl\/de\/wp-json\/wp\/v2\/woo-feed-brand?post=5976"}],"curies":[{"name":"wp","href":"https:\/\/api.w.org\/{rel}","templated":true}]}}