{"id":59350,"date":"2026-02-11T09:53:55","date_gmt":"2026-02-11T08:53:55","guid":{"rendered":"https:\/\/ubucha.pl\/szklany-pojemnik-bezzapachowy-z-higrometrem-1000ml-hero-pro\/"},"modified":"2026-05-04T03:04:12","modified_gmt":"2026-05-04T01:04:12","slug":"geruchloser-glasbehalter-mit-hygrometer-1000ml-hero-pro","status":"publish","type":"product","link":"https:\/\/ubucha.pl\/de\/szklany-pojemnik-bezzapachowy-z-higrometrem-1000ml-hero-pro\/","title":{"rendered":"Geruchloser Glasbeh\u00e4lter mit Hygrometer 1000 ml HERO PRO"},"content":{"rendered":"<h2>Geruchloser Glasbeh\u00e4lter mit Hygrometer 1000 ml HERO PRO \u2013 die perfekte Aufbewahrung f\u00fcr Kr\u00e4uter<\/h2>\n<p>Suchen Sie eine zuverl\u00e4ssige und moderne L\u00f6sung zur Aufbewahrung von Hanf oder anderen Kr\u00e4utern? Der geruchsneutrale Glasbeh\u00e4lter HERO PRO mit Hygrometer (1000 ml) ist die perfekte L\u00f6sung f\u00fcr Ihre Bed\u00fcrfnisse. Dank fortschrittlicher Technologie und sorgf\u00e4ltiger Verarbeitung bietet er langanhaltenden Schutz und optimale Bedingungen, um Frische, Aroma und Wirkstoffe Ihrer Kr\u00e4uter zu bewahren.<\/p>\n<h3>Warum sollten Sie sich f\u00fcr den HERO PRO Container entscheiden?<\/h3>\n<p>Was macht diesen Beh\u00e4lter so besonders? In erster Linie besteht er aus biophotonischem Violettglas, das sch\u00e4dliche UV-Strahlung wirksam abblockt. Dieses Schl\u00fcsselelement tr\u00e4gt dazu bei, die aromatischen und therapeutischen Eigenschaften der Kr\u00e4uter lange zu erhalten. Dar\u00fcber hinaus ist der Beh\u00e4lter absolut geruchsneutral, sodass keine unerw\u00fcnschten Ger\u00fcche eindringen und das nat\u00fcrliche Aroma Ihrer Kr\u00e4uter bewahrt wird.<\/p>\n<p>Die HERO PRO-Version ist eine verbesserte und fortschrittlichere Variante des legend\u00e4ren HERO-Beh\u00e4lters. Sie bietet jetzt vollst\u00e4ndigen Schutz vor Wasser gem\u00e4\u00df IP65 und gew\u00e4hrleistet so die Sicherheit des Inhalts selbst unter anspruchsvollen Bedingungen \u2013 Regen, Feuchtigkeit oder Spritzwasser k\u00f6nnen ihr nichts anhaben!<\/p>\n<h3>Pr\u00e4zise Feuchtigkeitsregelung mit dem Hygrometer und Feuchtigkeitsregler 62%<\/h3>\n<p>Der Beh\u00e4lter ist mit einem hochwertigen Hygrometer mit \u00fcbersichtlichem Farbdisplay ausgestattet, das im Vergleich zu Vorg\u00e4ngermodellen um 151 TP3T vergr\u00f6\u00dfert wurde. Dadurch lassen sich Feuchtigkeitsmessungen einfach und pr\u00e4zise durchf\u00fchren, sodass Sie die Lagerbedingungen jederzeit im Blick behalten k\u00f6nnen. Ein modernes Hygrometer arbeitet mit h\u00f6herer Genauigkeit, was besonders wichtig ist, um den optimalen Feuchtigkeitsgehalt Ihrer getrockneten Kr\u00e4uter zu erhalten.<\/p>\n<p>Das Set enth\u00e4lt au\u00dferdem einen HERO 62% Feuchtigkeitsregler, der automatisch f\u00fcr optimale Luftfeuchtigkeit sorgt \u2013 weder zu trocken noch zu feucht. Dadurch wird das Austrocknen und die Schimmelbildung verhindert, was die Frische und Qualit\u00e4t der gelagerten Kr\u00e4uter l\u00e4nger erh\u00e4lt.<\/p>\n<h3>Produktspezifikationen<\/h3>\n<table border=\"1\" cellspacing=\"0\" cellpadding=\"8\">\n<thead>\n<tr>\n<th>Merkmal<\/th>\n<th>Beschreibung<\/th>\n<\/tr>\n<\/thead>\n<tbody>\n<tr>\n<td>Kapazit\u00e4t<\/td>\n<td>1000 ml (ca. 60 Gramm getrocknete Kr\u00e4uter)<\/td>\n<\/tr>\n<tr>\n<td>Material<\/td>\n<td>Biophotonisches violettes UV-Schutzglas<\/td>\n<\/tr>\n<tr>\n<td>Wasserbest\u00e4ndigkeit<\/td>\n<td>Schutzart IP65 \u2013 Schutz gegen Eindringen von Wasser und Staub<\/td>\n<\/tr>\n<tr>\n<td>Hygrometeranzeige<\/td>\n<td>Farbenfroh, 15% gr\u00f6\u00dfer als Vorg\u00e4ngermodelle<\/td>\n<\/tr>\n<tr>\n<td>Feuchtigkeitsregler<\/td>\n<td>62%, automatische Aufrechterhaltung der optimalen Luftfeuchtigkeit<\/td>\n<\/tr>\n<tr>\n<td>Abmessungen<\/td>\n<td>9,2 cm x 19,2 cm<\/td>\n<\/tr>\n<tr>\n<td>Extras<\/td>\n<td>Zus\u00e4tzliche Batterie f\u00fcr das Hygrometer<\/td>\n<\/tr>\n<\/tbody>\n<\/table>\n<h3>Wie verwendet man den HERO PRO Container?<\/h3>\n<p>Die Verwendung des HERO PRO Beh\u00e4lters ist denkbar einfach und intuitiv. Geben Sie einfach Ihre Kr\u00e4uter oder getrockneten Kr\u00e4uter hinein, schlie\u00dfen Sie den Feuchtigkeitsregler 62% an und verschlie\u00dfen Sie den Deckel fest. Um das Hygrometer einzuschalten, halten Sie die Ein-\/Aus-Taste gedr\u00fcckt. Die Luftfeuchtigkeit wird dann in Echtzeit gemessen.<\/p>\n<p>Dank dieses Systems k\u00f6nnen Sie sicher sein, dass Ihre Kr\u00e4uter unter idealen Bedingungen gelagert werden, ohne dass Sie sich Sorgen machen m\u00fcssen, dass sie austrocknen, ihr Aroma verlieren oder feucht werden.<\/p>\n<h3>Gr\u00f6\u00dfen f\u00fcr jeden Bedarf<\/h3>\n<p>Obwohl der hier abgebildete Beh\u00e4lter ein Fassungsverm\u00f6gen von 1000 ml hat, bietet die Marke HERO auch andere Gr\u00f6\u00dfen an: 100 ml, 150 ml, 250 ml, 400 ml, 500 ml und 2000 ml. So k\u00f6nnen Sie ein Produkt w\u00e4hlen, das Ihren individuellen Bed\u00fcrfnissen entspricht \u2013 von kleinen, handlichen Portionen bis hin zu gr\u00f6\u00dferen Vorr\u00e4ten f\u00fcr zu Hause.<\/p>\n<h3>Sicherheit und Qualit\u00e4t durch Zertifikate best\u00e4tigt<\/h3>\n<p>Der Hersteller garantiert, dass der HERO PRO-Beh\u00e4lter alle Sicherheitsstandards erf\u00fcllt und seine Zusammensetzung und Herstellung f\u00fcr die Benutzer unbedenklich sind. Flawonoid Piotr Stasiukiewicz erkl\u00e4rt das Produkt f\u00fcr sicher und gesetzeskonform.<\/p>\n<h3>Nutzerbewertungen<\/h3>\n<p>Nutzer loben den HERO PRO Beh\u00e4lter f\u00fcr seine robuste Bauweise, Zuverl\u00e4ssigkeit und Funktionalit\u00e4t. Besonders gesch\u00e4tzt wird die praktische Feuchtigkeits\u00fcberwachung, die es erm\u00f6glicht, Kr\u00e4uter lange in perfektem Zustand zu halten. Auch die Wasserdichtigkeit und das ansprechende Design tragen zu den positiven Bewertungen bei.<\/p>\n<h3>Zus\u00e4tzliche Informationen und Anleitungen<\/h3>\n<ul>\n<li><strong>Lagerung:<\/strong> Es wird empfohlen, den Beh\u00e4lter an einem trockenen und k\u00fchlen Ort, fern von direkter Sonneneinstrahlung, aufzubewahren, um die Eigenschaften des biophotonischen Glases optimal zu nutzen.<\/li>\n<li><strong>Verwendung des Hygrometers:<\/strong> Um die Batterielebensdauer Ihres Hygrometers zu verl\u00e4ngern, schalten Sie das Ger\u00e4t aus, wenn Sie es l\u00e4ngere Zeit nicht benutzen.<\/li>\n<li><strong>Sicherheit:<\/strong> Der Beh\u00e4lter ist wasserdicht, sollte aber nicht \u00fcber l\u00e4ngere Zeit in Wasser eingetaucht werden.<\/li>\n<li><strong>Feuchtigkeitsregler:<\/strong> Um einen stabilen Feuchtigkeitspegel aufrechtzuerhalten, ist es ratsam, den Regler von Zeit zu Zeit auszutauschen.<\/li>\n<\/ul>\n<p><strong>Geruchloser Glasbeh\u00e4lter mit Hygrometer HERO PRO 1000 ml<\/strong> Es handelt sich nicht nur um einen praktischen Beh\u00e4lter, sondern um ein umfassendes System, mit dem Sie Ihre Kr\u00e4uter optimal lagern k\u00f6nnen. Investieren Sie in Qualit\u00e4t, die f\u00fcr volles Aroma, Frische und den Erhalt der wertvollen Eigenschaften Ihrer Lieblingskr\u00e4uter sorgt.<\/p>","protected":false},"excerpt":{"rendered":"<ul>\n<li>Pojemno\u015b\u0107 1000 ml (oko\u0142o 60 g suszu lub zi\u00f3\u0142)<\/li>\n<li>Biofotoniczne fioletowe szk\u0142o blokuj\u0105ce UV \u2014 bezzapachowe<\/li>\n<li>Wbudowany kolorowy higrometr (15% wi\u0119kszy wy\u015bwietlacz) + regulator wilgotno\u015bci 62%<\/li>\n<li>Wodoodporna obudowa klasy IP65, dodatkowa bateria w zestawie<\/li>\n<li>Wymiary 9,2 cm x 19,2 cm<\/li>\n<\/ul>","protected":false},"featured_media":59349,"comment_status":"open","ping_status":"closed","template":"","meta":{"_acf_changed":false,"_gspb_post_css":"","rank_math_title":"Szklany pojemnik z higrometrem 1000 ml HERO PRO | u Bucha","rank_math_description":"Szklany pojemnik z higrometrem HERO PRO 1000 ml \u2014 biofotoniczne fioletowe szk\u0142o UV, kolorowy higrometr, regulator wilgotno\u015bci 62%, wodoodporno\u015b\u0107 IP65.","rank_math_focus_keyword":"szklany pojemnik z higrometrem","rank_math_facebook_title":"Pojemnik HERO PRO 1000 ml z higrometrem","rank_math_facebook_description":"Bezzapachowy szklany pojemnik 1000 ml z biofotonicznego fioletowego szk\u0142a. Kolorowy higrometr, regulator wilgotno\u015bci 62%, wodoodporno\u015b\u0107 IP65.","rank_math_twitter_title":"HERO PRO 1000 ml \u2014 pojemnik z higrometrem","rank_math_twitter_description":"Szklany pojemnik 1000 ml z higrometrem i regulatorem wilgotno\u015bci 62%. Klasa IP65, fioletowe szk\u0142o UV."},"product_brand":[501],"product_cat":[468],"product_tag":[],"woo-feed-brand":[],"class_list":{"0":"post-59350","1":"product","2":"type-product","3":"status-publish","4":"has-post-thumbnail","6":"product_brand-hero","7":"product_cat-przechowywanie","9":"first","10":"instock","11":"taxable","12":"shipping-taxable","13":"purchasable","14":"product-type-simple"},"ct_brands":[{"id":501,"name":"HELD","slug":"held"}],"acf":[],"_links":{"self":[{"href":"https:\/\/ubucha.pl\/de\/wp-json\/wp\/v2\/product\/59350","targetHints":{"allow":["GET"]}}],"collection":[{"href":"https:\/\/ubucha.pl\/de\/wp-json\/wp\/v2\/product"}],"about":[{"href":"https:\/\/ubucha.pl\/de\/wp-json\/wp\/v2\/types\/product"}],"replies":[{"embeddable":true,"href":"https:\/\/ubucha.pl\/de\/wp-json\/wp\/v2\/comments?post=59350"}],"wp:featuredmedia":[{"embeddable":true,"href":"https:\/\/ubucha.pl\/de\/wp-json\/wp\/v2\/media\/59349"}],"wp:attachment":[{"href":"https:\/\/ubucha.pl\/de\/wp-json\/wp\/v2\/media?parent=59350"}],"wp:term":[{"taxonomy":"product_brand","embeddable":true,"href":"https:\/\/ubucha.pl\/de\/wp-json\/wp\/v2\/product_brand?post=59350"},{"taxonomy":"product_cat","embeddable":true,"href":"https:\/\/ubucha.pl\/de\/wp-json\/wp\/v2\/product_cat?post=59350"},{"taxonomy":"product_tag","embeddable":true,"href":"https:\/\/ubucha.pl\/de\/wp-json\/wp\/v2\/product_tag?post=59350"},{"taxonomy":"woo-feed-brand","embeddable":true,"href":"https:\/\/ubucha.pl\/de\/wp-json\/wp\/v2\/woo-feed-brand?post=59350"}],"curies":[{"name":"wp","href":"https:\/\/api.w.org\/{rel}","templated":true}]}}