{"id":59336,"date":"2026-02-11T08:27:24","date_gmt":"2026-02-11T07:27:24","guid":{"rendered":"https:\/\/ubucha.pl\/regulator-wilgotnosci-62-4g-hero\/"},"modified":"2026-05-04T03:04:12","modified_gmt":"2026-05-04T01:04:12","slug":"feuchtigkeitsregler-62-4g-held","status":"publish","type":"product","link":"https:\/\/ubucha.pl\/de\/regulator-wilgotnosci-62-4g-hero\/","title":{"rendered":"Feuchtigkeitsregler 62% 4g HERO"},"content":{"rendered":"<h2>62% 4g HERO Feuchtigkeitsregler \u2013 Perfekte Feuchtigkeitskontrolle f\u00fcr Ihre Kr\u00e4uter<\/h2>\n<p>Haben Ihre Kr\u00e4uter schon einmal ihr Aroma oder ihren Geschmack verloren oder sind einfach nur trocken oder feucht geworden? Mit einem innovativen Produkt k\u00f6nnen Sie dem jetzt vorbeugen. <strong>HERO 62% 4g Feuchtigkeitsregler<\/strong>. Dieses Produkt wurde entwickelt, um die ideale relative Luftfeuchtigkeit von 62% aufrechtzuerhalten, die f\u00fcr den Erhalt der Frische, des Aromas und der Qualit\u00e4t der Kr\u00e4uter \u00fcber die Zeit entscheidend ist.<\/p>\n<h3>Wie funktioniert der HERO-Feuchtigkeitsregler?<\/h3>\n<p>Der HERO-Regler nutzt eine bidirektionale Dampfabsorptions- und -abgabetechnologie auf Basis nat\u00fcrlicher Pflanzenfasern, die in einer L\u00f6sung aus organischen Salzen und Polymeren getr\u00e4nkt sind. Dies gew\u00e4hrleistet eine stabile Luftfeuchtigkeit und sch\u00fctzt Ihre Kr\u00e4uter vor dem Austrocknen oder \u00fcberm\u00e4\u00dfiger N\u00e4sse. So bleiben Geschmack, Aroma und die von Ihnen gesch\u00e4tzten Eigenschaften Ihrer Kr\u00e4uter voll erhalten.<\/p>\n<h3>Sichere Zusammensetzung \u2013 nat\u00fcrlicher Schutz f\u00fcr Ihre Kr\u00e4uter<\/h3>\n<p>Das Produkt ist v\u00f6llig geruchlos, ungiftig und chemisch stabil und somit f\u00fcr den t\u00e4glichen Gebrauch unbedenklich. Zu den Hauptbestandteilen des Reglers geh\u00f6ren:<\/p>\n<ul>\n<li>Glycerin<\/li>\n<li>Natriumlaktat<\/li>\n<li>Natriumformiat<\/li>\n<li>Carboxymethylcellulose (CMC)<\/li>\n<\/ul>\n<p>Dank dieser Kombination aus Feuchtigkeits- und Stabilisierungsmitteln h\u00e4lt der Regler die Luftfeuchtigkeit im Bereich von \u00b15% vom Sollwert, ohne die Gesundheit des Benutzers oder die Umwelt zu gef\u00e4hrden.<\/p>\n<h3>Vorteile der Verwendung des HERO-Feuchtigkeitsreglers<\/h3>\n<p>Feuchtigkeitsregulierung bedeutet mehr als nur Schutz vor Trockenheit oder N\u00e4sse. Wussten Sie, dass die richtige Luftfeuchtigkeit Folgendes bewirkt:<\/p>\n<ul>\n<li>Verbessert das Terpenprofil \u2013 Aromen sind ausgepr\u00e4gter und intensiver.<\/li>\n<li>Gew\u00e4hrleistet gleichm\u00e4\u00dfiges Verbrennen oder Verdampfen der Kr\u00e4uter beim Verdampfen oder Rauchen<\/li>\n<li>Verringert das Risiko von Schimmelbildung, Bl\u00fctenbruch und Cannabinoidabbau.<\/li>\n<\/ul>\n<p>Mit dem HERO-Regler haben Sie die volle Kontrolle \u00fcber die Qualit\u00e4t Ihrer Kr\u00e4uter \u2013 von der Ernte bis zur letzten Anwendung.<\/p>\n<h3>Produktspezifikationen<\/h3>\n<table style=\"border-collapse: collapse; width: 100%; max-width: 600px;\" border=\"1\" cellspacing=\"0\" cellpadding=\"8\">\n<thead>\n<tr style=\"background-color: #f2f2f2;\">\n<th>Eigenschaften<\/th>\n<th>Einzelheiten<\/th>\n<\/tr>\n<\/thead>\n<tbody>\n<tr>\n<td>Marke<\/td>\n<td>HELD<\/td>\n<\/tr>\n<tr>\n<td>Gr\u00f6\u00dfe<\/td>\n<td>4 g (bis zu 14 g getrocknetes Kraut)<\/td>\n<\/tr>\n<tr>\n<td>Luftfeuchtigkeit<\/td>\n<td>Stabilisierung auf 62% RH (\u00b15%)<\/td>\n<\/tr>\n<tr>\n<td>Zusammensetzung<\/td>\n<td>Nat\u00fcrliche Pflanzenfasern, Glycerin, Natriumlaktat, Natriumformiat, CMC<\/td>\n<\/tr>\n<tr>\n<td>Sicherheit<\/td>\n<td>Geruchlos, ungiftig, chemisch stabil<\/td>\n<\/tr>\n<tr>\n<td>Zweck<\/td>\n<td>Lagerung von getrocknetem Hanf und anderen pflanzlichen Materialien<\/td>\n<\/tr>\n<tr>\n<td>Anmeldung<\/td>\n<td>F\u00fcr Einmachgl\u00e4ser, wiederverschlie\u00dfbare Verpackungen und luftdichte Dosen<\/td>\n<\/tr>\n<\/tbody>\n<\/table>\n<h3>Wie verwendet man den HERO 62% 4g Feuchtigkeitsregler?<\/h3>\n<p>Die Anwendung ist kinderleicht und bequem. Legen Sie einfach einen Beutel mit dem Feuchtigkeitsregulator in ein Gef\u00e4\u00df mit Kr\u00e4utern, z. B. ein Einmachglas oder einen Gefrierbeutel. W\u00e4hlen Sie die passende Gr\u00f6\u00dfe f\u00fcr die Menge der aufzubewahrenden Kr\u00e4uter \u2013 ein 4-g-Regulator ist ideal f\u00fcr Portionen bis zu 14 g. So wird sichergestellt, dass Ihre Kr\u00e4uter w\u00e4hrend der gesamten Lagerung die optimale Luftfeuchtigkeit behalten.<\/p>\n<h3>Zus\u00e4tzliche Informationen und Anleitungen<\/h3>\n<ul>\n<li><strong>Beispiele f\u00fcr die Verwendung:<\/strong> Ideal f\u00fcr getrockneten Hanf, aromatische Kr\u00e4uter, Tees und andere empfindliche Pflanzenmaterialien, die eine konstante Luftfeuchtigkeit ben\u00f6tigen.<\/li>\n<li><strong>Sicherheit:<\/strong> Das Produkt gibt weder Ger\u00fcche noch Schadstoffe ab und ist gesundheitlich und umweltvertr\u00e4glich.<\/li>\n<li><strong>Lagerung:<\/strong> Es empfiehlt sich, den Regler vor Gebrauch in seiner Originalverpackung an einem trockenen Ort aufzubewahren.<\/li>\n<li><strong>Benutzerbewertungen:<\/strong> Kunden heben die Verbesserung des Aromas und Geschmacks von getrockneten Kr\u00e4utern sowie die l\u00e4ngere Frische der Kr\u00e4uter dank des Einsatzes des HERO-Reglers hervor.<\/li>\n<li><strong>Anwendungshinweise:<\/strong> W\u00e4hlen Sie die Reglergr\u00f6\u00dfe entsprechend der Kr\u00e4utermenge, um eine optimale Wirkung zu gew\u00e4hrleisten. Die Beutel k\u00f6nnen mehrfach wiederverwendet werden, solange sie feucht bleiben.<\/li>\n<\/ul>\n<p>Lassen Sie Ihre Kr\u00e4uter nicht an Qualit\u00e4t verlieren! W\u00e4hlen Sie <strong>62% 4g HERO Feuchtigkeitsregler<\/strong> und genie\u00dfen Sie perfekt gelagerte Kr\u00e4uter voller Aroma und Geschmack, die jederzeit einsatzbereit sind.<\/p>","protected":false},"excerpt":{"rendered":"<ul>\n<li>Saszetka 4 g \u2014 wystarcza na pojemnik z oko\u0142o 14 g suszu<\/li>\n<li>Stabilizacja wilgotno\u015bci na poziomie 62% RH (\u00b15%)<\/li>\n<li>Dwukierunkowe poch\u0142anianie i uwalnianie pary wodnej<\/li>\n<li>Bezzapachowy i nietoksyczny \u2014 do s\u0142oik\u00f3w, woreczk\u00f3w i hermetycznych pojemnik\u00f3w<\/li>\n<li>Chroni profil terpenowy i ogranicza ryzyko ple\u015bni<\/li>\n<\/ul>","protected":false},"featured_media":59335,"comment_status":"open","ping_status":"closed","template":"","meta":{"_acf_changed":false,"_gspb_post_css":"","rank_math_title":"Regulator wilgotno\u015bci 62% \u2014 saszetka 4 g HERO | u Bucha","rank_math_description":"Regulator wilgotno\u015bci 62% HERO \u2014 saszetka 4 g wystarcza na 14 g suszu. Stabilizuje wilgotno\u015b\u0107 \u00b15%, chroni terpeny i aromat. Bezzapachowa, do s\u0142oik\u00f3w.","rank_math_focus_keyword":"regulator wilgotno\u015bci 62%","rank_math_facebook_title":"Regulator wilgotno\u015bci 62% HERO \u2014 4 g","rank_math_facebook_description":"Saszetka 4 g do 14 g suszu. Utrzymuje wilgotno\u015b\u0107 na poziomie 62% RH (\u00b15%), chroni aromat i terpeny. Bezzapachowa, do s\u0142oik\u00f3w i pojemnik\u00f3w.","rank_math_twitter_title":"Regulator wilgotno\u015bci HERO 62% 4 g","rank_math_twitter_description":"Saszetka 4 g \u2014 stabilna wilgotno\u015b\u0107 62% RH dla suszu do 14 g. Chroni terpeny i aromat."},"product_brand":[501],"product_cat":[468],"product_tag":[],"woo-feed-brand":[],"class_list":{"0":"post-59336","1":"product","2":"type-product","3":"status-publish","4":"has-post-thumbnail","6":"product_brand-hero","7":"product_cat-przechowywanie","9":"first","10":"instock","11":"taxable","12":"shipping-taxable","13":"purchasable","14":"product-type-simple"},"ct_brands":[{"id":501,"name":"HELD","slug":"held"}],"acf":[],"_links":{"self":[{"href":"https:\/\/ubucha.pl\/de\/wp-json\/wp\/v2\/product\/59336","targetHints":{"allow":["GET"]}}],"collection":[{"href":"https:\/\/ubucha.pl\/de\/wp-json\/wp\/v2\/product"}],"about":[{"href":"https:\/\/ubucha.pl\/de\/wp-json\/wp\/v2\/types\/product"}],"replies":[{"embeddable":true,"href":"https:\/\/ubucha.pl\/de\/wp-json\/wp\/v2\/comments?post=59336"}],"wp:featuredmedia":[{"embeddable":true,"href":"https:\/\/ubucha.pl\/de\/wp-json\/wp\/v2\/media\/59335"}],"wp:attachment":[{"href":"https:\/\/ubucha.pl\/de\/wp-json\/wp\/v2\/media?parent=59336"}],"wp:term":[{"taxonomy":"product_brand","embeddable":true,"href":"https:\/\/ubucha.pl\/de\/wp-json\/wp\/v2\/product_brand?post=59336"},{"taxonomy":"product_cat","embeddable":true,"href":"https:\/\/ubucha.pl\/de\/wp-json\/wp\/v2\/product_cat?post=59336"},{"taxonomy":"product_tag","embeddable":true,"href":"https:\/\/ubucha.pl\/de\/wp-json\/wp\/v2\/product_tag?post=59336"},{"taxonomy":"woo-feed-brand","embeddable":true,"href":"https:\/\/ubucha.pl\/de\/wp-json\/wp\/v2\/woo-feed-brand?post=59336"}],"curies":[{"name":"wp","href":"https:\/\/api.w.org\/{rel}","templated":true}]}}