{"id":59302,"date":"2026-02-11T08:25:09","date_gmt":"2026-02-11T07:25:09","guid":{"rendered":"https:\/\/ubucha.pl\/szklany-pojemnik-bezzapachowy-z-higrometrem-100ml-hero-pro\/"},"modified":"2026-05-04T03:04:13","modified_gmt":"2026-05-04T01:04:13","slug":"geruchloser-glasbehalter-mit-hygrometer-100-ml-hero-pro","status":"publish","type":"product","link":"https:\/\/ubucha.pl\/de\/szklany-pojemnik-bezzapachowy-z-higrometrem-100ml-hero-pro\/","title":{"rendered":"Geruchloser Glasbeh\u00e4lter mit Hygrometer 100 ml HERO PRO"},"content":{"rendered":"<h2>Geruchloser Glasbeh\u00e4lter mit Hygrometer 100 ml HERO PRO \u2013 eine moderne L\u00f6sung zur Aufbewahrung von Kr\u00e4utern<\/h2>\n<p>Wenn Sie nach einer zuverl\u00e4ssigen und innovativen M\u00f6glichkeit suchen, getrockneten Hanf oder andere Kr\u00e4uter aufzubewahren, ist dieser Beh\u00e4lter genau das Richtige f\u00fcr Sie. <strong>HERO PRO<\/strong> Dieser 100-ml-Glasbeh\u00e4lter (f\u00fcr ca. 5 Gramm Kr\u00e4uter) ist speziell f\u00fcr Sie gefertigt. Er vereint moderne Technologie, Langlebigkeit und Funktionalit\u00e4t und wird selbst die anspruchsvollsten Nutzer zufriedenstellen.<\/p>\n<h3>Warum sollten Sie sich f\u00fcr den HERO PRO Container entscheiden?<\/h3>\n<p><strong>HERO PRO<\/strong> Es handelt sich nicht nur um einen Beh\u00e4lter \u2013 es ist ein umfassendes Lagersystem, das:<\/p>\n<ul>\n<li>Es besteht aus <em>biophotonisches violettes Glas<\/em>, wodurch sch\u00e4dliche UV-Strahlung wirksam blockiert wird und so Aroma, Wirksamkeit und aktive Eigenschaften Ihrer Kr\u00e4uter gesch\u00fctzt werden.<\/li>\n<li>Sie hat <em>vollst\u00e4ndig wasserdicht gem\u00e4\u00df Schutzart IP65<\/em>, wodurch der Inhalt auch bei schwierigen Wetterbedingungen sicher bleibt.<\/li>\n<li>Es ist v\u00f6llig <em>geruchlos<\/em>, Das bedeutet, dass keine unerw\u00fcnschten Ger\u00fcche eindringen und das authentische Aroma Ihrer Kr\u00e4uter erhalten bleibt.<\/li>\n<li>Es ist mit einem pr\u00e4zisen, modernen <em>Hygrometer mit Farbanzeige<\/em> (15% gr\u00f6\u00dfer als die Vorg\u00e4ngerversion), das st\u00e4ndig den Feuchtigkeitsstatus anzeigt und so die volle Kontrolle \u00fcber die Lagerung gew\u00e4hrleistet.<\/li>\n<li>Der Bausatz enth\u00e4lt <em>HERO 62% Feuchtigkeitsregler<\/em>, Dadurch wird automatisch ein optimaler Feuchtigkeitsgehalt aufrechterhalten, wodurch sowohl Austrocknung als auch \u00fcberm\u00e4\u00dfige Feuchtigkeit verhindert werden.<\/li>\n<li>Das Set beinhaltet eine zus\u00e4tzliche Batterie f\u00fcr das Hygrometer, sodass Sie die Feuchtigkeitsregelungsfunktion ohne Unterbrechung nutzen k\u00f6nnen.<\/li>\n<\/ul>\n<h3>Wichtigste Produktmerkmale<\/h3>\n<table style=\"border-collapse: collapse; width: 100%; max-width: 600px;\" border=\"1\" cellspacing=\"0\" cellpadding=\"8\">\n<thead>\n<tr style=\"background-color: #f2f2f2;\">\n<th>Eigenschaften<\/th>\n<th>Beschreibung<\/th>\n<\/tr>\n<\/thead>\n<tbody>\n<tr>\n<td>Kapazit\u00e4t<\/td>\n<td>100 ml (etwa 5 Gramm getrocknete Kr\u00e4uter)<\/td>\n<\/tr>\n<tr>\n<td>Material<\/td>\n<td>Biophotonisches violettes UV-Schutzglas<\/td>\n<\/tr>\n<tr>\n<td>Wasserbest\u00e4ndigkeit<\/td>\n<td>Schutzart IP65 \u2013 vollst\u00e4ndiger Schutz gegen Wasser und Staub<\/td>\n<\/tr>\n<tr>\n<td>Hygrometer<\/td>\n<td>Digital, mit Farbdisplay und pr\u00e4ziser Graduierung<\/td>\n<\/tr>\n<tr>\n<td>Feuchtigkeitsregler<\/td>\n<td>HERO 62% \u2013 automatische Aufrechterhaltung der optimalen Luftfeuchtigkeit<\/td>\n<\/tr>\n<tr>\n<td>Abmessungen<\/td>\n<td>6,5 cm x 7,5 cm<\/td>\n<\/tr>\n<tr>\n<td>Zus\u00e4tzliche Ausr\u00fcstung<\/td>\n<td>Eine zus\u00e4tzliche Batterie f\u00fcr das Hygrometer ist im Lieferumfang enthalten.<\/td>\n<\/tr>\n<\/tbody>\n<\/table>\n<h3>Zusammensetzung und Materialien<\/h3>\n<p>Der HERO PRO Beh\u00e4lter besteht aus hochwertigem biophotonischem Violettglas, welches:<\/p>\n<ul>\n<li>Es bietet eine hohe Langlebigkeit und Widerstandsf\u00e4higkeit gegen mechanische Besch\u00e4digungen.<\/li>\n<li>Blockiert sch\u00e4dliche UV-Strahlung, die die wertvollen Eigenschaften von Kr\u00e4utern zerst\u00f6ren kann.<\/li>\n<li>Gew\u00e4hrleistet eine geruchslose Lagerung und sch\u00fctzt so Aroma und Geschmack der getrockneten Kr\u00e4uter.<\/li>\n<\/ul>\n<p>Der im Set enthaltene Feuchtigkeitsregler verf\u00fcgt \u00fcber einen speziellen Einsatz, der einen konstanten Feuchtigkeitsgehalt von 62% aufrechterh\u00e4lt, der optimal f\u00fcr getrockneten Hanf und andere Kr\u00e4uter ist.<\/p>\n<h3>Wie verwendet man den HERO PRO Container?<\/h3>\n<p>Die Verwendung des Containers ist extrem einfach und intuitiv:<\/p>\n<ol>\n<li>Geben Sie Ihre getrockneten Kr\u00e4uter in ein Glasgef\u00e4\u00df.<\/li>\n<li>Installieren Sie den Feuchtigkeitsregler HERO 62% \u2013 er hilft Ihnen, ideale Feuchtigkeitsbedingungen aufrechtzuerhalten.<\/li>\n<li>Um das Hygrometer zu aktivieren, halten Sie die Taste gedr\u00fcckt. <em>Ein\/Aus<\/em> \u2013 Das Display zeigt den aktuellen Feuchtigkeitswert an.<\/li>\n<li>Den Beh\u00e4lter fest verschlie\u00dfen, um den Inhalt vor Feuchtigkeit und unerw\u00fcnschten Ger\u00fcchen zu sch\u00fctzen.<\/li>\n<\/ol>\n<p>Dank solcher L\u00f6sungen behalten Ihre Kr\u00e4uter lange ihre Frische, ihr Aroma und ihr volles Potenzial.<\/p>\n<h3>Zus\u00e4tzliche Informationen und Vorteile<\/h3>\n<p>Haben Sie sich jemals gefragt, wie Sie Ihre Kr\u00e4uter am besten vor Qualit\u00e4tsverlust sch\u00fctzen k\u00f6nnen? <strong>HERO PRO<\/strong> ist die Antwort auf diese Bed\u00fcrfnisse:<\/p>\n<ul>\n<li>Ideal f\u00fcr alle, die Wert auf Frische und volles Aroma legen \u2013 der Beh\u00e4lter verhindert effektiv den Zugang von Licht und Luft.<\/li>\n<li>Dank seiner wasserdichten und dichten Verschl\u00fcsse k\u00f6nnen Sie es bedenkenlos auf Reisen, Trekkingtouren oder andere Ausfl\u00fcge mitnehmen.<\/li>\n<li>Multifunktionalit\u00e4t \u2013 der Beh\u00e4lter eignet sich f\u00fcr Kr\u00e4uter, getrockneten Hanf und andere empfindliche Substanzen, die Schutz ben\u00f6tigen.<\/li>\n<li>Es ist in vielen Gr\u00f6\u00dfen erh\u00e4ltlich, sodass Sie es an Ihre individuellen Bed\u00fcrfnisse anpassen k\u00f6nnen (von 100 ml bis sogar 2000 ml).<\/li>\n<\/ul>\n<h3>Sicherheit und Zertifizierung<\/h3>\n<p>Das Produkt erf\u00fcllt alle Sicherheitsanforderungen, wie die Herstellererkl\u00e4rung von Flawonoid Piotr Stasiukiewicz best\u00e4tigt. Sie k\u00f6nnen sicher sein, dass Sie ein hochwertiges Zubeh\u00f6r verwenden, das unbedenklich f\u00fcr Sie und Ihre Kr\u00e4uter ist.<\/p>\n<h3>Nutzerbewertungen<\/h3>\n<p>Kunden loben den HERO PRO Container f\u00fcr:<\/p>\n<ul>\n<li>Au\u00dfergew\u00f6hnliche Dichtigkeit und Geruchsneutralit\u00e4t, wodurch Kr\u00e4uter aufbewahrt werden k\u00f6nnen, ohne dass sie ihr Aroma verlieren.<\/li>\n<li>Ein pr\u00e4zises und leicht ablesbares Hygrometer, mit dem Sie die Luftfeuchtigkeit vollst\u00e4ndig kontrollieren k\u00f6nnen.<\/li>\n<li>Solide Verarbeitung und \u00e4sthetisches Erscheinungsbild \u2013 das Produkt sch\u00fctzt nicht nur, sondern sieht auch gut aus.<\/li>\n<li>Praktische Gr\u00f6\u00dfe, perfekt f\u00fcr den t\u00e4glichen Gebrauch und auf Reisen.<\/li>\n<\/ul>\n<h3>Hinweise zur Lagerung und Verwendung<\/h3>\n<p>Damit Ihr HERO PRO-Beh\u00e4lter m\u00f6glichst lange h\u00e4lt, beachten Sie bitte folgende Tipps:<\/p>\n<ul>\n<li>Bewahren Sie den Beh\u00e4lter an einem k\u00fchlen, trockenen Ort und vor direkter Sonneneinstrahlung gesch\u00fctzt auf.<\/li>\n<li>\u00dcberpr\u00fcfen Sie regelm\u00e4\u00dfig den Feuchtigkeitswert am Hygrometer und tauschen Sie die Batterie bei Bedarf aus (Ersatzbatterie im Lieferumfang enthalten).<\/li>\n<li>Reinigen Sie den Beh\u00e4lter mit einem weichen, feuchten Tuch \u2013 vermeiden Sie scharfe Reinigungsmittel und waschen Sie ihn von Hand.<\/li>\n<li>Um eine optimale Luftfeuchtigkeit zu gew\u00e4hrleisten, tauschen Sie Ihren Feuchtigkeitsregler gem\u00e4\u00df den Empfehlungen des Herstellers aus.<\/li>\n<\/ul>\n<h3>Zusammenfassung<\/h3>\n<p><strong>Geruchloser Glasbeh\u00e4lter mit Hygrometer 100 ml HERO PRO<\/strong> Es ist eine Investition in die Qualit\u00e4t und Frische Ihrer Kr\u00e4uter. Dank innovativer Technologie, langlebiger Materialien und durchdachtem Design k\u00f6nnen Sie sicher sein, dass jede Portion Kr\u00e4uter in perfektem Zustand bleibt. W\u00e4hlen Sie einen Beh\u00e4lter, der Ihren Anspr\u00fcchen gen\u00fcgt und Ihnen erm\u00f6glicht, das Aroma und die Eigenschaften Ihrer Lieblingskr\u00e4uter lange zu genie\u00dfen.<\/p>","protected":false},"excerpt":{"rendered":"<ul>\n<li>Pojemno\u015b\u0107 100 ml \u2014 kompaktowy format do podr\u0119cznego zapasu<\/li>\n<li>Biofotoniczne fioletowe szk\u0142o \u2014 blokuje promieniowanie UV<\/li>\n<li>Higrometr z kolorowym wy\u015bwietlaczem + regulator wilgotno\u015bci 62%<\/li>\n<li>Wodoodporna obudowa klasy IP65, szczelne zamkni\u0119cie<\/li>\n<li>Chroni profil terpenowy i w\u0142a\u015bciwo\u015bci aktywne na d\u0142u\u017cej<\/li>\n<\/ul>","protected":false},"featured_media":59301,"comment_status":"open","ping_status":"closed","template":"","meta":{"_acf_changed":false,"_gspb_post_css":"","rank_math_title":"Szklany pojemnik 100 ml HERO PRO z higrometrem | u Bucha","rank_math_description":"Szklany pojemnik 100 ml HERO PRO z higrometrem i regulatorem 62%. Biofotoniczne szk\u0142o, klasa IP65 \u2014 chroni aromat i terpeny suszu na d\u0142u\u017cej.","rank_math_focus_keyword":"szklany pojemnik 100 ml","rank_math_facebook_title":"Szklany pojemnik 100 ml HERO PRO","rank_math_facebook_description":"Pojemnik 100 ml HERO PRO ze szk\u0142a biofotonicznego. Higrometr, regulator 62%, IP65 \u2014 chroni aromat i w\u0142a\u015bciwo\u015bci suszu.","rank_math_twitter_title":"Pojemnik szklany 100 ml HERO PRO","rank_math_twitter_description":"Szk\u0142o biofotoniczne, higrometr, regulator 62%, IP65 \u2014 kompaktowy 100 ml."},"product_brand":[501],"product_cat":[468],"product_tag":[],"woo-feed-brand":[],"class_list":{"0":"post-59302","1":"product","2":"type-product","3":"status-publish","4":"has-post-thumbnail","6":"product_brand-hero","7":"product_cat-przechowywanie","9":"first","10":"instock","11":"taxable","12":"shipping-taxable","13":"purchasable","14":"product-type-simple"},"ct_brands":[{"id":501,"name":"HELD","slug":"held"}],"acf":[],"_links":{"self":[{"href":"https:\/\/ubucha.pl\/de\/wp-json\/wp\/v2\/product\/59302","targetHints":{"allow":["GET"]}}],"collection":[{"href":"https:\/\/ubucha.pl\/de\/wp-json\/wp\/v2\/product"}],"about":[{"href":"https:\/\/ubucha.pl\/de\/wp-json\/wp\/v2\/types\/product"}],"replies":[{"embeddable":true,"href":"https:\/\/ubucha.pl\/de\/wp-json\/wp\/v2\/comments?post=59302"}],"wp:featuredmedia":[{"embeddable":true,"href":"https:\/\/ubucha.pl\/de\/wp-json\/wp\/v2\/media\/59301"}],"wp:attachment":[{"href":"https:\/\/ubucha.pl\/de\/wp-json\/wp\/v2\/media?parent=59302"}],"wp:term":[{"taxonomy":"product_brand","embeddable":true,"href":"https:\/\/ubucha.pl\/de\/wp-json\/wp\/v2\/product_brand?post=59302"},{"taxonomy":"product_cat","embeddable":true,"href":"https:\/\/ubucha.pl\/de\/wp-json\/wp\/v2\/product_cat?post=59302"},{"taxonomy":"product_tag","embeddable":true,"href":"https:\/\/ubucha.pl\/de\/wp-json\/wp\/v2\/product_tag?post=59302"},{"taxonomy":"woo-feed-brand","embeddable":true,"href":"https:\/\/ubucha.pl\/de\/wp-json\/wp\/v2\/woo-feed-brand?post=59302"}],"curies":[{"name":"wp","href":"https:\/\/api.w.org\/{rel}","templated":true}]}}