{"id":59231,"date":"2026-02-10T09:34:31","date_gmt":"2026-02-10T08:34:31","guid":{"rendered":"https:\/\/ubucha.pl\/gleboki-sen-mieszanka-ziolowa\/"},"modified":"2026-05-03T18:55:11","modified_gmt":"2026-05-03T16:55:11","slug":"krautermischung-fur-tiefen-schlaf","status":"publish","type":"product","link":"https:\/\/ubucha.pl\/de\/gleboki-sen-mieszanka-ziolowa\/","title":{"rendered":"Kr\u00e4utermischung f\u00fcr tiefen Schlaf"},"content":{"rendered":"<h2>Kr\u00e4utermischung f\u00fcr tiefen Schlaf \u2013 Ihr Weg zu einer erholsamen Nacht und vollst\u00e4ndiger Regeneration<\/h2>\n<p>Tr\u00e4umen Sie von einem Abendritual, das Ihren Geist beruhigt und Ihren K\u00f6rper auf einen erholsamen Schlaf vorbereitet? <strong>Kr\u00e4utermischung f\u00fcr tiefen Schlaf<\/strong> DivineGoods ist eine nat\u00fcrliche Komposition aus sorgf\u00e4ltig ausgew\u00e4hlten Kr\u00e4utern, die einen gesunden, ungest\u00f6rten Schlaf f\u00f6rdern und dazu beitragen, Anspannung und Stress nach einem langen Tag abzubauen.<\/p>\n<h3>Warum lohnt es sich, diese Kr\u00e4utermischung zu verwenden?<\/h3>\n<p>Stellen Sie sich vor, wie Sie Ihren Kopf auf das Kissen betten, Ihre Gedanken sanft zur Ruhe kommen und ein Gef\u00fchl tiefer Entspannung Ihren K\u00f6rper umh\u00fcllt. Dank der wohltuenden Wirkung von Zitronenmelisse und Baldrian hilft diese Mischung, kreisende Gedanken zu beruhigen und einen Zustand wohltuender Ruhe herbeizuf\u00fchren. Aromatischer Lavendel und Hopfen wirken wie eine weiche, warme Decke auf das Nervensystem, entspannen die Muskulatur und l\u00f6sen Verspannungen.<\/p>\n<p><strong>Tiefschlaf<\/strong> Dieses Produkt wurde entwickelt, um Ihren K\u00f6rper auf nat\u00fcrliche Weise zu unterst\u00fctzen \u2013 ohne k\u00fcnstliche Zusatzstoffe oder Geschmacksverst\u00e4rker, ganz im Einklang mit der Natur. Es ist die perfekte M\u00f6glichkeit, Ihre Schlafqualit\u00e4t zu verbessern, was Ihnen jeden Tag einen erfrischten Start in den Tag und bessere Laune beschert.<\/p>\n<h3>Wichtige Inhaltsstoffe und ihre Wirkungen<\/h3>\n<table style=\"border-collapse: collapse; width: 100%; max-width: 600px;\" border=\"1\" cellspacing=\"0\" cellpadding=\"8\">\n<thead>\n<tr>\n<th>Komponente<\/th>\n<th>Prozentualer Inhalt<\/th>\n<th>Aktion<\/th>\n<\/tr>\n<\/thead>\n<tbody>\n<tr>\n<td>Zitronenmelisse<\/td>\n<td>30%<\/td>\n<td>Es beruhigt nachweislich \u00fcberm\u00e4\u00dfige Nervosit\u00e4t, stoppt rasende Gedanken und erleichtert das Einschlafen.<\/td>\n<\/tr>\n<tr>\n<td>Baldrian<\/td>\n<td>-<\/td>\n<td>Es reduziert die Aktivit\u00e4t des zentralen Nervensystems, wodurch die Einschlafzeit verk\u00fcrzt und die Anzahl der n\u00e4chtlichen Aufwachphasen verringert wird, ohne dabei Schl\u00e4frigkeit zu verursachen.<\/td>\n<\/tr>\n<tr>\n<td>Lavendel<\/td>\n<td>-<\/td>\n<td>Entspannt angespannte Muskeln und versetzt den K\u00f6rper dank \u00e4therischer \u00d6le in tiefe Entspannung.<\/td>\n<\/tr>\n<tr>\n<td>Hopfen<\/td>\n<td>-<\/td>\n<td>Es hat eine hypnotische und beruhigende Wirkung und tr\u00e4gt dazu bei, einen ununterbrochenen Schlaf aufrechtzuerhalten.<\/td>\n<\/tr>\n<tr>\n<td>Kamille<\/td>\n<td>15%<\/td>\n<td>Es beruhigt und unterst\u00fctzt die n\u00e4chtliche Regeneration des K\u00f6rpers und verbessert so die Schlafqualit\u00e4t.<\/td>\n<\/tr>\n<tr>\n<td>Wei\u00dfdorn (Blume)<\/td>\n<td>10%<\/td>\n<td>Es st\u00e4rkt das Herz im Schlaf und f\u00f6rdert die innere Harmonie.<\/td>\n<\/tr>\n<tr>\n<td>Linden<\/td>\n<td>-<\/td>\n<td>Unterst\u00fctzt die Beruhigung und Entspannung des K\u00f6rpers.<\/td>\n<\/tr>\n<\/tbody>\n<\/table>\n<h3>Zusammensetzung des Produkts<\/h3>\n<p>Die Mischung enth\u00e4lt ausschlie\u00dflich nat\u00fcrliche Kr\u00e4uter: <strong>Zitronenmelisse (30%), Baldrian, Linde, Kamille (15%), Wei\u00dfdornbl\u00fcte (10%), Hopfen und Lavendel<\/strong>. Diese einzigartige Zusammensetzung wirkt umfassend und k\u00fcmmert sich nicht nur um den Schlaf, sondern auch um das allgemeine Gleichgewicht des K\u00f6rpers.<\/p>\n<h3>Wie bereitet man den Aufguss zu, um alle Vorteile zu genie\u00dfen?<\/h3>\n<p>Um alle wertvollen Eigenschaften aus der Mischung zu extrahieren, gie\u00dfen Sie <strong>zwei Teel\u00f6ffel<\/strong> Getrocknete Kr\u00e4uter in deine Lieblingstasse geben und eingie\u00dfen <strong>200 ml kochendes Wasser<\/strong>. Anschlie\u00dfend den Aufguss abdecken und ziehen lassen. <strong>10\u201315 Minuten<\/strong>. Dieser entscheidende Schritt erm\u00f6glicht die Freisetzung der Kr\u00e4uteressenzen, die Sie in Frieden h\u00fcllen und Sie auf eine gute Nachtruhe vorbereiten.<\/p>\n<h3>Sicherheit und Empfehlungen<\/h3>\n<p><em>Kr\u00e4utermischung f\u00fcr tiefen Schlaf<\/em> Dieses Produkt ist nat\u00fcrlich und bei sachgem\u00e4\u00dfer Anwendung unbedenklich. Nicht anwenden bei \u00dcberempfindlichkeit gegen einen der Inhaltsstoffe. Schwangere und stillende Frauen sollten vor der Anwendung einen Arzt konsultieren. Aufgrund der beruhigenden Wirkung ist Vorsicht geboten, wenn Sie unmittelbar nach dem Genuss des Aufgusses Auto fahren.<\/p>\n<h3>Wie lagert man Kr\u00e4uter, um ihre Frische und Wirksamkeit zu erhalten?<\/h3>\n<p>Die Mischung aufbewahren in <strong>trockener und k\u00fchler Ort<\/strong>, Vorzugsweise in einem dicht verschlossenen Beh\u00e4lter aufbewahren. Vor Feuchtigkeit und direkter Sonneneinstrahlung sch\u00fctzen, um den Verlust der nat\u00fcrlichen \u00e4therischen \u00d6le zu verhindern und ihr intensives Aroma und ihre Wirksamkeit zu erhalten.<\/p>\n<h3>Nutzerbewertungen \u2013 Was sagen sie \u00fcber Tiefschlaf?<\/h3>\n<p>Kunden loben das Produkt f\u00fcr seine nat\u00fcrliche Wirkung, die ihnen ein schnelles Einschlafen und einen ungest\u00f6rten Schlaf erm\u00f6glicht. Viele berichten, dass sie erholt, voller Energie und ohne M\u00fcdigkeit aufwachen. Die regelm\u00e4\u00dfige Anwendung ist f\u00fcr sie zu einem abendlichen Ritual geworden, das ihnen hilft, Stress abzubauen und nach einem langen Tag zu entspannen.<\/p>\n<h3>Zus\u00e4tzliche Informationen und Anleitungen<\/h3>\n<ul>\n<li><strong>Beispiele f\u00fcr die Verwendung:<\/strong> Perfekt f\u00fcr abendliche Entspannungsrituale, nach einem anstrengenden, stressigen Tag, vor der Meditation oder dem Lesen, um den Geist zu beruhigen und sich auf den Schlaf vorzubereiten.<\/li>\n<li><strong>Erweiterung der Rubrik \"Zutaten\":<\/strong> Zitronenmelisse wirkt stresslindernd, Baldrian f\u00f6rdert den Schlaf, und Lavendel und Hopfen tragen zur k\u00f6rperlichen Entspannung bei. Wei\u00dfdorn unterst\u00fctzt den Kreislauf und wirkt sich somit positiv auf die Schlafqualit\u00e4t aus.<\/li>\n<li><strong>Sicherheit:<\/strong> Das Produkt enth\u00e4lt keine k\u00fcnstlichen Substanzen, ist zu 1001 % nat\u00fcrlich und wird in Polen aus Rohstoffen h\u00f6chster Qualit\u00e4t hergestellt.<\/li>\n<li><strong>Lagerung und Verwendung:<\/strong> Wir empfehlen die regelm\u00e4\u00dfige Anwendung etwa 30\u201360 Minuten vor dem Schlafengehen, damit die Kr\u00e4uter ihre volle Wirkung entfalten k\u00f6nnen. Eine 100-g-Packung reicht f\u00fcr ca. 30 Tage.<\/li>\n<\/ul>\n<p>W\u00e4hlen Sie <strong>Kr\u00e4utermischung f\u00fcr tiefen Schlaf<\/strong> und lassen Sie die Natur f\u00fcr einen ruhigen und erholsamen Schlaf sorgen, der Ihnen jeden Morgen Energie und gute Laune schenkt.<\/p>","protected":false},"excerpt":{"rendered":"<ul>\n<li>Melisa i koz\u0142ek lekarski \u2014 delikatne wyciszenie umys\u0142u<\/li>\n<li>Lawenda i chmiel \u2014 aromatyczne wsparcie zasypiania<\/li>\n<li>Naturalna kompozycja zi\u00f3\u0142, bez sztucznych dodatk\u00f3w<\/li>\n<li>Wieczorny rytua\u0142 na spokojny sen<\/li>\n<li>Idealna do parzenia jako napar na koniec dnia<\/li>\n<\/ul>","protected":false},"featured_media":60781,"comment_status":"open","ping_status":"closed","template":"","meta":{"_acf_changed":false,"_gspb_post_css":"","rank_math_title":"Mieszanka zio\u0142owa G\u0142\u0119boki Sen \u2014 wyciszenie | u Bucha","rank_math_description":"Mieszanka zio\u0142owa G\u0142\u0119boki Sen \u2014 melisa, koz\u0142ek lekarski, lawenda i chmiel. Wieczorny rytua\u0142 wspieraj\u0105cy wyciszenie umys\u0142u i spokojne zasypianie.","rank_math_focus_keyword":"mieszanka zio\u0142owa G\u0142\u0119boki Sen","rank_math_facebook_title":"G\u0142\u0119boki Sen \u2014 mieszanka zio\u0142owa","rank_math_facebook_description":"Mieszanka zio\u0142owa G\u0142\u0119boki Sen \u2014 melisa, koz\u0142ek lekarski, lawenda, chmiel. Wieczorny rytua\u0142 na wyciszenie i spokojny sen.","rank_math_twitter_title":"G\u0142\u0119boki Sen \u2014 mieszanka zio\u0142owa","rank_math_twitter_description":"Melisa, koz\u0142ek lekarski, lawenda, chmiel \u2014 wieczorny rytua\u0142 na wyciszenie."},"product_brand":[124],"product_cat":[308],"product_tag":[],"woo-feed-brand":[],"class_list":{"0":"post-59231","1":"product","2":"type-product","3":"status-publish","4":"has-post-thumbnail","6":"product_brand-divinegoods","7":"product_cat-herbaty","9":"first","10":"instock","11":"taxable","12":"shipping-taxable","13":"purchasable","14":"product-type-simple"},"ct_brands":[{"id":124,"name":"divinegoods","slug":"divinegoods"}],"acf":[],"_links":{"self":[{"href":"https:\/\/ubucha.pl\/de\/wp-json\/wp\/v2\/product\/59231","targetHints":{"allow":["GET"]}}],"collection":[{"href":"https:\/\/ubucha.pl\/de\/wp-json\/wp\/v2\/product"}],"about":[{"href":"https:\/\/ubucha.pl\/de\/wp-json\/wp\/v2\/types\/product"}],"replies":[{"embeddable":true,"href":"https:\/\/ubucha.pl\/de\/wp-json\/wp\/v2\/comments?post=59231"}],"wp:featuredmedia":[{"embeddable":true,"href":"https:\/\/ubucha.pl\/de\/wp-json\/wp\/v2\/media\/60781"}],"wp:attachment":[{"href":"https:\/\/ubucha.pl\/de\/wp-json\/wp\/v2\/media?parent=59231"}],"wp:term":[{"taxonomy":"product_brand","embeddable":true,"href":"https:\/\/ubucha.pl\/de\/wp-json\/wp\/v2\/product_brand?post=59231"},{"taxonomy":"product_cat","embeddable":true,"href":"https:\/\/ubucha.pl\/de\/wp-json\/wp\/v2\/product_cat?post=59231"},{"taxonomy":"product_tag","embeddable":true,"href":"https:\/\/ubucha.pl\/de\/wp-json\/wp\/v2\/product_tag?post=59231"},{"taxonomy":"woo-feed-brand","embeddable":true,"href":"https:\/\/ubucha.pl\/de\/wp-json\/wp\/v2\/woo-feed-brand?post=59231"}],"curies":[{"name":"wp","href":"https:\/\/api.w.org\/{rel}","templated":true}]}}