{"id":59228,"date":"2026-02-10T09:34:18","date_gmt":"2026-02-10T08:34:18","guid":{"rendered":"https:\/\/ubucha.pl\/lekki-brzuch-mieszanka-ziolowa-100g\/"},"modified":"2026-04-29T21:14:49","modified_gmt":"2026-04-29T19:14:49","slug":"leichte-bauchschmerzen-krautermischung-100-g","status":"publish","type":"product","link":"https:\/\/ubucha.pl\/de\/lekki-brzuch-mieszanka-ziolowa-100g\/","title":{"rendered":"Leichte Bauchschmerzen Kr\u00e4utermischung 100 g"},"content":{"rendered":"<h2>Leichter Bauch Kr\u00e4utermischung 100 g \u2013 nat\u00fcrliche Unterst\u00fctzung der Verdauung und ein leichtes Gef\u00fchl nach jeder Mahlzeit<\/h2>\n<p>F\u00fchlst du dich nach dem Essen manchmal schwer und aufgebl\u00e4ht? Kr\u00e4utermischung <strong>Leichter Bauch<\/strong> Es ist die perfekte L\u00f6sung f\u00fcr alle, die nat\u00fcrliche Linderung und ein angenehmes Verdauungssystem suchen. Dank sorgf\u00e4ltig ausgew\u00e4hlter pflanzlicher Inhaltsstoffe beruhigt diese einzigartige Komposition den Verdauungstrakt, unterst\u00fctzt die Leber und beseitigt das V\u00f6llegef\u00fchl nach dem Essen.<\/p>\n<h3>Warum lohnt es sich, die Light Belly-Mischung zu w\u00e4hlen?<\/h3>\n<p>Stellen Sie sich vor, jede Mahlzeit spendet Energie, statt zu beschweren \u2013 genau das bietet diese Mischung. Kr\u00e4uter wie Oregano und Minze regulieren auf nat\u00fcrliche Weise die Darmfunktion, lindern Bl\u00e4hungen und sorgen f\u00fcr einen flachen Bauch. Zus\u00e4tzlich f\u00f6rdern Strohblume und L\u00f6wenzahn die Gallenproduktion und erleichtern so die Verdauung von fetthaltigen und schwer verdaulichen Speisen.<\/p>\n<p>Das ist noch nicht alles \u2013 die Mischung wirkt auch gegen das M\u00fcdigkeitsgef\u00fchl nach dem Essen. Die Kr\u00e4uter beugen dem Energietief nach dem Essen vor und sorgen daf\u00fcr, dass Sie sich den ganzen Tag \u00fcber leicht und energiegeladen f\u00fchlen. Dar\u00fcber hinaus ist das Produkt in 100% nat\u00fcrlich, frei von k\u00fcnstlichen Zusatzstoffen und Aromen und garantiert somit Sicherheit und Wirksamkeit.<\/p>\n<h3>Wirkstoffe und ihre einzigartigen Eigenschaften<\/h3>\n<table style=\"border-collapse: collapse; width: 100%; max-width: 600px;\" border=\"1\" cellspacing=\"0\" cellpadding=\"8\">\n<thead>\n<tr style=\"background-color: #f2f2f2;\">\n<th>Komponente<\/th>\n<th>Prozentualer Inhalt \/ Rolle<\/th>\n<th>Vorteile f\u00fcr den K\u00f6rper<\/th>\n<\/tr>\n<\/thead>\n<tbody>\n<tr>\n<td>Sand-Helichrysum (20%)<\/td>\n<td>Flavonoide mit choleretischer Wirkung<\/td>\n<td>Unterst\u00fctzt die Leberfunktion und die Fettverdauung und lindert so das V\u00f6llegef\u00fchl.<\/td>\n<\/tr>\n<tr>\n<td>L\u00f6wenzahn (20%)<\/td>\n<td>Wurzel und Kraut<\/td>\n<td>Nat\u00fcrliche Entgiftung des K\u00f6rpers, unterst\u00fctzt die Ausscheidung von Giftstoffen und verbessert den Gallenfluss.<\/td>\n<\/tr>\n<tr>\n<td>Oregano (17%)<\/td>\n<td>\u00c4therisches \u00d6l<\/td>\n<td>Es lindert Bl\u00e4hungen, regt die Sekretion von Verdauungss\u00e4ften an und reguliert die Darmperistaltik.<\/td>\n<\/tr>\n<tr>\n<td>Thymian und Minze<\/td>\n<td>Nat\u00fcrliche \u00e4therische \u00d6le<\/td>\n<td>Sie erfrischen den Geschmack, unterst\u00fctzen die Verdauung und haben eine krampfl\u00f6sende Wirkung auf die Darmmuskulatur.<\/td>\n<\/tr>\n<tr>\n<td>Schlehen- und Lorbeerblatt<\/td>\n<td>Traditionelle Kr\u00e4uter<\/td>\n<td>Sie beruhigen die Schleimh\u00e4ute des Verdauungssystems, regulieren die Darmfunktion und reduzieren das Gef\u00fchl des \u00dcberessens.<\/td>\n<\/tr>\n<tr>\n<td>Ringelblumenbl\u00fcten<\/td>\n<td>Antioxidantien und Flavonoide<\/td>\n<td>Unterst\u00fctzt die Regeneration und den Schutz der Schleimhaut des Verdauungstrakts.<\/td>\n<\/tr>\n<\/tbody>\n<\/table>\n<h3>Wie wendet man Light Belly richtig an?<\/h3>\n<p>Um die Eigenschaften der Kr\u00e4uter voll auszusch\u00f6pfen, gie\u00dfen Sie <strong>zwei Teel\u00f6ffel der Mischung<\/strong> in eine Tasse gie\u00dfen und <strong>200 ml kochendes Wasser<\/strong>. Anschlie\u00dfend den Aufguss abdecken und etwa 10 Minuten ziehen lassen. <strong>10-15 Minuten<\/strong>. Das Zubereiten mit Deckel ist von entscheidender Bedeutung, da es die wertvollen \u00e4therischen \u00d6le bewahrt, die f\u00fcr das Aroma und die Wirksamkeit der Mischung verantwortlich sind.<\/p>\n<p>Am besten trinkt man den Aufguss etwa 20\u201330 Minuten nach einer \u00fcppigen oder schweren Mahlzeit, beispielsweise nach dem Abendessen. Er kann auch bei Bedarf getrunken werden, wenn man sich voll oder aufgebl\u00e4ht f\u00fchlt. Diese Methode hilft, Beschwerden zu lindern und eine gesunde Verdauung \u00fcber den Tag verteilt zu f\u00f6rdern.<\/p>\n<h3>Sicherheit und Lagerung<\/h3>\n<p>Die Kr\u00e4utermischung \u201eLight Belly\u201c ist ein Naturprodukt (100%). Vor der Anwendung sollten Sie jedoch sicherstellen, dass Sie gegen keinen der Inhaltsstoffe allergisch sind. Personen mit chronischen Erkrankungen, insbesondere solchen, die die Gallenwege betreffen, oder die regelm\u00e4\u00dfig Medikamente einnehmen, sollten vor der Anwendung einen Arzt konsultieren.<\/p>\n<p>Lagern Sie das Produkt an einem k\u00fchlen, trockenen Ort in einem dicht verschlossenen Beh\u00e4lter, um sein volles Aroma zu bewahren und die Kr\u00e4uter vor Feuchtigkeit zu sch\u00fctzen. Vermeiden Sie direkte Sonneneinstrahlung und bewahren Sie die Mischung au\u00dferhalb der Reichweite von Kindern auf.<\/p>\n<h3>Nutzerbewertungen \u2013 was sagen Leute, die Light Belly ausprobiert haben?<\/h3>\n<ul>\n<li><em>\u201eNachdem ich den Aufguss ein paar Tage lang regelm\u00e4\u00dfig getrunken hatte, bemerkte ich eine deutliche Besserung \u2013 die Bl\u00e4hungen verschwanden, und ich f\u00fchlte mich leicht und voller Energie. Ich kann ihn jedem empfehlen, der Verdauungsprobleme hat!\u201d<\/em> - Anna K.<\/li>\n<li><em>\u201eDie Mischung hat einen sehr angenehmen Kr\u00e4utergeschmack, aber das h\u00e4lt mich nicht davon ab, sie t\u00e4glich zu verwenden. Sie hat mir geholfen, das V\u00f6llegef\u00fchl nach fettreichen Mahlzeiten zu bek\u00e4mpfen.\u201d<\/em> \u2013 Marcin P.<\/li>\n<li><em>\u201eDie nat\u00fcrlichen Inhaltsstoffe und die Wirksamkeit sind die gr\u00f6\u00dften Vorteile dieses Produkts. Ich habe das Gef\u00fchl, dass meine Leber besser unterst\u00fctzt wird und meine Verdauung effizienter funktioniert.\u201d<\/em> - Catherine W.<\/li>\n<\/ul>\n<h3>Zus\u00e4tzliche Informationen und Anleitungen<\/h3>\n<p>Eine 100-g-Packung reicht f\u00fcr etwa 25\u201330 Portionen oder einen ganzen Monat bei regelm\u00e4\u00dfiger Anwendung der empfohlenen Dosierung. Sie k\u00f6nnen die Mischung auch nach Bedarf verwenden, wodurch sich ihre Haltbarkeit verl\u00e4ngert.<\/p>\n<p>Es ist wichtig zu wissen, dass nat\u00fcrliche Kr\u00e4uter wie die in dieser Mischung enthaltenen ihre Wirkung allm\u00e4hlich entfalten und die nat\u00fcrlichen Verdauungs- und Entgiftungsprozesse des K\u00f6rpers unterst\u00fctzen. Regelm\u00e4\u00dfige Anwendung tr\u00e4gt dazu bei, dass Sie sich den ganzen Tag \u00fcber wohlf\u00fchlen.<\/p>\n<p>Mit Lekki Brzuch entscheiden Sie sich f\u00fcr ein hochwertiges Produkt aus sorgf\u00e4ltig ausgew\u00e4hlten polnischen Kr\u00e4utern. Es ist die perfekte M\u00f6glichkeit, Ihr Wohlbefinden ohne k\u00fcnstliche Zusatzstoffe oder Chemikalien zu steigern.<\/p>","protected":false},"excerpt":{"rendered":"<ul>\n<li>Mieszanka zio\u0142owa 100 g \u2014 naturalne wsparcie trawienia<\/li>\n<li>Lebiodka, mi\u0119ta, kocanka, mniszek lekarski \u2014 klasyczna kompozycja zi\u00f3\u0142<\/li>\n<li>Komfort po ci\u0119\u017ckich i t\u0142ustych posi\u0142kach<\/li>\n<li>Naturalny sk\u0142ad, bez sztucznych dodatk\u00f3w<\/li>\n<li>Idealna do parzenia jako napar po obiedzie lub kolacji<\/li>\n<\/ul>","protected":false},"featured_media":60780,"comment_status":"open","ping_status":"closed","template":"","meta":{"_acf_changed":false,"_gspb_post_css":"","rank_math_title":"Mieszanka zio\u0142owa Lekki Brzuch 100 g \u2014 zio\u0142a | u Bucha","rank_math_description":"Mieszanka zio\u0142owa Lekki Brzuch 100 g \u2014 lebiodka, mi\u0119ta, kocanka i mniszek lekarski. Naturalne wsparcie trawienia i komfort po ci\u0119\u017ckich posi\u0142kach.","rank_math_focus_keyword":"mieszanka zio\u0142owa Lekki Brzuch","rank_math_facebook_title":"Lekki Brzuch \u2014 mieszanka zio\u0142owa 100 g","rank_math_facebook_description":"Mieszanka zio\u0142owa Lekki Brzuch 100 g \u2014 lebiodka, mi\u0119ta, kocanka, mniszek lekarski. Wsparcie trawienia i komfort po posi\u0142ku.","rank_math_twitter_title":"Lekki Brzuch \u2014 mieszanka zio\u0142owa 100 g","rank_math_twitter_description":"Lebiodka, mi\u0119ta, kocanka, mniszek lekarski \u2014 naturalne wsparcie trawienia."},"product_brand":[124],"product_cat":[308],"product_tag":[],"woo-feed-brand":[],"class_list":{"0":"post-59228","1":"product","2":"type-product","3":"status-publish","4":"has-post-thumbnail","6":"product_brand-divinegoods","7":"product_cat-herbaty","9":"first","10":"instock","11":"taxable","12":"shipping-taxable","13":"purchasable","14":"product-type-simple"},"ct_brands":[{"id":124,"name":"divinegoods","slug":"divinegoods"}],"acf":[],"_links":{"self":[{"href":"https:\/\/ubucha.pl\/de\/wp-json\/wp\/v2\/product\/59228","targetHints":{"allow":["GET"]}}],"collection":[{"href":"https:\/\/ubucha.pl\/de\/wp-json\/wp\/v2\/product"}],"about":[{"href":"https:\/\/ubucha.pl\/de\/wp-json\/wp\/v2\/types\/product"}],"replies":[{"embeddable":true,"href":"https:\/\/ubucha.pl\/de\/wp-json\/wp\/v2\/comments?post=59228"}],"wp:featuredmedia":[{"embeddable":true,"href":"https:\/\/ubucha.pl\/de\/wp-json\/wp\/v2\/media\/60780"}],"wp:attachment":[{"href":"https:\/\/ubucha.pl\/de\/wp-json\/wp\/v2\/media?parent=59228"}],"wp:term":[{"taxonomy":"product_brand","embeddable":true,"href":"https:\/\/ubucha.pl\/de\/wp-json\/wp\/v2\/product_brand?post=59228"},{"taxonomy":"product_cat","embeddable":true,"href":"https:\/\/ubucha.pl\/de\/wp-json\/wp\/v2\/product_cat?post=59228"},{"taxonomy":"product_tag","embeddable":true,"href":"https:\/\/ubucha.pl\/de\/wp-json\/wp\/v2\/product_tag?post=59228"},{"taxonomy":"woo-feed-brand","embeddable":true,"href":"https:\/\/ubucha.pl\/de\/wp-json\/wp\/v2\/woo-feed-brand?post=59228"}],"curies":[{"name":"wp","href":"https:\/\/api.w.org\/{rel}","templated":true}]}}