{"id":59088,"date":"2026-02-06T09:56:47","date_gmt":"2026-02-06T08:56:47","guid":{"rendered":"https:\/\/ubucha.pl\/zelki-konopne-broad25-owoce-skandynawskie\/"},"modified":"2026-05-09T18:45:13","modified_gmt":"2026-05-09T16:45:13","slug":"broad25-skandinavische-frucht-hanf-gelees","status":"publish","type":"product","link":"https:\/\/ubucha.pl\/de\/zelki-konopne-broad25-owoce-skandynawskie\/","title":{"rendered":"Broad25 Hanf-Gummib\u00e4rchen \u2013 Skandinavische Fr\u00fcchte"},"content":{"rendered":"<h2>Broad25 Hanf-Gummib\u00e4rchen \u2013 Skandinavische Fr\u00fcchte<\/h2>\n<p>Entdecken Sie den einzigartigen Geschmack Skandinaviens mit unseren Broad25 Hanf-Fruchtgummis in skandinavischer Fruchtnote! Sie sind nicht nur ein k\u00f6stlicher Genuss, sondern unterst\u00fctzen dank der nat\u00fcrlichen Inhaltsstoffe von Cannabis sativa L. auch effektiv Ihren K\u00f6rper. Unser Bestseller ist zur\u00fcck \u2013 in einer neuen Geschmacksrichtung, die Hanfliebhaber und alle, die Wert auf gesunde und leckere Nahrungserg\u00e4nzungsmittel legen, begeistern wird.<\/p>\n<h3>Warum sollten Sie sich f\u00fcr Broad25 Hanfgummis entscheiden?<\/h3>\n<p>Cannabis sativa L. ist eine nat\u00fcrliche Quelle von Phyton\u00e4hrstoffen mit stark antioxidativen Eigenschaften. Der regelm\u00e4\u00dfige Verzehr von Broad25-Gummib\u00e4rchen erg\u00e4nzt Ihre t\u00e4gliche Ern\u00e4hrung effektiv mit wertvollen Pflanzeninhaltsstoffen, die eine gesunde K\u00f6rperfunktion unterst\u00fctzen. Mit einer sorgf\u00e4ltig abgestimmten Dosis von 25 mg Phyton\u00e4hrstoffen pro Gummib\u00e4rchen k\u00f6nnen Sie auf bequeme und leckere Weise etwas f\u00fcr Ihre Gesundheit tun.<\/p>\n<p>Wussten Sie, dass unsere Fruchtgummis die perfekte Kombination aus Genuss und Wohlbefinden bieten? Ihr skandinavischer Fruchtgeschmack ist eine feine Mischung nat\u00fcrlicher Aromen, die die Einnahme zu einem wahren Vergn\u00fcgen macht.<\/p>\n<h3>Wichtigste Produktmerkmale<\/h3>\n<table style=\"border-collapse: collapse;width: 100%;max-width: 600px\" border=\"1\" cellspacing=\"0\" cellpadding=\"8\">\n<thead>\n<tr>\n<th>Merkmal<\/th>\n<th>Einzelheiten<\/th>\n<\/tr>\n<\/thead>\n<tbody>\n<tr>\n<td>Erzeugnisform<\/td>\n<td>Hanfgummib\u00e4rchen<\/td>\n<\/tr>\n<tr>\n<td>Aktiver Inhaltsstoff<\/td>\n<td>Phytochemikalien aus Cannabis sativa L. \u2013 25 mg pro Gummib\u00e4rchen<\/td>\n<\/tr>\n<tr>\n<td>Geschmack<\/td>\n<td>Skandinavische Fr\u00fcchte<\/td>\n<\/tr>\n<tr>\n<td>Inhalt des Pakets<\/td>\n<td>30 Geleebohnen<\/td>\n<\/tr>\n<tr>\n<td>Nettogewicht<\/td>\n<td>90 g<\/td>\n<\/tr>\n<tr>\n<td>Lagerung<\/td>\n<td>Temperatur 15\u201325 \u00b0C, trockener, dunkler Ort, au\u00dferhalb der Reichweite von Kindern lagern.<\/td>\n<\/tr>\n<tr>\n<td>Empfohlene Dosierung<\/td>\n<td>1\u20132 Gelees pro Tag, die Dosis von 2 Gelees pro Tag darf nicht \u00fcberschritten werden.<\/td>\n<\/tr>\n<\/tbody>\n<\/table>\n<h3>Inhaltsstoffe<\/h3>\n<p>Unsere Hanf-Gummib\u00e4rchen enthalten sorgf\u00e4ltig ausgew\u00e4hlte Zutaten, die hohe Qualit\u00e4t und Anwendungssicherheit garantieren:<\/p>\n<ul>\n<li>Zucker<\/li>\n<li>Glukosesirup<\/li>\n<li>Sorbit \u2013 S\u00fc\u00dfungsmittel, die f\u00fcr die richtige Konsistenz sorgen<\/li>\n<li>Gelatine \u2013 ein nat\u00fcrlicher Inhaltsstoff, der Geleebohnen ihre Elastizit\u00e4t verleiht<\/li>\n<li>S\u00e4ureregulator: Zitronens\u00e4ure \u2013 f\u00fcr eine perfekte Geschmacksbalance<\/li>\n<li>Aromen \u2013 nat\u00fcrliche Noten skandinavischer Fr\u00fcchte<\/li>\n<li>Farbstoff: Curcumin \u2013 verleiht eine attraktive, nat\u00fcrliche Farbe<\/li>\n<li>Konservierungsmittel: Kaliumsorbat \u2013 gew\u00e4hrleistet die Haltbarkeit des Produkts<\/li>\n<li>Raps\u00f6l \u2013 unterst\u00fctzt Konsistenz und Qualit\u00e4t<\/li>\n<li>Breites Spektrum an Phyton\u00e4hrstoffen aus Hanf (Cannabis sativa L.).<\/li>\n<\/ul>\n<h3>Wie verwendet man Broad25 Hanfgelee?<\/h3>\n<p>F\u00fcr optimale Ergebnisse wird die t\u00e4gliche Einnahme von 1 bis 2 Gummib\u00e4rchen empfohlen. Die maximale Tagesdosis von 2 Gummib\u00e4rchen darf nicht \u00fcberschritten werden. Dieses Produkt ist nicht f\u00fcr Schwangere oder Stillende geeignet. Nahrungserg\u00e4nzungsmittel k\u00f6nnen eine abwechslungsreiche Ern\u00e4hrung und eine gesunde Lebensweise nicht ersetzen \u2013 die Grundlage f\u00fcr gute Gesundheit.<\/p>\n<h3>Sicherheit und Lagerung<\/h3>\n<p>Lagern Sie das Produkt an einem trockenen, dunklen Ort bei einer Temperatur zwischen 15 und 25 \u00b0C und au\u00dferhalb der Reichweite von Kindern. Dank nat\u00fcrlicher Inhaltsstoffe und strenger Qualit\u00e4tskontrollen sind die Gelees bei sachgem\u00e4\u00dfer Anwendung t\u00e4glich unbedenklich.<\/p>\n<h3>Nutzerbewertungen<\/h3>\n<p>Obwohl die Broad25 \u2013 Scandinavian Fruits Gummies neu auf dem Markt sind, kennen und sch\u00e4tzen unsere Kunden die Vorg\u00e4ngerversionen dieses Bestsellers bereits f\u00fcr ihre hohe Qualit\u00e4t, ihren Geschmack und ihre Wirksamkeit. Viele berichten von einer Verbesserung ihres Wohlbefindens und der einfacheren Einnahme dank der Gummib\u00e4rchenform. Wir erwarten in K\u00fcrze neue Bewertungen, die ihre Einzigartigkeit zweifellos best\u00e4tigen werden!<\/p>\n<h3>Beispiele f\u00fcr die Verwendung des Produkts<\/h3>\n<ul>\n<li>Als t\u00e4gliche Unterst\u00fctzung f\u00fcr den K\u00f6rper und als Nahrungserg\u00e4nzungsmittel mit wertvollen Hanf-Phyton\u00e4hrstoffen<\/li>\n<li>In Situationen erh\u00f6hter k\u00f6rperlicher Belastung, wenn Sie nat\u00fcrliche antioxidative Unterst\u00fctzung ben\u00f6tigen<\/li>\n<li>Um im Rahmen eines aktiven Lebensstils Gleichgewicht und Wohlbefinden zu erhalten<\/li>\n<li>Als gesunde Alternative zu herk\u00f6mmlichen S\u00fc\u00dfigkeiten \u2013 mit nat\u00fcrlichem Geschmack und zugesetzten N\u00e4hrstoffen<\/li>\n<\/ul>\n<h3>Zus\u00e4tzliche Informationen \u00fcber Inhaltsstoffe<\/h3>\n<p>Cannabis sativa L., auch bekannt als Hanf, ist f\u00fcr seinen hohen Gehalt an sekund\u00e4ren Pflanzenstoffen bekannt, die antioxidative Eigenschaften besitzen und die nat\u00fcrlichen Regenerationsprozesse des K\u00f6rpers unterst\u00fctzen. In Kombination mit anderen Inhaltsstoffen bilden die Broad25-Gummib\u00e4rchen ein sicheres und wirksames Nahrungserg\u00e4nzungsmittel, das die t\u00e4gliche Gesundheit f\u00f6rdert.<\/p>\n<h3>Hinweise zur Lagerung und Verwendung<\/h3>\n<p>Um die volle Wirkung des Produkts zu erhalten, bewahren Sie die Fruchtgummis in der Originalverpackung an einem k\u00fchlen, trockenen Ort und vor direkter Sonneneinstrahlung gesch\u00fctzt auf. Verwenden Sie das Produkt gem\u00e4\u00df der Gebrauchsanweisung und \u00fcberschreiten Sie nicht die empfohlene Tagesdosis. Dieses Produkt ist nicht f\u00fcr Kinder unter 12 Jahren sowie f\u00fcr Schwangere und Stillende geeignet.<\/p>\n<p>Entscheiden Sie sich f\u00fcr Gesundheit und Genuss \u2013 entscheiden Sie sich f\u00fcr Broad25 Hanf-Gummib\u00e4rchen mit skandinavischem Fruchtgeschmack und sp\u00fcren Sie den Unterschied jeden Tag!<\/p>","protected":false},"excerpt":{"rendered":"<ul>\n<li>25 mg fitosk\u0142adnik\u00f3w z konopi siewnych (Cannabis sativa L.) w \u017celku<\/li>\n<li>Smak owoc\u00f3w skandynawskich \u2014 naturalne aromaty<\/li>\n<li>30 \u017celk\u00f3w w opakowaniu (90 g) \u2014 zalecane 1\u20132 \u017celki dziennie<\/li>\n<li>Wygodna forma suplementu \u2014 bez popijania, bez przygotowania<\/li>\n<li>Darmowa wysy\u0142ka od 49 z\u0142 \u2014 szybko z magazynu w Warszawie<\/li>\n<\/ul>","protected":false},"featured_media":59090,"comment_status":"open","ping_status":"closed","template":"","meta":{"_acf_changed":false,"_gspb_post_css":"","rank_math_title":"\u017belki konopne Broad25 owoce skandynawskie | u Bucha","rank_math_description":"\u017belki konopne Broad25 \u2014 25 mg fitosk\u0142adnik\u00f3w z konopi w \u017celku, smak owoc\u00f3w skandynawskich. 30 \u017celk\u00f3w w opakowaniu, naturalne wsparcie codziennej diety.","rank_math_focus_keyword":"\u017celki konopne Broad25","rank_math_facebook_title":"\u017belki konopne Broad25 \u2014 owoce skandynawskie","rank_math_facebook_description":"25 mg fitosk\u0142adnik\u00f3w z konopi w \u017celku, smak owoc\u00f3w skandynawskich. 30 \u017celk\u00f3w w opakowaniu. Darmowa wysy\u0142ka od 49 z\u0142.","rank_math_twitter_title":"\u017belki konopne Broad25 owoce skandynawskie","rank_math_twitter_description":"25 mg fitosk\u0142adnik\u00f3w z konopi w \u017celku \u2014 30 \u017celk\u00f3w, smak owoc\u00f3w skandynawskich."},"product_brand":[135],"product_cat":[104],"product_tag":[],"woo-feed-brand":[],"class_list":{"0":"post-59088","1":"product","2":"type-product","3":"status-publish","4":"has-post-thumbnail","6":"product_brand-topical","7":"product_cat-zelki","9":"first","10":"instock","11":"sale","12":"taxable","13":"shipping-taxable","14":"purchasable","15":"product-type-simple"},"ct_brands":[{"id":135,"name":"Aktuell","slug":"aktuell"}],"acf":[],"_links":{"self":[{"href":"https:\/\/ubucha.pl\/de\/wp-json\/wp\/v2\/product\/59088","targetHints":{"allow":["GET"]}}],"collection":[{"href":"https:\/\/ubucha.pl\/de\/wp-json\/wp\/v2\/product"}],"about":[{"href":"https:\/\/ubucha.pl\/de\/wp-json\/wp\/v2\/types\/product"}],"replies":[{"embeddable":true,"href":"https:\/\/ubucha.pl\/de\/wp-json\/wp\/v2\/comments?post=59088"}],"wp:featuredmedia":[{"embeddable":true,"href":"https:\/\/ubucha.pl\/de\/wp-json\/wp\/v2\/media\/59090"}],"wp:attachment":[{"href":"https:\/\/ubucha.pl\/de\/wp-json\/wp\/v2\/media?parent=59088"}],"wp:term":[{"taxonomy":"product_brand","embeddable":true,"href":"https:\/\/ubucha.pl\/de\/wp-json\/wp\/v2\/product_brand?post=59088"},{"taxonomy":"product_cat","embeddable":true,"href":"https:\/\/ubucha.pl\/de\/wp-json\/wp\/v2\/product_cat?post=59088"},{"taxonomy":"product_tag","embeddable":true,"href":"https:\/\/ubucha.pl\/de\/wp-json\/wp\/v2\/product_tag?post=59088"},{"taxonomy":"woo-feed-brand","embeddable":true,"href":"https:\/\/ubucha.pl\/de\/wp-json\/wp\/v2\/woo-feed-brand?post=59088"}],"curies":[{"name":"wp","href":"https:\/\/api.w.org\/{rel}","templated":true}]}}