{"id":59011,"date":"2026-02-05T13:53:50","date_gmt":"2026-02-05T12:53:50","guid":{"rendered":"https:\/\/ubucha.pl\/bezsen-sour-apple-85mg-g-woreczki-kofeinowe\/"},"modified":"2026-04-29T21:12:42","modified_gmt":"2026-04-29T19:12:42","slug":"schlaflose-saure-apfelbeutel-mit-85-mg-koffein","status":"publish","type":"product","link":"https:\/\/ubucha.pl\/de\/bezsen-sour-apple-85mg-g-woreczki-kofeinowe\/","title":{"rendered":"Schlaflosigkeit \u2013 Saure Apfel (85 mg\/g) Koffeinbeutel"},"content":{"rendered":"<h2>SLEEPLESS \u2013 Saurer Apfel: Erfrischender gr\u00fcner Apfelgeschmack mit einem belebenden Kick<\/h2>\n<p>Sie suchen nach einem schnellen und angenehmen Energieschub? SLEEPLESSNESS \u2013 Sour Apple ist ein innovativer Koffeinbeutel, der den intensiven, s\u00e4uerlichen Geschmack gr\u00fcner \u00c4pfel mit einem sofortigen Energieschub f\u00fcr K\u00f6rper und Geist vereint. Gibt es einen besseren Weg, M\u00fcdigkeit und Konzentrationsschw\u00e4che zu bek\u00e4mpfen? Dieser Geschmack ist nichts Geringeres als das frische, leicht s\u00e4uerliche Aroma und der Geschmack von kandierten \u00c4pfeln \u2013 er wirkt sofort belebend und energiespendend.<\/p>\n<p>Schlaflosigkeit \u2013 Saurer Apfel ist nicht nur eine hervorragende Alternative zu herk\u00f6mmlichen Energy-Drinks, sondern auch praktisch und schnell anzuwenden. Einfach einen Beutel in den Mund nehmen, und schon sind Sie wieder konzentriert, die M\u00fcdigkeit verfliegt und Sie f\u00fchlen sich erfrischt und voller Energie. Mit einem Gewicht von nur 0,6 g ist es das perfekte Produkt f\u00fcr jede Gelegenheit, bei der Sie einen Energieschub brauchen \u2013 ob bei der Arbeit, beim Lernen oder beim Sport.<\/p>\n<h3>Die wichtigsten Merkmale des Produkts BEZSEN \u2013 Saurer Apfel<\/h3>\n<table style=\"border-collapse: collapse; width: 100%;\" border=\"1\" cellspacing=\"0\" cellpadding=\"8\">\n<thead>\n<tr>\n<th>Eigenschaften<\/th>\n<th>Beschreibung<\/th>\n<\/tr>\n<\/thead>\n<tbody>\n<tr>\n<td>Geschmack<\/td>\n<td>Saurer, erfrischender gr\u00fcner Apfel mit einem Hauch von Apfelbonbon<\/td>\n<\/tr>\n<tr>\n<td>Koffeingehalt<\/td>\n<td>Varianten: 85 mg, 170 mg, 250 mg Koffein pro Gramm (derzeit ausverkauft)<\/td>\n<\/tr>\n<tr>\n<td>Gewicht der Tasche<\/td>\n<td>0,6 g<\/td>\n<\/tr>\n<tr>\n<td>Formular<\/td>\n<td>Schnell einsatzbereiter Koffeinbeutel<\/td>\n<\/tr>\n<tr>\n<td>Wirkung<\/td>\n<td>Schnelle Stimulation, gesteigerte Konzentration, verringerte M\u00fcdigkeit<\/td>\n<\/tr>\n<tr>\n<td>Zweck<\/td>\n<td>F\u00fcr alle, die einen sofortigen Energieschub ben\u00f6tigen.<\/td>\n<\/tr>\n<\/tbody>\n<\/table>\n<h3>Zusammensetzung des Produkts<\/h3>\n<p>SLEEPLESSNESS \u2013 Sour Apple enth\u00e4lt sorgf\u00e4ltig ausgew\u00e4hlte Zutaten, die eine schnelle und effektive Wirkung gew\u00e4hrleisten. Obwohl die genaue Zusammensetzung nicht \u00f6ffentlich bekannt gegeben wird, basiert das Produkt auf hochwertigem Koffein und nat\u00fcrlichen gr\u00fcnen Apfelaromen und garantiert so bei jeder Anwendung einen intensiven Geschmack und Frische.<\/p>\n<h3>Wie verwendet man SLEEPLESS \u2013 Saurer Apfel?<\/h3>\n<p>Die Anwendung ist denkbar einfach und bequem. Legen Sie den Beutel einfach in den Mund, wo er fast sofort wirkt und Ihnen einen sp\u00fcrbaren Energieschub sowie verbesserte Konzentration beschert. So werden Sie tags\u00fcber schnell wach und brauchen weder Kaffee noch Energy-Drinks.<\/p>\n<h3>Warum sollten Sie sich f\u00fcr SLEEPLESS \u2013 Saurer Apfel entscheiden?<\/h3>\n<p>Suchen Sie nach einer schnellen, praktischen und leckeren Energiequelle? SLEEPLESS \u2013 Saurer Apfel erf\u00fcllt all diese Erwartungen. Es ist ein Produkt, das:<\/p>\n<ul>\n<li>Garantiert sofortige Stimulation und gesteigerte Konzentration<\/li>\n<li>Es hat einen frischen, erfrischenden und s\u00e4uerlichen Geschmack nach gr\u00fcnem Apfel.<\/li>\n<li>Es ist in jeder Situation einfach und bequem zu verwenden.<\/li>\n<li>Liefert Energie, ohne dass man Energy-Drinks trinken muss.<\/li>\n<li>Perfekt f\u00fcr Arbeit, Studium, Ausbildung oder lange Reisen<\/li>\n<\/ul>\n<h3>Nutzerbewertungen<\/h3>\n<p>Kunden loben BEZSEN \u2013 Saurer Apfel f\u00fcr seinen einzigartigen Geschmack und seine Wirksamkeit. Viele betonen, dass das Produkt ihnen schnell neue Energie gibt und ihre Konzentration f\u00f6rdert. Zudem schmeckt es deutlich angenehmer als herk\u00f6mmliche Koffeinalternativen. Es ist die ideale Wahl f\u00fcr alle, die im t\u00e4glichen Kampf gegen M\u00fcdigkeit auf nat\u00fcrliche und praktische L\u00f6sungen Wert legen.<\/p>\n<h3>Zus\u00e4tzliche Informationen und Anleitungen<\/h3>\n<ul>\n<li><strong>Lagerung:<\/strong> Lagern Sie das Produkt an einem k\u00fchlen, trockenen Ort und sch\u00fctzen Sie es vor direkter Sonneneinstrahlung, um Frische und Geschmack zu erhalten.<\/li>\n<li><strong>Sicherheit:<\/strong> SCHLAFLOSIGKEIT \u2013 Saurer Apfel ist nur f\u00fcr Erwachsene bestimmt. Die empfohlene Koffeindosis darf nicht \u00fcberschritten werden.<\/li>\n<li><strong>Beispiele f\u00fcr die Verwendung:<\/strong> Perfekt f\u00fcr einen schnellen Muntermacher am Morgen, in der Arbeitspause, beim Lernen oder als Energieschub vor dem Training.<\/li>\n<li><strong>Weitere Geschmacksvarianten:<\/strong> Entdecken Sie auch andere Geschmacksrichtungen der BEZSEN-Linie, wie zum Beispiel Tropical Fruits und Lemongrass, die f\u00fcr abwechslungsreiche Geschmackserlebnisse und einen Energieschub sorgen.<\/li>\n<\/ul>\n<p>Schlaflosigkeit \u2013 Saure \u00c4pfel sind eine einfache und effektive M\u00f6glichkeit, K\u00f6rper und Geist zu erfrischen, wann immer Sie es brauchen. \u00dcberzeugen Sie sich selbst und erleben Sie die einzigartige Kombination aus sauren \u00c4pfeln und Energie!<\/p>","protected":false},"excerpt":{"rendered":"<ul>\n<li>Variante mit 85 mg Koffein \u2013 ein schneller, praktischer Energieschub<\/li>\n<li>Geschmack: s\u00fc\u00df-s\u00e4uerlicher gr\u00fcner Apfel<\/li>\n<li>Beutelgewicht 0,6 g \u2013 diskrete Form, ohne Getr\u00e4nk und Kalorien<\/li>\n<li>Anwendung: Legen Sie den Beutel zwischen Wange und Zahnfleisch.<\/li>\n<li>Kostenloser Versand ab 49 PLN \u2013 schnell aus dem Lager in Warschau<\/li>\n<\/ul>","protected":false},"featured_media":59146,"comment_status":"open","ping_status":"closed","template":"","meta":{"_acf_changed":false,"_gspb_post_css":"","rank_math_title":"BEZSEN Sour Apple 85 mg \u2014 woreczki kofeinowe | u Bucha","rank_math_description":"BEZSEN Sour Apple 85 mg \u2014 woreczki kofeinowe, smak: kwa\u015bno-s\u0142odkie zielone jab\u0142ko. Woreczek 0,6 g \u2014 dyskretna, szybka dawka energii bez napoju.","rank_math_focus_keyword":"bezsen sour apple","rank_math_facebook_title":"BEZSEN Sour Apple 85 mg \u2014 woreczki kofeinowe","rank_math_facebook_description":"Woreczki kofeinowe BEZSEN Sour Apple w wariancie 85 mg. Smak: kwa\u015bno-s\u0142odkie zielone jab\u0142ko. Wygodna, dyskretna forma energii. Darmowa wysy\u0142ka od 49 z\u0142.","rank_math_twitter_title":"BEZSEN Sour Apple 85 mg woreczki kofeinowe","rank_math_twitter_description":"Wariant 85 mg kofeiny, smak: kwa\u015bno-s\u0142odkie zielone jab\u0142ko. Woreczek 0,6 g \u2014 mi\u0119dzy policzkiem a dzi\u0105s\u0142em."},"product_brand":[500],"product_cat":[339],"product_tag":[],"woo-feed-brand":[],"class_list":{"0":"post-59011","1":"product","2":"type-product","3":"status-publish","4":"has-post-thumbnail","6":"product_brand-bezzer","7":"product_cat-woreczki","9":"first","10":"instock","11":"taxable","12":"shipping-taxable","13":"purchasable","14":"product-type-simple"},"ct_brands":[{"id":500,"name":"BEZZER","slug":"bezzer"}],"acf":[],"_links":{"self":[{"href":"https:\/\/ubucha.pl\/de\/wp-json\/wp\/v2\/product\/59011","targetHints":{"allow":["GET"]}}],"collection":[{"href":"https:\/\/ubucha.pl\/de\/wp-json\/wp\/v2\/product"}],"about":[{"href":"https:\/\/ubucha.pl\/de\/wp-json\/wp\/v2\/types\/product"}],"replies":[{"embeddable":true,"href":"https:\/\/ubucha.pl\/de\/wp-json\/wp\/v2\/comments?post=59011"}],"wp:featuredmedia":[{"embeddable":true,"href":"https:\/\/ubucha.pl\/de\/wp-json\/wp\/v2\/media\/59146"}],"wp:attachment":[{"href":"https:\/\/ubucha.pl\/de\/wp-json\/wp\/v2\/media?parent=59011"}],"wp:term":[{"taxonomy":"product_brand","embeddable":true,"href":"https:\/\/ubucha.pl\/de\/wp-json\/wp\/v2\/product_brand?post=59011"},{"taxonomy":"product_cat","embeddable":true,"href":"https:\/\/ubucha.pl\/de\/wp-json\/wp\/v2\/product_cat?post=59011"},{"taxonomy":"product_tag","embeddable":true,"href":"https:\/\/ubucha.pl\/de\/wp-json\/wp\/v2\/product_tag?post=59011"},{"taxonomy":"woo-feed-brand","embeddable":true,"href":"https:\/\/ubucha.pl\/de\/wp-json\/wp\/v2\/woo-feed-brand?post=59011"}],"curies":[{"name":"wp","href":"https:\/\/api.w.org\/{rel}","templated":true}]}}