{"id":59009,"date":"2026-02-05T13:53:40","date_gmt":"2026-02-05T12:53:40","guid":{"rendered":"https:\/\/ubucha.pl\/bezsen-mango-250mg-g-woreczki-kofeinowe\/"},"modified":"2026-05-03T17:36:19","modified_gmt":"2026-05-03T15:36:19","slug":"schlaflosigkeit-mango-250-mg-koffein-beutel","status":"publish","type":"product","link":"https:\/\/ubucha.pl\/de\/bezsen-mango-250mg-g-woreczki-kofeinowe\/","title":{"rendered":"Schlaflosigkeit \u2013 Mango (250 mg\/g) Koffeinbeutel"},"content":{"rendered":"<h2>SCHLAFLOSIGKEIT \u2013 Mango: Tropische Energie im Koffeinbeutel<\/h2>\n<p>Tr\u00e4umen Sie davon, spontan an einen sonnigen, tropischen Strand zu reisen, ohne Koffer packen und ein Ticket kaufen zu m\u00fcssen? <strong>Schlaflosigkeit \u2013 Mango<\/strong> Diese innovativen Koffeinbeutel bieten genau so ein Erlebnis \u2013 voller exotischer Aromen und einem sofortigen Energieschub. Stellen Sie sich den saftigen, nat\u00fcrlichen Geschmack von Mango vor, der Sie mit jedem Augenblick mit neuer Vitalit\u00e4t erf\u00fcllt und Sie dazu bringt, unter Palmen zu tanzen. Es ist die wahre Essenz der Tropen, verpackt in einem kleinen, praktischen Beutel.<\/p>\n<h3>Warum lohnt es sich, sich f\u00fcr BEZSEN \u2013 Mango-Taschen zu entscheiden?<\/h3>\n<p>SCHLAFLOSIGKEIT \u2013 Mango bietet nicht nur einen einzigartigen Geschmack und Duft, sondern vor allem Wirksamkeit. Dieses Produkt vereint die erfrischende Kraft des Koffeins mit der nat\u00fcrlichen S\u00fc\u00dfe der Mango und schafft so eine einzigartige Kombination, die:<\/p>\n<ul>\n<li>Stimuliert und verbessert sofort die Konzentration<\/li>\n<li>Liefert Energie, ohne dass man Kaffee oder Energy-Drinks trinken muss.<\/li>\n<li>Es hat eine praktische Form \u2013 man steckt den Beutel einfach in den Mund und wartet auf die Wirkung.<\/li>\n<li>Es eignet sich ideal f\u00fcr die Anwendung tags\u00fcber, insbesondere wenn Sie sich m\u00fcde f\u00fchlen oder wenig Energie haben.<\/li>\n<li>Enth\u00e4lt keine unn\u00f6tigen Zusatzstoffe \u2013 konzentriert sich auf pure Koffein-Magie<\/li>\n<\/ul>\n<h3>Zusammensetzung des Produkts<\/h3>\n<p>BEZSEN \u2013 Mango-Beutel enthalten sorgf\u00e4ltig ausgew\u00e4hlte Inhaltsstoffe, die h\u00f6chste Qualit\u00e4t und Wirksamkeit garantieren:<\/p>\n<table style=\"border-collapse: collapse; width: 100%; max-width: 600px;\" border=\"1\" cellspacing=\"0\" cellpadding=\"8\">\n<thead>\n<tr style=\"background-color: #f0c14b;\">\n<th>Merkmal<\/th>\n<th>Beschreibung<\/th>\n<\/tr>\n<\/thead>\n<tbody>\n<tr>\n<td>Gewicht der Tasche<\/td>\n<td>0,6 g<\/td>\n<\/tr>\n<tr>\n<td>Koffeingehalt<\/td>\n<td>85 mg Koffein pro Beutel<\/td>\n<\/tr>\n<tr>\n<td>Geschmack<\/td>\n<td>Saftige, nat\u00fcrliche Mango mit exotischer S\u00fc\u00dfe<\/td>\n<\/tr>\n<tr>\n<td>Formular<\/td>\n<td>Koffeinbeutel zum Einlegen in den Mund<\/td>\n<\/tr>\n<tr>\n<td>Inhaltsstoffe<\/td>\n<td>Koffein, nat\u00fcrliche Mangoaromen, Hilfsstoffe zur Stabilisierung und Geschmacksverbesserung<\/td>\n<\/tr>\n<\/tbody>\n<\/table>\n<h3>Wie verwendet man BEZSEN \u2013 Mango-Taschen?<\/h3>\n<p>Ganz einfach! Legen Sie den Beutel in den Mund und lassen Sie ihn sich langsam aufl\u00f6sen. So entfalten sich volles Aroma und ein Koffein-Kick. Perfekt f\u00fcr einen schnellen Energieschub ohne l\u00e4stige Getr\u00e4nke oder Tabletten. Ob bei der Arbeit, beim Lernen oder beim Sport \u2013 SLEEPLESSNESS \u2013 Mango ist Ihr zuverl\u00e4ssiger Begleiter.<\/p>\n<h3>Was sagen die Nutzer?<\/h3>\n<p>Die Bewertungen von BEZSEN \u2013 Mango sind durchweg positiv. Anwender loben den frischen, nat\u00fcrlichen Mangogeschmack und die Wirksamkeit. Viele sch\u00e4tzen die einfache Anwendung und die schnelle Wirkung gegen M\u00fcdigkeit, gepaart mit einem angenehmen, tropischen Geschmack. Es ist eine ideale Alternative zu herk\u00f6mmlichem Kaffee oder Energy-Drinks.<\/p>\n<h3>Zus\u00e4tzliche Informationen und Anleitungen<\/h3>\n<ul>\n<li><strong>Lagerung:<\/strong> Die Beutel sollten an einem k\u00fchlen, trockenen Ort ohne direkte Sonneneinstrahlung aufbewahrt werden, um Frische und Geschmack zu erhalten.<\/li>\n<li><strong>Sicherheit:<\/strong> Das Produkt ist f\u00fcr Erwachsene bestimmt. Bitte verwenden Sie es wie angegeben und \u00fcberschreiten Sie nicht die empfohlene t\u00e4gliche Koffeindosis.<\/li>\n<li><strong>Anwendung:<\/strong> Perfekt f\u00fcr Arbeit, Studium, lange Radtouren oder Training \u2013 \u00fcberall dort, wo Sie einen schnellen und praktischen Energieschub ben\u00f6tigen.<\/li>\n<\/ul>\n<p>Erleben Sie selbst, wie die Kombination aus exotischer Mango und der Kraft des Koffeins schmeckt. <strong>Schlaflosigkeit \u2013 Mango<\/strong> Es ist die perfekte M\u00f6glichkeit, sich t\u00e4glich mit Energie zu versorgen \u2013 mit einem Hauch tropischer S\u00fc\u00dfe!<\/p>\n<p>Schauen Sie sich auch die anderen Geschmacksrichtungen an: <a href=\"\/de\/produkty\/bezsen-eukaliptus\/\">Schlaflosigkeit Eukalyptus<\/a> und <a href=\"\/de\/produkty\/bezsen-cola\/\">Schlaflosigkeit Cola<\/a>, die auch die Herzen von Koffeinbeutel-Liebhabern erobern.<\/p>","protected":false},"excerpt":{"rendered":"<ul>\n<li>Variante mit 250 mg Koffein \u2013 ein schneller, praktischer Energieschub<\/li>\n<li>Geschmack: saftiger Geschmack reifer Mango<\/li>\n<li>Beutelgewicht 0,6 g \u2013 diskrete Form, ohne Getr\u00e4nk und Kalorien<\/li>\n<li>Anwendung: Legen Sie den Beutel zwischen Wange und Zahnfleisch.<\/li>\n<li>Kostenloser Versand ab 49 PLN \u2013 schnell aus dem Lager in Warschau<\/li>\n<\/ul>","protected":false},"featured_media":59145,"comment_status":"open","ping_status":"closed","template":"","meta":{"_acf_changed":false,"_gspb_post_css":"","rank_math_title":"BEZSEN Mango 250 mg \u2014 woreczki kofeinowe | u Bucha","rank_math_description":"BEZSEN Mango 250 mg \u2014 woreczki kofeinowe, smak: soczysty smak dojrza\u0142ego mango. Woreczek 0,6 g \u2014 dyskretna, szybka dawka energii bez napoju.","rank_math_focus_keyword":"bezsen mango","rank_math_facebook_title":"BEZSEN Mango 250 mg \u2014 woreczki kofeinowe","rank_math_facebook_description":"Woreczki kofeinowe BEZSEN Mango w wariancie 250 mg. Smak: soczysty smak dojrza\u0142ego mango. Wygodna, dyskretna forma energii. Darmowa wysy\u0142ka od 49 z\u0142.","rank_math_twitter_title":"BEZSEN Mango 250 mg woreczki kofeinowe","rank_math_twitter_description":"Wariant 250 mg kofeiny, smak: soczysty smak dojrza\u0142ego mango. Woreczek 0,6 g \u2014 mi\u0119dzy policzkiem a dzi\u0105s\u0142em."},"product_brand":[500],"product_cat":[339],"product_tag":[],"woo-feed-brand":[],"class_list":{"0":"post-59009","1":"product","2":"type-product","3":"status-publish","4":"has-post-thumbnail","6":"product_brand-bezzer","7":"product_cat-woreczki","9":"first","10":"instock","11":"taxable","12":"shipping-taxable","13":"purchasable","14":"product-type-simple"},"ct_brands":[{"id":500,"name":"BEZZER","slug":"bezzer"}],"acf":[],"_links":{"self":[{"href":"https:\/\/ubucha.pl\/de\/wp-json\/wp\/v2\/product\/59009","targetHints":{"allow":["GET"]}}],"collection":[{"href":"https:\/\/ubucha.pl\/de\/wp-json\/wp\/v2\/product"}],"about":[{"href":"https:\/\/ubucha.pl\/de\/wp-json\/wp\/v2\/types\/product"}],"replies":[{"embeddable":true,"href":"https:\/\/ubucha.pl\/de\/wp-json\/wp\/v2\/comments?post=59009"}],"wp:featuredmedia":[{"embeddable":true,"href":"https:\/\/ubucha.pl\/de\/wp-json\/wp\/v2\/media\/59145"}],"wp:attachment":[{"href":"https:\/\/ubucha.pl\/de\/wp-json\/wp\/v2\/media?parent=59009"}],"wp:term":[{"taxonomy":"product_brand","embeddable":true,"href":"https:\/\/ubucha.pl\/de\/wp-json\/wp\/v2\/product_brand?post=59009"},{"taxonomy":"product_cat","embeddable":true,"href":"https:\/\/ubucha.pl\/de\/wp-json\/wp\/v2\/product_cat?post=59009"},{"taxonomy":"product_tag","embeddable":true,"href":"https:\/\/ubucha.pl\/de\/wp-json\/wp\/v2\/product_tag?post=59009"},{"taxonomy":"woo-feed-brand","embeddable":true,"href":"https:\/\/ubucha.pl\/de\/wp-json\/wp\/v2\/woo-feed-brand?post=59009"}],"curies":[{"name":"wp","href":"https:\/\/api.w.org\/{rel}","templated":true}]}}