{"id":58989,"date":"2026-02-05T13:51:52","date_gmt":"2026-02-05T12:51:52","guid":{"rendered":"https:\/\/ubucha.pl\/bezsen-cola-170mg-g-woreczki-kofeinowe\/"},"modified":"2026-04-23T09:37:46","modified_gmt":"2026-04-23T07:37:46","slug":"schlaflosigkeit-cola-170-mg-koffeinbeutel","status":"publish","type":"product","link":"https:\/\/ubucha.pl\/de\/bezsen-cola-170mg-g-woreczki-kofeinowe\/","title":{"rendered":"Schlaflosigkeit \u2013 Cola (170 mg\/g) Koffeinbeutel"},"content":{"rendered":"<h2>Schlaflosigkeit \u2013 Cola: Koffeinbeutel mit einem belebenden Cola-Geschmack<\/h2>\n<p>Tr\u00e4umen Sie von einem schnellen Energieschub, der wie eine erfrischende Cola schmeckt? <strong>Schlaflosigkeit \u2013 Cola<\/strong> Diese innovativen Koffeinbeutel bieten ein einzigartiges Geschmackserlebnis und sofortige Stimulation, ganz ohne Getr\u00e4nk. Sie vereinen klassische, kohlens\u00e4urehaltige S\u00fc\u00dfe mit intensiver Koffeinwirkung und geben Ihnen so einen besseren Energieschub als ein Schluck kalte Cola an einem hei\u00dfen Nachmittag.<\/p>\n<h3>Einzigartiger Geschmack und Energie in einem<\/h3>\n<p>Stellen Sie sich den Geschmack klassischer Cola vor \u2013 leicht prickelnd, mit einer dezenten S\u00fc\u00dfe und einem unverwechselbaren Aroma. Und jetzt f\u00fcgen Sie noch Koffein hinzu, das schnell und effektiv wirkt. Es ist, als ob die besten Eigenschaften von Cola und Espresso in einem Produkt vereint w\u00e4ren und etwas v\u00f6llig Neues, Frisches und unglaublich K\u00f6stliches geschaffen h\u00e4tten. Der Geschmack bleibt auf der Zunge wie eine Lieblingsmelodie, die Sie den ganzen Tag summen und die Ihnen neue Energie schenkt.<\/p>\n<p><strong>Schlaflosigkeit \u2013 Cola<\/strong> Diese Koffeinbeutel vereinen Energie und bew\u00e4hrte Klassiker und helfen Ihnen, M\u00fcdigkeit zu \u00fcberwinden und Ihre Kraft nachhaltig zu steigern. Einfach den Beutel in den Mund nehmen, kurz warten und die nat\u00fcrliche Wirkung von Koffein in einer praktischen und sicheren Form genie\u00dfen. Die perfekte Alternative zu Energy-Drinks f\u00fcr einen schnellen und diskreten Energieschub.<\/p>\n<h3>Zusammensetzung und Koffeingehalt<\/h3>\n<p>Jeder Beutel wiegt 0,6 g und enth\u00e4lt folgende Koffeinmenge:<\/p>\n<table style=\"border-collapse: collapse; width: 100%; max-width: 600px;\" border=\"1\" cellspacing=\"0\" cellpadding=\"8\">\n<thead>\n<tr>\n<th>Koffeingehalt (mg\/g)<\/th>\n<th>Verf\u00fcgbarkeit von Varianten<\/th>\n<\/tr>\n<\/thead>\n<tbody>\n<tr>\n<td>85 mg<\/td>\n<td>Variante ausverkauft oder nicht verf\u00fcgbar<\/td>\n<\/tr>\n<tr>\n<td>170 mg<\/td>\n<td>Variante ausverkauft oder nicht verf\u00fcgbar<\/td>\n<\/tr>\n<tr>\n<td>250 mg<\/td>\n<td>Variante ausverkauft oder nicht verf\u00fcgbar<\/td>\n<\/tr>\n<\/tbody>\n<\/table>\n<p><em>Achtung!<\/em> Aktuell sind die Varianten nicht verf\u00fcgbar, aber es lohnt sich, das Angebot im Auge zu behalten, um die n\u00e4chsten Lieferungen nicht zu verpassen.<\/p>\n<h3>Wie verwendet man SLEEPLESSNESS \u2013 Cola?<\/h3>\n<p>Sie fragen sich, wie man BEZSEN Koffeinbeutel anwendet? Ganz einfach! Legen Sie den Beutel in den Mund und lassen Sie ihn langsam zergehen. So wird das Koffein nach und nach freigesetzt und sorgt f\u00fcr einen langanhaltenden Energieschub ohne pl\u00f6tzlichen Leistungsabfall. Eine praktische L\u00f6sung f\u00fcr aktive Menschen, die Wert auf schnelle Wirkung und Diskretion legen.<\/p>\n<h3>Warum SLEEPLESSNESS \u2013 Cola w\u00e4hlen?<\/h3>\n<ul>\n<li><strong>Nat\u00fcrliches Koffein<\/strong> \u2013 ohne k\u00fcnstliche Zusatzstoffe, in leicht verdaulicher Form.<\/li>\n<li><strong>Der einzigartige Geschmack von Cola<\/strong> \u2013 erfrischend, leicht prickelnd und s\u00fc\u00df.<\/li>\n<li><strong>Komfort und Mobilit\u00e4t<\/strong> \u2013 Man kann immer kleine Taschen mit sich f\u00fchren.<\/li>\n<li><strong>Eine Alternative zu Energy-Drinks<\/strong> \u2013 Kein Zucker, keine Kalorien.<\/li>\n<li><strong>Sichere Anwendung<\/strong> \u2013 unter Beibehaltung der angemessenen Koffeindosis.<\/li>\n<\/ul>\n<h3>Nutzermeinung<\/h3>\n<p>Kunden, die die Gelegenheit hatten, BEZSEN \u2013 Cola zu probieren, sch\u00e4tzen es aus folgenden Gr\u00fcnden:<\/p>\n<ul>\n<li>Eine sofortige, anregende Wirkung, die lange anh\u00e4lt.<\/li>\n<li>Ein angenehmer, nat\u00fcrlicher Geschmack, der an klassische Cola erinnert, aber ohne k\u00fcnstlichen Nachgeschmack.<\/li>\n<li>Komfortabel in der Anwendung \u2013 ideal f\u00fcr Arbeit, Studium oder k\u00f6rperliche Aktivit\u00e4t.<\/li>\n<\/ul>\n<h3>Zus\u00e4tzliche Informationen und Anleitungen<\/h3>\n<p><strong>Lagerung:<\/strong> Die Beutel sollten an einem k\u00fchlen, trockenen Ort und vor direkter Sonneneinstrahlung gesch\u00fctzt aufbewahrt werden, um ihre Frische und ihren vollen Geschmack zu erhalten.<\/p>\n<p><strong>Sicherheit:<\/strong> Dieses Produkt ist f\u00fcr Personen ab 18 Jahren bestimmt. Verwenden Sie es in Ma\u00dfen, entsprechend Ihrer Koffeintoleranz. Vermeiden Sie die Anwendung, wenn Sie empfindlich auf Koffein reagieren oder andere gesundheitliche Kontraindikationen bestehen.<\/p>\n<p><strong>Beispiele f\u00fcr die Verwendung:<\/strong><\/p>\n<ul>\n<li>Ideal f\u00fcr die Arbeit am Computer, wenn man Konzentration und Energie ohne Kaffeepausen ben\u00f6tigt.<\/li>\n<li>Ideal beim Autofahren, um wach und konzentriert zu bleiben.<\/li>\n<li>Es eignet sich perfekt f\u00fcr k\u00f6rperliche Aktivit\u00e4t als schnelle Energiequelle.<\/li>\n<\/ul>\n<p>Vergessen Sie nicht, auch andere Geschmacksrichtungen aus der Serie zu probieren, wie zum Beispiel: <em>Schlaflosigkeit Eukalyptus<\/em> ob <em>Schlaflosigkeit Mango<\/em>, die eine Vielzahl von Geschmacksempfindungen und eine anregende Wirkung von Koffein bieten.<\/p>\n<p>Ersetzen Sie klassische Cola durch moderne Koffeinbeutel. <strong>Schlaflosigkeit \u2013 Cola<\/strong> und genie\u00dfen Sie Energie, wann immer Sie sie brauchen!<\/p>","protected":false},"excerpt":{"rendered":"<p>Lernen Sie BEZSEN \u2013 Cola kennen, Koffeinbeutel, die die klassische, spritzige S\u00fc\u00dfe von Cola mit dem Energiekick von Koffein vereinen. Es ist das perfekte Geschmacksduo, das Sie schneller belebt als ein Schluck Ihres Lieblingsgetr\u00e4nks!<\/p>\n<p>Jeder Beutel ist eine leicht prickelnde Geschmacksexplosion, die lange auf der Zunge verweilt und anregend wirkt. Mit nur 0,6 g ist er die perfekte Energiedosis f\u00fcr den ganzen Tag.<\/p>\n<p>Ersetzen Sie Ihr Getr\u00e4nk durch eine praktische Energiequelle im Beutel \u2013 einfach, schnell und kalorienfrei. Schlaflosigkeit? Cola ist ein Muss f\u00fcr alle, die jederzeit einen Energieschub brauchen!<\/p>\n<p>Warten Sie nicht \u2013 erleben Sie jetzt den Geschmack und die Kraft der Schlaflosigkeit!<\/p>","protected":false},"featured_media":59096,"comment_status":"open","ping_status":"closed","template":"","meta":{"_acf_changed":false,"_gspb_post_css":"","rank_math_title":"","rank_math_description":"","rank_math_focus_keyword":"","rank_math_facebook_title":"","rank_math_facebook_description":"","rank_math_twitter_title":"","rank_math_twitter_description":""},"product_brand":[500],"product_cat":[339],"product_tag":[],"woo-feed-brand":[],"class_list":{"0":"post-58989","1":"product","2":"type-product","3":"status-publish","4":"has-post-thumbnail","6":"product_brand-bezzer","7":"product_cat-woreczki","9":"first","10":"outofstock","11":"taxable","12":"shipping-taxable","13":"purchasable","14":"product-type-simple"},"ct_brands":[{"id":500,"name":"BEZZER","slug":"bezzer"}],"acf":[],"_links":{"self":[{"href":"https:\/\/ubucha.pl\/de\/wp-json\/wp\/v2\/product\/58989","targetHints":{"allow":["GET"]}}],"collection":[{"href":"https:\/\/ubucha.pl\/de\/wp-json\/wp\/v2\/product"}],"about":[{"href":"https:\/\/ubucha.pl\/de\/wp-json\/wp\/v2\/types\/product"}],"replies":[{"embeddable":true,"href":"https:\/\/ubucha.pl\/de\/wp-json\/wp\/v2\/comments?post=58989"}],"wp:featuredmedia":[{"embeddable":true,"href":"https:\/\/ubucha.pl\/de\/wp-json\/wp\/v2\/media\/59096"}],"wp:attachment":[{"href":"https:\/\/ubucha.pl\/de\/wp-json\/wp\/v2\/media?parent=58989"}],"wp:term":[{"taxonomy":"product_brand","embeddable":true,"href":"https:\/\/ubucha.pl\/de\/wp-json\/wp\/v2\/product_brand?post=58989"},{"taxonomy":"product_cat","embeddable":true,"href":"https:\/\/ubucha.pl\/de\/wp-json\/wp\/v2\/product_cat?post=58989"},{"taxonomy":"product_tag","embeddable":true,"href":"https:\/\/ubucha.pl\/de\/wp-json\/wp\/v2\/product_tag?post=58989"},{"taxonomy":"woo-feed-brand","embeddable":true,"href":"https:\/\/ubucha.pl\/de\/wp-json\/wp\/v2\/woo-feed-brand?post=58989"}],"curies":[{"name":"wp","href":"https:\/\/api.w.org\/{rel}","templated":true}]}}